{"id":8629,"date":"2025-07-11T03:41:28","date_gmt":"2025-07-11T03:41:28","guid":{"rendered":"https:\/\/www.mokiecig.com\/?post_type=product&#038;p=8629"},"modified":"2025-07-11T03:41:30","modified_gmt":"2025-07-11T03:41:30","slug":"m89-vape-bar-with-adjustable-power-airflow","status":"publish","type":"product","link":"https:\/\/www.mokivape.com\/sv\/produkt\/m89-vape-bar-med-justerbart-luftflode\/","title":{"rendered":"M89 Vape Bar med justerbar effekt och luftfl\u00f6de"},"content":{"rendered":"<p><img fetchpriority=\"high\" decoding=\"async\" class=\"alignnone size-full wp-image-8630\" src=\"https:\/\/www.mokiecig.com\/wp-content\/uploads\/resized_MOKI_MK_M89_vape_bar_1.jpg\" alt=\"MOKI MK-M89 Vape Bar: 18 ml kapacitet, justerbar effekt och luftfl\u00f6de | smart LED-display\" width=\"1919\" height=\"1079\" srcset=\"https:\/\/www.mokivape.com\/wp-content\/uploads\/resized_MOKI_MK_M89_vape_bar_1.jpg 1919w, https:\/\/www.mokivape.com\/wp-content\/uploads\/resized_MOKI_MK_M89_vape_bar_1-768x432.jpg 768w, https:\/\/www.mokivape.com\/wp-content\/uploads\/resized_MOKI_MK_M89_vape_bar_1-1536x864.jpg 1536w, https:\/\/www.mokivape.com\/wp-content\/uploads\/resized_MOKI_MK_M89_vape_bar_1-18x10.jpg 18w, https:\/\/www.mokivape.com\/wp-content\/uploads\/resized_MOKI_MK_M89_vape_bar_1-600x337.jpg 600w\" sizes=\"(max-width: 1919px) 100vw, 1919px\" \/> <img decoding=\"async\" class=\"alignnone size-full wp-image-8631\" src=\"https:\/\/www.mokiecig.com\/wp-content\/uploads\/resized_MOKI_MK_M89_vape_bar_2.jpg\" alt=\"MOKI MK-M89 Vape Bar: 18 ml kapacitet, justerbar effekt och luftfl\u00f6de | smart LED-display\" width=\"1920\" height=\"1079\" srcset=\"https:\/\/www.mokivape.com\/wp-content\/uploads\/resized_MOKI_MK_M89_vape_bar_2.jpg 1920w, https:\/\/www.mokivape.com\/wp-content\/uploads\/resized_MOKI_MK_M89_vape_bar_2-768x432.jpg 768w, https:\/\/www.mokivape.com\/wp-content\/uploads\/resized_MOKI_MK_M89_vape_bar_2-1536x863.jpg 1536w, https:\/\/www.mokivape.com\/wp-content\/uploads\/resized_MOKI_MK_M89_vape_bar_2-18x10.jpg 18w, https:\/\/www.mokivape.com\/wp-content\/uploads\/resized_MOKI_MK_M89_vape_bar_2-600x337.jpg 600w\" sizes=\"(max-width: 1920px) 100vw, 1920px\" \/> <img decoding=\"async\" class=\"alignnone size-full wp-image-8632\" src=\"https:\/\/www.mokiecig.com\/wp-content\/uploads\/resized_MOKI_MK_M89_vape_bar_3.jpg\" alt=\"MOKI MK-M89 Vape Bar: 18 ml kapacitet, justerbar effekt och luftfl\u00f6de | smart LED-display\" width=\"1920\" height=\"1079\" srcset=\"https:\/\/www.mokivape.com\/wp-content\/uploads\/resized_MOKI_MK_M89_vape_bar_3.jpg 1920w, https:\/\/www.mokivape.com\/wp-content\/uploads\/resized_MOKI_MK_M89_vape_bar_3-768x432.jpg 768w, https:\/\/www.mokivape.com\/wp-content\/uploads\/resized_MOKI_MK_M89_vape_bar_3-1536x863.jpg 1536w, https:\/\/www.mokivape.com\/wp-content\/uploads\/resized_MOKI_MK_M89_vape_bar_3-18x10.jpg 18w, https:\/\/www.mokivape.com\/wp-content\/uploads\/resized_MOKI_MK_M89_vape_bar_3-600x337.jpg 600w\" sizes=\"(max-width: 1920px) 100vw, 1920px\" \/> <img loading=\"lazy\" decoding=\"async\" class=\"alignnone size-full wp-image-8633\" src=\"https:\/\/www.mokiecig.com\/wp-content\/uploads\/resized_MOKI_MK_M89_vape_bar_4.jpg\" alt=\"MOKI MK-M89 Vape Bar: 18 ml kapacitet, justerbar effekt och luftfl\u00f6de | smart LED-display\" width=\"1920\" height=\"1079\" srcset=\"https:\/\/www.mokivape.com\/wp-content\/uploads\/resized_MOKI_MK_M89_vape_bar_4.jpg 1920w, https:\/\/www.mokivape.com\/wp-content\/uploads\/resized_MOKI_MK_M89_vape_bar_4-768x432.jpg 768w, https:\/\/www.mokivape.com\/wp-content\/uploads\/resized_MOKI_MK_M89_vape_bar_4-1536x863.jpg 1536w, https:\/\/www.mokivape.com\/wp-content\/uploads\/resized_MOKI_MK_M89_vape_bar_4-18x10.jpg 18w, https:\/\/www.mokivape.com\/wp-content\/uploads\/resized_MOKI_MK_M89_vape_bar_4-600x337.jpg 600w\" sizes=\"(max-width: 1920px) 100vw, 1920px\" \/> <img loading=\"lazy\" decoding=\"async\" class=\"alignnone size-full wp-image-8634\" src=\"https:\/\/www.mokiecig.com\/wp-content\/uploads\/resized_MOKI_MK_M89_vape_bar_5.jpg\" alt=\"MOKI MK-M89 Vape Bar: 18 ml kapacitet, justerbar effekt och luftfl\u00f6de | smart LED-display\" width=\"1920\" height=\"1079\" srcset=\"https:\/\/www.mokivape.com\/wp-content\/uploads\/resized_MOKI_MK_M89_vape_bar_5.jpg 1920w, https:\/\/www.mokivape.com\/wp-content\/uploads\/resized_MOKI_MK_M89_vape_bar_5-768x432.jpg 768w, https:\/\/www.mokivape.com\/wp-content\/uploads\/resized_MOKI_MK_M89_vape_bar_5-1536x863.jpg 1536w, https:\/\/www.mokivape.com\/wp-content\/uploads\/resized_MOKI_MK_M89_vape_bar_5-18x10.jpg 18w, https:\/\/www.mokivape.com\/wp-content\/uploads\/resized_MOKI_MK_M89_vape_bar_5-600x337.jpg 600w\" sizes=\"(max-width: 1920px) 100vw, 1920px\" \/> <img loading=\"lazy\" decoding=\"async\" class=\"alignnone size-full wp-image-8635\" src=\"https:\/\/www.mokiecig.com\/wp-content\/uploads\/resized_MOKI_MK_M89_vape_bar_6.jpg\" alt=\"MOKI MK-M89 Vape Bar: 18 ml kapacitet, justerbar effekt och luftfl\u00f6de | smart LED-display\" width=\"1920\" height=\"1079\" srcset=\"https:\/\/www.mokivape.com\/wp-content\/uploads\/resized_MOKI_MK_M89_vape_bar_6.jpg 1920w, https:\/\/www.mokivape.com\/wp-content\/uploads\/resized_MOKI_MK_M89_vape_bar_6-768x432.jpg 768w, https:\/\/www.mokivape.com\/wp-content\/uploads\/resized_MOKI_MK_M89_vape_bar_6-1536x863.jpg 1536w, https:\/\/www.mokivape.com\/wp-content\/uploads\/resized_MOKI_MK_M89_vape_bar_6-18x10.jpg 18w, https:\/\/www.mokivape.com\/wp-content\/uploads\/resized_MOKI_MK_M89_vape_bar_6-600x337.jpg 600w\" sizes=\"(max-width: 1920px) 100vw, 1920px\" \/><\/p>","protected":false},"excerpt":{"rendered":"<p>Upplev premiumvaping med MOKI MK-M89 Vape Bar med 18 ml e-v\u00e4tskekapacitet, 900 mAh batteri och Type-C-laddning. Njut av anpassningsbar vaping med justerbart luftfl\u00f6de, tre effektniv\u00e5er (Boost\/Norm\/Soft), smart LED-display och 0,6\u03a9 mesh-coils. Snygga f\u00e4rgalternativ tillg\u00e4ngliga.<\/p>","protected":false},"featured_media":8644,"comment_status":"closed","ping_status":"closed","template":"","meta":[],"product_brand":[],"product_cat":[16],"product_tag":[505,506,507],"class_list":{"0":"post-8629","1":"product","2":"type-product","3":"status-publish","4":"has-post-thumbnail","6":"product_cat-pod-kits-refillable-open-pods-cartridge-oem","7":"product_tag-adjustable-air-flow","8":"product_tag-adjustable-power","9":"product_tag-smart-led-display","11":"first","12":"instock","13":"shipping-taxable","14":"product-type-simple"},"_links":{"self":[{"href":"https:\/\/www.mokivape.com\/sv\/wp-json\/wp\/v2\/product\/8629","targetHints":{"allow":["GET"]}}],"collection":[{"href":"https:\/\/www.mokivape.com\/sv\/wp-json\/wp\/v2\/product"}],"about":[{"href":"https:\/\/www.mokivape.com\/sv\/wp-json\/wp\/v2\/types\/product"}],"replies":[{"embeddable":true,"href":"https:\/\/www.mokivape.com\/sv\/wp-json\/wp\/v2\/comments?post=8629"}],"version-history":[{"count":0,"href":"https:\/\/www.mokivape.com\/sv\/wp-json\/wp\/v2\/product\/8629\/revisions"}],"wp:featuredmedia":[{"embeddable":true,"href":"https:\/\/www.mokivape.com\/sv\/wp-json\/wp\/v2\/media\/8644"}],"wp:attachment":[{"href":"https:\/\/www.mokivape.com\/sv\/wp-json\/wp\/v2\/media?parent=8629"}],"wp:term":[{"taxonomy":"product_brand","embeddable":true,"href":"https:\/\/www.mokivape.com\/sv\/wp-json\/wp\/v2\/product_brand?post=8629"},{"taxonomy":"product_cat","embeddable":true,"href":"https:\/\/www.mokivape.com\/sv\/wp-json\/wp\/v2\/product_cat?post=8629"},{"taxonomy":"product_tag","embeddable":true,"href":"https:\/\/www.mokivape.com\/sv\/wp-json\/wp\/v2\/product_tag?post=8629"}],"curies":[{"name":"wp","href":"https:\/\/api.w.org\/{rel}","templated":true}]}}