{"id":8444,"date":"2025-01-10T03:45:10","date_gmt":"2025-01-10T03:45:10","guid":{"rendered":"https:\/\/www.mokiecig.com\/?post_type=product&#038;p=8444"},"modified":"2025-01-10T03:56:02","modified_gmt":"2025-01-10T03:56:02","slug":"q5-compatible-vape-pod-cartridge","status":"publish","type":"product","link":"https:\/\/www.mokivape.com\/sv\/produkt\/q5-kompatibel-vape-pod-patron\/","title":{"rendered":"Kompatibel Vape Pod Cartridge Q5"},"content":{"rendered":"<div class=\"tg-wrap\">\n<table>\n<tbody>\n<tr>\n<td>Storlek<\/td>\n<td>48,1 * 19,3 * 10,6 mm<\/td>\n<td>Motst\u00e5nd<\/td>\n<td>1,2ohm<\/td>\n<\/tr>\n<tr>\n<td>Kapacitet f\u00f6r e-v\u00e4tska<\/td>\n<td>2 ml<\/td>\n<td>Material<\/td>\n<td>PCTG<\/td>\n<\/tr>\n<tr>\n<td>V\u00e4rmetr\u00e5d<\/td>\n<td>Keramisk spole<\/td>\n<td><\/td>\n<td><\/td>\n<\/tr>\n<\/tbody>\n<\/table>\n<\/div>\n<div><img fetchpriority=\"high\" decoding=\"async\" class=\"alignnone size-full wp-image-8438\" src=\"https:\/\/www.mokiecig.com\/wp-content\/uploads\/q5_compatible_vape_pod_cartridge_b_01.webp\" alt=\"Kompatibel Vape Pod Cartridge\" width=\"1080\" height=\"810\" srcset=\"https:\/\/www.mokivape.com\/wp-content\/uploads\/q5_compatible_vape_pod_cartridge_b_01.webp 1080w, https:\/\/www.mokivape.com\/wp-content\/uploads\/q5_compatible_vape_pod_cartridge_b_01-768x576.webp 768w, https:\/\/www.mokivape.com\/wp-content\/uploads\/q5_compatible_vape_pod_cartridge_b_01-16x12.webp 16w, https:\/\/www.mokivape.com\/wp-content\/uploads\/q5_compatible_vape_pod_cartridge_b_01-600x450.webp 600w\" sizes=\"(max-width: 1080px) 100vw, 1080px\" \/><\/div>","protected":false},"excerpt":{"rendered":"<p>Prefilled Compatible Vape Pod Cartridge MK-Q5 \u00e4r ett bekv\u00e4mt och h\u00f6gkvalitativt tillskott till Prefilled Pod-serien. Denna 48,1*19,3*10,6 mm podpatron har en kapacitet p\u00e5 2 ml e-juice, vilket garanterar en tillfredsst\u00e4llande vapingupplevelse utan behov av frekventa p\u00e5fyllningar. Den keramiska spolen p\u00e5 1,2 ohm ger en j\u00e4mn smak- och \u00e5ngproduktion, perfekt f\u00f6r nikotinpodkit. Tillverkad av PCTG-material, den \u00e4r h\u00e5llbar och p\u00e5litlig. MK-Q5 st\u00f6der OEM och ODM, denna heta f\u00f6rs\u00e4ljning av vaping-enhet \u00e4r en best\u00e4llningsl\u00f6sning fr\u00e5n en ansedd tillverkare och leverant\u00f6r MOKI. Den f\u00f6rfyllda Vape Pod Cartridge MK-Q5 \u00e4r symbolen f\u00f6r kvalitet och bekv\u00e4mlighet, kompatibel med en rad olika enheter f\u00f6r en s\u00f6ml\u00f6s vapingupplevelse.<\/p>","protected":false},"featured_media":8435,"comment_status":"open","ping_status":"closed","template":"","meta":[],"product_brand":[],"product_cat":[472],"product_tag":[],"class_list":{"0":"post-8444","1":"product","2":"type-product","3":"status-publish","4":"has-post-thumbnail","6":"product_cat-compatibale-vape-pods","8":"first","9":"instock","10":"shipping-taxable","11":"product-type-simple"},"_links":{"self":[{"href":"https:\/\/www.mokivape.com\/sv\/wp-json\/wp\/v2\/product\/8444","targetHints":{"allow":["GET"]}}],"collection":[{"href":"https:\/\/www.mokivape.com\/sv\/wp-json\/wp\/v2\/product"}],"about":[{"href":"https:\/\/www.mokivape.com\/sv\/wp-json\/wp\/v2\/types\/product"}],"replies":[{"embeddable":true,"href":"https:\/\/www.mokivape.com\/sv\/wp-json\/wp\/v2\/comments?post=8444"}],"version-history":[{"count":0,"href":"https:\/\/www.mokivape.com\/sv\/wp-json\/wp\/v2\/product\/8444\/revisions"}],"wp:featuredmedia":[{"embeddable":true,"href":"https:\/\/www.mokivape.com\/sv\/wp-json\/wp\/v2\/media\/8435"}],"wp:attachment":[{"href":"https:\/\/www.mokivape.com\/sv\/wp-json\/wp\/v2\/media?parent=8444"}],"wp:term":[{"taxonomy":"product_brand","embeddable":true,"href":"https:\/\/www.mokivape.com\/sv\/wp-json\/wp\/v2\/product_brand?post=8444"},{"taxonomy":"product_cat","embeddable":true,"href":"https:\/\/www.mokivape.com\/sv\/wp-json\/wp\/v2\/product_cat?post=8444"},{"taxonomy":"product_tag","embeddable":true,"href":"https:\/\/www.mokivape.com\/sv\/wp-json\/wp\/v2\/product_tag?post=8444"}],"curies":[{"name":"wp","href":"https:\/\/api.w.org\/{rel}","templated":true}]}}