{"id":8439,"date":"2025-01-10T03:37:39","date_gmt":"2025-01-10T03:37:39","guid":{"rendered":"https:\/\/www.mokiecig.com\/?post_type=product&#038;p=8439"},"modified":"2025-06-30T10:22:02","modified_gmt":"2025-06-30T10:22:02","slug":"n5-ceramic-coil-compatible-prefilled-pods","status":"publish","type":"product","link":"https:\/\/www.mokivape.com\/sv\/produkt\/n5-keramisk-coil-kompatibel-forfyllda-pods\/","title":{"rendered":"Keramisk spole Kompatibla p\u00e5fyllda pods N5"},"content":{"rendered":"<div class=\"tg-wrap\">\n<table>\n<tbody>\n<tr>\n<td>Storlek<\/td>\n<td>50,67*19,59*10,49 mm<\/td>\n<td>Motst\u00e5nd<\/td>\n<td>1,0-1,25ohm<\/td>\n<\/tr>\n<tr>\n<td>Kapacitet f\u00f6r e-v\u00e4tska<\/td>\n<td>2 ml<\/td>\n<td>Material<\/td>\n<td>PCTG<\/td>\n<\/tr>\n<tr>\n<td>V\u00e4rmetr\u00e5d<\/td>\n<td>Keramisk spole<\/td>\n<td><\/td>\n<td><\/td>\n<\/tr>\n<\/tbody>\n<\/table>\n<\/div>\n<div><img fetchpriority=\"high\" decoding=\"async\" class=\"alignnone size-full wp-image-8437\" src=\"https:\/\/www.mokiecig.com\/wp-content\/uploads\/n5_ceramic_coil_prefilled_pod_b_01.webp\" alt=\"Keramisk spole Kompatibla f\u00f6rfyllda pods\" width=\"1080\" height=\"810\" srcset=\"https:\/\/www.mokivape.com\/wp-content\/uploads\/n5_ceramic_coil_prefilled_pod_b_01.webp 1080w, https:\/\/www.mokivape.com\/wp-content\/uploads\/n5_ceramic_coil_prefilled_pod_b_01-768x576.webp 768w, https:\/\/www.mokivape.com\/wp-content\/uploads\/n5_ceramic_coil_prefilled_pod_b_01-16x12.webp 16w, https:\/\/www.mokivape.com\/wp-content\/uploads\/n5_ceramic_coil_prefilled_pod_b_01-600x450.webp 600w\" sizes=\"(max-width: 1080px) 100vw, 1080px\" \/><\/div>","protected":false},"excerpt":{"rendered":"<p>Keramisk spole Kompatibla f\u00f6rfyllda pods MK-N5 \u00e4r en bekv\u00e4m enhet i Prefilled Pod-serien som \u00e4r redo att anv\u00e4ndas direkt ur l\u00e5dan. Denna eleganta vape-pennan, som m\u00e4ter 50,67 * 19,59 * 10,49 mm, har en 2 ml e-v\u00e4tskekapacitet och en keramisk spole f\u00f6r en konsekvent och smakfull vape. Med ett motst\u00e5ndsintervall p\u00e5 1,0-1,25 ohm passar den f\u00f6r olika vapingpreferenser. Denna h\u00f6gkvalitativa f\u00f6rfyllda podpenna \u00e4r tillverkad av PCTG-material och \u00e4r h\u00e5llbar och p\u00e5litlig. MK-N5 st\u00f6der OEM och ODM, som en het f\u00f6rs\u00e4ljningsartikel fr\u00e5n en p\u00e5litlig tillverkare och leverant\u00f6r, MOKI erbjuder en best\u00e4llningsl\u00f6sning f\u00f6r entusiaster av e-liquid pod-pennor. Upplev det b\u00e4sta av f\u00f6rfylld pod-vaping med MOKI Ceramic Coil Prefilled Pod.<\/p>","protected":false},"featured_media":8434,"comment_status":"open","ping_status":"closed","template":"","meta":[],"product_brand":[],"product_cat":[472],"product_tag":[],"class_list":{"0":"post-8439","1":"product","2":"type-product","3":"status-publish","4":"has-post-thumbnail","6":"product_cat-compatibale-vape-pods","8":"first","9":"instock","10":"shipping-taxable","11":"product-type-simple"},"_links":{"self":[{"href":"https:\/\/www.mokivape.com\/sv\/wp-json\/wp\/v2\/product\/8439","targetHints":{"allow":["GET"]}}],"collection":[{"href":"https:\/\/www.mokivape.com\/sv\/wp-json\/wp\/v2\/product"}],"about":[{"href":"https:\/\/www.mokivape.com\/sv\/wp-json\/wp\/v2\/types\/product"}],"replies":[{"embeddable":true,"href":"https:\/\/www.mokivape.com\/sv\/wp-json\/wp\/v2\/comments?post=8439"}],"version-history":[{"count":0,"href":"https:\/\/www.mokivape.com\/sv\/wp-json\/wp\/v2\/product\/8439\/revisions"}],"wp:featuredmedia":[{"embeddable":true,"href":"https:\/\/www.mokivape.com\/sv\/wp-json\/wp\/v2\/media\/8434"}],"wp:attachment":[{"href":"https:\/\/www.mokivape.com\/sv\/wp-json\/wp\/v2\/media?parent=8439"}],"wp:term":[{"taxonomy":"product_brand","embeddable":true,"href":"https:\/\/www.mokivape.com\/sv\/wp-json\/wp\/v2\/product_brand?post=8439"},{"taxonomy":"product_cat","embeddable":true,"href":"https:\/\/www.mokivape.com\/sv\/wp-json\/wp\/v2\/product_cat?post=8439"},{"taxonomy":"product_tag","embeddable":true,"href":"https:\/\/www.mokivape.com\/sv\/wp-json\/wp\/v2\/product_tag?post=8439"}],"curies":[{"name":"wp","href":"https:\/\/api.w.org\/{rel}","templated":true}]}}