{"id":7365,"date":"2025-01-02T05:43:22","date_gmt":"2025-01-02T05:43:22","guid":{"rendered":"https:\/\/www.mokiecig.com\/?post_type=product&#038;p=7365"},"modified":"2025-01-02T05:44:54","modified_gmt":"2025-01-02T05:44:54","slug":"m67-cool-mint-vape-box","status":"publish","type":"product","link":"https:\/\/www.mokivape.com\/sv\/produkt\/m67-cool-mint-vape-box\/","title":{"rendered":"M67 Cool Mint Vape Box"},"content":{"rendered":"<div data-elementor-type=\"product-post\" data-elementor-id=\"7365\" class=\"elementor elementor-7365\" data-elementor-post-type=\"product\">\n\t\t\t\t<div class=\"elementor-element elementor-element-60b77a72 e-flex e-con-boxed e-con e-parent\" data-id=\"60b77a72\" data-element_type=\"container\">\n\t\t\t\t\t<div class=\"e-con-inner\">\n\t\t\t\t<div class=\"elementor-element elementor-element-5c7f30c elementor-widget elementor-widget-heading\" data-id=\"5c7f30c\" data-element_type=\"widget\" data-widget_type=\"heading.default\">\n\t\t\t\t<div class=\"elementor-widget-container\">\n\t\t\t\t\t<h2 class=\"elementor-heading-title elementor-size-default\">M67 Cool Mint Vape Box<\/h2>\t\t\t\t<\/div>\n\t\t\t\t<\/div>\n\t\t\t\t<div class=\"elementor-element elementor-element-e070226 elementor-widget elementor-widget-text-editor\" data-id=\"e070226\" data-element_type=\"widget\" data-widget_type=\"text-editor.default\">\n\t\t\t\t<div class=\"elementor-widget-container\">\n\t\t\t\t\t\t\t\t\tMOKI Dual Mesh Coil Cool Mint Vape MK-M67 erbjuder en f\u00f6rb\u00e4ttrad vapingupplevelse med Open Pod-serien. Dessa kit har en dubbel n\u00e4tspole f\u00f6r j\u00e4mn uppv\u00e4rmning och intensiv smak. MOKI erbjuder white label vape bar och private labeled vape f\u00f6r ditt vaping varum\u00e4rke, MK-M67 \u00e4r perfekt f\u00f6r anpassad branding.\r\nSom en h\u00f6gkvalitativ, het f\u00f6rs\u00e4ljning vaping produkt, MK-M67 st\u00f6d gjord p\u00e5 best\u00e4llning, catering till OEM och ODM behov. Som en p\u00e5litlig tillverkare och leverant\u00f6r f\u00f6rser MOKI partners med logotypdesign och paketdesign utan kostnad.\r\nDenna MOKI Dual Mesh Coil Cool Mint Vape Bar MK-M67 \u00e4r inte bara ett vapingalternativ; det \u00e4r ett premiumval f\u00f6r dem som s\u00f6ker ett \u00f6verl\u00e4gset \u00f6ppet podsystem.\t\t\t\t\t\t\t\t<\/div>\n\t\t\t\t<\/div>\n\t\t\t\t<div class=\"elementor-element elementor-element-6dc3e0f elementor-widget elementor-widget-html\" data-id=\"6dc3e0f\" data-element_type=\"widget\" data-widget_type=\"html.default\">\n\t\t\t\t<div class=\"elementor-widget-container\">\n\t\t\t\t\t<div class=\"tg-wrap\"><table><tbody><tr><td>Storlek<\/td><td>46*23,45*103mm<\/td><td>Port f\u00f6r laddning<\/td><td>Typ C<\/td><\/tr><tr><td>Material<\/td><td>PC<\/td><td>Atomiserande k\u00e4rna<\/td><td>Spole med dubbla n\u00e4t<\/td><\/tr><tr><td>E-v\u00e4tska<\/td><td>13mL<\/td><td>Batteriets kapacitet<\/td><td>680 mAh<\/td><\/tr><tr><td>Motst\u00e5ndsomr\u00e5de<\/td><td>0.65\u03a9<\/td><td><\/td><td><\/td><\/tr><\/tbody><\/table><\/div>\t\t\t\t<\/div>\n\t\t\t\t<\/div>\n\t\t\t\t<div class=\"elementor-element elementor-element-ab03d27 elementor-widget elementor-widget-image\" data-id=\"ab03d27\" data-element_type=\"widget\" data-widget_type=\"image.default\">\n\t\t\t\t<div class=\"elementor-widget-container\">\n\t\t\t\t\t\t\t\t\t\t\t\t\t\t\t<img fetchpriority=\"high\" decoding=\"async\" width=\"800\" height=\"450\" src=\"https:\/\/www.mokivape.com\/wp-content\/uploads\/2025\/01\/MK_M67_cool_mint_vape_bar_01.jpg\" class=\"attachment-large size-large wp-image-7928\" alt=\"M67 cool mint vape box\" srcset=\"https:\/\/www.mokivape.com\/wp-content\/uploads\/2025\/01\/MK_M67_cool_mint_vape_bar_01.jpg 800w, https:\/\/www.mokivape.com\/wp-content\/uploads\/2025\/01\/MK_M67_cool_mint_vape_bar_01-768x432.jpg 768w, https:\/\/www.mokivape.com\/wp-content\/uploads\/2025\/01\/MK_M67_cool_mint_vape_bar_01-18x10.jpg 18w, https:\/\/www.mokivape.com\/wp-content\/uploads\/2025\/01\/MK_M67_cool_mint_vape_bar_01-600x338.jpg 600w\" sizes=\"(max-width: 800px) 100vw, 800px\" \/>\t\t\t\t\t\t\t\t\t\t\t\t\t\t\t<\/div>\n\t\t\t\t<\/div>\n\t\t\t\t<div class=\"elementor-element elementor-element-133fae3 elementor-widget elementor-widget-image\" data-id=\"133fae3\" data-element_type=\"widget\" data-widget_type=\"image.default\">\n\t\t\t\t<div class=\"elementor-widget-container\">\n\t\t\t\t\t\t\t\t\t\t\t\t\t\t\t<img decoding=\"async\" width=\"800\" height=\"451\" src=\"https:\/\/www.mokivape.com\/wp-content\/uploads\/2025\/01\/MK_M67_cool_mint_vape_bar_02.jpg\" class=\"attachment-large size-large wp-image-7929\" alt=\"M67 cool mint vape box LED-ljusdisplay\" srcset=\"https:\/\/www.mokivape.com\/wp-content\/uploads\/2025\/01\/MK_M67_cool_mint_vape_bar_02.jpg 800w, https:\/\/www.mokivape.com\/wp-content\/uploads\/2025\/01\/MK_M67_cool_mint_vape_bar_02-768x433.jpg 768w, https:\/\/www.mokivape.com\/wp-content\/uploads\/2025\/01\/MK_M67_cool_mint_vape_bar_02-18x10.jpg 18w, https:\/\/www.mokivape.com\/wp-content\/uploads\/2025\/01\/MK_M67_cool_mint_vape_bar_02-600x338.jpg 600w\" sizes=\"(max-width: 800px) 100vw, 800px\" \/>\t\t\t\t\t\t\t\t\t\t\t\t\t\t\t<\/div>\n\t\t\t\t<\/div>\n\t\t\t\t<div class=\"elementor-element elementor-element-bf5de1b elementor-widget elementor-widget-image\" data-id=\"bf5de1b\" data-element_type=\"widget\" data-widget_type=\"image.default\">\n\t\t\t\t<div class=\"elementor-widget-container\">\n\t\t\t\t\t\t\t\t\t\t\t\t\t\t\t<img decoding=\"async\" width=\"800\" height=\"449\" src=\"https:\/\/www.mokivape.com\/wp-content\/uploads\/2025\/01\/MK_M67_cool_mint_vape_bar_03.jpg\" class=\"attachment-large size-large wp-image-7930\" alt=\"specifikationer f\u00f6r M67 cool mint vape box\" srcset=\"https:\/\/www.mokivape.com\/wp-content\/uploads\/2025\/01\/MK_M67_cool_mint_vape_bar_03.jpg 800w, https:\/\/www.mokivape.com\/wp-content\/uploads\/2025\/01\/MK_M67_cool_mint_vape_bar_03-768x431.jpg 768w, https:\/\/www.mokivape.com\/wp-content\/uploads\/2025\/01\/MK_M67_cool_mint_vape_bar_03-18x10.jpg 18w, https:\/\/www.mokivape.com\/wp-content\/uploads\/2025\/01\/MK_M67_cool_mint_vape_bar_03-600x337.jpg 600w\" sizes=\"(max-width: 800px) 100vw, 800px\" \/>\t\t\t\t\t\t\t\t\t\t\t\t\t\t\t<\/div>\n\t\t\t\t<\/div>\n\t\t\t\t<div class=\"elementor-element elementor-element-e2e0d9d elementor-widget elementor-widget-image\" data-id=\"e2e0d9d\" data-element_type=\"widget\" data-widget_type=\"image.default\">\n\t\t\t\t<div class=\"elementor-widget-container\">\n\t\t\t\t\t\t\t\t\t\t\t\t\t\t\t<img loading=\"lazy\" decoding=\"async\" width=\"800\" height=\"450\" src=\"https:\/\/www.mokivape.com\/wp-content\/uploads\/2025\/01\/MK_M67_cool_mint_vape_bar_04-1.jpg\" class=\"attachment-large size-large wp-image-7931\" alt=\"struktur av M67 cool mint vape box 5-stj\u00e4rnig vape kit\" srcset=\"https:\/\/www.mokivape.com\/wp-content\/uploads\/2025\/01\/MK_M67_cool_mint_vape_bar_04-1.jpg 800w, https:\/\/www.mokivape.com\/wp-content\/uploads\/2025\/01\/MK_M67_cool_mint_vape_bar_04-1-768x432.jpg 768w, https:\/\/www.mokivape.com\/wp-content\/uploads\/2025\/01\/MK_M67_cool_mint_vape_bar_04-1-18x10.jpg 18w, https:\/\/www.mokivape.com\/wp-content\/uploads\/2025\/01\/MK_M67_cool_mint_vape_bar_04-1-600x338.jpg 600w\" sizes=\"(max-width: 800px) 100vw, 800px\" \/>\t\t\t\t\t\t\t\t\t\t\t\t\t\t\t<\/div>\n\t\t\t\t<\/div>\n\t\t\t\t<div class=\"elementor-element elementor-element-5bf290c elementor-widget elementor-widget-image\" data-id=\"5bf290c\" data-element_type=\"widget\" data-widget_type=\"image.default\">\n\t\t\t\t<div class=\"elementor-widget-container\">\n\t\t\t\t\t\t\t\t\t\t\t\t\t\t\t<img loading=\"lazy\" decoding=\"async\" width=\"800\" height=\"450\" src=\"https:\/\/www.mokivape.com\/wp-content\/uploads\/2025\/01\/MK_M67_cool_mint_vape_bar_05.jpg\" class=\"attachment-large size-large wp-image-7932\" alt=\"M67 cool mint vape box uppladdningsbar\" srcset=\"https:\/\/www.mokivape.com\/wp-content\/uploads\/2025\/01\/MK_M67_cool_mint_vape_bar_05.jpg 800w, https:\/\/www.mokivape.com\/wp-content\/uploads\/2025\/01\/MK_M67_cool_mint_vape_bar_05-768x432.jpg 768w, https:\/\/www.mokivape.com\/wp-content\/uploads\/2025\/01\/MK_M67_cool_mint_vape_bar_05-18x10.jpg 18w, https:\/\/www.mokivape.com\/wp-content\/uploads\/2025\/01\/MK_M67_cool_mint_vape_bar_05-600x338.jpg 600w\" sizes=\"(max-width: 800px) 100vw, 800px\" \/>\t\t\t\t\t\t\t\t\t\t\t\t\t\t\t<\/div>\n\t\t\t\t<\/div>\n\t\t\t\t<div class=\"elementor-element elementor-element-047d701 elementor-widget elementor-widget-image\" data-id=\"047d701\" data-element_type=\"widget\" data-widget_type=\"image.default\">\n\t\t\t\t<div class=\"elementor-widget-container\">\n\t\t\t\t\t\t\t\t\t\t\t\t\t\t\t<img loading=\"lazy\" decoding=\"async\" width=\"800\" height=\"450\" src=\"https:\/\/www.mokivape.com\/wp-content\/uploads\/2025\/01\/MK_M67_cool_mint_vape_bar_06.jpg\" class=\"attachment-large size-large wp-image-7933\" alt=\"f\u00e4rger p\u00e5 M67 cool mint vape box\" srcset=\"https:\/\/www.mokivape.com\/wp-content\/uploads\/2025\/01\/MK_M67_cool_mint_vape_bar_06.jpg 800w, https:\/\/www.mokivape.com\/wp-content\/uploads\/2025\/01\/MK_M67_cool_mint_vape_bar_06-768x432.jpg 768w, https:\/\/www.mokivape.com\/wp-content\/uploads\/2025\/01\/MK_M67_cool_mint_vape_bar_06-18x10.jpg 18w, https:\/\/www.mokivape.com\/wp-content\/uploads\/2025\/01\/MK_M67_cool_mint_vape_bar_06-600x338.jpg 600w\" sizes=\"(max-width: 800px) 100vw, 800px\" \/>\t\t\t\t\t\t\t\t\t\t\t\t\t\t\t<\/div>\n\t\t\t\t<\/div>\n\t\t\t\t\t<\/div>\n\t\t\t\t<\/div>\n\t\t\t\t<\/div>","protected":false},"excerpt":{"rendered":"<p>MOKI Dual Mesh Coil Cool Mint Vape MK-M67 erbjuder en f\u00f6rb\u00e4ttrad vapingupplevelse med Open Pod-serien. Dessa kit har en dubbel n\u00e4tspole f\u00f6r j\u00e4mn uppv\u00e4rmning och intensiv smak. MOKI erbjuder white label vape bar och private labeled vape f\u00f6r ditt vaping varum\u00e4rke, MK-M67 \u00e4r perfekt f\u00f6r anpassad branding.<br \/>\nSom en h\u00f6gkvalitativ, het f\u00f6rs\u00e4ljning vaping produkt, MK-M67 st\u00f6d gjord p\u00e5 best\u00e4llning, catering till OEM och ODM behov. Som en p\u00e5litlig tillverkare och leverant\u00f6r f\u00f6rser MOKI partners med logotypdesign och paketdesign utan kostnad.<br \/>\nDenna MOKI Dual Mesh Coil Cool Mint Vape Bar MK-M67 \u00e4r inte bara ett vapingalternativ; det \u00e4r ett premiumval f\u00f6r dem som s\u00f6ker ett \u00f6verl\u00e4gset \u00f6ppet podsystem.<\/p>","protected":false},"featured_media":7927,"comment_status":"open","ping_status":"closed","template":"","meta":[],"product_brand":[],"product_cat":[31,16],"product_tag":[],"class_list":{"0":"post-7365","1":"product","2":"type-product","3":"status-publish","4":"has-post-thumbnail","6":"product_cat-disposable-vape-pod-kits-oem-vape-pen-manufacturing","7":"product_cat-pod-kits-refillable-open-pods-cartridge-oem","9":"first","10":"instock","11":"shipping-taxable","12":"product-type-simple"},"_links":{"self":[{"href":"https:\/\/www.mokivape.com\/sv\/wp-json\/wp\/v2\/product\/7365","targetHints":{"allow":["GET"]}}],"collection":[{"href":"https:\/\/www.mokivape.com\/sv\/wp-json\/wp\/v2\/product"}],"about":[{"href":"https:\/\/www.mokivape.com\/sv\/wp-json\/wp\/v2\/types\/product"}],"replies":[{"embeddable":true,"href":"https:\/\/www.mokivape.com\/sv\/wp-json\/wp\/v2\/comments?post=7365"}],"version-history":[{"count":0,"href":"https:\/\/www.mokivape.com\/sv\/wp-json\/wp\/v2\/product\/7365\/revisions"}],"wp:featuredmedia":[{"embeddable":true,"href":"https:\/\/www.mokivape.com\/sv\/wp-json\/wp\/v2\/media\/7927"}],"wp:attachment":[{"href":"https:\/\/www.mokivape.com\/sv\/wp-json\/wp\/v2\/media?parent=7365"}],"wp:term":[{"taxonomy":"product_brand","embeddable":true,"href":"https:\/\/www.mokivape.com\/sv\/wp-json\/wp\/v2\/product_brand?post=7365"},{"taxonomy":"product_cat","embeddable":true,"href":"https:\/\/www.mokivape.com\/sv\/wp-json\/wp\/v2\/product_cat?post=7365"},{"taxonomy":"product_tag","embeddable":true,"href":"https:\/\/www.mokivape.com\/sv\/wp-json\/wp\/v2\/product_tag?post=7365"}],"curies":[{"name":"wp","href":"https:\/\/api.w.org\/{rel}","templated":true}]}}