{"id":1420,"date":"2024-04-17T09:16:15","date_gmt":"2024-04-17T09:16:15","guid":{"rendered":"https:\/\/www.mokiecig.com\/?post_type=product&#038;p=1420"},"modified":"2025-01-03T06:14:46","modified_gmt":"2025-01-03T06:14:46","slug":"mk-m49-lady-pod-vape-kits","status":"publish","type":"product","link":"https:\/\/www.mokivape.com\/sv\/produkt\/mk-m49-lady-pod-vape-kit\/","title":{"rendered":"MK-M49 Lady Pod Vape-kit"},"content":{"rendered":"<div data-elementor-type=\"product-post\" data-elementor-id=\"1420\" class=\"elementor elementor-1420\" data-elementor-post-type=\"product\">\n\t\t\t\t<div class=\"elementor-element elementor-element-5e26bc0 e-con-full e-flex e-con e-parent\" data-id=\"5e26bc0\" data-element_type=\"container\">\n\t\t\t\t<div class=\"elementor-element elementor-element-d9cefa0 elementor-widget elementor-widget-heading\" data-id=\"d9cefa0\" data-element_type=\"widget\" data-widget_type=\"heading.default\">\n\t\t\t\t<div class=\"elementor-widget-container\">\n\t\t\t\t\t<h2 class=\"elementor-heading-title elementor-size-default\">MK-M49 Lady Pod Vape-kit<\/h2>\t\t\t\t<\/div>\n\t\t\t\t<\/div>\n\t\t\t\t<div class=\"elementor-element elementor-element-a6cd9d2 elementor-widget elementor-widget-html\" data-id=\"a6cd9d2\" data-element_type=\"widget\" data-widget_type=\"html.default\">\n\t\t\t\t<div class=\"elementor-widget-container\">\n\t\t\t\t\t<table><tbody>\r\n  <tr style=\"text-align:center;\">\r\n    <td colspan=\"2\">SPECIFIKATIONER F\u00d6R KAPSELN<\/td>\r\n    <td colspan=\"2\">MOD SPECIFIKATIONER<\/td>\r\n  <\/tr>\r\n  <tr>\r\n    <td>Storlek<\/td>\r\n    <td>51,3 * 22 mm<\/td>\r\n    <td>Storlek<\/td>\r\n    <td>87,53 25 mm<\/td>\r\n  <\/tr>\r\n  <tr>\r\n    <td>Kapacitet f\u00f6r e-likvid<\/td>\r\n    <td>4 ml<\/td>\r\n    <td>Batteriets kapacitet<\/td>\r\n    <td>600 mAh<\/td>\r\n  <\/tr>\r\n  <tr>\r\n    <td>V\u00e4rmetr\u00e5d<\/td>\r\n    <td>Keramisk spole<\/td>\r\n    <td>Uppladdningsbar<\/td>\r\n    <td>Typ C<\/td>\r\n  <\/tr>\r\n  <tr>\r\n    <td>Motst\u00e5nd<\/td>\r\n    <td>1,1ohm<\/td>\r\n    <td>Material<\/td>\r\n    <td>PC och PCTG<\/td>\r\n  <\/tr>\r\n  <tr>\r\n    <td>Material<\/td>\r\n    <td>PC och PCTG<\/td>\r\n    <td><\/td>\r\n    <td><\/td>\r\n  <\/tr>\r\n<\/tbody>\r\n<\/table>\t\t\t\t<\/div>\n\t\t\t\t<\/div>\n\t\t\t\t<div class=\"elementor-element elementor-element-5aa69f6 elementor-widget elementor-widget-image\" data-id=\"5aa69f6\" data-element_type=\"widget\" data-widget_type=\"image.default\">\n\t\t\t\t<div class=\"elementor-widget-container\">\n\t\t\t\t\t\t\t\t\t\t\t\t\t\t\t<img fetchpriority=\"high\" decoding=\"async\" width=\"1920\" height=\"1080\" src=\"https:\/\/www.mokivape.com\/wp-content\/uploads\/M49_b_1.webp\" class=\"attachment-full size-full wp-image-8204\" alt=\"M49 Mini Vape Pen\" srcset=\"https:\/\/www.mokivape.com\/wp-content\/uploads\/M49_b_1.webp 1920w, https:\/\/www.mokivape.com\/wp-content\/uploads\/M49_b_1-768x432.webp 768w, https:\/\/www.mokivape.com\/wp-content\/uploads\/M49_b_1-1536x864.webp 1536w, https:\/\/www.mokivape.com\/wp-content\/uploads\/M49_b_1-18x10.webp 18w, https:\/\/www.mokivape.com\/wp-content\/uploads\/M49_b_1-600x338.webp 600w\" sizes=\"(max-width: 1920px) 100vw, 1920px\" \/>\t\t\t\t\t\t\t\t\t\t\t\t\t\t\t<\/div>\n\t\t\t\t<\/div>\n\t\t\t\t<div class=\"elementor-element elementor-element-af06009 elementor-widget elementor-widget-image\" data-id=\"af06009\" data-element_type=\"widget\" data-widget_type=\"image.default\">\n\t\t\t\t<div class=\"elementor-widget-container\">\n\t\t\t\t\t\t\t\t\t\t\t\t\t\t\t<img decoding=\"async\" width=\"1920\" height=\"1080\" src=\"https:\/\/www.mokivape.com\/wp-content\/uploads\/M49_b_2.webp\" class=\"attachment-full size-full wp-image-8205\" alt=\"M49 Mini Vape Pen\" srcset=\"https:\/\/www.mokivape.com\/wp-content\/uploads\/M49_b_2.webp 1920w, https:\/\/www.mokivape.com\/wp-content\/uploads\/M49_b_2-768x432.webp 768w, https:\/\/www.mokivape.com\/wp-content\/uploads\/M49_b_2-1536x864.webp 1536w, https:\/\/www.mokivape.com\/wp-content\/uploads\/M49_b_2-18x10.webp 18w, https:\/\/www.mokivape.com\/wp-content\/uploads\/M49_b_2-600x338.webp 600w\" sizes=\"(max-width: 1920px) 100vw, 1920px\" \/>\t\t\t\t\t\t\t\t\t\t\t\t\t\t\t<\/div>\n\t\t\t\t<\/div>\n\t\t\t\t<div class=\"elementor-element elementor-element-9d0fc56 elementor-widget elementor-widget-image\" data-id=\"9d0fc56\" data-element_type=\"widget\" data-widget_type=\"image.default\">\n\t\t\t\t<div class=\"elementor-widget-container\">\n\t\t\t\t\t\t\t\t\t\t\t\t\t\t\t<img decoding=\"async\" width=\"1920\" height=\"1080\" src=\"https:\/\/www.mokivape.com\/wp-content\/uploads\/M49_b_3.webp\" class=\"attachment-full size-full wp-image-8206\" alt=\"f\u00e4rger p\u00e5 M49 Mini Vape Pen patron\" srcset=\"https:\/\/www.mokivape.com\/wp-content\/uploads\/M49_b_3.webp 1920w, https:\/\/www.mokivape.com\/wp-content\/uploads\/M49_b_3-768x432.webp 768w, https:\/\/www.mokivape.com\/wp-content\/uploads\/M49_b_3-1536x864.webp 1536w, https:\/\/www.mokivape.com\/wp-content\/uploads\/M49_b_3-18x10.webp 18w, https:\/\/www.mokivape.com\/wp-content\/uploads\/M49_b_3-600x338.webp 600w\" sizes=\"(max-width: 1920px) 100vw, 1920px\" \/>\t\t\t\t\t\t\t\t\t\t\t\t\t\t\t<\/div>\n\t\t\t\t<\/div>\n\t\t\t\t<div class=\"elementor-element elementor-element-a19d20f elementor-widget elementor-widget-image\" data-id=\"a19d20f\" data-element_type=\"widget\" data-widget_type=\"image.default\">\n\t\t\t\t<div class=\"elementor-widget-container\">\n\t\t\t\t\t\t\t\t\t\t\t\t\t\t\t<img loading=\"lazy\" decoding=\"async\" width=\"1920\" height=\"1080\" src=\"https:\/\/www.mokivape.com\/wp-content\/uploads\/M49_b_4.webp\" class=\"attachment-full size-full wp-image-8207\" alt=\"M49 Mini Vape Pen\" srcset=\"https:\/\/www.mokivape.com\/wp-content\/uploads\/M49_b_4.webp 1920w, https:\/\/www.mokivape.com\/wp-content\/uploads\/M49_b_4-768x432.webp 768w, https:\/\/www.mokivape.com\/wp-content\/uploads\/M49_b_4-1536x864.webp 1536w, https:\/\/www.mokivape.com\/wp-content\/uploads\/M49_b_4-18x10.webp 18w, https:\/\/www.mokivape.com\/wp-content\/uploads\/M49_b_4-600x338.webp 600w\" sizes=\"(max-width: 1920px) 100vw, 1920px\" \/>\t\t\t\t\t\t\t\t\t\t\t\t\t\t\t<\/div>\n\t\t\t\t<\/div>\n\t\t\t\t<div class=\"elementor-element elementor-element-16a4fb3 elementor-widget elementor-widget-image\" data-id=\"16a4fb3\" data-element_type=\"widget\" data-widget_type=\"image.default\">\n\t\t\t\t<div class=\"elementor-widget-container\">\n\t\t\t\t\t\t\t\t\t\t\t\t\t\t\t<img loading=\"lazy\" decoding=\"async\" width=\"1920\" height=\"1080\" src=\"https:\/\/www.mokivape.com\/wp-content\/uploads\/M49_b_5.webp\" class=\"attachment-full size-full wp-image-8208\" alt=\"laddningsport f\u00f6r M49 Mini Vape Pen\" srcset=\"https:\/\/www.mokivape.com\/wp-content\/uploads\/M49_b_5.webp 1920w, https:\/\/www.mokivape.com\/wp-content\/uploads\/M49_b_5-768x432.webp 768w, https:\/\/www.mokivape.com\/wp-content\/uploads\/M49_b_5-1536x864.webp 1536w, https:\/\/www.mokivape.com\/wp-content\/uploads\/M49_b_5-18x10.webp 18w, https:\/\/www.mokivape.com\/wp-content\/uploads\/M49_b_5-600x338.webp 600w\" sizes=\"(max-width: 1920px) 100vw, 1920px\" \/>\t\t\t\t\t\t\t\t\t\t\t\t\t\t\t<\/div>\n\t\t\t\t<\/div>\n\t\t\t\t<div class=\"elementor-element elementor-element-c0aae90 elementor-widget elementor-widget-image\" data-id=\"c0aae90\" data-element_type=\"widget\" data-widget_type=\"image.default\">\n\t\t\t\t<div class=\"elementor-widget-container\">\n\t\t\t\t\t\t\t\t\t\t\t\t\t\t\t<img loading=\"lazy\" decoding=\"async\" width=\"1920\" height=\"1080\" src=\"https:\/\/www.mokivape.com\/wp-content\/uploads\/M49_b_6.webp\" class=\"attachment-full size-full wp-image-8209\" alt=\"paketlista f\u00f6r M49 Mini Vape Pen\" srcset=\"https:\/\/www.mokivape.com\/wp-content\/uploads\/M49_b_6.webp 1920w, https:\/\/www.mokivape.com\/wp-content\/uploads\/M49_b_6-768x432.webp 768w, https:\/\/www.mokivape.com\/wp-content\/uploads\/M49_b_6-1536x864.webp 1536w, https:\/\/www.mokivape.com\/wp-content\/uploads\/M49_b_6-18x10.webp 18w, https:\/\/www.mokivape.com\/wp-content\/uploads\/M49_b_6-600x338.webp 600w\" sizes=\"(max-width: 1920px) 100vw, 1920px\" \/>\t\t\t\t\t\t\t\t\t\t\t\t\t\t\t<\/div>\n\t\t\t\t<\/div>\n\t\t\t\t<\/div>\n\t\t\t\t<\/div>","protected":false},"excerpt":{"rendered":"<p>MOKI Lady Pod Vape Kits MK-M49 \u00e4r ett snyggt och elegant slutet pod-system designat f\u00f6r den moderna vaper. Denna fickvapepenna har en kapacitet p\u00e5 4 ml e-juice med en 1,1 ohm keramisk spole f\u00f6r en tillfredsst\u00e4llande nikotinsaltvapeupplevelse. Podden m\u00e4ter 51,3*22 mm och \u00e4r tillverkad av h\u00e5llbara PC- och PCTG-material.<br \/>\nI kombination med en 600mAh batterimodd erbjuder MK-M49 gott om kraft f\u00f6r hela dagen, uppladdningsbar via Type-C f\u00f6r din bekv\u00e4mlighet. Moddens m\u00e5tt \u00e4r 87,53 * 25 mm, \u00e4ven tillverkad av PC och PCTG. MK-M49 st\u00f6der OEM och ODM, denna h\u00f6gkvalitativa, heta f\u00f6rs\u00e4ljning vape kit MK-M49 \u00e4r ett best\u00e4llt m\u00e4sterverk fr\u00e5n en ansedd tillverkare och leverant\u00f6r MOKI. Detta MOKI Lady Pod Vape Kit \u00e4r k\u00e4rnan i elegans och funktionalitet i vaping.<\/p>","protected":false},"featured_media":8159,"comment_status":"open","ping_status":"closed","template":"","meta":[],"product_brand":[],"product_cat":[16],"product_tag":[],"class_list":{"0":"post-1420","1":"product","2":"type-product","3":"status-publish","4":"has-post-thumbnail","6":"product_cat-pod-kits-refillable-open-pods-cartridge-oem","8":"first","9":"instock","10":"shipping-taxable","11":"product-type-simple"},"_links":{"self":[{"href":"https:\/\/www.mokivape.com\/sv\/wp-json\/wp\/v2\/product\/1420","targetHints":{"allow":["GET"]}}],"collection":[{"href":"https:\/\/www.mokivape.com\/sv\/wp-json\/wp\/v2\/product"}],"about":[{"href":"https:\/\/www.mokivape.com\/sv\/wp-json\/wp\/v2\/types\/product"}],"replies":[{"embeddable":true,"href":"https:\/\/www.mokivape.com\/sv\/wp-json\/wp\/v2\/comments?post=1420"}],"version-history":[{"count":0,"href":"https:\/\/www.mokivape.com\/sv\/wp-json\/wp\/v2\/product\/1420\/revisions"}],"wp:featuredmedia":[{"embeddable":true,"href":"https:\/\/www.mokivape.com\/sv\/wp-json\/wp\/v2\/media\/8159"}],"wp:attachment":[{"href":"https:\/\/www.mokivape.com\/sv\/wp-json\/wp\/v2\/media?parent=1420"}],"wp:term":[{"taxonomy":"product_brand","embeddable":true,"href":"https:\/\/www.mokivape.com\/sv\/wp-json\/wp\/v2\/product_brand?post=1420"},{"taxonomy":"product_cat","embeddable":true,"href":"https:\/\/www.mokivape.com\/sv\/wp-json\/wp\/v2\/product_cat?post=1420"},{"taxonomy":"product_tag","embeddable":true,"href":"https:\/\/www.mokivape.com\/sv\/wp-json\/wp\/v2\/product_tag?post=1420"}],"curies":[{"name":"wp","href":"https:\/\/api.w.org\/{rel}","templated":true}]}}