{"id":1406,"date":"2024-04-17T09:09:20","date_gmt":"2024-04-17T09:09:20","guid":{"rendered":"https:\/\/www.mokiecig.com\/?post_type=product&#038;p=1406"},"modified":"2025-06-30T10:26:48","modified_gmt":"2025-06-30T10:26:48","slug":"m1-disposable-vape-pen-mint-ice-vape","status":"publish","type":"product","link":"https:\/\/www.mokivape.com\/sv\/produkt\/m1-engangs-vape-penna-mint-ice-vape\/","title":{"rendered":"MK-M1 Vape Pen f\u00f6r eng\u00e5ngsbruk Mint Ice Vape"},"content":{"rendered":"<div data-elementor-type=\"product-post\" data-elementor-id=\"1406\" class=\"elementor elementor-1406\" data-elementor-post-type=\"product\">\n\t\t\t\t<div class=\"elementor-element elementor-element-3775b30 e-con-full e-flex e-con e-parent\" data-id=\"3775b30\" data-element_type=\"container\">\n\t\t\t\t<div class=\"elementor-element elementor-element-bdc9343 elementor-widget elementor-widget-heading\" data-id=\"bdc9343\" data-element_type=\"widget\" data-widget_type=\"heading.default\">\n\t\t\t\t<div class=\"elementor-widget-container\">\n\t\t\t\t\t<h2 class=\"elementor-heading-title elementor-size-default\">MK-M1 Vape Pen f\u00f6r eng\u00e5ngsbruk Mint Ice Vape<\/h2>\t\t\t\t<\/div>\n\t\t\t\t<\/div>\n\t\t\t\t<div class=\"elementor-element elementor-element-f023d40 elementor-widget elementor-widget-html\" data-id=\"f023d40\" data-element_type=\"widget\" data-widget_type=\"html.default\">\n\t\t\t\t<div class=\"elementor-widget-container\">\n\t\t\t\t\t<table><tbody><tr><td>Motst\u00e5nd<\/td><td>1,0 ohm<\/td><td>Storlek<\/td><td>108*27 mm<\/td><\/tr><tr><td>Kapacitet f\u00f6r e-v\u00e4tskor<\/td><td>10 ml<\/td><td>Batteriets kapacitet<\/td><td>500 mAh<\/td><\/tr><tr><td>Uppladdningsbar<\/td><td>Typ C<\/td><td>V\u00e4rmetr\u00e5d<\/td><td>N\u00e4tspole<\/td><\/tr><tr><td>Material<\/td><td colspan=\"3\">Tv\u00e5f\u00e4rgsinjektion PC+ABs, botten enf\u00e4rgad plast<\/td><\/tr><\/tbody><\/table>\t\t\t\t<\/div>\n\t\t\t\t<\/div>\n\t\t\t\t<div class=\"elementor-element elementor-element-fdedb34 elementor-widget elementor-widget-image\" data-id=\"fdedb34\" data-element_type=\"widget\" data-widget_type=\"image.default\">\n\t\t\t\t<div class=\"elementor-widget-container\">\n\t\t\t\t\t\t\t\t\t\t\t\t\t\t\t<img fetchpriority=\"high\" decoding=\"async\" width=\"1920\" height=\"1080\" src=\"https:\/\/www.mokivape.com\/wp-content\/uploads\/M1_b_1.webp\" class=\"attachment-full size-full wp-image-8320\" alt=\"M1 Mintf\u00f6r\u00e5ngare f\u00f6r eng\u00e5ngsbruk\" srcset=\"https:\/\/www.mokivape.com\/wp-content\/uploads\/M1_b_1.webp 1920w, https:\/\/www.mokivape.com\/wp-content\/uploads\/M1_b_1-768x432.webp 768w, https:\/\/www.mokivape.com\/wp-content\/uploads\/M1_b_1-1536x864.webp 1536w, https:\/\/www.mokivape.com\/wp-content\/uploads\/M1_b_1-18x10.webp 18w, https:\/\/www.mokivape.com\/wp-content\/uploads\/M1_b_1-600x338.webp 600w\" sizes=\"(max-width: 1920px) 100vw, 1920px\" \/>\t\t\t\t\t\t\t\t\t\t\t\t\t\t\t<\/div>\n\t\t\t\t<\/div>\n\t\t\t\t<div class=\"elementor-element elementor-element-43ad5b3 elementor-widget elementor-widget-image\" data-id=\"43ad5b3\" data-element_type=\"widget\" data-widget_type=\"image.default\">\n\t\t\t\t<div class=\"elementor-widget-container\">\n\t\t\t\t\t\t\t\t\t\t\t\t\t\t\t<img decoding=\"async\" width=\"1920\" height=\"1080\" src=\"https:\/\/www.mokivape.com\/wp-content\/uploads\/M1_b_2.webp\" class=\"attachment-full size-full wp-image-8321\" alt=\"M1 Mintf\u00f6r\u00e5ngare f\u00f6r eng\u00e5ngsbruk\" srcset=\"https:\/\/www.mokivape.com\/wp-content\/uploads\/M1_b_2.webp 1920w, https:\/\/www.mokivape.com\/wp-content\/uploads\/M1_b_2-768x432.webp 768w, https:\/\/www.mokivape.com\/wp-content\/uploads\/M1_b_2-1536x864.webp 1536w, https:\/\/www.mokivape.com\/wp-content\/uploads\/M1_b_2-18x10.webp 18w, https:\/\/www.mokivape.com\/wp-content\/uploads\/M1_b_2-600x338.webp 600w\" sizes=\"(max-width: 1920px) 100vw, 1920px\" \/>\t\t\t\t\t\t\t\t\t\t\t\t\t\t\t<\/div>\n\t\t\t\t<\/div>\n\t\t\t\t<div class=\"elementor-element elementor-element-1106dd3 elementor-widget elementor-widget-image\" data-id=\"1106dd3\" data-element_type=\"widget\" data-widget_type=\"image.default\">\n\t\t\t\t<div class=\"elementor-widget-container\">\n\t\t\t\t\t\t\t\t\t\t\t\t\t\t\t<img decoding=\"async\" width=\"1920\" height=\"1080\" src=\"https:\/\/www.mokivape.com\/wp-content\/uploads\/M1_b_3.webp\" class=\"attachment-full size-full wp-image-8322\" alt=\"M1 Mintf\u00f6r\u00e5ngare f\u00f6r eng\u00e5ngsbruk\" srcset=\"https:\/\/www.mokivape.com\/wp-content\/uploads\/M1_b_3.webp 1920w, https:\/\/www.mokivape.com\/wp-content\/uploads\/M1_b_3-768x432.webp 768w, https:\/\/www.mokivape.com\/wp-content\/uploads\/M1_b_3-1536x864.webp 1536w, https:\/\/www.mokivape.com\/wp-content\/uploads\/M1_b_3-18x10.webp 18w, https:\/\/www.mokivape.com\/wp-content\/uploads\/M1_b_3-600x338.webp 600w\" sizes=\"(max-width: 1920px) 100vw, 1920px\" \/>\t\t\t\t\t\t\t\t\t\t\t\t\t\t\t<\/div>\n\t\t\t\t<\/div>\n\t\t\t\t<div class=\"elementor-element elementor-element-bde9ffa elementor-widget elementor-widget-image\" data-id=\"bde9ffa\" data-element_type=\"widget\" data-widget_type=\"image.default\">\n\t\t\t\t<div class=\"elementor-widget-container\">\n\t\t\t\t\t\t\t\t\t\t\t\t\t\t\t<img loading=\"lazy\" decoding=\"async\" width=\"1920\" height=\"1080\" src=\"https:\/\/www.mokivape.com\/wp-content\/uploads\/M1_b_4.webp\" class=\"attachment-full size-full wp-image-8323\" alt=\"M1 Mintf\u00f6r\u00e5ngare f\u00f6r eng\u00e5ngsbruk\" srcset=\"https:\/\/www.mokivape.com\/wp-content\/uploads\/M1_b_4.webp 1920w, https:\/\/www.mokivape.com\/wp-content\/uploads\/M1_b_4-768x432.webp 768w, https:\/\/www.mokivape.com\/wp-content\/uploads\/M1_b_4-1536x864.webp 1536w, https:\/\/www.mokivape.com\/wp-content\/uploads\/M1_b_4-18x10.webp 18w, https:\/\/www.mokivape.com\/wp-content\/uploads\/M1_b_4-600x338.webp 600w\" sizes=\"(max-width: 1920px) 100vw, 1920px\" \/>\t\t\t\t\t\t\t\t\t\t\t\t\t\t\t<\/div>\n\t\t\t\t<\/div>\n\t\t\t\t<\/div>\n\t\t\t\t<\/div>","protected":false},"excerpt":{"rendered":"<p>MOKI Disposable Vape Pen Mint Vaporizer MK-M1-10 \u00e4r en cool och uppfriskande eng\u00e5ngsvapepenna f\u00f6r dem som s\u00f6ker en mintfr\u00e4sch upplevelse. Denna eleganta enhet, som m\u00e4ter 108*27mm, drivs av ett 500mAh-batteri och har en 1,0ohm mesh-spole f\u00f6r optimal f\u00f6r\u00e5ngning.<br \/>\nMed en kapacitet p\u00e5 10 ml e-v\u00e4tska \u00e4r MK-M1-10 perfekt f\u00f6r anv\u00e4ndning hela dagen. Njut av bekv\u00e4mligheten med typ C-laddning. Experttillverkad av tv\u00e5f\u00e4rgad injektion PC + ABS med en botten enf\u00e4rgad plast, denna h\u00f6gkvalitativa, heta f\u00f6rs\u00e4ljning vape penna st\u00f6d f\u00f6r OEM och ODM, erbjuder ett white-label alternativ fr\u00e5n en p\u00e5litlig tillverkare och leverant\u00f6r - MOKI. MOKI Mint Vaporizer MK-M1-10 \u00e4r mer \u00e4n en penna; det \u00e4r ett best\u00e4llt m\u00e4sterverk inom vaporizertillverkning.<\/p>","protected":false},"featured_media":8144,"comment_status":"open","ping_status":"closed","template":"","meta":[],"product_brand":[],"product_cat":[16,31],"product_tag":[],"class_list":{"0":"post-1406","1":"product","2":"type-product","3":"status-publish","4":"has-post-thumbnail","6":"product_cat-pod-kits-refillable-open-pods-cartridge-oem","7":"product_cat-disposable-vape-pod-kits-oem-vape-pen-manufacturing","9":"first","10":"instock","11":"shipping-taxable","12":"product-type-simple"},"_links":{"self":[{"href":"https:\/\/www.mokivape.com\/sv\/wp-json\/wp\/v2\/product\/1406","targetHints":{"allow":["GET"]}}],"collection":[{"href":"https:\/\/www.mokivape.com\/sv\/wp-json\/wp\/v2\/product"}],"about":[{"href":"https:\/\/www.mokivape.com\/sv\/wp-json\/wp\/v2\/types\/product"}],"replies":[{"embeddable":true,"href":"https:\/\/www.mokivape.com\/sv\/wp-json\/wp\/v2\/comments?post=1406"}],"version-history":[{"count":0,"href":"https:\/\/www.mokivape.com\/sv\/wp-json\/wp\/v2\/product\/1406\/revisions"}],"wp:featuredmedia":[{"embeddable":true,"href":"https:\/\/www.mokivape.com\/sv\/wp-json\/wp\/v2\/media\/8144"}],"wp:attachment":[{"href":"https:\/\/www.mokivape.com\/sv\/wp-json\/wp\/v2\/media?parent=1406"}],"wp:term":[{"taxonomy":"product_brand","embeddable":true,"href":"https:\/\/www.mokivape.com\/sv\/wp-json\/wp\/v2\/product_brand?post=1406"},{"taxonomy":"product_cat","embeddable":true,"href":"https:\/\/www.mokivape.com\/sv\/wp-json\/wp\/v2\/product_cat?post=1406"},{"taxonomy":"product_tag","embeddable":true,"href":"https:\/\/www.mokivape.com\/sv\/wp-json\/wp\/v2\/product_tag?post=1406"}],"curies":[{"name":"wp","href":"https:\/\/api.w.org\/{rel}","templated":true}]}}