{"id":1351,"date":"2024-04-17T00:39:49","date_gmt":"2024-04-17T00:39:49","guid":{"rendered":"https:\/\/www.mokiecig.com\/?post_type=product&#038;p=1351"},"modified":"2025-01-03T06:04:32","modified_gmt":"2025-01-03T06:04:32","slug":"mk-m46-transparent-tank-vape-box","status":"publish","type":"product","link":"https:\/\/www.mokivape.com\/sv\/produkt\/mk-m46-transparent-tank-vape-box\/","title":{"rendered":"MK-M46 Transparent Tank Vape Box"},"content":{"rendered":"<div data-elementor-type=\"product-post\" data-elementor-id=\"1351\" class=\"elementor elementor-1351\" data-elementor-post-type=\"product\">\n\t\t\t\t<div class=\"elementor-element elementor-element-d587a12 e-con-full e-flex e-con e-parent\" data-id=\"d587a12\" data-element_type=\"container\">\n\t\t\t\t<div class=\"elementor-element elementor-element-3665dc8 elementor-widget elementor-widget-heading\" data-id=\"3665dc8\" data-element_type=\"widget\" data-widget_type=\"heading.default\">\n\t\t\t\t<div class=\"elementor-widget-container\">\n\t\t\t\t\t<h2 class=\"elementor-heading-title elementor-size-default\">MK-M46 Transparent Tank Vape Box<\/h2>\t\t\t\t<\/div>\n\t\t\t\t<\/div>\n\t\t\t\t<div class=\"elementor-element elementor-element-f6b5ad1 elementor-widget elementor-widget-html\" data-id=\"f6b5ad1\" data-element_type=\"widget\" data-widget_type=\"html.default\">\n\t\t\t\t<div class=\"elementor-widget-container\">\n\t\t\t\t\t<table><tbody><tr><td>Storlek<\/td><td>81,7 * 46,7 * 21,8 mm<\/td><td>Kapacitet f\u00f6r e-v\u00e4tska<\/td><td>10 mL<\/td><\/tr><tr><td>Batteriets kapacitet<\/td><td>720 mAh<\/td><td>Uppladdningsbar<\/td><td>Typ C<\/td><\/tr><tr><td>V\u00e4rmetr\u00e5d<\/td><td>Dubbelkeramisk spole<\/td><td>Material<\/td><td>PC + PCTG<\/td><\/tr><tr><td>Motst\u00e5nd<\/td><td colspan=\"3\">1.1 \u03a9<\/td><\/tr><\/tbody><\/table>\t\t\t\t<\/div>\n\t\t\t\t<\/div>\n\t\t\t\t<div class=\"elementor-element elementor-element-c2a358b elementor-widget elementor-widget-image\" data-id=\"c2a358b\" data-element_type=\"widget\" data-widget_type=\"image.default\">\n\t\t\t\t<div class=\"elementor-widget-container\">\n\t\t\t\t\t\t\t\t\t\t\t\t\t\t\t<img fetchpriority=\"high\" decoding=\"async\" width=\"1920\" height=\"1080\" src=\"https:\/\/www.mokivape.com\/wp-content\/uploads\/M46_b_1.webp\" class=\"attachment-full size-full wp-image-8187\" alt=\"M46 Cyber Style Transparent Tank Vape\" srcset=\"https:\/\/www.mokivape.com\/wp-content\/uploads\/M46_b_1.webp 1920w, https:\/\/www.mokivape.com\/wp-content\/uploads\/M46_b_1-768x432.webp 768w, https:\/\/www.mokivape.com\/wp-content\/uploads\/M46_b_1-1536x864.webp 1536w, https:\/\/www.mokivape.com\/wp-content\/uploads\/M46_b_1-18x10.webp 18w, https:\/\/www.mokivape.com\/wp-content\/uploads\/M46_b_1-600x338.webp 600w\" sizes=\"(max-width: 1920px) 100vw, 1920px\" \/>\t\t\t\t\t\t\t\t\t\t\t\t\t\t\t<\/div>\n\t\t\t\t<\/div>\n\t\t\t\t<div class=\"elementor-element elementor-element-271bb59 elementor-widget elementor-widget-image\" data-id=\"271bb59\" data-element_type=\"widget\" data-widget_type=\"image.default\">\n\t\t\t\t<div class=\"elementor-widget-container\">\n\t\t\t\t\t\t\t\t\t\t\t\t\t\t\t<img decoding=\"async\" width=\"1920\" height=\"1080\" src=\"https:\/\/www.mokivape.com\/wp-content\/uploads\/M46_b_2.webp\" class=\"attachment-full size-full wp-image-8188\" alt=\"parametrar f\u00f6r M46 Cyber Style Transparent Tank Vape\" srcset=\"https:\/\/www.mokivape.com\/wp-content\/uploads\/M46_b_2.webp 1920w, https:\/\/www.mokivape.com\/wp-content\/uploads\/M46_b_2-768x432.webp 768w, https:\/\/www.mokivape.com\/wp-content\/uploads\/M46_b_2-1536x864.webp 1536w, https:\/\/www.mokivape.com\/wp-content\/uploads\/M46_b_2-18x10.webp 18w, https:\/\/www.mokivape.com\/wp-content\/uploads\/M46_b_2-600x338.webp 600w\" sizes=\"(max-width: 1920px) 100vw, 1920px\" \/>\t\t\t\t\t\t\t\t\t\t\t\t\t\t\t<\/div>\n\t\t\t\t<\/div>\n\t\t\t\t<div class=\"elementor-element elementor-element-84fd53d elementor-widget elementor-widget-image\" data-id=\"84fd53d\" data-element_type=\"widget\" data-widget_type=\"image.default\">\n\t\t\t\t<div class=\"elementor-widget-container\">\n\t\t\t\t\t\t\t\t\t\t\t\t\t\t\t<img decoding=\"async\" width=\"1920\" height=\"1080\" src=\"https:\/\/www.mokivape.com\/wp-content\/uploads\/M46_b_3.webp\" class=\"attachment-full size-full wp-image-8189\" alt=\"f\u00e4rger p\u00e5 M46 Cyber Style Transparent Tank Vape\" srcset=\"https:\/\/www.mokivape.com\/wp-content\/uploads\/M46_b_3.webp 1920w, https:\/\/www.mokivape.com\/wp-content\/uploads\/M46_b_3-768x432.webp 768w, https:\/\/www.mokivape.com\/wp-content\/uploads\/M46_b_3-1536x864.webp 1536w, https:\/\/www.mokivape.com\/wp-content\/uploads\/M46_b_3-18x10.webp 18w, https:\/\/www.mokivape.com\/wp-content\/uploads\/M46_b_3-600x338.webp 600w\" sizes=\"(max-width: 1920px) 100vw, 1920px\" \/>\t\t\t\t\t\t\t\t\t\t\t\t\t\t\t<\/div>\n\t\t\t\t<\/div>\n\t\t\t\t<div class=\"elementor-element elementor-element-f48d26a elementor-widget elementor-widget-image\" data-id=\"f48d26a\" data-element_type=\"widget\" data-widget_type=\"image.default\">\n\t\t\t\t<div class=\"elementor-widget-container\">\n\t\t\t\t\t\t\t\t\t\t\t\t\t\t\t<img loading=\"lazy\" decoding=\"async\" width=\"1920\" height=\"1080\" src=\"https:\/\/www.mokivape.com\/wp-content\/uploads\/M46_b_4.webp\" class=\"attachment-full size-full wp-image-8190\" alt=\"M46 Cyber Style Transparent Tank Vape\" srcset=\"https:\/\/www.mokivape.com\/wp-content\/uploads\/M46_b_4.webp 1920w, https:\/\/www.mokivape.com\/wp-content\/uploads\/M46_b_4-768x432.webp 768w, https:\/\/www.mokivape.com\/wp-content\/uploads\/M46_b_4-1536x864.webp 1536w, https:\/\/www.mokivape.com\/wp-content\/uploads\/M46_b_4-18x10.webp 18w, https:\/\/www.mokivape.com\/wp-content\/uploads\/M46_b_4-600x338.webp 600w\" sizes=\"(max-width: 1920px) 100vw, 1920px\" \/>\t\t\t\t\t\t\t\t\t\t\t\t\t\t\t<\/div>\n\t\t\t\t<\/div>\n\t\t\t\t<div class=\"elementor-element elementor-element-83c7d64 elementor-widget elementor-widget-image\" data-id=\"83c7d64\" data-element_type=\"widget\" data-widget_type=\"image.default\">\n\t\t\t\t<div class=\"elementor-widget-container\">\n\t\t\t\t\t\t\t\t\t\t\t\t\t\t\t<img loading=\"lazy\" decoding=\"async\" width=\"1920\" height=\"1080\" src=\"https:\/\/www.mokivape.com\/wp-content\/uploads\/M46_b_5.webp\" class=\"attachment-full size-full wp-image-8191\" alt=\"M46 Cyber Style Transparent Tank Vape\" srcset=\"https:\/\/www.mokivape.com\/wp-content\/uploads\/M46_b_5.webp 1920w, https:\/\/www.mokivape.com\/wp-content\/uploads\/M46_b_5-768x432.webp 768w, https:\/\/www.mokivape.com\/wp-content\/uploads\/M46_b_5-1536x864.webp 1536w, https:\/\/www.mokivape.com\/wp-content\/uploads\/M46_b_5-18x10.webp 18w, https:\/\/www.mokivape.com\/wp-content\/uploads\/M46_b_5-600x338.webp 600w\" sizes=\"(max-width: 1920px) 100vw, 1920px\" \/>\t\t\t\t\t\t\t\t\t\t\t\t\t\t\t<\/div>\n\t\t\t\t<\/div>\n\t\t\t\t<div class=\"elementor-element elementor-element-e8332fc elementor-widget elementor-widget-image\" data-id=\"e8332fc\" data-element_type=\"widget\" data-widget_type=\"image.default\">\n\t\t\t\t<div class=\"elementor-widget-container\">\n\t\t\t\t\t\t\t\t\t\t\t\t\t\t\t<img loading=\"lazy\" decoding=\"async\" width=\"1920\" height=\"1080\" src=\"https:\/\/www.mokivape.com\/wp-content\/uploads\/M46_b_6.webp\" class=\"attachment-full size-full wp-image-8192\" alt=\"paketlista \u00f6ver M46 Cyber Style Transparent Tank Vape\" srcset=\"https:\/\/www.mokivape.com\/wp-content\/uploads\/M46_b_6.webp 1920w, https:\/\/www.mokivape.com\/wp-content\/uploads\/M46_b_6-768x432.webp 768w, https:\/\/www.mokivape.com\/wp-content\/uploads\/M46_b_6-1536x864.webp 1536w, https:\/\/www.mokivape.com\/wp-content\/uploads\/M46_b_6-18x10.webp 18w, https:\/\/www.mokivape.com\/wp-content\/uploads\/M46_b_6-600x338.webp 600w\" sizes=\"(max-width: 1920px) 100vw, 1920px\" \/>\t\t\t\t\t\t\t\t\t\t\t\t\t\t\t<\/div>\n\t\t\t\t<\/div>\n\t\t\t\t<\/div>\n\t\t\t\t<\/div>","protected":false},"excerpt":{"rendered":"<p>MOKI Transparent Tank Vape Box MK46 \u00e4r en h\u00f6gkvalitativ, hett s\u00e4ljande eng\u00e5ngsvape designad f\u00f6r tydlighet och bekv\u00e4mlighet. Med ett 720mAh-batteri och dubbelkeramisk spole levererar denna vape box konsekvent smak- och \u00e5ngproduktion. E-v\u00e4tskekapaciteten p\u00e5 10 ml och motst\u00e5ndet p\u00e5 1,0 ohm s\u00e4kerst\u00e4ller en tillfredsst\u00e4llande upplevelse. Ladda utan anstr\u00e4ngning med Type-C.<br \/>\nDen m\u00e4ter 81,7*46,7*21,8 mm och \u00e4r tillverkad av slitstarkt PC+PCTG-material. MK46 st\u00f6d f\u00f6r OEM och ODM, denna vitm\u00e4rkta vaporizer \u00e4r ett m\u00e5ste fr\u00e5n tillverkaren och leverant\u00f6ren - MOKI. Den genomskinliga tanken ger en tydlig bild av e-v\u00e4tskeniv\u00e5erna, vilket f\u00f6rb\u00e4ttrar vapingupplevelsen. MOKI Vape Box \u00e4r tillverkad p\u00e5 best\u00e4llning och \u00e4r symbolen f\u00f6r innovation inom eng\u00e5ngs vape-teknik.<\/p>","protected":false},"featured_media":8158,"comment_status":"open","ping_status":"closed","template":"","meta":[],"product_brand":[],"product_cat":[32,31],"product_tag":[],"class_list":{"0":"post-1351","1":"product","2":"type-product","3":"status-publish","4":"has-post-thumbnail","6":"product_cat-ceramic-coil-vape-pod-kits-fruit-flavor-ecigarette","7":"product_cat-disposable-vape-pod-kits-oem-vape-pen-manufacturing","9":"first","10":"instock","11":"shipping-taxable","12":"product-type-simple"},"_links":{"self":[{"href":"https:\/\/www.mokivape.com\/sv\/wp-json\/wp\/v2\/product\/1351","targetHints":{"allow":["GET"]}}],"collection":[{"href":"https:\/\/www.mokivape.com\/sv\/wp-json\/wp\/v2\/product"}],"about":[{"href":"https:\/\/www.mokivape.com\/sv\/wp-json\/wp\/v2\/types\/product"}],"replies":[{"embeddable":true,"href":"https:\/\/www.mokivape.com\/sv\/wp-json\/wp\/v2\/comments?post=1351"}],"version-history":[{"count":0,"href":"https:\/\/www.mokivape.com\/sv\/wp-json\/wp\/v2\/product\/1351\/revisions"}],"wp:featuredmedia":[{"embeddable":true,"href":"https:\/\/www.mokivape.com\/sv\/wp-json\/wp\/v2\/media\/8158"}],"wp:attachment":[{"href":"https:\/\/www.mokivape.com\/sv\/wp-json\/wp\/v2\/media?parent=1351"}],"wp:term":[{"taxonomy":"product_brand","embeddable":true,"href":"https:\/\/www.mokivape.com\/sv\/wp-json\/wp\/v2\/product_brand?post=1351"},{"taxonomy":"product_cat","embeddable":true,"href":"https:\/\/www.mokivape.com\/sv\/wp-json\/wp\/v2\/product_cat?post=1351"},{"taxonomy":"product_tag","embeddable":true,"href":"https:\/\/www.mokivape.com\/sv\/wp-json\/wp\/v2\/product_tag?post=1351"}],"curies":[{"name":"wp","href":"https:\/\/api.w.org\/{rel}","templated":true}]}}