{"id":6791,"date":"2024-08-30T08:06:50","date_gmt":"2024-08-30T08:06:50","guid":{"rendered":"https:\/\/www.mokiecig.com\/?page_id=6791"},"modified":"2025-12-08T01:43:22","modified_gmt":"2025-12-08T01:43:22","slug":"terms","status":"publish","type":"page","link":"https:\/\/www.mokivape.com\/sv\/villkor\/","title":{"rendered":"Villkor"},"content":{"rendered":"<h3 class=\"wp-block-heading\">VILLKOR OCH BEST\u00c4MMELSER<\/h3>\n\n\n\n<p>Dessa anv\u00e4ndarvillkor (\"avtal\") g\u00e4ller f\u00f6r MOKI vape-webben som finns p\u00e5 mokivape.com och alla tillh\u00f6rande webbplatser som \u00e4r l\u00e4nkade till mokivape.com av MOKI vape, dess dotterbolag och dotterbolag, inklusive MOKI vape-webbplatser runt om i v\u00e4rlden (tillsammans \"webbplatsen\"). Webbplatsen f\u00f6r MOKI vape och dess licensgivare.<\/p>\n\n\n\n<p>GENOM ATT ANV\u00c4NDA WEBBPLATSEN SAMTYCKER DU TILL DESSA ANV\u00c4NDARVILLKOR; OM DU INTE SAMTYCKER, ANV\u00c4ND INTE WEBBPLATSEN. MOKI vape f\u00f6rbeh\u00e5ller sig r\u00e4tten att efter eget gottfinnande n\u00e4r som helst \u00e4ndra, modifiera, l\u00e4gga till eller ta bort delar av dessa anv\u00e4ndarvillkor. Det \u00e4r ditt ansvar att kontrollera dessa anv\u00e4ndarvillkor med j\u00e4mna mellanrum f\u00f6r \u00e4ndringar. Om du forts\u00e4tter att anv\u00e4nda webbplatsen efter att \u00e4ndringar har publicerats inneb\u00e4r det att du accepterar och samtycker till \u00e4ndringarna. S\u00e5 l\u00e4nge du f\u00f6ljer dessa anv\u00e4ndarvillkor ger MOKI vape dig ett personligt, icke-exklusivt, icke-\u00f6verf\u00f6rbart, begr\u00e4nsat privilegium att komma in och anv\u00e4nda webbplatsen. S\u00e5 v\u00e4nligen l\u00e4s det noggrant. Du \u00e4r anv\u00e4ndaren av webbplatsen styrs ocks\u00e5 av v\u00e5r sekretesspolicy, som ing\u00e5r i och utg\u00f6r en del av detta avtal.Materialet p\u00e5 denna webbplats skyddas av till\u00e4mplig upphovsr\u00e4tt och varum\u00e4rkeslag.<\/p>\n\n\n\n<p>GENOM ATT G\u00c5 IN P\u00c5 DENNA WEBBPLATS BEKR\u00c4FTAR OCH GARANTERAR DU H\u00c4RMED ATT DU \u00c4R TJUGOETT (21) \u00c5R GAMMAL ELLER \u00c4LDRE.<\/p>\n\n\n\n<h3 class=\"wp-block-heading\">Inneh\u00e5ll<\/h3>\n\n\n\n<p>All text, grafik, anv\u00e4ndargr\u00e4nssnitt, visuella gr\u00e4nssnitt, fotografier, varum\u00e4rken, logotyper, ljud, musik, konstverk och datorkod (tillsammans \"Inneh\u00e5ll\"), inklusive men inte begr\u00e4nsat till design, struktur, urval, samordning, uttryck, \"utseende och k\u00e4nsla\" och arrangemang av s\u00e5dant inneh\u00e5ll, som finns p\u00e5 webbplatsen \u00e4gs, kontrolleras eller licensieras av eller till MOKI vape, och skyddas av handelsdr\u00e4kt, upphovsr\u00e4tt, patent- och varum\u00e4rkeslagar och olika andra immateriella r\u00e4ttigheter och lagar om illojal konkurrens.Med undantag f\u00f6r vad som uttryckligen anges i dessa anv\u00e4ndarvillkor f\u00e5r ingen del av webbplatsen och inget inneh\u00e5ll kopieras, reproduceras, publiceras, laddas upp, publiceras, visas offentligt, kodas, \u00f6vers\u00e4ttas, \u00f6verf\u00f6ras eller distribueras p\u00e5 n\u00e5got s\u00e4tt (inklusive \"spegling\") till n\u00e5gon annan dator, server, webbplats eller annat media f\u00f6r publicering eller distribution eller f\u00f6r n\u00e5got kommersiellt f\u00f6retag, utan MOKI Vapes uttryckliga skriftliga f\u00f6rhandsgodk\u00e4nnande.<\/p>\n\n\n\n<h3 class=\"wp-block-heading\">F\u00e4rger<\/h3>\n\n\n\n<p>Vi har gjort v\u00e5rt yttersta f\u00f6r att s\u00e5 exakt som m\u00f6jligt visa f\u00e4rgerna p\u00e5 v\u00e5ra produkter som visas p\u00e5 webbplatsen. Eftersom de faktiska f\u00e4rgerna som du ser beror p\u00e5 din bildsk\u00e4rm kan vi dock inte garantera att din bildsk\u00e4rms visning av n\u00e5gon f\u00e4rg \u00e4r korrekt.<\/p>\n\n\n\n<h3 class=\"wp-block-heading\">Upphovsr\u00e4tt<\/h3>\n\n\n\n<p>Upphovsr\u00e4tten p\u00e5 denna webbplats (inklusive utan begr\u00e4nsning, text, grafik, logotyper, ljud och videor) \u00e4gs och licensieras av MOKI vape. Allt material som finns p\u00e5 denna webbplats skyddas av kinesisk och internationell upphovsr\u00e4ttslag och f\u00e5r inte kopieras, reproduceras, distribueras, \u00f6verf\u00f6ras, visas, publiceras anpassas eller hanteras i n\u00e5gon form eller p\u00e5 n\u00e5got s\u00e4tt eller i n\u00e5got media utan f\u00f6reg\u00e5ende skriftligt tillst\u00e5nd fr\u00e5n MOKI vape. Du f\u00e5r inte \u00e4ndra eller ta bort n\u00e5gon upphovsr\u00e4tt eller annat meddelande fr\u00e5n kopior av inneh\u00e5llet. Du f\u00e5r inte, utan MOKI vape's uttryckliga skriftliga tillst\u00e5nd, \"spegla\" n\u00e5got material som finns p\u00e5 denna webbplats eller n\u00e5gon annan server. Alla tillst\u00e5nd som beviljas h\u00e4ri upph\u00f6r automatiskt utan ytterligare meddelande om du bryter mot n\u00e5got av ovanst\u00e5ende villkor. Vid s\u00e5dan upps\u00e4gning samtycker du till att omedelbart f\u00f6rst\u00f6ra allt nedladdat och \/ eller tryckt material. All obeh\u00f6rig anv\u00e4ndning av material som finns p\u00e5 denna webbplats kan strida mot nationella och\/eller internationella upphovsr\u00e4ttslagar, lagar om integritet och publicitet samt kommunikation, f\u00f6reskrifter och stadgar.<\/p>\n\n\n\n<h3 class=\"wp-block-heading\">Revideringar<\/h3>\n\n\n\n<p>Materialet som visas p\u00e5 MOKI Vapes webbplats kan inneh\u00e5lla tekniska, typografiska eller fotografiska fel. MOKI vape garanterar inte att n\u00e5got av materialet p\u00e5 dess webbplats \u00e4r korrekt, fullst\u00e4ndigt eller aktuellt. MOKI vape kan g\u00f6ra \u00e4ndringar i materialet p\u00e5 sin webbplats n\u00e4r som helst utan f\u00f6reg\u00e5ende meddelande. MOKI vape g\u00f6r dock inte n\u00e5got \u00e5tagande att uppdatera materialet.<\/p>\n\n\n\n<h3 class=\"wp-block-heading\">Varum\u00e4rke<\/h3>\n\n\n\n<p>MOKI vape \u00e4r ett varum\u00e4rke som tillh\u00f6r MOKI vape Co., Ltd. och \u00e4r r\u00e4ttsligt skyddat enligt lag. Det f\u00e5r endast anv\u00e4ndas med f\u00f6reg\u00e5ende skriftligt tillst\u00e5nd fr\u00e5n MOKI vape Co., Ltd. i varje specifikt fall. Anv\u00e4ndning av MOKI vape-varum\u00e4rket f\u00f6r kommersiella \u00e4ndam\u00e5l utan f\u00f6reg\u00e5ende skriftligt tillst\u00e5nd fr\u00e5n MOKI vape kommer att utg\u00f6ra varum\u00e4rkesintr\u00e5ng och illojal konkurrens i strid med lagen.<\/p>\n\n\n\n<h3 class=\"wp-block-heading\">Ansvarsfriskrivning<\/h3>\n\n\n\n<p>MOKI VAPE LOVAR INTE ATT WEBBPLATSEN ELLER N\u00c5GOT INNEH\u00c5LL, TJ\u00c4NST ELLER FUNKTION P\u00c5 WEBBPLATSEN KOMMER ATT VARA FELFRI ELLER OAVBRUTEN, ELLER ATT EVENTUELLA FEL KOMMER ATT KORRIGERAS, ELLER ATT DIN ANV\u00c4NDNING AV WEBBPLATSEN KOMMER ATT GE SPECIFIKA RESULTAT. WEBBPLATSEN OCH DESS INNEH\u00c5LL LEVERERAS \"I BEFINTLIGT SKICK\" OCH OCH \"SOM TILLG\u00c4NGLIGT\". ALL INFORMATION SOM TILLHANDAH\u00c5LLS P\u00c5 WEBBPLATSEN KAN KOMMA ATT \u00c4NDRAS UTAN F\u00d6REG\u00c5ENDE MEDDELANDE. MOKI vape kan inte garantera att alla filer eller andra data som du laddar ner fr\u00e5n webbplatsen kommer att vara fria fr\u00e5n virus eller kontaminering eller destruktiva funktioner. MOKI vape fr\u00e5ns\u00e4ger sig alla garantier, uttryckliga eller underf\u00f6rst\u00e5dda, inklusive alla garantier f\u00f6r noggrannhet, icke-intr\u00e5ng, s\u00e4ljbarhet och l\u00e4mplighet f\u00f6r ett s\u00e4rskilt \u00e4ndam\u00e5l. MOKI vape fr\u00e5ns\u00e4ger sig allt ansvar f\u00f6r handlingar, utel\u00e4mnanden och uppf\u00f6rande av tredje part i samband med eller relaterat till din anv\u00e4ndning av webbplatsen och \/ eller n\u00e5gon MOKI vape-tj\u00e4nst. DU TAR P\u00c5 DIG DET TOTALA ANSVARET F\u00d6R DIN ANV\u00c4NDNING AV WEBBPLATSEN OCH ALLA L\u00c4NKADE WEBBPLATSER. DIN ENDA \u00c5TG\u00c4RD MOT MOKI vape F\u00d6R MISSLATISFACTION MED WEBBPLATSEN ELLER N\u00c5GOT INNEH\u00c5LL \u00c4R ATT SLUTA ANV\u00c4NDA WEBBPLATSEN ELLER N\u00c5GOT S\u00c5DANT INNEH\u00c5LL. DENNA BEGR\u00c4NSNING AV L\u00c4TTNAD \u00c4R EN DEL AV F\u00d6RHANDLINGEN MELLAN PARTERNA.<\/p>\n\n\n\n<p>Ovanst\u00e5ende friskrivningsklausul g\u00e4ller alla skador, ansvar eller skador som orsakas av bristande prestanda, fel, utel\u00e4mnande, avbrott, radering, defekt, f\u00f6rsening i drift eller \u00f6verf\u00f6ring, datavirus, kommunikationslinjefel, st\u00f6ld eller f\u00f6rst\u00f6relse av eller obeh\u00f6rig \u00e5tkomst till, \u00e4ndring av eller anv\u00e4ndning, oavsett om det g\u00e4ller avtalsbrott, skadest\u00e5nd, f\u00f6rsumlighet eller n\u00e5gon annan grund f\u00f6r talan.<\/p>\n\n\n\n<p>MOKI vape f\u00f6rbeh\u00e5ller sig r\u00e4tten att g\u00f6ra n\u00e5got av f\u00f6ljande, n\u00e4r som helst, utan f\u00f6reg\u00e5ende meddelande: (1) att modifiera, avbryta eller avsluta driften av eller \u00e5tkomst till webbplatsen, eller n\u00e5gon del av webbplatsen, av n\u00e5gon anledning; (2) att modifiera eller \u00e4ndra webbplatsen, eller n\u00e5gon del av webbplatsen, och alla till\u00e4mpliga policyer eller villkor; och (3) att avbryta driften av webbplatsen, eller n\u00e5gon del av webbplatsen, efter behov f\u00f6r att utf\u00f6ra rutinm\u00e4ssigt eller icke-rutinm\u00e4ssigt underh\u00e5ll, felkorrigering eller andra \u00e4ndringar.<\/p>\n\n\n\n<h3 class=\"wp-block-heading\">\u00d6vrigt<\/h3>\n\n\n\n<p>Du f\u00e5r inte anv\u00e4nda, exportera eller \u00e5terexportera n\u00e5got inneh\u00e5ll eller n\u00e5gon kopia eller anpassning av s\u00e5dant inneh\u00e5ll, eller n\u00e5gon produkt eller tj\u00e4nst som erbjuds p\u00e5 webbplatsen, i strid med till\u00e4mpliga lagar eller f\u00f6rordningar, inklusive, men inte begr\u00e4nsat till, USA:s exportlagar och -f\u00f6rordningar.<\/p>\n\n\n\n<p>Om n\u00e5gon av best\u00e4mmelserna i dessa anv\u00e4ndarvillkor av en domstol eller annan domstol med beh\u00f6rig jurisdiktion anses vara ogiltig eller ogenomf\u00f6rbar, ska s\u00e5dana best\u00e4mmelser begr\u00e4nsas eller elimineras i minsta m\u00f6jliga utstr\u00e4ckning och ers\u00e4ttas med en giltig best\u00e4mmelse som b\u00e4st f\u00f6rkroppsligar avsikten med dessa anv\u00e4ndarvillkor, s\u00e5 att dessa anv\u00e4ndarvillkor f\u00f6rblir i full kraft och effekt. Dessa anv\u00e4ndarvillkor utg\u00f6r hela avtalet mellan dig och MOKI vape med avseende p\u00e5 din anv\u00e4ndning av webbplatsen, och alla andra skriftliga eller muntliga avtal eller \u00f6verenskommelser som tidigare existerat mellan dig och MOKI vape med avseende p\u00e5 s\u00e5dan anv\u00e4ndning ers\u00e4tts och annulleras h\u00e4rmed. Annat \u00e4n vad som anges i ett k\u00f6peavtal som du ing\u00e5r med MOKI vape, kommer MOKI vape inte att acceptera n\u00e5gra motbud till dessa anv\u00e4ndarvillkor, och alla s\u00e5dana erbjudanden avvisas h\u00e4rmed kategoriskt. MOKI Vapes underl\u00e5tenhet att insistera p\u00e5 eller genomdriva strikt utf\u00f6rande av dessa anv\u00e4ndarvillkor ska inte tolkas som ett avst\u00e5ende fr\u00e5n MOKI Vape av n\u00e5gon best\u00e4mmelse eller n\u00e5gon r\u00e4tt som den har att genomdriva dessa anv\u00e4ndarvillkor, och inte heller ska n\u00e5got beteende mellan MOKI Vape och dig eller n\u00e5gon annan part anses \u00e4ndra n\u00e5gon best\u00e4mmelse i dessa anv\u00e4ndarvillkor. Dessa anv\u00e4ndarvillkor ska inte tolkas eller tolkas f\u00f6r att ge n\u00e5gra r\u00e4ttigheter eller r\u00e4ttsmedel till n\u00e5gon tredje part.<\/p>\n\n\n\n<p>MOKI vape ger tillg\u00e5ng till MOKI vape internationella data och kan d\u00e4rf\u00f6r inneh\u00e5lla referenser eller korsreferenser till MOKI vape-produkter, program och tj\u00e4nster som inte tillk\u00e4nnages i ditt land. En s\u00e5dan referens inneb\u00e4r inte att MOKI vape i ditt land avser att tillk\u00e4nnage s\u00e5dana produkter, program eller tj\u00e4nster.<\/p>\n\n\n\n<h3 class=\"wp-block-heading\">Feedback och information<\/h3>\n\n\n\n<p>All feedback som du tillhandah\u00e5ller p\u00e5 denna webbplats ska anses vara icke-konfidentiell. MOKI vape ska vara fri att anv\u00e4nda s\u00e5dan information p\u00e5 obegr\u00e4nsad basis<\/p>\n\n\n\n<h3 class=\"wp-block-heading\">MOKI vape Kommunikation<\/h3>\n\n\n\n<p>Du samtycker till att MOKI vape kan skicka elektronisk post till dig i syfte att informera dig om \u00e4ndringar eller till\u00e4gg till denna webbplats, om n\u00e5gon av MOKI vape produkter eller tj\u00e4nster, eller f\u00f6r s\u00e5dana andra \u00e4ndam\u00e5l som MOKI vape anser l\u00e4mpliga.<\/p>\n\n\n\n<h3 class=\"wp-block-heading\">Tredje parts webbplatser<\/h3>\n\n\n\n<p>MOKI mokivape.com kan inneh\u00e5lla l\u00e4nkar till andra webbplatser p\u00e5 Internet som \u00e4gs och drivs av tredje part. Vi har ingen kontroll \u00f6ver den information, de tj\u00e4nster eller de produkter som finns tillg\u00e4ngliga p\u00e5 dessa tredjepartswebbplatser. Inf\u00f6randet av l\u00e4nkar till dessa webbplatser \u00e4r inte avsett att inneb\u00e4ra v\u00e5rt godk\u00e4nnande av webbplatsen eller n\u00e5gon koppling till webbplatsens \u00e4gare \/ operat\u00f6rer. Eftersom vi inte har n\u00e5gon kontroll \u00f6ver s\u00e5dana webbplatser och resurser \u00e4r du inf\u00f6rst\u00e5dd med att vi inte p\u00e5 n\u00e5got s\u00e4tt \u00e4r ansvariga eller skadest\u00e5ndsskyldiga f\u00f6r tillg\u00e4ngligheten eller driften av dessa externa webbplatser. Vi \u00e4r inte ansvariga f\u00f6r n\u00e5got material som finns p\u00e5 eller \u00e4r tillg\u00e4ngligt p\u00e5 dessa webbplatser f\u00f6r skydd av dina uppgifter av tredje part; n\u00e4r du l\u00e4mnar v\u00e5r webbplats kan vi inte garantera skyddet eller s\u00e4kerheten f\u00f6r information n\u00e5gon annanstans. Om du deltar eller har kontakt med n\u00e5gon p\u00e5 n\u00e5got s\u00e4tt, deltar i kampanjer som erbjuds av annons\u00f6rer p\u00e5 webbplatsen, och detta inkluderar betalning och leverans av dessa varor eller tj\u00e4nster, och alla andra villkor, garantier eller utf\u00e4stelser som \u00e4r f\u00f6rknippade med dessa aff\u00e4rer och\/eller kampanjer, \u00e4r s\u00e5dana interaktioner mellan dig och den till\u00e4mpliga annons\u00f6ren \/ tredje parten. Du samtycker till att vi inte ska vara ansvariga eller p\u00e5 n\u00e5got s\u00e4tt skadest\u00e5ndsskyldiga, direkt eller indirekt, f\u00f6r f\u00f6rlust eller skada som orsakas av anv\u00e4ndning av eller f\u00f6rlitan p\u00e5 s\u00e5dant material som finns tillg\u00e4ngligt p\u00e5 eller via n\u00e5gon webbplats eller aff\u00e4r eller kampanj.<\/p>\n\n\n\n<h3 class=\"wp-block-heading\">Borttappade eller stulna paket<\/h3>\n\n\n\n<p>MOKI vape ansvarar inte f\u00f6r borttappade eller stulna paket. Om du inte har f\u00e5tt ett paket som \u00e4r markerat som levererat, \u00e4r det ditt ansvar att l\u00f6sa problemet med postkontoret. F\u00f6rlorade eller stulna paket \u00e4r mycket frustrerande och vi kommer att g\u00f6ra v\u00e5rt b\u00e4sta f\u00f6r att hj\u00e4lpa dig att l\u00f6sa problemet. Du m\u00e5ste dock f\u00f6rst\u00e5 att detta \u00e4r helt utanf\u00f6r v\u00e5r kontroll och att du m\u00e5ste kontakta postkontoret f\u00f6r att f\u00e5 hj\u00e4lp.<\/p>","protected":false},"excerpt":{"rendered":"<p>TERMS &amp; CONDITIONS These Terms and Conditions of Use (\u2018Agreement\u2019) apply to the MOKI vape web located at mokivape.com and all associated sites linked to mokivape.com by MOKI vape, its subsidiaries and affiliates, including MOKI vape sites all around the word(collectively, the \u201csite\u201d). The site of MOKI vape and its licensors. BY USING THE SITE, [&hellip;]<\/p>","protected":false},"author":1,"featured_media":0,"parent":0,"menu_order":0,"comment_status":"closed","ping_status":"closed","template":"","meta":{"footnotes":""},"class_list":["post-6791","page","type-page","status-publish","hentry"],"_links":{"self":[{"href":"https:\/\/www.mokivape.com\/sv\/wp-json\/wp\/v2\/pages\/6791","targetHints":{"allow":["GET"]}}],"collection":[{"href":"https:\/\/www.mokivape.com\/sv\/wp-json\/wp\/v2\/pages"}],"about":[{"href":"https:\/\/www.mokivape.com\/sv\/wp-json\/wp\/v2\/types\/page"}],"author":[{"embeddable":true,"href":"https:\/\/www.mokivape.com\/sv\/wp-json\/wp\/v2\/users\/1"}],"replies":[{"embeddable":true,"href":"https:\/\/www.mokivape.com\/sv\/wp-json\/wp\/v2\/comments?post=6791"}],"version-history":[{"count":0,"href":"https:\/\/www.mokivape.com\/sv\/wp-json\/wp\/v2\/pages\/6791\/revisions"}],"wp:attachment":[{"href":"https:\/\/www.mokivape.com\/sv\/wp-json\/wp\/v2\/media?parent=6791"}],"curies":[{"name":"wp","href":"https:\/\/api.w.org\/{rel}","templated":true}]}}