{"id":1896,"date":"2024-08-21T03:39:37","date_gmt":"2024-08-21T03:39:37","guid":{"rendered":"https:\/\/www.mokiecig.com\/?page_id=1896"},"modified":"2025-12-08T02:05:50","modified_gmt":"2025-12-08T02:05:50","slug":"info-center","status":"publish","type":"page","link":"https:\/\/www.mokivape.com\/sv\/informationscenter\/","title":{"rendered":"Informationscenter"},"content":{"rendered":"<div data-elementor-type=\"wp-page\" data-elementor-id=\"1896\" class=\"elementor elementor-1896\" data-elementor-post-type=\"page\">\n\t\t\t\t<div class=\"elementor-element elementor-element-95fd2a5 e-con-full e-flex e-con e-parent\" data-id=\"95fd2a5\" data-element_type=\"container\" data-settings=\"{&quot;background_background&quot;:&quot;classic&quot;}\">\n\t\t<div class=\"elementor-element elementor-element-587c257 e-con-full e-flex e-con e-child\" data-id=\"587c257\" data-element_type=\"container\" data-settings=\"{&quot;background_background&quot;:&quot;classic&quot;}\">\n\t\t<div class=\"elementor-element elementor-element-05d18d2 e-flex e-con-boxed e-con e-child\" data-id=\"05d18d2\" data-element_type=\"container\">\n\t\t\t\t\t<div class=\"e-con-inner\">\n\t\t\t\t<div class=\"elementor-element elementor-element-38bb0e2 elementor-widget elementor-widget-heading\" data-id=\"38bb0e2\" data-element_type=\"widget\" data-widget_type=\"heading.default\">\n\t\t\t\t<div class=\"elementor-widget-container\">\n\t\t\t\t\t<h1 class=\"elementor-heading-title elementor-size-default\">Informationscenter<\/h1>\t\t\t\t<\/div>\n\t\t\t\t<\/div>\n\t\t\t\t<div class=\"elementor-element elementor-element-6ad73c9 elementor-widget elementor-widget-woocommerce-breadcrumb\" data-id=\"6ad73c9\" data-element_type=\"widget\" data-widget_type=\"woocommerce-breadcrumb.default\">\n\t\t\t\t<div class=\"elementor-widget-container\">\n\t\t\t\t\t<nav class=\"woocommerce-breadcrumb\" aria-label=\"Breadcrumb\" data-no-translation=\"\" data-trp-gettext=\"\">Hem<\/nav>\t\t\t\t<\/div>\n\t\t\t\t<\/div>\n\t\t\t\t\t<\/div>\n\t\t\t\t<\/div>\n\t\t\t\t<\/div>\n\t\t\t\t<\/div>\n\t\t<div class=\"elementor-element elementor-element-e0fddcf e-flex e-con-boxed e-con e-parent\" data-id=\"e0fddcf\" data-element_type=\"container\">\n\t\t\t\t\t<div class=\"e-con-inner\">\n\t\t\t\t<div class=\"elementor-element elementor-element-e3db83c elementor-grid-3 elementor-grid-tablet-2 elementor-grid-mobile-1 elementor-widget elementor-widget-loop-grid\" data-id=\"e3db83c\" data-element_type=\"widget\" data-settings=\"{&quot;template_id&quot;:8558,&quot;pagination_type&quot;:&quot;load_more_on_click&quot;,&quot;_skin&quot;:&quot;post&quot;,&quot;columns&quot;:&quot;3&quot;,&quot;columns_tablet&quot;:&quot;2&quot;,&quot;columns_mobile&quot;:&quot;1&quot;,&quot;edit_handle_selector&quot;:&quot;[data-elementor-type=\\&quot;loop-item\\&quot;]&quot;,&quot;load_more_spinner&quot;:{&quot;value&quot;:&quot;fas fa-spinner&quot;,&quot;library&quot;:&quot;fa-solid&quot;},&quot;row_gap&quot;:{&quot;unit&quot;:&quot;px&quot;,&quot;size&quot;:&quot;&quot;,&quot;sizes&quot;:[]},&quot;row_gap_tablet&quot;:{&quot;unit&quot;:&quot;px&quot;,&quot;size&quot;:&quot;&quot;,&quot;sizes&quot;:[]},&quot;row_gap_mobile&quot;:{&quot;unit&quot;:&quot;px&quot;,&quot;size&quot;:&quot;&quot;,&quot;sizes&quot;:[]}}\" data-widget_type=\"loop-grid.post\">\n\t\t\t\t<div class=\"elementor-widget-container\">\n\t\t\t\t\t\t\t<div class=\"elementor-loop-container elementor-grid\">\n\t\t<style id=\"loop-8558\">.elementor-8558 .elementor-element.elementor-element-eec36ea{--display:flex;}.elementor-8558 .elementor-element.elementor-element-eed243f .elementor-heading-title{font-size:1em;}.elementor-8558 .elementor-element.elementor-element-eed243f .elementor-heading-title a:hover, .elementor-8558 .elementor-element.elementor-element-eed243f .elementor-heading-title a:focus{color:var( --e-global-color-accent );}\/* Start custom CSS for theme-post-featured-image, class: .elementor-element-6207911 *\/.blog-img a {\r\n    aspect-ratio: 1.33;\r\n}\r\n.blog-img img {\r\n    object-fit: cover;\r\n    height: 100%;\r\n    min-width: 100%;\r\n}\/* End custom CSS *\/<\/style>\t\t<div data-elementor-type=\"loop-item\" data-elementor-id=\"8558\" class=\"elementor elementor-8558 e-loop-item e-loop-item-8581 post-8581 post type-post status-publish format-standard has-post-thumbnail hentry category-moki-events-vape-manufacturing-services\" data-elementor-post-type=\"elementor_library\" data-custom-edit-handle=\"1\">\n\t\t\t<div class=\"elementor-element elementor-element-eec36ea e-flex e-con-boxed e-con e-parent\" data-id=\"eec36ea\" data-element_type=\"container\">\n\t\t\t\t\t<div class=\"e-con-inner\">\n\t\t\t\t<div class=\"elementor-element elementor-element-6207911 blog-img elementor-widget elementor-widget-theme-post-featured-image elementor-widget-image\" data-id=\"6207911\" data-element_type=\"widget\" data-widget_type=\"theme-post-featured-image.default\">\n\t\t\t\t<div class=\"elementor-widget-container\">\n\t\t\t\t\t\t\t\t\t\t\t\t\t\t\t\t<a href=\"https:\/\/www.mokivape.com\/sv\/miimu-keramiska-karntekniska-produkter-pa-vaper-expo-uk\/\" target=\"_blank\">\n\t\t\t\t\t\t\t<img fetchpriority=\"high\" decoding=\"async\" width=\"1080\" height=\"963\" src=\"https:\/\/www.mokivape.com\/wp-content\/uploads\/moki_at_vaper_expo_uk_1.webp\" class=\"attachment-large size-large wp-image-8582\" alt=\"MOKI visar upp sitt sortiment av MiiMU Ceramic-Core Tech-produkter p\u00e5 Vaper Expo UK 2025\" srcset=\"https:\/\/www.mokivape.com\/wp-content\/uploads\/moki_at_vaper_expo_uk_1.webp 1080w, https:\/\/www.mokivape.com\/wp-content\/uploads\/moki_at_vaper_expo_uk_1-768x685.webp 768w, https:\/\/www.mokivape.com\/wp-content\/uploads\/moki_at_vaper_expo_uk_1-13x12.webp 13w, https:\/\/www.mokivape.com\/wp-content\/uploads\/moki_at_vaper_expo_uk_1-600x535.webp 600w\" sizes=\"(max-width: 1080px) 100vw, 1080px\" \/>\t\t\t\t\t\t\t\t<\/a>\n\t\t\t\t\t\t\t\t\t\t\t\t\t\t\t<\/div>\n\t\t\t\t<\/div>\n\t\t\t\t<div class=\"elementor-element elementor-element-eed243f elementor-widget elementor-widget-theme-post-title elementor-page-title elementor-widget-heading\" data-id=\"eed243f\" data-element_type=\"widget\" data-widget_type=\"theme-post-title.default\">\n\t\t\t\t<div class=\"elementor-widget-container\">\n\t\t\t\t\t<h3 class=\"elementor-heading-title elementor-size-default\"><a href=\"https:\/\/www.mokivape.com\/sv\/miimu-keramiska-karntekniska-produkter-pa-vaper-expo-uk\/\" target=\"_blank\">MOKI visar upp sitt sortiment av MiiMU Ceramic-Core Tech-produkter p\u00e5 Vaper Expo UK 2025<\/a><\/h3>\t\t\t\t<\/div>\n\t\t\t\t<\/div>\n\t\t\t\t<div class=\"elementor-element elementor-element-92f538b elementor-widget elementor-widget-theme-post-excerpt\" data-id=\"92f538b\" data-element_type=\"widget\" data-widget_type=\"theme-post-excerpt.default\">\n\t\t\t\t<div class=\"elementor-widget-container\">\n\t\t\t\t\t<p>Birmingham, Storbritannien - Fr\u00e5n den 9 till den 11 maj \u00f6ppnade Europas st\u00f6rsta evenemang f\u00f6r vapingindustrin, Vaper Expo UK 2025, p\u00e5 NEC Exhibition Centre. Som en global ledare inom atomiseringsteknik \u00e5terv\u00e4nde MOKI till Birmingham...\t\t\t\t<\/div>\n\t\t\t\t<\/div>\n\t\t\t\t\t<\/div>\n\t\t\t\t<\/div>\n\t\t\t\t<\/div>\n\t\t\t\t<div data-elementor-type=\"loop-item\" data-elementor-id=\"8558\" class=\"elementor elementor-8558 e-loop-item e-loop-item-8571 post-8571 post type-post status-publish format-standard has-post-thumbnail hentry category-moki-events-vape-manufacturing-services\" data-elementor-post-type=\"elementor_library\" data-custom-edit-handle=\"1\">\n\t\t\t<div class=\"elementor-element elementor-element-eec36ea e-flex e-con-boxed e-con e-parent\" data-id=\"eec36ea\" data-element_type=\"container\">\n\t\t\t\t\t<div class=\"e-con-inner\">\n\t\t\t\t<div class=\"elementor-element elementor-element-6207911 blog-img elementor-widget elementor-widget-theme-post-featured-image elementor-widget-image\" data-id=\"6207911\" data-element_type=\"widget\" data-widget_type=\"theme-post-featured-image.default\">\n\t\t\t\t<div class=\"elementor-widget-container\">\n\t\t\t\t\t\t\t\t\t\t\t\t\t\t\t\t<a href=\"https:\/\/www.mokivape.com\/sv\/revolutionerar-vaping-med-keramisk-teknik-fran-miimu\/\" target=\"_blank\">\n\t\t\t\t\t\t\t<img decoding=\"async\" width=\"1064\" height=\"810\" src=\"https:\/\/www.mokivape.com\/wp-content\/uploads\/MOKI_Technology_at_Vape_Club_Show_Russia_1.webp\" class=\"attachment-large size-large wp-image-8572\" alt=\"Revolutionerande vaping med MIIMU Ceramic Tech i Novosibirsk\" srcset=\"https:\/\/www.mokivape.com\/wp-content\/uploads\/MOKI_Technology_at_Vape_Club_Show_Russia_1.webp 1064w, https:\/\/www.mokivape.com\/wp-content\/uploads\/MOKI_Technology_at_Vape_Club_Show_Russia_1-768x585.webp 768w, https:\/\/www.mokivape.com\/wp-content\/uploads\/MOKI_Technology_at_Vape_Club_Show_Russia_1-16x12.webp 16w, https:\/\/www.mokivape.com\/wp-content\/uploads\/MOKI_Technology_at_Vape_Club_Show_Russia_1-600x457.webp 600w\" sizes=\"(max-width: 1064px) 100vw, 1064px\" \/>\t\t\t\t\t\t\t\t<\/a>\n\t\t\t\t\t\t\t\t\t\t\t\t\t\t\t<\/div>\n\t\t\t\t<\/div>\n\t\t\t\t<div class=\"elementor-element elementor-element-eed243f elementor-widget elementor-widget-theme-post-title elementor-page-title elementor-widget-heading\" data-id=\"eed243f\" data-element_type=\"widget\" data-widget_type=\"theme-post-title.default\">\n\t\t\t\t<div class=\"elementor-widget-container\">\n\t\t\t\t\t<h3 class=\"elementor-heading-title elementor-size-default\"><a href=\"https:\/\/www.mokivape.com\/sv\/revolutionerar-vaping-med-keramisk-teknik-fran-miimu\/\" target=\"_blank\">Revolutionerande vaping med MIIMU Ceramic Tech i Novosibirsk<\/a><\/h3>\t\t\t\t<\/div>\n\t\t\t\t<\/div>\n\t\t\t\t<div class=\"elementor-element elementor-element-92f538b elementor-widget elementor-widget-theme-post-excerpt\" data-id=\"92f538b\" data-element_type=\"widget\" data-widget_type=\"theme-post-excerpt.default\">\n\t\t\t\t<div class=\"elementor-widget-container\">\n\t\t\t\t\t<p>MOKI f\u00f6rbluffar p\u00e5 VAPE CLUB SHOW 2025: Revolutionerar vaping med MIIMU Ceramic Tech i Novosibirsk Novosibirsk, Ryssland - Hj\u00e4rtat av Sibirien var v\u00e4rd f\u00f6r ett av \u00d6steuropas fr\u00e4msta vaping-evenemang, VAPE CLUB SHOW...\t\t\t\t<\/div>\n\t\t\t\t<\/div>\n\t\t\t\t\t<\/div>\n\t\t\t\t<\/div>\n\t\t\t\t<\/div>\n\t\t\t\t<div data-elementor-type=\"loop-item\" data-elementor-id=\"8558\" class=\"elementor elementor-8558 e-loop-item e-loop-item-8564 post-8564 post type-post status-publish format-standard has-post-thumbnail hentry category-moki-events-vape-manufacturing-services\" data-elementor-post-type=\"elementor_library\" data-custom-edit-handle=\"1\">\n\t\t\t<div class=\"elementor-element elementor-element-eec36ea e-flex e-con-boxed e-con e-parent\" data-id=\"eec36ea\" data-element_type=\"container\">\n\t\t\t\t\t<div class=\"e-con-inner\">\n\t\t\t\t<div class=\"elementor-element elementor-element-6207911 blog-img elementor-widget elementor-widget-theme-post-featured-image elementor-widget-image\" data-id=\"6207911\" data-element_type=\"widget\" data-widget_type=\"theme-post-featured-image.default\">\n\t\t\t\t<div class=\"elementor-widget-container\">\n\t\t\t\t\t\t\t\t\t\t\t\t\t\t\t\t<a href=\"https:\/\/www.mokivape.com\/sv\/moki-far-uppmarksamhet-pa-world-vape-show-2025\/\" target=\"_blank\">\n\t\t\t\t\t\t\t<img decoding=\"async\" width=\"1080\" height=\"810\" src=\"https:\/\/www.mokivape.com\/wp-content\/uploads\/moki-at-world-vape-show-Dubai.webp\" class=\"attachment-large size-large wp-image-8565\" alt=\"MOKI visar upp regionspecifik innovation och banbrytande keramisk teknik p\u00e5 World Vape Show 2025 och f\u00e5r global uppm\u00e4rksamhet\" srcset=\"https:\/\/www.mokivape.com\/wp-content\/uploads\/moki-at-world-vape-show-Dubai.webp 1080w, https:\/\/www.mokivape.com\/wp-content\/uploads\/moki-at-world-vape-show-Dubai-768x576.webp 768w, https:\/\/www.mokivape.com\/wp-content\/uploads\/moki-at-world-vape-show-Dubai-16x12.webp 16w, https:\/\/www.mokivape.com\/wp-content\/uploads\/moki-at-world-vape-show-Dubai-600x450.webp 600w\" sizes=\"(max-width: 1080px) 100vw, 1080px\" \/>\t\t\t\t\t\t\t\t<\/a>\n\t\t\t\t\t\t\t\t\t\t\t\t\t\t\t<\/div>\n\t\t\t\t<\/div>\n\t\t\t\t<div class=\"elementor-element elementor-element-eed243f elementor-widget elementor-widget-theme-post-title elementor-page-title elementor-widget-heading\" data-id=\"eed243f\" data-element_type=\"widget\" data-widget_type=\"theme-post-title.default\">\n\t\t\t\t<div class=\"elementor-widget-container\">\n\t\t\t\t\t<h3 class=\"elementor-heading-title elementor-size-default\"><a href=\"https:\/\/www.mokivape.com\/sv\/moki-far-uppmarksamhet-pa-world-vape-show-2025\/\" target=\"_blank\">MOKI f\u00e5r global uppm\u00e4rksamhet p\u00e5 World Vape Show 2025<\/a><\/h3>\t\t\t\t<\/div>\n\t\t\t\t<\/div>\n\t\t\t\t<div class=\"elementor-element elementor-element-92f538b elementor-widget elementor-widget-theme-post-excerpt\" data-id=\"92f538b\" data-element_type=\"widget\" data-widget_type=\"theme-post-excerpt.default\">\n\t\t\t\t<div class=\"elementor-widget-container\">\n\t\t\t\t\t<p>MOKI visar upp regionspecifik innovation och banbrytande keramisk teknik p\u00e5 World Vape Show 2025 och f\u00e5r global uppm\u00e4rksamhet #VapeNews #Innovation Dubai, F\u00f6renade Arabemiraten - 23 juni 2025 - World Vape Show 2025, branschens st\u00f6rsta globala sammankomst,...\t\t\t\t<\/div>\n\t\t\t\t<\/div>\n\t\t\t\t\t<\/div>\n\t\t\t\t<\/div>\n\t\t\t\t<\/div>\n\t\t\t\t<div data-elementor-type=\"loop-item\" data-elementor-id=\"8558\" class=\"elementor elementor-8558 e-loop-item e-loop-item-8563 post-8563 post type-post status-publish format-standard has-post-thumbnail hentry category-vape-blog-vaping-guide-pod-kits-cartridge-oem-service\" data-elementor-post-type=\"elementor_library\" data-custom-edit-handle=\"1\">\n\t\t\t<div class=\"elementor-element elementor-element-eec36ea e-flex e-con-boxed e-con e-parent\" data-id=\"eec36ea\" data-element_type=\"container\">\n\t\t\t\t\t<div class=\"e-con-inner\">\n\t\t\t\t<div class=\"elementor-element elementor-element-6207911 blog-img elementor-widget elementor-widget-theme-post-featured-image elementor-widget-image\" data-id=\"6207911\" data-element_type=\"widget\" data-widget_type=\"theme-post-featured-image.default\">\n\t\t\t\t<div class=\"elementor-widget-container\">\n\t\t\t\t\t\t\t\t\t\t\t\t\t\t\t\t<a href=\"https:\/\/www.mokivape.com\/sv\/5-stjarnig-guide-till-uppladdningsbara-vape-pennor\/\" target=\"_blank\">\n\t\t\t\t\t\t\t<img loading=\"lazy\" decoding=\"async\" width=\"1920\" height=\"1080\" src=\"https:\/\/www.mokivape.com\/wp-content\/uploads\/M4_b_11.webp\" class=\"attachment-large size-large wp-image-8290\" alt=\"M4 Uppladdningsbara Vape-pennor med fruktsmak\" srcset=\"https:\/\/www.mokivape.com\/wp-content\/uploads\/M4_b_11.webp 1920w, https:\/\/www.mokivape.com\/wp-content\/uploads\/M4_b_11-768x432.webp 768w, https:\/\/www.mokivape.com\/wp-content\/uploads\/M4_b_11-1536x864.webp 1536w, https:\/\/www.mokivape.com\/wp-content\/uploads\/M4_b_11-18x10.webp 18w, https:\/\/www.mokivape.com\/wp-content\/uploads\/M4_b_11-600x338.webp 600w\" sizes=\"(max-width: 1920px) 100vw, 1920px\" \/>\t\t\t\t\t\t\t\t<\/a>\n\t\t\t\t\t\t\t\t\t\t\t\t\t\t\t<\/div>\n\t\t\t\t<\/div>\n\t\t\t\t<div class=\"elementor-element elementor-element-eed243f elementor-widget elementor-widget-theme-post-title elementor-page-title elementor-widget-heading\" data-id=\"eed243f\" data-element_type=\"widget\" data-widget_type=\"theme-post-title.default\">\n\t\t\t\t<div class=\"elementor-widget-container\">\n\t\t\t\t\t<h3 class=\"elementor-heading-title elementor-size-default\"><a href=\"https:\/\/www.mokivape.com\/sv\/5-stjarnig-guide-till-uppladdningsbara-vape-pennor\/\" target=\"_blank\">5-stj\u00e4rnig guide till uppladdningsbara Vape-pennor: Maximera bekv\u00e4mlighet och s\u00e4kerhet<\/a><\/h3>\t\t\t\t<\/div>\n\t\t\t\t<\/div>\n\t\t\t\t<div class=\"elementor-element elementor-element-92f538b elementor-widget elementor-widget-theme-post-excerpt\" data-id=\"92f538b\" data-element_type=\"widget\" data-widget_type=\"theme-post-excerpt.default\">\n\t\t\t\t<div class=\"elementor-widget-container\">\n\t\t\t\t\t<p>Vaping har blivit ett popul\u00e4rt alternativ till traditionell r\u00f6kning, och nya vaping-enheter som uppladdningsbara vape-pennor blir allt popul\u00e4rare f\u00f6r sin bekv\u00e4mlighet och kostnadseffektivitet. Den h\u00e4r guiden ger en djupg\u00e5ende f\u00f6rst\u00e5else f\u00f6r hur man laddar en...\t\t\t\t<\/div>\n\t\t\t\t<\/div>\n\t\t\t\t\t<\/div>\n\t\t\t\t<\/div>\n\t\t\t\t<\/div>\n\t\t\t\t<div data-elementor-type=\"loop-item\" data-elementor-id=\"8558\" class=\"elementor elementor-8558 e-loop-item e-loop-item-8560 post-8560 post type-post status-publish format-standard has-post-thumbnail hentry category-vape-blog-vaping-guide-pod-kits-cartridge-oem-service\" data-elementor-post-type=\"elementor_library\" data-custom-edit-handle=\"1\">\n\t\t\t<div class=\"elementor-element elementor-element-eec36ea e-flex e-con-boxed e-con e-parent\" data-id=\"eec36ea\" data-element_type=\"container\">\n\t\t\t\t\t<div class=\"e-con-inner\">\n\t\t\t\t<div class=\"elementor-element elementor-element-6207911 blog-img elementor-widget elementor-widget-theme-post-featured-image elementor-widget-image\" data-id=\"6207911\" data-element_type=\"widget\" data-widget_type=\"theme-post-featured-image.default\">\n\t\t\t\t<div class=\"elementor-widget-container\">\n\t\t\t\t\t\t\t\t\t\t\t\t\t\t\t\t<a href=\"https:\/\/www.mokivape.com\/sv\/5-stjarniga-vape-kit-2025-ett-halsosammare-alternativ\/\" target=\"_blank\">\n\t\t\t\t\t\t\t<img loading=\"lazy\" decoding=\"async\" width=\"800\" height=\"450\" src=\"https:\/\/www.mokivape.com\/wp-content\/uploads\/2025\/01\/MK_M67_cool_mint_vape_bar_04-1.jpg\" class=\"attachment-large size-large wp-image-7931\" alt=\"struktur av M67 cool mint vape box 5-stj\u00e4rnig vape kit\" srcset=\"https:\/\/www.mokivape.com\/wp-content\/uploads\/2025\/01\/MK_M67_cool_mint_vape_bar_04-1.jpg 800w, https:\/\/www.mokivape.com\/wp-content\/uploads\/2025\/01\/MK_M67_cool_mint_vape_bar_04-1-768x432.jpg 768w, https:\/\/www.mokivape.com\/wp-content\/uploads\/2025\/01\/MK_M67_cool_mint_vape_bar_04-1-18x10.jpg 18w, https:\/\/www.mokivape.com\/wp-content\/uploads\/2025\/01\/MK_M67_cool_mint_vape_bar_04-1-600x338.jpg 600w\" sizes=\"(max-width: 800px) 100vw, 800px\" \/>\t\t\t\t\t\t\t\t<\/a>\n\t\t\t\t\t\t\t\t\t\t\t\t\t\t\t<\/div>\n\t\t\t\t<\/div>\n\t\t\t\t<div class=\"elementor-element elementor-element-eed243f elementor-widget elementor-widget-theme-post-title elementor-page-title elementor-widget-heading\" data-id=\"eed243f\" data-element_type=\"widget\" data-widget_type=\"theme-post-title.default\">\n\t\t\t\t<div class=\"elementor-widget-container\">\n\t\t\t\t\t<h3 class=\"elementor-heading-title elementor-size-default\"><a href=\"https:\/\/www.mokivape.com\/sv\/5-stjarniga-vape-kit-2025-ett-halsosammare-alternativ\/\" target=\"_blank\">5-stj\u00e4rnigt Vape-kit 2025: Ett h\u00e4lsosammare alternativ f\u00f6r storr\u00f6kare<\/a><\/h3>\t\t\t\t<\/div>\n\t\t\t\t<\/div>\n\t\t\t\t<div class=\"elementor-element elementor-element-92f538b elementor-widget elementor-widget-theme-post-excerpt\" data-id=\"92f538b\" data-element_type=\"widget\" data-widget_type=\"theme-post-excerpt.default\">\n\t\t\t\t<div class=\"elementor-widget-container\">\n\t\t\t\t\t<p>Att g\u00f6ra bytet Vape Kits till h\u00e4lsosammare alternativ: Vaping f\u00f6r storr\u00f6kare I s\u00f6kandet efter h\u00e4lsosammare alternativ till traditionella tobaksprodukter har vaping blivit ett popul\u00e4rt val. F\u00f6r dem som \u00e4r vana vid tung r\u00f6kning \u00e4r det sv\u00e5rt att hitta...\t\t\t\t<\/div>\n\t\t\t\t<\/div>\n\t\t\t\t\t<\/div>\n\t\t\t\t<\/div>\n\t\t\t\t<\/div>\n\t\t\t\t<div data-elementor-type=\"loop-item\" data-elementor-id=\"8558\" class=\"elementor elementor-8558 e-loop-item e-loop-item-8556 post-8556 post type-post status-publish format-standard has-post-thumbnail hentry category-vape-blog-vaping-guide-pod-kits-cartridge-oem-service\" data-elementor-post-type=\"elementor_library\" data-custom-edit-handle=\"1\">\n\t\t\t<div class=\"elementor-element elementor-element-eec36ea e-flex e-con-boxed e-con e-parent\" data-id=\"eec36ea\" data-element_type=\"container\">\n\t\t\t\t\t<div class=\"e-con-inner\">\n\t\t\t\t<div class=\"elementor-element elementor-element-6207911 blog-img elementor-widget elementor-widget-theme-post-featured-image elementor-widget-image\" data-id=\"6207911\" data-element_type=\"widget\" data-widget_type=\"theme-post-featured-image.default\">\n\t\t\t\t<div class=\"elementor-widget-container\">\n\t\t\t\t\t\t\t\t\t\t\t\t\t\t\t\t<a href=\"https:\/\/www.mokivape.com\/sv\/5-fakta-om-icke-kompatibla-vapes-pa-marknaden\/\" target=\"_blank\">\n\t\t\t\t\t\t\t<img loading=\"lazy\" decoding=\"async\" width=\"900\" height=\"600\" src=\"https:\/\/www.mokivape.com\/wp-content\/uploads\/1829582115165.webp\" class=\"attachment-large size-large wp-image-8557\" alt=\"5 alarmerande fakta om icke-kompatibla vapes p\u00e5 marknaden\" srcset=\"https:\/\/www.mokivape.com\/wp-content\/uploads\/1829582115165.webp 900w, https:\/\/www.mokivape.com\/wp-content\/uploads\/1829582115165-768x512.webp 768w, https:\/\/www.mokivape.com\/wp-content\/uploads\/1829582115165-18x12.webp 18w, https:\/\/www.mokivape.com\/wp-content\/uploads\/1829582115165-600x400.webp 600w\" sizes=\"(max-width: 900px) 100vw, 900px\" \/>\t\t\t\t\t\t\t\t<\/a>\n\t\t\t\t\t\t\t\t\t\t\t\t\t\t\t<\/div>\n\t\t\t\t<\/div>\n\t\t\t\t<div class=\"elementor-element elementor-element-eed243f elementor-widget elementor-widget-theme-post-title elementor-page-title elementor-widget-heading\" data-id=\"eed243f\" data-element_type=\"widget\" data-widget_type=\"theme-post-title.default\">\n\t\t\t\t<div class=\"elementor-widget-container\">\n\t\t\t\t\t<h3 class=\"elementor-heading-title elementor-size-default\"><a href=\"https:\/\/www.mokivape.com\/sv\/5-fakta-om-icke-kompatibla-vapes-pa-marknaden\/\" target=\"_blank\">5 alarmerande fakta om icke-kompatibla vapes p\u00e5 marknaden<\/a><\/h3>\t\t\t\t<\/div>\n\t\t\t\t<\/div>\n\t\t\t\t<div class=\"elementor-element elementor-element-92f538b elementor-widget elementor-widget-theme-post-excerpt\" data-id=\"92f538b\" data-element_type=\"widget\" data-widget_type=\"theme-post-excerpt.default\">\n\t\t\t\t<div class=\"elementor-widget-container\">\n\t\t\t\t\t<p>I Renfrewshire har ett betydande problem uppst\u00e5tt i och med att marknaden \u00f6versv\u00e4mmas av icke-kompatibla vapes. Dessa vapes \u00e4r felm\u00e4rkta, os\u00e4kra och f\u00f6rfalskade, vilket utg\u00f6r allvarliga risker f\u00f6r konsumenterna och vapingindustrin som helhet. ....\t\t\t\t<\/div>\n\t\t\t\t<\/div>\n\t\t\t\t\t<\/div>\n\t\t\t\t<\/div>\n\t\t\t\t<\/div>\n\t\t\t\t<\/div>\n\t\t\t\t\t<span class=\"e-load-more-spinner\">\n\t\t\t\t<svg aria-hidden=\"true\" class=\"e-font-icon-svg e-fas-spinner\" viewbox=\"0 0 512 512\" xmlns=\"http:\/\/www.w3.org\/2000\/svg\"><path d=\"M304 48c0 26.51-21.49 48-48 48s-48-21.49-48-48 21.49-48 48-48 48 21.49 48 48zm-48 368c-26.51 0-48 21.49-48 48s21.49 48 48 48 48-21.49 48-48-21.49-48-48-48zm208-208c-26.51 0-48 21.49-48 48s21.49 48 48 48 48-21.49 48-48-21.49-48-48-48zM96 256c0-26.51-21.49-48-48-48S0 229.49 0 256s21.49 48 48 48 48-21.49 48-48zm12.922 99.078c-26.51 0-48 21.49-48 48s21.49 48 48 48 48-21.49 48-48c0-26.509-21.491-48-48-48zm294.156 0c-26.51 0-48 21.49-48 48s21.49 48 48 48 48-21.49 48-48c0-26.509-21.49-48-48-48zM108.922 60.922c-26.51 0-48 21.49-48 48s21.49 48 48 48 48-21.49 48-48-21.491-48-48-48z\"><\/path><\/svg>\t\t\t<\/span>\n\t\t\n\t\t\t\t<div class=\"e-load-more-anchor\" data-page=\"1\" data-max-page=\"17\" data-next-page=\"https:\/\/www.mokivape.com\/sv\/wp-json\/wp\/v2\/pages\/1896\/page\/2\/\"><\/div>\n\t\t\t\t<div class=\"e-loop__load-more elementor-button-wrapper\">\n\t\t\t<a href=\"#\" class=\"elementor-button-link elementor-button\" role=\"button\">\n\t\t\t\t\t\t<span class=\"elementor-button-content-wrapper\">\n\t\t\t\t\t\t\t\t\t<span class=\"elementor-button-text\">Ladda mer<\/span>\n\t\t\t\t\t<\/span>\n\t\t\t\t\t<\/a>\n\t\t<\/div>\n\t\t\t\t<div class=\"e-load-more-message\"><\/div>\n\t\t\t\t\t\t<\/div>\n\t\t\t\t<\/div>\n\t\t\t\t\t<\/div>\n\t\t\t\t<\/div>\n\t\t\t\t<\/div>","protected":false},"excerpt":{"rendered":"<p>Informationscenter<\/p>","protected":false},"author":1,"featured_media":0,"parent":0,"menu_order":0,"comment_status":"closed","ping_status":"closed","template":"","meta":{"footnotes":""},"class_list":["post-1896","page","type-page","status-publish","hentry"],"_links":{"self":[{"href":"https:\/\/www.mokivape.com\/sv\/wp-json\/wp\/v2\/pages\/1896","targetHints":{"allow":["GET"]}}],"collection":[{"href":"https:\/\/www.mokivape.com\/sv\/wp-json\/wp\/v2\/pages"}],"about":[{"href":"https:\/\/www.mokivape.com\/sv\/wp-json\/wp\/v2\/types\/page"}],"author":[{"embeddable":true,"href":"https:\/\/www.mokivape.com\/sv\/wp-json\/wp\/v2\/users\/1"}],"replies":[{"embeddable":true,"href":"https:\/\/www.mokivape.com\/sv\/wp-json\/wp\/v2\/comments?post=1896"}],"version-history":[{"count":0,"href":"https:\/\/www.mokivape.com\/sv\/wp-json\/wp\/v2\/pages\/1896\/revisions"}],"wp:attachment":[{"href":"https:\/\/www.mokivape.com\/sv\/wp-json\/wp\/v2\/media?parent=1896"}],"curies":[{"name":"wp","href":"https:\/\/api.w.org\/{rel}","templated":true}]}}