{"id":8444,"date":"2025-01-10T03:45:10","date_gmt":"2025-01-10T03:45:10","guid":{"rendered":"https:\/\/www.mokiecig.com\/?post_type=product&#038;p=8444"},"modified":"2025-01-10T03:56:02","modified_gmt":"2025-01-10T03:56:02","slug":"q5-compatible-vape-pod-cartridge","status":"publish","type":"product","link":"https:\/\/www.mokivape.com\/pt\/produto\/cartucho-de-capsula-de-vapor-compativel-com-q5\/","title":{"rendered":"Cartucho de c\u00e1psula Vape compat\u00edvel Q5"},"content":{"rendered":"<div class=\"tg-wrap\">\n<table>\n<tbody>\n<tr>\n<td>Tamanho<\/td>\n<td>48,1*19,3*10,6 mm<\/td>\n<td>Resist\u00eancia<\/td>\n<td>1,2ohm<\/td>\n<\/tr>\n<tr>\n<td>Capacidade do e-l\u00edquido<\/td>\n<td>2mL<\/td>\n<td>Material<\/td>\n<td>PCTG<\/td>\n<\/tr>\n<tr>\n<td>Fio de aquecimento<\/td>\n<td>Bobina de cer\u00e2mica<\/td>\n<td><\/td>\n<td><\/td>\n<\/tr>\n<\/tbody>\n<\/table>\n<\/div>\n<div><img fetchpriority=\"high\" decoding=\"async\" class=\"alignnone size-full wp-image-8438\" src=\"https:\/\/www.mokiecig.com\/wp-content\/uploads\/q5_compatible_vape_pod_cartridge_b_01.webp\" alt=\"Cartucho de c\u00e1psula Vape compat\u00edvel\" width=\"1080\" height=\"810\" srcset=\"https:\/\/www.mokivape.com\/wp-content\/uploads\/q5_compatible_vape_pod_cartridge_b_01.webp 1080w, https:\/\/www.mokivape.com\/wp-content\/uploads\/q5_compatible_vape_pod_cartridge_b_01-768x576.webp 768w, https:\/\/www.mokivape.com\/wp-content\/uploads\/q5_compatible_vape_pod_cartridge_b_01-16x12.webp 16w, https:\/\/www.mokivape.com\/wp-content\/uploads\/q5_compatible_vape_pod_cartridge_b_01-600x450.webp 600w\" sizes=\"(max-width: 1080px) 100vw, 1080px\" \/><\/div>","protected":false},"excerpt":{"rendered":"<p>O cartucho de c\u00e1psula Vape compat\u00edvel pr\u00e9-carregado MK-Q5 \u00e9 um acr\u00e9scimo conveniente e de alta qualidade \u00e0 s\u00e9rie de c\u00e1psulas pr\u00e9-carregadas. Esse cartucho de c\u00e1psula de 48,1*19,3*10,6 mm oferece uma capacidade de 2 ml de e-l\u00edquido, garantindo uma experi\u00eancia de vaporiza\u00e7\u00e3o satisfat\u00f3ria sem a necessidade de recargas frequentes. A bobina de cer\u00e2mica de 1,2ohm proporciona sabor consistente e produ\u00e7\u00e3o de vapor, perfeita para kits de c\u00e1psulas de nicotina. Fabricada com material PCTG, \u00e9 dur\u00e1vel e confi\u00e1vel. O MK-Q5 suporta OEM e ODM, esse dispositivo de vaporiza\u00e7\u00e3o de venda quente \u00e9 uma solu\u00e7\u00e3o feita sob encomenda de um fabricante e fornecedor respeit\u00e1vel, a MOKI. O cartucho de c\u00e1psula de vapor pr\u00e9-cheio MK-Q5 \u00e9 o ep\u00edtome da qualidade e da conveni\u00eancia, compat\u00edvel com uma variedade de dispositivos para uma experi\u00eancia de vaporiza\u00e7\u00e3o perfeita.<\/p>","protected":false},"featured_media":8435,"comment_status":"open","ping_status":"closed","template":"","meta":[],"product_brand":[],"product_cat":[472],"product_tag":[],"class_list":{"0":"post-8444","1":"product","2":"type-product","3":"status-publish","4":"has-post-thumbnail","6":"product_cat-compatibale-vape-pods","8":"first","9":"instock","10":"shipping-taxable","11":"product-type-simple"},"_links":{"self":[{"href":"https:\/\/www.mokivape.com\/pt\/wp-json\/wp\/v2\/product\/8444","targetHints":{"allow":["GET"]}}],"collection":[{"href":"https:\/\/www.mokivape.com\/pt\/wp-json\/wp\/v2\/product"}],"about":[{"href":"https:\/\/www.mokivape.com\/pt\/wp-json\/wp\/v2\/types\/product"}],"replies":[{"embeddable":true,"href":"https:\/\/www.mokivape.com\/pt\/wp-json\/wp\/v2\/comments?post=8444"}],"version-history":[{"count":0,"href":"https:\/\/www.mokivape.com\/pt\/wp-json\/wp\/v2\/product\/8444\/revisions"}],"wp:featuredmedia":[{"embeddable":true,"href":"https:\/\/www.mokivape.com\/pt\/wp-json\/wp\/v2\/media\/8435"}],"wp:attachment":[{"href":"https:\/\/www.mokivape.com\/pt\/wp-json\/wp\/v2\/media?parent=8444"}],"wp:term":[{"taxonomy":"product_brand","embeddable":true,"href":"https:\/\/www.mokivape.com\/pt\/wp-json\/wp\/v2\/product_brand?post=8444"},{"taxonomy":"product_cat","embeddable":true,"href":"https:\/\/www.mokivape.com\/pt\/wp-json\/wp\/v2\/product_cat?post=8444"},{"taxonomy":"product_tag","embeddable":true,"href":"https:\/\/www.mokivape.com\/pt\/wp-json\/wp\/v2\/product_tag?post=8444"}],"curies":[{"name":"wp","href":"https:\/\/api.w.org\/{rel}","templated":true}]}}