{"id":1417,"date":"2024-04-17T09:14:57","date_gmt":"2024-04-17T09:14:57","guid":{"rendered":"https:\/\/www.mokiecig.com\/?post_type=product&#038;p=1417"},"modified":"2025-01-03T06:21:57","modified_gmt":"2025-01-03T06:21:57","slug":"mk-m41-tpd-vape-box","status":"publish","type":"product","link":"https:\/\/www.mokivape.com\/pt\/produto\/caixa-de-vapor-mk-m41-tpd\/","title":{"rendered":"Caixa de Vape MK-M41 TPD"},"content":{"rendered":"<div data-elementor-type=\"product-post\" data-elementor-id=\"1417\" class=\"elementor elementor-1417\" data-elementor-post-type=\"product\">\n\t\t\t\t<div class=\"elementor-element elementor-element-7873be9 e-con-full e-flex e-con e-parent\" data-id=\"7873be9\" data-element_type=\"container\">\n\t\t\t\t<div class=\"elementor-element elementor-element-32f3269 elementor-widget elementor-widget-heading\" data-id=\"32f3269\" data-element_type=\"widget\" data-widget_type=\"heading.default\">\n\t\t\t\t<div class=\"elementor-widget-container\">\n\t\t\t\t\t<h2 class=\"elementor-heading-title elementor-size-default\">Caixa de Vape MK-M41 TPD<\/h2>\t\t\t\t<\/div>\n\t\t\t\t<\/div>\n\t\t\t\t<div class=\"elementor-element elementor-element-46553fc elementor-widget elementor-widget-html\" data-id=\"46553fc\" data-element_type=\"widget\" data-widget_type=\"html.default\">\n\t\t\t\t<div class=\"elementor-widget-container\">\n\t\t\t\t\t<table><tbody><tr><td>Tamanho<\/td><td>30*30*63,2 mm<\/td><td>Resist\u00eancia<\/td><td>0,8-1,2ohm<\/td><\/tr><tr><td>Capacidade da bateria<\/td><td>400mAh<\/td><td>Capacidade do e-l\u00edquido<\/td><td>2mL<\/td><\/tr><tr><td>Fio de aquecimento<\/td><td>Bobina de malha<\/td><td>Recarreg\u00e1vel<\/td><td>Tipo C<\/td><\/tr><tr><td>Material<\/td><td colspan=\"3\">Bocal de suc\u00e7\u00e3o de pl\u00e1stico + silicone de cor \u00fanica<\/td><\/tr><\/tbody><\/table>\t\t\t\t<\/div>\n\t\t\t\t<\/div>\n\t\t\t\t<div class=\"elementor-element elementor-element-b37296a elementor-widget elementor-widget-image\" data-id=\"b37296a\" data-element_type=\"widget\" data-widget_type=\"image.default\">\n\t\t\t\t<div class=\"elementor-widget-container\">\n\t\t\t\t\t\t\t\t\t\t\t\t\t\t\t<img fetchpriority=\"high\" decoding=\"async\" width=\"1920\" height=\"1080\" src=\"https:\/\/www.mokivape.com\/wp-content\/uploads\/M41_b_1.webp\" class=\"attachment-full size-full wp-image-8229\" alt=\"M41 TPD Vape Box\" srcset=\"https:\/\/www.mokivape.com\/wp-content\/uploads\/M41_b_1.webp 1920w, https:\/\/www.mokivape.com\/wp-content\/uploads\/M41_b_1-768x432.webp 768w, https:\/\/www.mokivape.com\/wp-content\/uploads\/M41_b_1-1536x864.webp 1536w, https:\/\/www.mokivape.com\/wp-content\/uploads\/M41_b_1-18x10.webp 18w, https:\/\/www.mokivape.com\/wp-content\/uploads\/M41_b_1-600x338.webp 600w\" sizes=\"(max-width: 1920px) 100vw, 1920px\" \/>\t\t\t\t\t\t\t\t\t\t\t\t\t\t\t<\/div>\n\t\t\t\t<\/div>\n\t\t\t\t<div class=\"elementor-element elementor-element-c5bfeed elementor-widget elementor-widget-image\" data-id=\"c5bfeed\" data-element_type=\"widget\" data-widget_type=\"image.default\">\n\t\t\t\t<div class=\"elementor-widget-container\">\n\t\t\t\t\t\t\t\t\t\t\t\t\t\t\t<img decoding=\"async\" width=\"1920\" height=\"1080\" src=\"https:\/\/www.mokivape.com\/wp-content\/uploads\/M41_b_2.webp\" class=\"attachment-full size-full wp-image-8230\" alt=\"M41 TPD Vape Box\" srcset=\"https:\/\/www.mokivape.com\/wp-content\/uploads\/M41_b_2.webp 1920w, https:\/\/www.mokivape.com\/wp-content\/uploads\/M41_b_2-768x432.webp 768w, https:\/\/www.mokivape.com\/wp-content\/uploads\/M41_b_2-1536x864.webp 1536w, https:\/\/www.mokivape.com\/wp-content\/uploads\/M41_b_2-18x10.webp 18w, https:\/\/www.mokivape.com\/wp-content\/uploads\/M41_b_2-600x338.webp 600w\" sizes=\"(max-width: 1920px) 100vw, 1920px\" \/>\t\t\t\t\t\t\t\t\t\t\t\t\t\t\t<\/div>\n\t\t\t\t<\/div>\n\t\t\t\t<div class=\"elementor-element elementor-element-8049509 elementor-widget elementor-widget-image\" data-id=\"8049509\" data-element_type=\"widget\" data-widget_type=\"image.default\">\n\t\t\t\t<div class=\"elementor-widget-container\">\n\t\t\t\t\t\t\t\t\t\t\t\t\t\t\t<img decoding=\"async\" width=\"1920\" height=\"1080\" src=\"https:\/\/www.mokivape.com\/wp-content\/uploads\/M41_b_3.webp\" class=\"attachment-full size-full wp-image-8231\" alt=\"M41 TPD Vape Box\" srcset=\"https:\/\/www.mokivape.com\/wp-content\/uploads\/M41_b_3.webp 1920w, https:\/\/www.mokivape.com\/wp-content\/uploads\/M41_b_3-768x432.webp 768w, https:\/\/www.mokivape.com\/wp-content\/uploads\/M41_b_3-1536x864.webp 1536w, https:\/\/www.mokivape.com\/wp-content\/uploads\/M41_b_3-18x10.webp 18w, https:\/\/www.mokivape.com\/wp-content\/uploads\/M41_b_3-600x338.webp 600w\" sizes=\"(max-width: 1920px) 100vw, 1920px\" \/>\t\t\t\t\t\t\t\t\t\t\t\t\t\t\t<\/div>\n\t\t\t\t<\/div>\n\t\t\t\t<div class=\"elementor-element elementor-element-0bc8af3 elementor-widget elementor-widget-image\" data-id=\"0bc8af3\" data-element_type=\"widget\" data-widget_type=\"image.default\">\n\t\t\t\t<div class=\"elementor-widget-container\">\n\t\t\t\t\t\t\t\t\t\t\t\t\t\t\t<img loading=\"lazy\" decoding=\"async\" width=\"1920\" height=\"1080\" src=\"https:\/\/www.mokivape.com\/wp-content\/uploads\/M41_b_4.webp\" class=\"attachment-full size-full wp-image-8232\" alt=\"M41 TPD Vape Box\" srcset=\"https:\/\/www.mokivape.com\/wp-content\/uploads\/M41_b_4.webp 1920w, https:\/\/www.mokivape.com\/wp-content\/uploads\/M41_b_4-768x432.webp 768w, https:\/\/www.mokivape.com\/wp-content\/uploads\/M41_b_4-1536x864.webp 1536w, https:\/\/www.mokivape.com\/wp-content\/uploads\/M41_b_4-18x10.webp 18w, https:\/\/www.mokivape.com\/wp-content\/uploads\/M41_b_4-600x338.webp 600w\" sizes=\"(max-width: 1920px) 100vw, 1920px\" \/>\t\t\t\t\t\t\t\t\t\t\t\t\t\t\t<\/div>\n\t\t\t\t<\/div>\n\t\t\t\t<\/div>\n\t\t\t\t<\/div>","protected":false},"excerpt":{"rendered":"<p>A MOKI TPD Vape Box MK-M41 \u00e9 um dispositivo da s\u00e9rie TPD que atende a todos os padr\u00f5es de conformidade TPD. Essa caixa compacta de 30*30*63,2 mm \u00e9 equipada com uma bateria de 400 mAh e uma bobina de malha para uma faixa de resist\u00eancia de 0,8-1,2ohm, atendendo a v\u00e1rias prefer\u00eancias de vaporiza\u00e7\u00e3o. Com uma capacidade de 2 ml de e-l\u00edquido, ela oferece amplo espa\u00e7o para seus e-l\u00edquidos favoritos. A capacidade de recarga do tipo C garante uma recarga r\u00e1pida e f\u00e1cil. Feita de pl\u00e1stico de uma \u00fanica cor com um bocal de suc\u00e7\u00e3o de silicone, essa caixa de vaporizador TPD MK-M41 de alta qualidade e muito vendida \u00e9 compat\u00edvel com OEM e ODM, oferecendo uma solu\u00e7\u00e3o sob encomenda de um fabricante e fornecedor confi\u00e1vel, a MOKI. Experimente o vaporizador da edi\u00e7\u00e3o TPD que est\u00e1 revolucionando o setor de fabrica\u00e7\u00e3o de vaporizadores.<\/p>","protected":false},"featured_media":8155,"comment_status":"open","ping_status":"closed","template":"","meta":[],"product_brand":[],"product_cat":[31],"product_tag":[118,120,119],"class_list":{"0":"post-1417","1":"product","2":"type-product","3":"status-publish","4":"has-post-thumbnail","6":"product_cat-disposable-vape-pod-kits-oem-vape-pen-manufacturing","7":"product_tag-tpd","8":"product_tag-vape-bar","9":"product_tag-vape-box","11":"first","12":"instock","13":"shipping-taxable","14":"product-type-simple"},"_links":{"self":[{"href":"https:\/\/www.mokivape.com\/pt\/wp-json\/wp\/v2\/product\/1417","targetHints":{"allow":["GET"]}}],"collection":[{"href":"https:\/\/www.mokivape.com\/pt\/wp-json\/wp\/v2\/product"}],"about":[{"href":"https:\/\/www.mokivape.com\/pt\/wp-json\/wp\/v2\/types\/product"}],"replies":[{"embeddable":true,"href":"https:\/\/www.mokivape.com\/pt\/wp-json\/wp\/v2\/comments?post=1417"}],"version-history":[{"count":0,"href":"https:\/\/www.mokivape.com\/pt\/wp-json\/wp\/v2\/product\/1417\/revisions"}],"wp:featuredmedia":[{"embeddable":true,"href":"https:\/\/www.mokivape.com\/pt\/wp-json\/wp\/v2\/media\/8155"}],"wp:attachment":[{"href":"https:\/\/www.mokivape.com\/pt\/wp-json\/wp\/v2\/media?parent=1417"}],"wp:term":[{"taxonomy":"product_brand","embeddable":true,"href":"https:\/\/www.mokivape.com\/pt\/wp-json\/wp\/v2\/product_brand?post=1417"},{"taxonomy":"product_cat","embeddable":true,"href":"https:\/\/www.mokivape.com\/pt\/wp-json\/wp\/v2\/product_cat?post=1417"},{"taxonomy":"product_tag","embeddable":true,"href":"https:\/\/www.mokivape.com\/pt\/wp-json\/wp\/v2\/product_tag?post=1417"}],"curies":[{"name":"wp","href":"https:\/\/api.w.org\/{rel}","templated":true}]}}