{"id":1412,"date":"2024-04-17T09:12:44","date_gmt":"2024-04-17T09:12:44","guid":{"rendered":"https:\/\/www.mokiecig.com\/?post_type=product&#038;p=1412"},"modified":"2025-01-03T06:32:40","modified_gmt":"2025-01-03T06:32:40","slug":"m19-dual-ceramic-coil-fruit-flavor-vape","status":"publish","type":"product","link":"https:\/\/www.mokivape.com\/pt\/produto\/m19-bobina-dupla-de-ceramica-sabor-frutas-vape\/","title":{"rendered":"MK-M19 Vape com bobina dupla de cer\u00e2mica Vape com sabor de frutas"},"content":{"rendered":"<div data-elementor-type=\"product-post\" data-elementor-id=\"1412\" class=\"elementor elementor-1412\" data-elementor-post-type=\"product\">\n\t\t\t\t<div class=\"elementor-element elementor-element-d6616b8 e-con-full e-flex e-con e-parent\" data-id=\"d6616b8\" data-element_type=\"container\">\n\t\t\t\t<div class=\"elementor-element elementor-element-0bf1642 elementor-widget elementor-widget-heading\" data-id=\"0bf1642\" data-element_type=\"widget\" data-widget_type=\"heading.default\">\n\t\t\t\t<div class=\"elementor-widget-container\">\n\t\t\t\t\t<h2 class=\"elementor-heading-title elementor-size-default\">MK-M19 Vape com bobina dupla de cer\u00e2mica Vape com sabor de frutas<\/h2>\t\t\t\t<\/div>\n\t\t\t\t<\/div>\n\t\t\t\t<div class=\"elementor-element elementor-element-af7debc elementor-widget elementor-widget-html\" data-id=\"af7debc\" data-element_type=\"widget\" data-widget_type=\"html.default\">\n\t\t\t\t<div class=\"elementor-widget-container\">\n\t\t\t\t\t<table><tbody><tr><td>Resist\u00eancia<\/td><td>1,0ohm<\/td><td>Tamanho<\/td><td>91*51,2*27mm<\/td><\/tr><tr><td>Capacidade do e-l\u00edquido<\/td><td>15mL<\/td><td>Capacidade da bateria<\/td><td>650mAh<\/td><\/tr><tr><td>Recarreg\u00e1vel<\/td><td>Tipo C<\/td><td>Fio de aquecimento<\/td><td>Bobina de malha<\/td><\/tr><tr><td>Material<\/td><td colspan=\"3\">Pl\u00e1stico de cor \u00fanica + pl\u00e1stico transl\u00facido do mod<\/td><\/tr><\/tbody><\/table>\t\t\t\t<\/div>\n\t\t\t\t<\/div>\n\t\t\t\t<div class=\"elementor-element elementor-element-0e82c95 elementor-widget elementor-widget-image\" data-id=\"0e82c95\" data-element_type=\"widget\" data-widget_type=\"image.default\">\n\t\t\t\t<div class=\"elementor-widget-container\">\n\t\t\t\t\t\t\t\t\t\t\t\t\t\t\t<img fetchpriority=\"high\" decoding=\"async\" width=\"1920\" height=\"1080\" src=\"https:\/\/www.mokivape.com\/wp-content\/uploads\/M19_b_1.webp\" class=\"attachment-full size-full wp-image-8270\" alt=\"M19 Mint Vape com bobina dupla\" srcset=\"https:\/\/www.mokivape.com\/wp-content\/uploads\/M19_b_1.webp 1920w, https:\/\/www.mokivape.com\/wp-content\/uploads\/M19_b_1-768x432.webp 768w, https:\/\/www.mokivape.com\/wp-content\/uploads\/M19_b_1-1536x864.webp 1536w, https:\/\/www.mokivape.com\/wp-content\/uploads\/M19_b_1-18x10.webp 18w, https:\/\/www.mokivape.com\/wp-content\/uploads\/M19_b_1-600x338.webp 600w\" sizes=\"(max-width: 1920px) 100vw, 1920px\" \/>\t\t\t\t\t\t\t\t\t\t\t\t\t\t\t<\/div>\n\t\t\t\t<\/div>\n\t\t\t\t<div class=\"elementor-element elementor-element-9e82be3 elementor-widget elementor-widget-image\" data-id=\"9e82be3\" data-element_type=\"widget\" data-widget_type=\"image.default\">\n\t\t\t\t<div class=\"elementor-widget-container\">\n\t\t\t\t\t\t\t\t\t\t\t\t\t\t\t<img decoding=\"async\" width=\"1920\" height=\"1080\" src=\"https:\/\/www.mokivape.com\/wp-content\/uploads\/M19_b_2.webp\" class=\"attachment-full size-full wp-image-8271\" alt=\"M19 Mint Vape com bobina dupla\" srcset=\"https:\/\/www.mokivape.com\/wp-content\/uploads\/M19_b_2.webp 1920w, https:\/\/www.mokivape.com\/wp-content\/uploads\/M19_b_2-768x432.webp 768w, https:\/\/www.mokivape.com\/wp-content\/uploads\/M19_b_2-1536x864.webp 1536w, https:\/\/www.mokivape.com\/wp-content\/uploads\/M19_b_2-18x10.webp 18w, https:\/\/www.mokivape.com\/wp-content\/uploads\/M19_b_2-600x338.webp 600w\" sizes=\"(max-width: 1920px) 100vw, 1920px\" \/>\t\t\t\t\t\t\t\t\t\t\t\t\t\t\t<\/div>\n\t\t\t\t<\/div>\n\t\t\t\t<div class=\"elementor-element elementor-element-18d11db elementor-widget elementor-widget-image\" data-id=\"18d11db\" data-element_type=\"widget\" data-widget_type=\"image.default\">\n\t\t\t\t<div class=\"elementor-widget-container\">\n\t\t\t\t\t\t\t\t\t\t\t\t\t\t\t<img decoding=\"async\" width=\"1920\" height=\"1080\" src=\"https:\/\/www.mokivape.com\/wp-content\/uploads\/M19_b_3.webp\" class=\"attachment-full size-full wp-image-8272\" alt=\"M19 Mint Vape com bobina dupla\" srcset=\"https:\/\/www.mokivape.com\/wp-content\/uploads\/M19_b_3.webp 1920w, https:\/\/www.mokivape.com\/wp-content\/uploads\/M19_b_3-768x432.webp 768w, https:\/\/www.mokivape.com\/wp-content\/uploads\/M19_b_3-1536x864.webp 1536w, https:\/\/www.mokivape.com\/wp-content\/uploads\/M19_b_3-18x10.webp 18w, https:\/\/www.mokivape.com\/wp-content\/uploads\/M19_b_3-600x338.webp 600w\" sizes=\"(max-width: 1920px) 100vw, 1920px\" \/>\t\t\t\t\t\t\t\t\t\t\t\t\t\t\t<\/div>\n\t\t\t\t<\/div>\n\t\t\t\t<div class=\"elementor-element elementor-element-f397d9f elementor-widget elementor-widget-image\" data-id=\"f397d9f\" data-element_type=\"widget\" data-widget_type=\"image.default\">\n\t\t\t\t<div class=\"elementor-widget-container\">\n\t\t\t\t\t\t\t\t\t\t\t\t\t\t\t<img loading=\"lazy\" decoding=\"async\" width=\"1920\" height=\"1080\" src=\"https:\/\/www.mokivape.com\/wp-content\/uploads\/M19_b_4.webp\" class=\"attachment-full size-full wp-image-8273\" alt=\"M19 Mint Vape com bobina dupla\" srcset=\"https:\/\/www.mokivape.com\/wp-content\/uploads\/M19_b_4.webp 1920w, https:\/\/www.mokivape.com\/wp-content\/uploads\/M19_b_4-768x432.webp 768w, https:\/\/www.mokivape.com\/wp-content\/uploads\/M19_b_4-1536x864.webp 1536w, https:\/\/www.mokivape.com\/wp-content\/uploads\/M19_b_4-18x10.webp 18w, https:\/\/www.mokivape.com\/wp-content\/uploads\/M19_b_4-600x338.webp 600w\" sizes=\"(max-width: 1920px) 100vw, 1920px\" \/>\t\t\t\t\t\t\t\t\t\t\t\t\t\t\t<\/div>\n\t\t\t\t<\/div>\n\t\t\t\t<div class=\"elementor-element elementor-element-a3f6542 elementor-widget elementor-widget-image\" data-id=\"a3f6542\" data-element_type=\"widget\" data-widget_type=\"image.default\">\n\t\t\t\t<div class=\"elementor-widget-container\">\n\t\t\t\t\t\t\t\t\t\t\t\t\t\t\t<img loading=\"lazy\" decoding=\"async\" width=\"1920\" height=\"1080\" src=\"https:\/\/www.mokivape.com\/wp-content\/uploads\/M19_b_5.webp\" class=\"attachment-full size-full wp-image-8274\" alt=\"M19 Mint Vape com bobina dupla\" srcset=\"https:\/\/www.mokivape.com\/wp-content\/uploads\/M19_b_5.webp 1920w, https:\/\/www.mokivape.com\/wp-content\/uploads\/M19_b_5-768x432.webp 768w, https:\/\/www.mokivape.com\/wp-content\/uploads\/M19_b_5-1536x864.webp 1536w, https:\/\/www.mokivape.com\/wp-content\/uploads\/M19_b_5-18x10.webp 18w, https:\/\/www.mokivape.com\/wp-content\/uploads\/M19_b_5-600x338.webp 600w\" sizes=\"(max-width: 1920px) 100vw, 1920px\" \/>\t\t\t\t\t\t\t\t\t\t\t\t\t\t\t<\/div>\n\t\t\t\t<\/div>\n\t\t\t\t<\/div>\n\t\t\t\t<\/div>","protected":false},"excerpt":{"rendered":"<p>O MOKI Dual Ceramic Coil Vape Fruit Flavor Vape MK-M19 \u00e9 um vaporizador descart\u00e1vel premium que \u00e9 um sucesso no mercado. Esse dispositivo vem com uma bateria de 650mAh e apresenta uma bobina de malha de 1,0ohm para um vapor robusto e sabores ricos de frutas.<br \/>\nCom uma ampla capacidade de 15 ml de e-l\u00edquido, ele \u00e9 perfeito para uso durante todo o dia. Recarregue rapidamente via Type-C. Medindo 91*51,2*27 mm, ele \u00e9 feito com uma mistura de cor \u00fanica e pl\u00e1stico transl\u00facido para uma apar\u00eancia elegante.<br \/>\nSuporte MK-M19 para OEM e ODM, este dispositivo de vaporiza\u00e7\u00e3o \u00e9 uma obra-prima de fabrica\u00e7\u00e3o de barra de vapor de marca branca, \u00e9 do fornecedor e fabricante de op\u00e7\u00f5es sob encomenda - MOKI.<\/p>","protected":false},"featured_media":8150,"comment_status":"open","ping_status":"closed","template":"","meta":[],"product_brand":[],"product_cat":[16,32],"product_tag":[],"class_list":{"0":"post-1412","1":"product","2":"type-product","3":"status-publish","4":"has-post-thumbnail","6":"product_cat-pod-kits-refillable-open-pods-cartridge-oem","7":"product_cat-ceramic-coil-vape-pod-kits-fruit-flavor-ecigarette","9":"first","10":"instock","11":"shipping-taxable","12":"product-type-simple"},"_links":{"self":[{"href":"https:\/\/www.mokivape.com\/pt\/wp-json\/wp\/v2\/product\/1412","targetHints":{"allow":["GET"]}}],"collection":[{"href":"https:\/\/www.mokivape.com\/pt\/wp-json\/wp\/v2\/product"}],"about":[{"href":"https:\/\/www.mokivape.com\/pt\/wp-json\/wp\/v2\/types\/product"}],"replies":[{"embeddable":true,"href":"https:\/\/www.mokivape.com\/pt\/wp-json\/wp\/v2\/comments?post=1412"}],"version-history":[{"count":0,"href":"https:\/\/www.mokivape.com\/pt\/wp-json\/wp\/v2\/product\/1412\/revisions"}],"wp:featuredmedia":[{"embeddable":true,"href":"https:\/\/www.mokivape.com\/pt\/wp-json\/wp\/v2\/media\/8150"}],"wp:attachment":[{"href":"https:\/\/www.mokivape.com\/pt\/wp-json\/wp\/v2\/media?parent=1412"}],"wp:term":[{"taxonomy":"product_brand","embeddable":true,"href":"https:\/\/www.mokivape.com\/pt\/wp-json\/wp\/v2\/product_brand?post=1412"},{"taxonomy":"product_cat","embeddable":true,"href":"https:\/\/www.mokivape.com\/pt\/wp-json\/wp\/v2\/product_cat?post=1412"},{"taxonomy":"product_tag","embeddable":true,"href":"https:\/\/www.mokivape.com\/pt\/wp-json\/wp\/v2\/product_tag?post=1412"}],"curies":[{"name":"wp","href":"https:\/\/api.w.org\/{rel}","templated":true}]}}