{"id":1410,"date":"2024-04-17T09:11:43","date_gmt":"2024-04-17T09:11:43","guid":{"rendered":"https:\/\/www.mokiecig.com\/?post_type=product&#038;p=1410"},"modified":"2025-06-30T10:24:24","modified_gmt":"2025-06-30T10:24:24","slug":"m4-e-cigarette-fruit-flavor-vape-pod","status":"publish","type":"product","link":"https:\/\/www.mokivape.com\/pt\/produto\/cigarro-eletronico-m4-capsula-de-vapor-com-sabor-de-frutas\/","title":{"rendered":"Cigarro eletr\u00f4nico MK-M4 Fruit Flavor Vape"},"content":{"rendered":"<div data-elementor-type=\"product-post\" data-elementor-id=\"1410\" class=\"elementor elementor-1410\" data-elementor-post-type=\"product\">\n\t\t\t\t<div class=\"elementor-element elementor-element-6ccba9e e-con-full e-flex e-con e-parent\" data-id=\"6ccba9e\" data-element_type=\"container\">\n\t\t\t\t<div class=\"elementor-element elementor-element-bcc1c5b elementor-widget elementor-widget-heading\" data-id=\"bcc1c5b\" data-element_type=\"widget\" data-widget_type=\"heading.default\">\n\t\t\t\t<div class=\"elementor-widget-container\">\n\t\t\t\t\t<h2 class=\"elementor-heading-title elementor-size-default\">Cigarro eletr\u00f4nico MK-M4 Fruit Flavor Vape<\/h2>\t\t\t\t<\/div>\n\t\t\t\t<\/div>\n\t\t\t\t<div class=\"elementor-element elementor-element-c612b7a elementor-widget elementor-widget-html\" data-id=\"c612b7a\" data-element_type=\"widget\" data-widget_type=\"html.default\">\n\t\t\t\t<div class=\"elementor-widget-container\">\n\t\t\t\t\t<table><tbody><tr><td>Tamanho<\/td><td>20,1*18*110,6 mm<\/td><td>Capacidade do e-l\u00edquido<\/td><td>2mL<\/td><\/tr><tr><td>Capacidade da bateria<\/td><td>400mAh<\/td><td>Recarreg\u00e1vel<\/td><td>Tipo C<\/td><\/tr><tr><td>Fio de aquecimento<\/td><td>Bobina de cer\u00e2mica<\/td><td>Material<\/td><td>PC+PCTG<\/td><\/tr><tr><td>Resist\u00eancia<\/td><td>1,15ohm<\/td><td><\/td><td><\/td><\/tr><\/tbody><\/table>\t\t\t\t<\/div>\n\t\t\t\t<\/div>\n\t\t\t\t<div class=\"elementor-element elementor-element-e81870a elementor-widget elementor-widget-image\" data-id=\"e81870a\" data-element_type=\"widget\" data-widget_type=\"image.default\">\n\t\t\t\t<div class=\"elementor-widget-container\">\n\t\t\t\t\t\t\t\t\t\t\t\t\t\t\t<img fetchpriority=\"high\" decoding=\"async\" width=\"1920\" height=\"1080\" src=\"https:\/\/www.mokivape.com\/wp-content\/uploads\/M4_b_6.webp\" class=\"attachment-full size-full wp-image-8285\" alt=\"C\u00e1psula Vape com sabor de frutas M4\" srcset=\"https:\/\/www.mokivape.com\/wp-content\/uploads\/M4_b_6.webp 1920w, https:\/\/www.mokivape.com\/wp-content\/uploads\/M4_b_6-768x432.webp 768w, https:\/\/www.mokivape.com\/wp-content\/uploads\/M4_b_6-1536x864.webp 1536w, https:\/\/www.mokivape.com\/wp-content\/uploads\/M4_b_6-18x10.webp 18w, https:\/\/www.mokivape.com\/wp-content\/uploads\/M4_b_6-600x338.webp 600w\" sizes=\"(max-width: 1920px) 100vw, 1920px\" \/>\t\t\t\t\t\t\t\t\t\t\t\t\t\t\t<\/div>\n\t\t\t\t<\/div>\n\t\t\t\t<div class=\"elementor-element elementor-element-60a33cf elementor-widget elementor-widget-image\" data-id=\"60a33cf\" data-element_type=\"widget\" data-widget_type=\"image.default\">\n\t\t\t\t<div class=\"elementor-widget-container\">\n\t\t\t\t\t\t\t\t\t\t\t\t\t\t\t<img decoding=\"async\" width=\"1920\" height=\"1080\" src=\"https:\/\/www.mokivape.com\/wp-content\/uploads\/M4_b_7.webp\" class=\"attachment-full size-full wp-image-8286\" alt=\"C\u00e1psula Vape com sabor de frutas M4\" srcset=\"https:\/\/www.mokivape.com\/wp-content\/uploads\/M4_b_7.webp 1920w, https:\/\/www.mokivape.com\/wp-content\/uploads\/M4_b_7-768x432.webp 768w, https:\/\/www.mokivape.com\/wp-content\/uploads\/M4_b_7-1536x864.webp 1536w, https:\/\/www.mokivape.com\/wp-content\/uploads\/M4_b_7-18x10.webp 18w, https:\/\/www.mokivape.com\/wp-content\/uploads\/M4_b_7-600x338.webp 600w\" sizes=\"(max-width: 1920px) 100vw, 1920px\" \/>\t\t\t\t\t\t\t\t\t\t\t\t\t\t\t<\/div>\n\t\t\t\t<\/div>\n\t\t\t\t<div class=\"elementor-element elementor-element-08c47be elementor-widget elementor-widget-image\" data-id=\"08c47be\" data-element_type=\"widget\" data-widget_type=\"image.default\">\n\t\t\t\t<div class=\"elementor-widget-container\">\n\t\t\t\t\t\t\t\t\t\t\t\t\t\t\t<img decoding=\"async\" width=\"1920\" height=\"1080\" src=\"https:\/\/www.mokivape.com\/wp-content\/uploads\/M4_b_9.webp\" class=\"attachment-full size-full wp-image-8288\" alt=\"C\u00e1psula Vape com sabor de frutas M4\" srcset=\"https:\/\/www.mokivape.com\/wp-content\/uploads\/M4_b_9.webp 1920w, https:\/\/www.mokivape.com\/wp-content\/uploads\/M4_b_9-768x432.webp 768w, https:\/\/www.mokivape.com\/wp-content\/uploads\/M4_b_9-1536x864.webp 1536w, https:\/\/www.mokivape.com\/wp-content\/uploads\/M4_b_9-18x10.webp 18w, https:\/\/www.mokivape.com\/wp-content\/uploads\/M4_b_9-600x338.webp 600w\" sizes=\"(max-width: 1920px) 100vw, 1920px\" \/>\t\t\t\t\t\t\t\t\t\t\t\t\t\t\t<\/div>\n\t\t\t\t<\/div>\n\t\t\t\t<div class=\"elementor-element elementor-element-4e24380 elementor-widget elementor-widget-image\" data-id=\"4e24380\" data-element_type=\"widget\" data-widget_type=\"image.default\">\n\t\t\t\t<div class=\"elementor-widget-container\">\n\t\t\t\t\t\t\t\t\t\t\t\t\t\t\t<img loading=\"lazy\" decoding=\"async\" width=\"1920\" height=\"1080\" src=\"https:\/\/www.mokivape.com\/wp-content\/uploads\/M4_b_10.webp\" class=\"attachment-full size-full wp-image-8289\" alt=\"C\u00e1psula Vape com sabor de frutas M4\" srcset=\"https:\/\/www.mokivape.com\/wp-content\/uploads\/M4_b_10.webp 1920w, https:\/\/www.mokivape.com\/wp-content\/uploads\/M4_b_10-768x432.webp 768w, https:\/\/www.mokivape.com\/wp-content\/uploads\/M4_b_10-1536x864.webp 1536w, https:\/\/www.mokivape.com\/wp-content\/uploads\/M4_b_10-18x10.webp 18w, https:\/\/www.mokivape.com\/wp-content\/uploads\/M4_b_10-600x338.webp 600w\" sizes=\"(max-width: 1920px) 100vw, 1920px\" \/>\t\t\t\t\t\t\t\t\t\t\t\t\t\t\t<\/div>\n\t\t\t\t<\/div>\n\t\t\t\t<div class=\"elementor-element elementor-element-fd6826e elementor-widget elementor-widget-image\" data-id=\"fd6826e\" data-element_type=\"widget\" data-widget_type=\"image.default\">\n\t\t\t\t<div class=\"elementor-widget-container\">\n\t\t\t\t\t\t\t\t\t\t\t\t\t\t\t<img loading=\"lazy\" decoding=\"async\" width=\"1920\" height=\"1080\" src=\"https:\/\/www.mokivape.com\/wp-content\/uploads\/M4_b_11.webp\" class=\"attachment-full size-full wp-image-8290\" alt=\"Canetas Vape recarreg\u00e1veis com sabor de frutas M4\" srcset=\"https:\/\/www.mokivape.com\/wp-content\/uploads\/M4_b_11.webp 1920w, https:\/\/www.mokivape.com\/wp-content\/uploads\/M4_b_11-768x432.webp 768w, https:\/\/www.mokivape.com\/wp-content\/uploads\/M4_b_11-1536x864.webp 1536w, https:\/\/www.mokivape.com\/wp-content\/uploads\/M4_b_11-18x10.webp 18w, https:\/\/www.mokivape.com\/wp-content\/uploads\/M4_b_11-600x338.webp 600w\" sizes=\"(max-width: 1920px) 100vw, 1920px\" \/>\t\t\t\t\t\t\t\t\t\t\t\t\t\t\t<\/div>\n\t\t\t\t<\/div>\n\t\t\t\t<\/div>\n\t\t\t\t<\/div>","protected":false},"excerpt":{"rendered":"<p>O MOKI E-Cigarette Fruit Flavor Vape Pod MK-M4 \u00e9 um sistema de c\u00e1psula fechada premium para os entusiastas do sabor de frutas. Esse compacto pod de vapor de 20,1*18*110,6 mm apresenta uma bateria de 400 mAh e uma bobina de cer\u00e2mica de 1,15ohm para uma experi\u00eancia de vaporiza\u00e7\u00e3o rica e suave. Com uma capacidade de 2 ml de e-l\u00edquido, o MK-M4 \u00e9 perfeito para quem busca sabores em qualquer lugar. Recarregue rapidamente com o Type-C. Constru\u00eddo com materiais dur\u00e1veis de PC+PCTG, esse pod de cigarro eletr\u00f4nico de alta qualidade e muito vendido \u00e9 compat\u00edvel com OEM e ODM, oferecendo uma op\u00e7\u00e3o sob encomenda de um fabricante e fornecedor confi\u00e1vel - a MOKI. Eleve o n\u00edvel da sua vaporiza\u00e7\u00e3o com o MOKI Vape Pod, um cigarro eletr\u00f4nico de marca branca fabricado na f\u00e1brica e projetado para proporcionar a melhor experi\u00eancia de vaporiza\u00e7\u00e3o com sabor de frutas.<\/p>","protected":false},"featured_media":8148,"comment_status":"open","ping_status":"closed","template":"","meta":[],"product_brand":[],"product_cat":[16],"product_tag":[],"class_list":{"0":"post-1410","1":"product","2":"type-product","3":"status-publish","4":"has-post-thumbnail","6":"product_cat-pod-kits-refillable-open-pods-cartridge-oem","8":"first","9":"instock","10":"shipping-taxable","11":"product-type-simple"},"_links":{"self":[{"href":"https:\/\/www.mokivape.com\/pt\/wp-json\/wp\/v2\/product\/1410","targetHints":{"allow":["GET"]}}],"collection":[{"href":"https:\/\/www.mokivape.com\/pt\/wp-json\/wp\/v2\/product"}],"about":[{"href":"https:\/\/www.mokivape.com\/pt\/wp-json\/wp\/v2\/types\/product"}],"replies":[{"embeddable":true,"href":"https:\/\/www.mokivape.com\/pt\/wp-json\/wp\/v2\/comments?post=1410"}],"version-history":[{"count":0,"href":"https:\/\/www.mokivape.com\/pt\/wp-json\/wp\/v2\/product\/1410\/revisions"}],"wp:featuredmedia":[{"embeddable":true,"href":"https:\/\/www.mokivape.com\/pt\/wp-json\/wp\/v2\/media\/8148"}],"wp:attachment":[{"href":"https:\/\/www.mokivape.com\/pt\/wp-json\/wp\/v2\/media?parent=1410"}],"wp:term":[{"taxonomy":"product_brand","embeddable":true,"href":"https:\/\/www.mokivape.com\/pt\/wp-json\/wp\/v2\/product_brand?post=1410"},{"taxonomy":"product_cat","embeddable":true,"href":"https:\/\/www.mokivape.com\/pt\/wp-json\/wp\/v2\/product_cat?post=1410"},{"taxonomy":"product_tag","embeddable":true,"href":"https:\/\/www.mokivape.com\/pt\/wp-json\/wp\/v2\/product_tag?post=1410"}],"curies":[{"name":"wp","href":"https:\/\/api.w.org\/{rel}","templated":true}]}}