{"id":1408,"date":"2024-04-17T09:10:46","date_gmt":"2024-04-17T09:10:46","guid":{"rendered":"https:\/\/www.mokiecig.com\/?post_type=product&#038;p=1408"},"modified":"2025-01-03T06:46:26","modified_gmt":"2025-01-03T06:46:26","slug":"m3-10-vape-flavored-rechargeable-e-cig","status":"publish","type":"product","link":"https:\/\/www.mokivape.com\/pt\/produto\/cigarro-eletronico-recarregavel-com-sabor-m3-10-vape\/","title":{"rendered":"Cigarro eletr\u00f4nico recarreg\u00e1vel com sabor MK-M3-10 Vape"},"content":{"rendered":"<div data-elementor-type=\"product-post\" data-elementor-id=\"1408\" class=\"elementor elementor-1408\" data-elementor-post-type=\"product\">\n\t\t\t\t<div class=\"elementor-element elementor-element-4acd19c e-con-full e-flex e-con e-parent\" data-id=\"4acd19c\" data-element_type=\"container\">\n\t\t\t\t<div class=\"elementor-element elementor-element-13fb293 elementor-widget elementor-widget-heading\" data-id=\"13fb293\" data-element_type=\"widget\" data-widget_type=\"heading.default\">\n\t\t\t\t<div class=\"elementor-widget-container\">\n\t\t\t\t\t<h2 class=\"elementor-heading-title elementor-size-default\">Cigarro eletr\u00f4nico recarreg\u00e1vel com sabor MK-M3-10 Vape<\/h2>\t\t\t\t<\/div>\n\t\t\t\t<\/div>\n\t\t\t\t<div class=\"elementor-element elementor-element-4ee2216 elementor-widget elementor-widget-html\" data-id=\"4ee2216\" data-element_type=\"widget\" data-widget_type=\"html.default\">\n\t\t\t\t<div class=\"elementor-widget-container\">\n\t\t\t\t\t<table><tbody><tr><td>Resist\u00eancia<\/td><td>1,0ohm<\/td><td>Tamanho<\/td><td>85*50*27mm<\/td><\/tr><tr><td>Capacidade de e-l\u00edquido<\/td><td>10mL<\/td><td>Capacidade da bateria<\/td><td>500mAh<\/td><\/tr><tr><td>Recarreg\u00e1vel<\/td><td>Tipo C<\/td><td>Fio de aquecimento<\/td><td>Bobina de malha<\/td><\/tr><tr><td>Material<\/td><td colspan=\"3\">Pl\u00e1stico de cor \u00fanica + ponta de gotejamento de silicone<\/td><\/tr><\/tbody><\/table>\t\t\t\t<\/div>\n\t\t\t\t<\/div>\n\t\t\t\t<div class=\"elementor-element elementor-element-45120e7 elementor-widget elementor-widget-image\" data-id=\"45120e7\" data-element_type=\"widget\" data-widget_type=\"image.default\">\n\t\t\t\t<div class=\"elementor-widget-container\">\n\t\t\t\t\t\t\t\t\t\t\t\t\t\t\t<img fetchpriority=\"high\" decoding=\"async\" width=\"1920\" height=\"1080\" src=\"https:\/\/www.mokivape.com\/wp-content\/uploads\/M3_10_b_1-1.webp\" class=\"attachment-full size-full wp-image-8304\" alt=\"C\u00e1psula Vape reutiliz\u00e1vel M3-10\" srcset=\"https:\/\/www.mokivape.com\/wp-content\/uploads\/M3_10_b_1-1.webp 1920w, https:\/\/www.mokivape.com\/wp-content\/uploads\/M3_10_b_1-1-768x432.webp 768w, https:\/\/www.mokivape.com\/wp-content\/uploads\/M3_10_b_1-1-1536x864.webp 1536w, https:\/\/www.mokivape.com\/wp-content\/uploads\/M3_10_b_1-1-18x10.webp 18w, https:\/\/www.mokivape.com\/wp-content\/uploads\/M3_10_b_1-1-600x338.webp 600w\" sizes=\"(max-width: 1920px) 100vw, 1920px\" \/>\t\t\t\t\t\t\t\t\t\t\t\t\t\t\t<\/div>\n\t\t\t\t<\/div>\n\t\t\t\t<div class=\"elementor-element elementor-element-661e306 elementor-widget elementor-widget-image\" data-id=\"661e306\" data-element_type=\"widget\" data-widget_type=\"image.default\">\n\t\t\t\t<div class=\"elementor-widget-container\">\n\t\t\t\t\t\t\t\t\t\t\t\t\t\t\t<img decoding=\"async\" width=\"1920\" height=\"1080\" src=\"https:\/\/www.mokivape.com\/wp-content\/uploads\/M3_10_b_2-1.webp\" class=\"attachment-full size-full wp-image-8305\" alt=\"C\u00e1psula Vape reutiliz\u00e1vel M3-10\" srcset=\"https:\/\/www.mokivape.com\/wp-content\/uploads\/M3_10_b_2-1.webp 1920w, https:\/\/www.mokivape.com\/wp-content\/uploads\/M3_10_b_2-1-768x432.webp 768w, https:\/\/www.mokivape.com\/wp-content\/uploads\/M3_10_b_2-1-1536x864.webp 1536w, https:\/\/www.mokivape.com\/wp-content\/uploads\/M3_10_b_2-1-18x10.webp 18w, https:\/\/www.mokivape.com\/wp-content\/uploads\/M3_10_b_2-1-600x338.webp 600w\" sizes=\"(max-width: 1920px) 100vw, 1920px\" \/>\t\t\t\t\t\t\t\t\t\t\t\t\t\t\t<\/div>\n\t\t\t\t<\/div>\n\t\t\t\t<div class=\"elementor-element elementor-element-a2c0ed5 elementor-widget elementor-widget-image\" data-id=\"a2c0ed5\" data-element_type=\"widget\" data-widget_type=\"image.default\">\n\t\t\t\t<div class=\"elementor-widget-container\">\n\t\t\t\t\t\t\t\t\t\t\t\t\t\t\t<img decoding=\"async\" width=\"1920\" height=\"1080\" src=\"https:\/\/www.mokivape.com\/wp-content\/uploads\/M3_10_b_3-1.webp\" class=\"attachment-full size-full wp-image-8306\" alt=\"C\u00e1psula Vape reutiliz\u00e1vel M3-10\" srcset=\"https:\/\/www.mokivape.com\/wp-content\/uploads\/M3_10_b_3-1.webp 1920w, https:\/\/www.mokivape.com\/wp-content\/uploads\/M3_10_b_3-1-768x432.webp 768w, https:\/\/www.mokivape.com\/wp-content\/uploads\/M3_10_b_3-1-1536x864.webp 1536w, https:\/\/www.mokivape.com\/wp-content\/uploads\/M3_10_b_3-1-18x10.webp 18w, https:\/\/www.mokivape.com\/wp-content\/uploads\/M3_10_b_3-1-600x338.webp 600w\" sizes=\"(max-width: 1920px) 100vw, 1920px\" \/>\t\t\t\t\t\t\t\t\t\t\t\t\t\t\t<\/div>\n\t\t\t\t<\/div>\n\t\t\t\t<div class=\"elementor-element elementor-element-e7f80d9 elementor-widget elementor-widget-image\" data-id=\"e7f80d9\" data-element_type=\"widget\" data-widget_type=\"image.default\">\n\t\t\t\t<div class=\"elementor-widget-container\">\n\t\t\t\t\t\t\t\t\t\t\t\t\t\t\t<img loading=\"lazy\" decoding=\"async\" width=\"1920\" height=\"1080\" src=\"https:\/\/www.mokivape.com\/wp-content\/uploads\/M3_10_b_4-1.webp\" class=\"attachment-full size-full wp-image-8307\" alt=\"C\u00e1psula Vape reutiliz\u00e1vel M3-10\" srcset=\"https:\/\/www.mokivape.com\/wp-content\/uploads\/M3_10_b_4-1.webp 1920w, https:\/\/www.mokivape.com\/wp-content\/uploads\/M3_10_b_4-1-768x432.webp 768w, https:\/\/www.mokivape.com\/wp-content\/uploads\/M3_10_b_4-1-1536x864.webp 1536w, https:\/\/www.mokivape.com\/wp-content\/uploads\/M3_10_b_4-1-18x10.webp 18w, https:\/\/www.mokivape.com\/wp-content\/uploads\/M3_10_b_4-1-600x338.webp 600w\" sizes=\"(max-width: 1920px) 100vw, 1920px\" \/>\t\t\t\t\t\t\t\t\t\t\t\t\t\t\t<\/div>\n\t\t\t\t<\/div>\n\t\t\t\t<div class=\"elementor-element elementor-element-765eccb elementor-widget elementor-widget-image\" data-id=\"765eccb\" data-element_type=\"widget\" data-widget_type=\"image.default\">\n\t\t\t\t<div class=\"elementor-widget-container\">\n\t\t\t\t\t\t\t\t\t\t\t\t\t\t\t<img loading=\"lazy\" decoding=\"async\" width=\"1920\" height=\"1080\" src=\"https:\/\/www.mokivape.com\/wp-content\/uploads\/M3_10_b_5-1.webp\" class=\"attachment-full size-full wp-image-8308\" alt=\"C\u00e1psula Vape reutiliz\u00e1vel M3-10\" srcset=\"https:\/\/www.mokivape.com\/wp-content\/uploads\/M3_10_b_5-1.webp 1920w, https:\/\/www.mokivape.com\/wp-content\/uploads\/M3_10_b_5-1-768x432.webp 768w, https:\/\/www.mokivape.com\/wp-content\/uploads\/M3_10_b_5-1-1536x864.webp 1536w, https:\/\/www.mokivape.com\/wp-content\/uploads\/M3_10_b_5-1-18x10.webp 18w, https:\/\/www.mokivape.com\/wp-content\/uploads\/M3_10_b_5-1-600x338.webp 600w\" sizes=\"(max-width: 1920px) 100vw, 1920px\" \/>\t\t\t\t\t\t\t\t\t\t\t\t\t\t\t<\/div>\n\t\t\t\t<\/div>\n\t\t\t\t<div class=\"elementor-element elementor-element-ccfb520 elementor-widget elementor-widget-image\" data-id=\"ccfb520\" data-element_type=\"widget\" data-widget_type=\"image.default\">\n\t\t\t\t<div class=\"elementor-widget-container\">\n\t\t\t\t\t\t\t\t\t\t\t\t\t\t\t<img loading=\"lazy\" decoding=\"async\" width=\"1920\" height=\"1080\" src=\"https:\/\/www.mokivape.com\/wp-content\/uploads\/M3_10_b_06-1.webp\" class=\"attachment-full size-full wp-image-8309\" alt=\"C\u00e1psula Vape reutiliz\u00e1vel M3-10\" srcset=\"https:\/\/www.mokivape.com\/wp-content\/uploads\/M3_10_b_06-1.webp 1920w, https:\/\/www.mokivape.com\/wp-content\/uploads\/M3_10_b_06-1-768x432.webp 768w, https:\/\/www.mokivape.com\/wp-content\/uploads\/M3_10_b_06-1-1536x864.webp 1536w, https:\/\/www.mokivape.com\/wp-content\/uploads\/M3_10_b_06-1-18x10.webp 18w, https:\/\/www.mokivape.com\/wp-content\/uploads\/M3_10_b_06-1-600x338.webp 600w\" sizes=\"(max-width: 1920px) 100vw, 1920px\" \/>\t\t\t\t\t\t\t\t\t\t\t\t\t\t\t<\/div>\n\t\t\t\t<\/div>\n\t\t\t\t<\/div>\n\t\t\t\t<\/div>","protected":false},"excerpt":{"rendered":"<p>O cigarro eletr\u00f4nico recarreg\u00e1vel com sabor MOKI Vape M3-10 \u00e9 um vaporizador descart\u00e1vel de alta qualidade, projetado para quem busca sabores e para os amantes da conveni\u00eancia. Com uma bateria de 500mAh e uma bobina de malha de 1,0ohm, ele proporciona uma produ\u00e7\u00e3o consistente de vapor. Desfrute de 10 ml de capacidade de l\u00edquido eletr\u00f4nico para uso prolongado. Recarregue sem esfor\u00e7o via Type-C. Fabricado em pl\u00e1stico de cor \u00fanica com uma ponta de silicone, o M3-10 \u00e9 uma op\u00e7\u00e3o de f\u00e1brica, compat\u00edvel com OEM\/ODM, feita sob encomenda do fabricante e fornecedor de dispositivos de vaporiza\u00e7\u00e3o - MOKI. Experimente a combina\u00e7\u00e3o perfeita de desempenho e portabilidade nesse dispositivo compacto de 85*50*27 mm.<\/p>","protected":false},"featured_media":8146,"comment_status":"open","ping_status":"closed","template":"","meta":[],"product_brand":[],"product_cat":[16],"product_tag":[],"class_list":{"0":"post-1408","1":"product","2":"type-product","3":"status-publish","4":"has-post-thumbnail","6":"product_cat-pod-kits-refillable-open-pods-cartridge-oem","8":"first","9":"instock","10":"shipping-taxable","11":"product-type-simple"},"_links":{"self":[{"href":"https:\/\/www.mokivape.com\/pt\/wp-json\/wp\/v2\/product\/1408","targetHints":{"allow":["GET"]}}],"collection":[{"href":"https:\/\/www.mokivape.com\/pt\/wp-json\/wp\/v2\/product"}],"about":[{"href":"https:\/\/www.mokivape.com\/pt\/wp-json\/wp\/v2\/types\/product"}],"replies":[{"embeddable":true,"href":"https:\/\/www.mokivape.com\/pt\/wp-json\/wp\/v2\/comments?post=1408"}],"version-history":[{"count":0,"href":"https:\/\/www.mokivape.com\/pt\/wp-json\/wp\/v2\/product\/1408\/revisions"}],"wp:featuredmedia":[{"embeddable":true,"href":"https:\/\/www.mokivape.com\/pt\/wp-json\/wp\/v2\/media\/8146"}],"wp:attachment":[{"href":"https:\/\/www.mokivape.com\/pt\/wp-json\/wp\/v2\/media?parent=1408"}],"wp:term":[{"taxonomy":"product_brand","embeddable":true,"href":"https:\/\/www.mokivape.com\/pt\/wp-json\/wp\/v2\/product_brand?post=1408"},{"taxonomy":"product_cat","embeddable":true,"href":"https:\/\/www.mokivape.com\/pt\/wp-json\/wp\/v2\/product_cat?post=1408"},{"taxonomy":"product_tag","embeddable":true,"href":"https:\/\/www.mokivape.com\/pt\/wp-json\/wp\/v2\/product_tag?post=1408"}],"curies":[{"name":"wp","href":"https:\/\/api.w.org\/{rel}","templated":true}]}}