{"id":6793,"date":"2024-08-30T08:12:08","date_gmt":"2024-08-30T08:12:08","guid":{"rendered":"https:\/\/www.mokiecig.com\/?page_id=6793"},"modified":"2025-12-08T02:07:28","modified_gmt":"2025-12-08T02:07:28","slug":"privacy-policy-2","status":"publish","type":"page","link":"https:\/\/www.mokivape.com\/pt\/politica-de-privacidade-2\/","title":{"rendered":"Pol\u00edtica de privacidade"},"content":{"rendered":"<p>Voc\u00ea n\u00e3o pode usar qualquer \"deep-link\", \"page-scrape\", \"rob\u00f4\", \"spider\" ou outros dispositivos autom\u00e1ticos, programa, algoritmo ou metodologia, ou qualquer processo manual semelhante ou equivalente, para acessar, adquirir, copiar ou monitorar qualquer parte do Site ou qualquer Conte\u00fado, ou de qualquer forma reproduzir ou contornar a estrutura de navega\u00e7\u00e3o ou apresenta\u00e7\u00e3o do Site ou qualquer Conte\u00fado, para obter ou tentar obter quaisquer materiais, documentos ou informa\u00e7\u00f5es atrav\u00e9s de quaisquer meios n\u00e3o propositalmente disponibilizados atrav\u00e9s do Site. Voc\u00ea n\u00e3o pode tentar obter acesso n\u00e3o autorizado a qualquer parte ou recurso do Site, ou a quaisquer outros sistemas ou redes conectados ao Site ou a qualquer servidor MOKI vape, ou a qualquer um dos servi\u00e7os oferecidos no ou atrav\u00e9s do Site, por hacking, \"minera\u00e7\u00e3o\" de senha ou qualquer outro meio ileg\u00edtimo.<\/p>\n\n\n\n<p>Voc\u00ea n\u00e3o pode sondar, escanear ou testar a vulnerabilidade do Site ou de qualquer rede conectada ao site, nem violar as medidas de seguran\u00e7a ou autentica\u00e7\u00e3o no Site ou em qualquer rede conectada ao Site. Voc\u00ea n\u00e3o pode fazer uma busca reversa, rastrear ou tentar rastrear qualquer informa\u00e7\u00e3o sobre qualquer outro usu\u00e1rio ou visitante do Site, ou qualquer outro cliente do MOKI vape, incluindo qualquer conta MOKI vape que n\u00e3o seja de sua propriedade, at\u00e9 sua fonte, ou explorar o Site ou qualquer servi\u00e7o ou informa\u00e7\u00e3o disponibilizada ou oferecida por ou atrav\u00e9s do Site, de qualquer forma em que o objetivo seja revelar qualquer informa\u00e7\u00e3o, incluindo, mas n\u00e3o se limitando a, identifica\u00e7\u00e3o pessoal ou informa\u00e7\u00f5es, al\u00e9m de suas pr\u00f3prias informa\u00e7\u00f5es, conforme fornecido pelo Site.<\/p>\n\n\n\n<p>Voc\u00ea concorda em n\u00e3o realizar nenhuma a\u00e7\u00e3o que imponha uma carga excessiva ou desproporcionalmente grande na infraestrutura do Site ou nos sistemas ou redes do MOKI vape, ou em quaisquer sistemas ou redes conectados ao Site ou ao MOKI vape.<\/p>\n\n\n\n<p>Voc\u00ea concorda em n\u00e3o usar qualquer dispositivo, software ou rotina para interferir ou tentar interferir no funcionamento adequado do Site ou em qualquer transa\u00e7\u00e3o realizada no Site, ou no uso do Site por qualquer outra pessoa.<\/p>\n\n\n\n<p>Voc\u00ea n\u00e3o poder\u00e1 forjar cabe\u00e7alhos ou manipular identificadores para disfar\u00e7ar a origem de qualquer mensagem ou transmiss\u00e3o que enviar ao MOKI vape no ou atrav\u00e9s do Site ou de qualquer servi\u00e7o oferecido no ou atrav\u00e9s do Site. Voc\u00ea n\u00e3o pode fingir que \u00e9 ou que representa outra pessoa, ou se passar por qualquer outro indiv\u00edduo ou entidade. Voc\u00ea n\u00e3o pode usar o Site ou qualquer Conte\u00fado para qualquer finalidade que seja ilegal ou proibida por estes Termos de Uso ou para solicitar o desempenho de qualquer atividade ilegal ou outra atividade que infrinja os direitos da MOKI vape ou de terceiros.<\/p>\n\n\n\n<h3 class=\"wp-block-heading\">QUAIS INFORMA\u00c7\u00d5ES COLETAMOS?<\/h3>\n\n\n\n<p>Coletamos suas informa\u00e7\u00f5es quando voc\u00ea se registra em nosso site, faz um pedido ou preenche um formul\u00e1rio. Ao fazer um pedido ou se registrar em nosso site, conforme o caso, pode ser solicitado que voc\u00ea digite seu nome, endere\u00e7o de e-mail ou endere\u00e7o para correspond\u00eancia. No entanto, voc\u00ea pode visitar nosso site de forma an\u00f4nima.<\/p>\n\n\n\n<h3 class=\"wp-block-heading\">PARA QUE USAMOS SUAS INFORMA\u00c7\u00d5ES?<\/h3>\n\n\n\n<p>Qualquer uma das informa\u00e7\u00f5es que coletamos de voc\u00ea pode ser usada de uma das seguintes maneiras:<\/p>\n\n\n\n<p>*Para personalizar sua experi\u00eancia<\/p>\n\n\n\n<p>(suas informa\u00e7\u00f5es nos ajudam a responder melhor \u00e0s suas necessidades individuais)<\/p>\n\n\n\n<p>*Para melhorar nosso site<\/p>\n\n\n\n<p>(nos esfor\u00e7amos continuamente para melhorar as ofertas de nosso site com base nas informa\u00e7\u00f5es e no feedback que recebemos de voc\u00ea)<\/p>\n\n\n\n<p>*Para melhorar o atendimento ao cliente<\/p>\n\n\n\n<p>(suas informa\u00e7\u00f5es nos ajudam a responder com mais efici\u00eancia \u00e0s suas solicita\u00e7\u00f5es de atendimento ao cliente e necessidades de suporte)<\/p>\n\n\n\n<p>*Para processar transa\u00e7\u00f5es<\/p>\n\n\n\n<p>Suas informa\u00e7\u00f5es, sejam elas p\u00fablicas ou privadas, n\u00e3o ser\u00e3o vendidas, trocadas, transferidas ou fornecidas a qualquer outra empresa, por qualquer motivo, sem o seu consentimento, a n\u00e3o ser com a finalidade expressa de fornecer o produto adquirido ou o servi\u00e7o solicitado.<\/p>\n\n\n\n<p>*Para enviar e-mails peri\u00f3dicos<\/p>\n\n\n\n<p>O endere\u00e7o de e-mail fornecido para o processamento do pedido pode ser usado para enviar informa\u00e7\u00f5es e atualiza\u00e7\u00f5es relativas ao seu pedido, al\u00e9m de receber not\u00edcias ocasionais da empresa, atualiza\u00e7\u00f5es, informa\u00e7\u00f5es sobre produtos ou servi\u00e7os relacionados etc.<\/p>\n\n\n\n<h3 class=\"wp-block-heading\">COMO PROTEGEMOS SUAS INFORMA\u00c7\u00d5ES?<\/h3>\n\n\n\n<p>Implementamos uma s\u00e9rie de medidas de seguran\u00e7a para manter a seguran\u00e7a de suas informa\u00e7\u00f5es pessoais quando voc\u00ea faz um pedido ou insere, envia ou acessa suas informa\u00e7\u00f5es pessoais.<\/p>\n\n\n\n<p>Oferecemos o uso de um servidor seguro.<\/p>\n\n\n\n<h3 class=\"wp-block-heading\">DIVULGAMOS ALGUMA INFORMA\u00c7\u00c3O PARA TERCEIROS?<\/h3>\n\n\n\n<p>N\u00e3o vendemos, trocamos ou transferimos de outra forma para terceiros suas informa\u00e7\u00f5es de identifica\u00e7\u00e3o pessoal. Isso n\u00e3o inclui terceiros de confian\u00e7a que nos auxiliam na opera\u00e7\u00e3o de nosso site, na condu\u00e7\u00e3o de nossos neg\u00f3cios ou na presta\u00e7\u00e3o de servi\u00e7os ao usu\u00e1rio, desde que essas partes concordem em manter essas informa\u00e7\u00f5es confidenciais. Tamb\u00e9m podemos divulgar suas informa\u00e7\u00f5es quando acreditarmos que a divulga\u00e7\u00e3o \u00e9 apropriada para cumprir a lei, aplicar as pol\u00edticas do nosso site ou proteger nossos direitos, propriedade ou seguran\u00e7a, ou os de terceiros. No entanto, informa\u00e7\u00f5es de visitantes n\u00e3o pessoalmente identific\u00e1veis podem ser fornecidas a outras partes para fins de marketing, publicidade ou outros usos.<\/p>\n\n\n\n<h3 class=\"wp-block-heading\">SOMENTE POL\u00cdTICA DE PRIVACIDADE ON-LINE<\/h3>\n\n\n\n<p>Esta pol\u00edtica de privacidade on-line aplica-se somente \u00e0s informa\u00e7\u00f5es coletadas por meio de nosso site e n\u00e3o \u00e0s informa\u00e7\u00f5es coletadas off-line.<\/p>\n\n\n\n<h3 class=\"wp-block-heading\">SEU CONSENTIMENTO<\/h3>\n\n\n\n<p>Ao usar nosso site, voc\u00ea concorda com nossa pol\u00edtica de privacidade.<\/p>\n\n\n\n<p>Viola\u00e7\u00e3o destes Termos de Uso<\/p>\n\n\n\n<p>O MOKI vape pode divulgar qualquer informa\u00e7\u00e3o que tenhamos sobre voc\u00ea (incluindo sua identidade) se determinarmos que tal divulga\u00e7\u00e3o \u00e9 necess\u00e1ria em conex\u00e3o com qualquer investiga\u00e7\u00e3o ou reclama\u00e7\u00e3o sobre o uso do Site, ou para identificar, contatar ou mover uma a\u00e7\u00e3o legal contra algu\u00e9m que possa estar causando danos ou interfer\u00eancia (intencionalmente ou n\u00e3o) nos direitos ou propriedade do MOKI vape, ou nos direitos ou propriedade dos visitantes ou usu\u00e1rios do Site, incluindo os clientes do MOKI vape. O MOKI vape se reserva o direito de, a qualquer momento, divulgar qualquer informa\u00e7\u00e3o que o MOKI vape considere necess\u00e1ria para cumprir qualquer lei, regulamento, processo legal ou solicita\u00e7\u00e3o governamental aplic\u00e1vel.<\/p>\n\n\n\n<p>O MOKI vape tamb\u00e9m pode divulgar suas informa\u00e7\u00f5es quando o MOKI vape determinar que a lei aplic\u00e1vel exige ou permite tal divulga\u00e7\u00e3o, incluindo a troca de informa\u00e7\u00f5es com outras empresas e organiza\u00e7\u00f5es para fins de prote\u00e7\u00e3o contra fraudes.<\/p>\n\n\n\n<p>Voc\u00ea reconhece e concorda que o MOKI vape pode preservar qualquer transmiss\u00e3o ou comunica\u00e7\u00e3o sua com o MOKI vape atrav\u00e9s do Site ou qualquer servi\u00e7o oferecido no ou atrav\u00e9s do Site, e tamb\u00e9m pode divulgar tais dados se exigido por lei ou o MOKI vape determina que tal preserva\u00e7\u00e3o ou divulga\u00e7\u00e3o \u00e9 razoavelmente necess\u00e1ria para (1) cumprir o processo legal, (2) fazer cumprir estes Termos de Uso, (3) responder a reclama\u00e7\u00f5es de que tais dados violam os direitos de terceiros, ou (4) proteger os direitos, propriedade ou seguran\u00e7a pessoal do MOKI vape, seus funcion\u00e1rios, usu\u00e1rios ou visitantes do Site e o p\u00fablico.<\/p>\n\n\n\n<p>Voc\u00ea concorda que a MOKI vape pode, a seu exclusivo crit\u00e9rio e sem aviso pr\u00e9vio, encerrar seu acesso ao Site e\/ou bloquear seu acesso futuro ao Site se determinarmos que voc\u00ea violou estes Termos de Uso ou outros acordos ou diretrizes que possam estar associados ao seu uso do Site. Voc\u00ea tamb\u00e9m concorda que qualquer viola\u00e7\u00e3o por voc\u00ea destes Termos de Uso constituir\u00e1 uma pr\u00e1tica comercial ilegal e injusta e causar\u00e1 danos irrepar\u00e1veis \u00e0 MOKI vape, para os quais os danos monet\u00e1rios seriam inadequados, e voc\u00ea concorda que a MOKI vape obtenha qualquer medida cautelar ou equitativa que a MOKI vape considere necess\u00e1ria ou apropriada em tais circunst\u00e2ncias. Esses recursos s\u00e3o adicionais a quaisquer outros recursos que a MOKI vape possa ter por lei ou em equidade.<\/p>\n\n\n\n<p>Voc\u00ea concorda que a MOKI vape pode, a seu exclusivo crit\u00e9rio e sem aviso pr\u00e9vio, encerrar seu acesso ao Site, por justa causa, o que inclui (mas n\u00e3o se limita a) (1) solicita\u00e7\u00f5es de autoridades policiais ou outras ag\u00eancias governamentais, (2) uma solicita\u00e7\u00e3o sua (exclus\u00f5es de conta auto-iniciadas), (3) descontinua\u00e7\u00e3o ou modifica\u00e7\u00e3o material do Site ou de qualquer servi\u00e7o oferecido no ou atrav\u00e9s do Site, ou (4) quest\u00f5es ou problemas t\u00e9cnicos inesperados.<\/p>\n\n\n\n<p>Se o MOKI vape tomar qualquer a\u00e7\u00e3o legal contra voc\u00ea como resultado de sua viola\u00e7\u00e3o destes Termos de Uso, o MOKI vape ter\u00e1 o direito de recuperar de voc\u00ea, e voc\u00ea concorda em pagar, todos os honor\u00e1rios advocat\u00edcios razo\u00e1veis e custos de tal a\u00e7\u00e3o, al\u00e9m de qualquer outro al\u00edvio concedido ao MOKI vape. Voc\u00ea concorda que o MOKI vape n\u00e3o ser\u00e1 respons\u00e1vel perante voc\u00ea ou qualquer terceiro pela rescis\u00e3o de seu acesso ao Site como resultado de qualquer viola\u00e7\u00e3o destes Termos de Uso.<\/p>\n\n\n\n<h3 class=\"wp-block-heading\">ALTERA\u00c7\u00d5ES NESTA DECLARA\u00c7\u00c3O DE PRIVACIDADE<\/h3>\n\n\n\n<p>Se decidirmos alterar nossa pol\u00edtica de privacidade, publicaremos essas altera\u00e7\u00f5es nesta declara\u00e7\u00e3o de privacidade, na p\u00e1gina inicial e em outros locais que considerarmos apropriados, para que voc\u00ea saiba quais informa\u00e7\u00f5es coletamos, como as usamos e em que circunst\u00e2ncias, se houver, as divulgamos.<\/p>\n\n\n\n<p>Reservamo-nos o direito de modificar esta declara\u00e7\u00e3o de privacidade a qualquer momento, portanto, revise-a com frequ\u00eancia. Se fizermos altera\u00e7\u00f5es significativas nesta pol\u00edtica, voc\u00ea ser\u00e1 notificado aqui, por e-mail ou por meio de um aviso em nossa p\u00e1gina inicial.<\/p>","protected":false},"excerpt":{"rendered":"<p>You may not use any \u201cdeep-link\u201d, \u201cpage-scrape\u201d, \u201crobot\u201d, \u201cspider\u201d or other automatic devices, program, algorithm or methodology, or any similar or equivalent manual process, to access, acquire, copy or monitor any portion of the Site or any Content, or in any way reproduce or circumvent the navigational structure or presentation of the Site or any [&hellip;]<\/p>","protected":false},"author":1,"featured_media":0,"parent":0,"menu_order":0,"comment_status":"closed","ping_status":"closed","template":"","meta":{"footnotes":""},"class_list":["post-6793","page","type-page","status-publish","hentry"],"_links":{"self":[{"href":"https:\/\/www.mokivape.com\/pt\/wp-json\/wp\/v2\/pages\/6793","targetHints":{"allow":["GET"]}}],"collection":[{"href":"https:\/\/www.mokivape.com\/pt\/wp-json\/wp\/v2\/pages"}],"about":[{"href":"https:\/\/www.mokivape.com\/pt\/wp-json\/wp\/v2\/types\/page"}],"author":[{"embeddable":true,"href":"https:\/\/www.mokivape.com\/pt\/wp-json\/wp\/v2\/users\/1"}],"replies":[{"embeddable":true,"href":"https:\/\/www.mokivape.com\/pt\/wp-json\/wp\/v2\/comments?post=6793"}],"version-history":[{"count":0,"href":"https:\/\/www.mokivape.com\/pt\/wp-json\/wp\/v2\/pages\/6793\/revisions"}],"wp:attachment":[{"href":"https:\/\/www.mokivape.com\/pt\/wp-json\/wp\/v2\/media?parent=6793"}],"curies":[{"name":"wp","href":"https:\/\/api.w.org\/{rel}","templated":true}]}}