{"id":8447,"date":"2025-01-10T03:47:41","date_gmt":"2025-01-10T03:47:41","guid":{"rendered":"https:\/\/www.mokiecig.com\/?post_type=product&#038;p=8447"},"modified":"2025-01-10T03:55:52","modified_gmt":"2025-01-10T03:55:52","slug":"d10-mint-flavored-vape-pod-cartridge","status":"publish","type":"product","link":"https:\/\/www.mokivape.com\/pl\/produkt\/wklad-vape-d10-o-smaku-mietowym\/","title":{"rendered":"Wk\u0142ad Vape Pod o smaku mi\u0119towym D10"},"content":{"rendered":"<div class=\"tg-wrap\">\n<table>\n<tbody>\n<tr>\n<td>Rozmiar<\/td>\n<td>54,32*19,59*10,49 mm<\/td>\n<td>Odporno\u015b\u0107<\/td>\n<td>1,1-1,3ohm<\/td>\n<\/tr>\n<tr>\n<td>Pojemno\u015b\u0107 e-liquidu<\/td>\n<td>2,3 ml<\/td>\n<td>Materia\u0142<\/td>\n<td>PCTG<\/td>\n<\/tr>\n<tr>\n<td>Przew\u00f3d grzejny<\/td>\n<td>Cewka ceramiczna<\/td>\n<td><\/td>\n<td><\/td>\n<\/tr>\n<\/tbody>\n<\/table>\n<\/div>\n<div><img fetchpriority=\"high\" decoding=\"async\" class=\"alignnone size-full wp-image-8436\" src=\"https:\/\/www.mokiecig.com\/wp-content\/uploads\/moki_compatible_vape_pod_cartridge.webp\" alt=\"kompatybilne wk\u0142ady vape moki\" width=\"1080\" height=\"687\" srcset=\"https:\/\/www.mokivape.com\/wp-content\/uploads\/moki_compatible_vape_pod_cartridge.webp 1080w, https:\/\/www.mokivape.com\/wp-content\/uploads\/moki_compatible_vape_pod_cartridge-768x489.webp 768w, https:\/\/www.mokivape.com\/wp-content\/uploads\/moki_compatible_vape_pod_cartridge-18x12.webp 18w, https:\/\/www.mokivape.com\/wp-content\/uploads\/moki_compatible_vape_pod_cartridge-600x382.webp 600w\" sizes=\"(max-width: 1080px) 100vw, 1080px\" \/><\/div>","protected":false},"excerpt":{"rendered":"<p>Vape Pod Cartridge MK-D10 o smaku mi\u0119towym to wysokiej jako\u015bci wst\u0119pnie nape\u0142niony wk\u0142ad z serii Pod dla entuzjast\u00f3w e-liquid\u00f3w. Ten wk\u0142ad vape pod o wymiarach 54,32*19,59*10,49 mm zapewnia du\u017c\u0105 pojemno\u015b\u0107 2,3 ml e-liquidu, zapewniaj\u0105c d\u0142u\u017csze sesje waporyzacji. Wyposa\u017cony w ceramiczn\u0105 cewk\u0119 i zakres oporno\u015bci 1,1-1,3ohm, zapewnia aromatyczn\u0105 i satysfakcjonuj\u0105c\u0105 waporyzacj\u0119. Wykonany z materia\u0142u PCTG, jest trwa\u0142y i niezawodny. MK-D10 obs\u0142uguje OEM i ODM, Mint Flavored Vape Pod Cartridge MK-D10 to wysokiej jako\u015bci, gor\u0105cy produkt do waporyzacji, wykonany na zam\u00f3wienie od wiod\u0105cego producenta i dostawcy MOKI. Do\u015bwiadcz wygody i wydajno\u015bci wk\u0142adu vape, kt\u00f3ry wyznacza nowe standardy w bran\u017cy.<\/p>","protected":false},"featured_media":8433,"comment_status":"open","ping_status":"closed","template":"","meta":[],"product_brand":[],"product_cat":[472],"product_tag":[],"class_list":{"0":"post-8447","1":"product","2":"type-product","3":"status-publish","4":"has-post-thumbnail","6":"product_cat-compatibale-vape-pods","8":"first","9":"instock","10":"shipping-taxable","11":"product-type-simple"},"_links":{"self":[{"href":"https:\/\/www.mokivape.com\/pl\/wp-json\/wp\/v2\/product\/8447","targetHints":{"allow":["GET"]}}],"collection":[{"href":"https:\/\/www.mokivape.com\/pl\/wp-json\/wp\/v2\/product"}],"about":[{"href":"https:\/\/www.mokivape.com\/pl\/wp-json\/wp\/v2\/types\/product"}],"replies":[{"embeddable":true,"href":"https:\/\/www.mokivape.com\/pl\/wp-json\/wp\/v2\/comments?post=8447"}],"version-history":[{"count":0,"href":"https:\/\/www.mokivape.com\/pl\/wp-json\/wp\/v2\/product\/8447\/revisions"}],"wp:featuredmedia":[{"embeddable":true,"href":"https:\/\/www.mokivape.com\/pl\/wp-json\/wp\/v2\/media\/8433"}],"wp:attachment":[{"href":"https:\/\/www.mokivape.com\/pl\/wp-json\/wp\/v2\/media?parent=8447"}],"wp:term":[{"taxonomy":"product_brand","embeddable":true,"href":"https:\/\/www.mokivape.com\/pl\/wp-json\/wp\/v2\/product_brand?post=8447"},{"taxonomy":"product_cat","embeddable":true,"href":"https:\/\/www.mokivape.com\/pl\/wp-json\/wp\/v2\/product_cat?post=8447"},{"taxonomy":"product_tag","embeddable":true,"href":"https:\/\/www.mokivape.com\/pl\/wp-json\/wp\/v2\/product_tag?post=8447"}],"curies":[{"name":"wp","href":"https:\/\/api.w.org\/{rel}","templated":true}]}}