{"id":8439,"date":"2025-01-10T03:37:39","date_gmt":"2025-01-10T03:37:39","guid":{"rendered":"https:\/\/www.mokiecig.com\/?post_type=product&#038;p=8439"},"modified":"2025-06-30T10:22:02","modified_gmt":"2025-06-30T10:22:02","slug":"n5-ceramic-coil-compatible-prefilled-pods","status":"publish","type":"product","link":"https:\/\/www.mokivape.com\/pl\/produkt\/wstepnie-napelnione-kapsulki-kompatybilne-z-cewka-ceramiczna-n5\/","title":{"rendered":"Ceramiczna cewka kompatybilna z nape\u0142nianymi kapsu\u0142kami N5"},"content":{"rendered":"<div class=\"tg-wrap\">\n<table>\n<tbody>\n<tr>\n<td>Rozmiar<\/td>\n<td>50,67*19,59*10,49 mm<\/td>\n<td>Odporno\u015b\u0107<\/td>\n<td>1,0-1,25ohm<\/td>\n<\/tr>\n<tr>\n<td>Pojemno\u015b\u0107 e-liquidu<\/td>\n<td>2 ml<\/td>\n<td>Materia\u0142<\/td>\n<td>PCTG<\/td>\n<\/tr>\n<tr>\n<td>Przew\u00f3d grzejny<\/td>\n<td>Cewka ceramiczna<\/td>\n<td><\/td>\n<td><\/td>\n<\/tr>\n<\/tbody>\n<\/table>\n<\/div>\n<div><img fetchpriority=\"high\" decoding=\"async\" class=\"alignnone size-full wp-image-8437\" src=\"https:\/\/www.mokiecig.com\/wp-content\/uploads\/n5_ceramic_coil_prefilled_pod_b_01.webp\" alt=\"Wst\u0119pnie nape\u0142nione kapsu\u0142ki kompatybilne z cewkami ceramicznymi\" width=\"1080\" height=\"810\" srcset=\"https:\/\/www.mokivape.com\/wp-content\/uploads\/n5_ceramic_coil_prefilled_pod_b_01.webp 1080w, https:\/\/www.mokivape.com\/wp-content\/uploads\/n5_ceramic_coil_prefilled_pod_b_01-768x576.webp 768w, https:\/\/www.mokivape.com\/wp-content\/uploads\/n5_ceramic_coil_prefilled_pod_b_01-16x12.webp 16w, https:\/\/www.mokivape.com\/wp-content\/uploads\/n5_ceramic_coil_prefilled_pod_b_01-600x450.webp 600w\" sizes=\"(max-width: 1080px) 100vw, 1080px\" \/><\/div>","protected":false},"excerpt":{"rendered":"<p>Kompatybilny z ceramiczn\u0105 cewk\u0105 Prefilled Pods MK-N5 to wygodne urz\u0105dzenie z serii Prefilled Pods, kt\u00f3re jest gotowe do u\u017cycia zaraz po wyj\u0119ciu z pude\u0142ka. Ten elegancki vape pen o wymiarach 50,67 * 19,59 * 10,49 mm ma pojemno\u015b\u0107 2 ml e-liquidu i ceramiczn\u0105 cewk\u0119 zapewniaj\u0105c\u0105 sp\u00f3jn\u0105 i aromatyczn\u0105 waporyzacj\u0119. Zakres oporno\u015bci 1,0-1,25ohm pozwala zaspokoi\u0107 r\u00f3\u017cne preferencje dotycz\u0105ce waporyzacji. Wykonany z materia\u0142u PCTG, ten wysokiej jako\u015bci wst\u0119pnie nape\u0142niony pod pen jest trwa\u0142y i niezawodny. MK-N5 obs\u0142uguje OEM i ODM, jako gor\u0105cy przedmiot sprzeda\u017cy od zaufanego producenta i dostawcy, MOKI, oferuj\u0105c rozwi\u0105zanie na zam\u00f3wienie dla entuzjast\u00f3w pi\u00f3r e-liquid. MOKI Ceramic Coil Prefilled Pod to najlepsze rozwi\u0105zanie do waporyzacji w kapsu\u0142kach.<\/p>","protected":false},"featured_media":8434,"comment_status":"open","ping_status":"closed","template":"","meta":[],"product_brand":[],"product_cat":[472],"product_tag":[],"class_list":{"0":"post-8439","1":"product","2":"type-product","3":"status-publish","4":"has-post-thumbnail","6":"product_cat-compatibale-vape-pods","8":"first","9":"instock","10":"shipping-taxable","11":"product-type-simple"},"_links":{"self":[{"href":"https:\/\/www.mokivape.com\/pl\/wp-json\/wp\/v2\/product\/8439","targetHints":{"allow":["GET"]}}],"collection":[{"href":"https:\/\/www.mokivape.com\/pl\/wp-json\/wp\/v2\/product"}],"about":[{"href":"https:\/\/www.mokivape.com\/pl\/wp-json\/wp\/v2\/types\/product"}],"replies":[{"embeddable":true,"href":"https:\/\/www.mokivape.com\/pl\/wp-json\/wp\/v2\/comments?post=8439"}],"version-history":[{"count":0,"href":"https:\/\/www.mokivape.com\/pl\/wp-json\/wp\/v2\/product\/8439\/revisions"}],"wp:featuredmedia":[{"embeddable":true,"href":"https:\/\/www.mokivape.com\/pl\/wp-json\/wp\/v2\/media\/8434"}],"wp:attachment":[{"href":"https:\/\/www.mokivape.com\/pl\/wp-json\/wp\/v2\/media?parent=8439"}],"wp:term":[{"taxonomy":"product_brand","embeddable":true,"href":"https:\/\/www.mokivape.com\/pl\/wp-json\/wp\/v2\/product_brand?post=8439"},{"taxonomy":"product_cat","embeddable":true,"href":"https:\/\/www.mokivape.com\/pl\/wp-json\/wp\/v2\/product_cat?post=8439"},{"taxonomy":"product_tag","embeddable":true,"href":"https:\/\/www.mokivape.com\/pl\/wp-json\/wp\/v2\/product_tag?post=8439"}],"curies":[{"name":"wp","href":"https:\/\/api.w.org\/{rel}","templated":true}]}}