{"id":1415,"date":"2024-04-17T09:14:06","date_gmt":"2024-04-17T09:14:06","guid":{"rendered":"https:\/\/www.mokiecig.com\/?post_type=product&#038;p=1415"},"modified":"2025-06-30T10:23:22","modified_gmt":"2025-06-30T10:23:22","slug":"m38-fruits-flavor-disposable-vape","status":"publish","type":"product","link":"https:\/\/www.mokivape.com\/pl\/produkt\/jednorazowe-vape-o-smaku-owocow-m38\/","title":{"rendered":"MK-M38 Fruits Flavor Vape jednorazowego u\u017cytku"},"content":{"rendered":"<div data-elementor-type=\"product-post\" data-elementor-id=\"1415\" class=\"elementor elementor-1415\" data-elementor-post-type=\"product\">\n\t\t\t\t<div class=\"elementor-element elementor-element-df53c30 e-con-full e-flex e-con e-parent\" data-id=\"df53c30\" data-element_type=\"container\">\n\t\t\t\t<div class=\"elementor-element elementor-element-19579a3 elementor-widget elementor-widget-heading\" data-id=\"19579a3\" data-element_type=\"widget\" data-widget_type=\"heading.default\">\n\t\t\t\t<div class=\"elementor-widget-container\">\n\t\t\t\t\t<h2 class=\"elementor-heading-title elementor-size-default\">MK-M38 Fruits Flavor Vape jednorazowego u\u017cytku<\/h2>\t\t\t\t<\/div>\n\t\t\t\t<\/div>\n\t\t\t\t<div class=\"elementor-element elementor-element-aee4b53 elementor-widget elementor-widget-html\" data-id=\"aee4b53\" data-element_type=\"widget\" data-widget_type=\"html.default\">\n\t\t\t\t<div class=\"elementor-widget-container\">\n\t\t\t\t\t<table><tbody><tr><td>Odporno\u015b\u0107<\/td><td>0,8-1,2ohm<\/td><td>Rozmiar<\/td><td>55,2*26,5*79 mm<\/td><\/tr><tr><td>Pojemno\u015b\u0107 e-liquidu<\/td><td>12 ml<\/td><td>Pojemno\u015b\u0107 akumulatora<\/td><td>500mAh<\/td><\/tr><tr><td>Akumulator<\/td><td>Typ-C<\/td><td>Przew\u00f3d grzejny<\/td><td>Siatka cewki<\/td><\/tr><tr><td>Materia\u0142<\/td><td colspan=\"3\">Jednokolorowy plastik + naszywka<\/td><\/tr><\/tbody><\/table>\t\t\t\t<\/div>\n\t\t\t\t<\/div>\n\t\t\t\t<div class=\"elementor-element elementor-element-f973e30 elementor-widget elementor-widget-image\" data-id=\"f973e30\" data-element_type=\"widget\" data-widget_type=\"image.default\">\n\t\t\t\t<div class=\"elementor-widget-container\">\n\t\t\t\t\t\t\t\t\t\t\t\t\t\t\t<img fetchpriority=\"high\" decoding=\"async\" width=\"1920\" height=\"1080\" src=\"https:\/\/www.mokivape.com\/wp-content\/uploads\/M38_b_1.webp\" class=\"attachment-full size-full wp-image-8243\" alt=\"M38 Fruit Flavor Vape Bar\" srcset=\"https:\/\/www.mokivape.com\/wp-content\/uploads\/M38_b_1.webp 1920w, https:\/\/www.mokivape.com\/wp-content\/uploads\/M38_b_1-768x432.webp 768w, https:\/\/www.mokivape.com\/wp-content\/uploads\/M38_b_1-1536x864.webp 1536w, https:\/\/www.mokivape.com\/wp-content\/uploads\/M38_b_1-18x10.webp 18w, https:\/\/www.mokivape.com\/wp-content\/uploads\/M38_b_1-600x338.webp 600w\" sizes=\"(max-width: 1920px) 100vw, 1920px\" \/>\t\t\t\t\t\t\t\t\t\t\t\t\t\t\t<\/div>\n\t\t\t\t<\/div>\n\t\t\t\t<div class=\"elementor-element elementor-element-d533c24 elementor-widget elementor-widget-image\" data-id=\"d533c24\" data-element_type=\"widget\" data-widget_type=\"image.default\">\n\t\t\t\t<div class=\"elementor-widget-container\">\n\t\t\t\t\t\t\t\t\t\t\t\t\t\t\t<img decoding=\"async\" width=\"1920\" height=\"1080\" src=\"https:\/\/www.mokivape.com\/wp-content\/uploads\/M38_b_2.webp\" class=\"attachment-full size-full wp-image-8244\" alt=\"M38 Fruit Flavor Vape Bar\" srcset=\"https:\/\/www.mokivape.com\/wp-content\/uploads\/M38_b_2.webp 1920w, https:\/\/www.mokivape.com\/wp-content\/uploads\/M38_b_2-768x432.webp 768w, https:\/\/www.mokivape.com\/wp-content\/uploads\/M38_b_2-1536x864.webp 1536w, https:\/\/www.mokivape.com\/wp-content\/uploads\/M38_b_2-18x10.webp 18w, https:\/\/www.mokivape.com\/wp-content\/uploads\/M38_b_2-600x338.webp 600w\" sizes=\"(max-width: 1920px) 100vw, 1920px\" \/>\t\t\t\t\t\t\t\t\t\t\t\t\t\t\t<\/div>\n\t\t\t\t<\/div>\n\t\t\t\t<div class=\"elementor-element elementor-element-aad134e elementor-widget elementor-widget-image\" data-id=\"aad134e\" data-element_type=\"widget\" data-widget_type=\"image.default\">\n\t\t\t\t<div class=\"elementor-widget-container\">\n\t\t\t\t\t\t\t\t\t\t\t\t\t\t\t<img decoding=\"async\" width=\"1920\" height=\"1080\" src=\"https:\/\/www.mokivape.com\/wp-content\/uploads\/M38_b_3.webp\" class=\"attachment-full size-full wp-image-8245\" alt=\"M38 Fruit Flavor Vape Bar\" srcset=\"https:\/\/www.mokivape.com\/wp-content\/uploads\/M38_b_3.webp 1920w, https:\/\/www.mokivape.com\/wp-content\/uploads\/M38_b_3-768x432.webp 768w, https:\/\/www.mokivape.com\/wp-content\/uploads\/M38_b_3-1536x864.webp 1536w, https:\/\/www.mokivape.com\/wp-content\/uploads\/M38_b_3-18x10.webp 18w, https:\/\/www.mokivape.com\/wp-content\/uploads\/M38_b_3-600x338.webp 600w\" sizes=\"(max-width: 1920px) 100vw, 1920px\" \/>\t\t\t\t\t\t\t\t\t\t\t\t\t\t\t<\/div>\n\t\t\t\t<\/div>\n\t\t\t\t<div class=\"elementor-element elementor-element-f241fe9 elementor-widget elementor-widget-image\" data-id=\"f241fe9\" data-element_type=\"widget\" data-widget_type=\"image.default\">\n\t\t\t\t<div class=\"elementor-widget-container\">\n\t\t\t\t\t\t\t\t\t\t\t\t\t\t\t<img loading=\"lazy\" decoding=\"async\" width=\"1920\" height=\"1080\" src=\"https:\/\/www.mokivape.com\/wp-content\/uploads\/M38_b_4.webp\" class=\"attachment-full size-full wp-image-8246\" alt=\"M38 Fruit Flavor Vape Bar\" srcset=\"https:\/\/www.mokivape.com\/wp-content\/uploads\/M38_b_4.webp 1920w, https:\/\/www.mokivape.com\/wp-content\/uploads\/M38_b_4-768x432.webp 768w, https:\/\/www.mokivape.com\/wp-content\/uploads\/M38_b_4-1536x864.webp 1536w, https:\/\/www.mokivape.com\/wp-content\/uploads\/M38_b_4-18x10.webp 18w, https:\/\/www.mokivape.com\/wp-content\/uploads\/M38_b_4-600x338.webp 600w\" sizes=\"(max-width: 1920px) 100vw, 1920px\" \/>\t\t\t\t\t\t\t\t\t\t\t\t\t\t\t<\/div>\n\t\t\t\t<\/div>\n\t\t\t\t<div class=\"elementor-element elementor-element-2b97547 elementor-widget elementor-widget-image\" data-id=\"2b97547\" data-element_type=\"widget\" data-widget_type=\"image.default\">\n\t\t\t\t<div class=\"elementor-widget-container\">\n\t\t\t\t\t\t\t\t\t\t\t\t\t\t\t<img loading=\"lazy\" decoding=\"async\" width=\"1920\" height=\"1080\" src=\"https:\/\/www.mokivape.com\/wp-content\/uploads\/M38_b_5.webp\" class=\"attachment-full size-full wp-image-8247\" alt=\"M38 Fruit Flavor Vape Bar\" srcset=\"https:\/\/www.mokivape.com\/wp-content\/uploads\/M38_b_5.webp 1920w, https:\/\/www.mokivape.com\/wp-content\/uploads\/M38_b_5-768x432.webp 768w, https:\/\/www.mokivape.com\/wp-content\/uploads\/M38_b_5-1536x864.webp 1536w, https:\/\/www.mokivape.com\/wp-content\/uploads\/M38_b_5-18x10.webp 18w, https:\/\/www.mokivape.com\/wp-content\/uploads\/M38_b_5-600x338.webp 600w\" sizes=\"(max-width: 1920px) 100vw, 1920px\" \/>\t\t\t\t\t\t\t\t\t\t\t\t\t\t\t<\/div>\n\t\t\t\t<\/div>\n\t\t\t\t<div class=\"elementor-element elementor-element-ada4f7f elementor-widget elementor-widget-image\" data-id=\"ada4f7f\" data-element_type=\"widget\" data-widget_type=\"image.default\">\n\t\t\t\t<div class=\"elementor-widget-container\">\n\t\t\t\t\t\t\t\t\t\t\t\t\t\t\t<img loading=\"lazy\" decoding=\"async\" width=\"1920\" height=\"1080\" src=\"https:\/\/www.mokivape.com\/wp-content\/uploads\/M38_b_06.webp\" class=\"attachment-full size-full wp-image-8248\" alt=\"Lista opakowa\u0144 baton\u00f3w M38 Fruit Flavor Vape Bar\" srcset=\"https:\/\/www.mokivape.com\/wp-content\/uploads\/M38_b_06.webp 1920w, https:\/\/www.mokivape.com\/wp-content\/uploads\/M38_b_06-768x432.webp 768w, https:\/\/www.mokivape.com\/wp-content\/uploads\/M38_b_06-1536x864.webp 1536w, https:\/\/www.mokivape.com\/wp-content\/uploads\/M38_b_06-18x10.webp 18w, https:\/\/www.mokivape.com\/wp-content\/uploads\/M38_b_06-600x338.webp 600w\" sizes=\"(max-width: 1920px) 100vw, 1920px\" \/>\t\t\t\t\t\t\t\t\t\t\t\t\t\t\t<\/div>\n\t\t\t\t<\/div>\n\t\t\t\t<\/div>\n\t\t\t\t<\/div>","protected":false},"excerpt":{"rendered":"<p>MOKI Vaporizer Fruits Flavor Disposable Vape MK-M38 to kompaktowe i wygodne urz\u0105dzenie do waporyzacji. Dzi\u0119ki baterii 500 mAh i regulowanej oporno\u015bci 0,8-1,2ohm, urz\u0105dzenie to oferuje konfigurowalny profil waporyzacji.<br \/>\nCiesz si\u0119 bogatymi smakami owocowych e-liquid\u00f3w w pojemno\u015bci 12 ml, \u0142adowanych szybko przez Type-C. Vape o wymiarach 55,2 * 26,5 * 79 mm jest wykonany z jednokolorowego plastiku i naszywki, dzi\u0119ki czemu jest stylowym wyborem.<br \/>\nJako wysokiej jako\u015bci jednorazowy vaporizer w gor\u0105cej sprzeda\u017cy, jest to najlepszy wyb\u00f3r dla producent\u00f3w OEM vape, od dostawcy i producenta - MOKI, kt\u00f3ry zapewnia jednorazowe rozwi\u0105zanie vape. Idealny dla ODM i na zam\u00f3wienie, MOKI Vaporizer wyr\u00f3\u017cnia si\u0119 na rynku vape.<\/p>","protected":false},"featured_media":8153,"comment_status":"open","ping_status":"closed","template":"","meta":[],"product_brand":[],"product_cat":[31],"product_tag":[],"class_list":{"0":"post-1415","1":"product","2":"type-product","3":"status-publish","4":"has-post-thumbnail","6":"product_cat-disposable-vape-pod-kits-oem-vape-pen-manufacturing","8":"first","9":"instock","10":"shipping-taxable","11":"product-type-simple"},"_links":{"self":[{"href":"https:\/\/www.mokivape.com\/pl\/wp-json\/wp\/v2\/product\/1415","targetHints":{"allow":["GET"]}}],"collection":[{"href":"https:\/\/www.mokivape.com\/pl\/wp-json\/wp\/v2\/product"}],"about":[{"href":"https:\/\/www.mokivape.com\/pl\/wp-json\/wp\/v2\/types\/product"}],"replies":[{"embeddable":true,"href":"https:\/\/www.mokivape.com\/pl\/wp-json\/wp\/v2\/comments?post=1415"}],"version-history":[{"count":0,"href":"https:\/\/www.mokivape.com\/pl\/wp-json\/wp\/v2\/product\/1415\/revisions"}],"wp:featuredmedia":[{"embeddable":true,"href":"https:\/\/www.mokivape.com\/pl\/wp-json\/wp\/v2\/media\/8153"}],"wp:attachment":[{"href":"https:\/\/www.mokivape.com\/pl\/wp-json\/wp\/v2\/media?parent=1415"}],"wp:term":[{"taxonomy":"product_brand","embeddable":true,"href":"https:\/\/www.mokivape.com\/pl\/wp-json\/wp\/v2\/product_brand?post=1415"},{"taxonomy":"product_cat","embeddable":true,"href":"https:\/\/www.mokivape.com\/pl\/wp-json\/wp\/v2\/product_cat?post=1415"},{"taxonomy":"product_tag","embeddable":true,"href":"https:\/\/www.mokivape.com\/pl\/wp-json\/wp\/v2\/product_tag?post=1415"}],"curies":[{"name":"wp","href":"https:\/\/api.w.org\/{rel}","templated":true}]}}