{"id":1411,"date":"2024-04-17T09:12:13","date_gmt":"2024-04-17T09:12:13","guid":{"rendered":"https:\/\/www.mokiecig.com\/?post_type=product&#038;p=1411"},"modified":"2025-01-03T06:35:25","modified_gmt":"2025-01-03T06:35:25","slug":"m16-fruit-flavor-electronic-cigarette","status":"publish","type":"product","link":"https:\/\/www.mokivape.com\/pl\/produkt\/elektroniczny-papieros-m16-o-smaku-owocowym\/","title":{"rendered":"Elektroniczny papieros MK-M16 o smaku owocowym"},"content":{"rendered":"<div data-elementor-type=\"product-post\" data-elementor-id=\"1411\" class=\"elementor elementor-1411\" data-elementor-post-type=\"product\">\n\t\t\t\t<div class=\"elementor-element elementor-element-529a4eb e-con-full e-flex e-con e-parent\" data-id=\"529a4eb\" data-element_type=\"container\">\n\t\t\t\t<div class=\"elementor-element elementor-element-770b0f0 elementor-widget elementor-widget-heading\" data-id=\"770b0f0\" data-element_type=\"widget\" data-widget_type=\"heading.default\">\n\t\t\t\t<div class=\"elementor-widget-container\">\n\t\t\t\t\t<h2 class=\"elementor-heading-title elementor-size-default\">Elektroniczny papieros MK-M16 o smaku owocowym<\/h2>\t\t\t\t<\/div>\n\t\t\t\t<\/div>\n\t\t\t\t<div class=\"elementor-element elementor-element-4d9fb7e elementor-widget elementor-widget-html\" data-id=\"4d9fb7e\" data-element_type=\"widget\" data-widget_type=\"html.default\">\n\t\t\t\t<div class=\"elementor-widget-container\">\n\t\t\t\t\t<table><tbody><tr><td>Odporno\u015b\u0107<\/td><td>1.0ohm<\/td><td>Rozmiar<\/td><td>104*35*26mm<\/td><\/tr><tr><td>Pojemno\u015b\u0107 e-liquidu<\/td><td>12 ml<\/td><td>Pojemno\u015b\u0107 akumulatora<\/td><td>550mAh<\/td><\/tr><tr><td>Akumulator<\/td><td>Typ-C<\/td><td>Przew\u00f3d grzejny<\/td><td>Siatka cewki<\/td><\/tr><tr><td>Materia\u0142<\/td><td colspan=\"3\">Jednokolorowy plastik + sk\u00f3ra<\/td><\/tr><\/tbody><\/table>\t\t\t\t<\/div>\n\t\t\t\t<\/div>\n\t\t\t\t<div class=\"elementor-element elementor-element-725aa99 elementor-widget elementor-widget-image\" data-id=\"725aa99\" data-element_type=\"widget\" data-widget_type=\"image.default\">\n\t\t\t\t<div class=\"elementor-widget-container\">\n\t\t\t\t\t\t\t\t\t\t\t\t\t\t\t<img fetchpriority=\"high\" decoding=\"async\" width=\"1920\" height=\"1080\" src=\"https:\/\/www.mokivape.com\/wp-content\/uploads\/M16_b_1.webp\" class=\"attachment-full size-full wp-image-8278\" alt=\"M16 Puff Bar bez nikotyny\" srcset=\"https:\/\/www.mokivape.com\/wp-content\/uploads\/M16_b_1.webp 1920w, https:\/\/www.mokivape.com\/wp-content\/uploads\/M16_b_1-768x432.webp 768w, https:\/\/www.mokivape.com\/wp-content\/uploads\/M16_b_1-1536x864.webp 1536w, https:\/\/www.mokivape.com\/wp-content\/uploads\/M16_b_1-18x10.webp 18w, https:\/\/www.mokivape.com\/wp-content\/uploads\/M16_b_1-600x338.webp 600w\" sizes=\"(max-width: 1920px) 100vw, 1920px\" \/>\t\t\t\t\t\t\t\t\t\t\t\t\t\t\t<\/div>\n\t\t\t\t<\/div>\n\t\t\t\t<div class=\"elementor-element elementor-element-f03b413 elementor-widget elementor-widget-image\" data-id=\"f03b413\" data-element_type=\"widget\" data-widget_type=\"image.default\">\n\t\t\t\t<div class=\"elementor-widget-container\">\n\t\t\t\t\t\t\t\t\t\t\t\t\t\t\t<img decoding=\"async\" width=\"1920\" height=\"1080\" src=\"https:\/\/www.mokivape.com\/wp-content\/uploads\/M16_b_2.webp\" class=\"attachment-full size-full wp-image-8279\" alt=\"M16 Puff Bar bez nikotyny\" srcset=\"https:\/\/www.mokivape.com\/wp-content\/uploads\/M16_b_2.webp 1920w, https:\/\/www.mokivape.com\/wp-content\/uploads\/M16_b_2-768x432.webp 768w, https:\/\/www.mokivape.com\/wp-content\/uploads\/M16_b_2-1536x864.webp 1536w, https:\/\/www.mokivape.com\/wp-content\/uploads\/M16_b_2-18x10.webp 18w, https:\/\/www.mokivape.com\/wp-content\/uploads\/M16_b_2-600x338.webp 600w\" sizes=\"(max-width: 1920px) 100vw, 1920px\" \/>\t\t\t\t\t\t\t\t\t\t\t\t\t\t\t<\/div>\n\t\t\t\t<\/div>\n\t\t\t\t<div class=\"elementor-element elementor-element-ae85a8b elementor-widget elementor-widget-image\" data-id=\"ae85a8b\" data-element_type=\"widget\" data-widget_type=\"image.default\">\n\t\t\t\t<div class=\"elementor-widget-container\">\n\t\t\t\t\t\t\t\t\t\t\t\t\t\t\t<img decoding=\"async\" width=\"1920\" height=\"1080\" src=\"https:\/\/www.mokivape.com\/wp-content\/uploads\/M16_b_3.webp\" class=\"attachment-full size-full wp-image-8280\" alt=\"M16 Puff Bar bez nikotyny\" srcset=\"https:\/\/www.mokivape.com\/wp-content\/uploads\/M16_b_3.webp 1920w, https:\/\/www.mokivape.com\/wp-content\/uploads\/M16_b_3-768x432.webp 768w, https:\/\/www.mokivape.com\/wp-content\/uploads\/M16_b_3-1536x864.webp 1536w, https:\/\/www.mokivape.com\/wp-content\/uploads\/M16_b_3-18x10.webp 18w, https:\/\/www.mokivape.com\/wp-content\/uploads\/M16_b_3-600x338.webp 600w\" sizes=\"(max-width: 1920px) 100vw, 1920px\" \/>\t\t\t\t\t\t\t\t\t\t\t\t\t\t\t<\/div>\n\t\t\t\t<\/div>\n\t\t\t\t<div class=\"elementor-element elementor-element-085c520 elementor-widget elementor-widget-image\" data-id=\"085c520\" data-element_type=\"widget\" data-widget_type=\"image.default\">\n\t\t\t\t<div class=\"elementor-widget-container\">\n\t\t\t\t\t\t\t\t\t\t\t\t\t\t\t<img loading=\"lazy\" decoding=\"async\" width=\"1920\" height=\"1080\" src=\"https:\/\/www.mokivape.com\/wp-content\/uploads\/M16_b_4.webp\" class=\"attachment-full size-full wp-image-8281\" alt=\"M16 Puff Bar bez nikotyny\" srcset=\"https:\/\/www.mokivape.com\/wp-content\/uploads\/M16_b_4.webp 1920w, https:\/\/www.mokivape.com\/wp-content\/uploads\/M16_b_4-768x432.webp 768w, https:\/\/www.mokivape.com\/wp-content\/uploads\/M16_b_4-1536x864.webp 1536w, https:\/\/www.mokivape.com\/wp-content\/uploads\/M16_b_4-18x10.webp 18w, https:\/\/www.mokivape.com\/wp-content\/uploads\/M16_b_4-600x338.webp 600w\" sizes=\"(max-width: 1920px) 100vw, 1920px\" \/>\t\t\t\t\t\t\t\t\t\t\t\t\t\t\t<\/div>\n\t\t\t\t<\/div>\n\t\t\t\t<\/div>\n\t\t\t\t<\/div>","protected":false},"excerpt":{"rendered":"<p>MOKI Fruit Flavor Electronic Cigarette MK-M16 to rozkoszny jednorazowy vape oferuj\u0105cy \u015bwie\u017cy i owocowy akcent. To kompaktowe urz\u0105dzenie o wymiarach 104 * 35 * 26 mm jest wyposa\u017cone w bateri\u0119 550 mAh i cewk\u0119 siatkow\u0105 1,0ohm, co zapewnia zr\u00f3wnowa\u017con\u0105 i satysfakcjonuj\u0105c\u0105 waporyzacj\u0119. Pojemno\u015b\u0107 12 ml e-liquidu zapewnia aromatyczn\u0105 podr\u00f3\u017c. Do \u0142adowania s\u0142u\u017cy wygodny port typu C. Opakowany w luksusowe sk\u00f3rzane wyko\u0144czenie z jednokolorowym plastikiem, ten wysokiej jako\u015bci e-papieros z gor\u0105c\u0105 sprzeda\u017c\u0105 obs\u0142uguje bia\u0142e etykiety, OEM i ODM. Zaopatrz si\u0119 u renomowanego producenta i dostawcy - MOKI, i ciesz si\u0119 wykonaniem na zam\u00f3wienie w fabryce, kt\u00f3ra ceni jako\u015b\u0107 i innowacyjno\u015b\u0107.<\/p>","protected":false},"featured_media":8149,"comment_status":"open","ping_status":"closed","template":"","meta":[],"product_brand":[],"product_cat":[16],"product_tag":[],"class_list":{"0":"post-1411","1":"product","2":"type-product","3":"status-publish","4":"has-post-thumbnail","6":"product_cat-pod-kits-refillable-open-pods-cartridge-oem","8":"first","9":"instock","10":"shipping-taxable","11":"product-type-simple"},"_links":{"self":[{"href":"https:\/\/www.mokivape.com\/pl\/wp-json\/wp\/v2\/product\/1411","targetHints":{"allow":["GET"]}}],"collection":[{"href":"https:\/\/www.mokivape.com\/pl\/wp-json\/wp\/v2\/product"}],"about":[{"href":"https:\/\/www.mokivape.com\/pl\/wp-json\/wp\/v2\/types\/product"}],"replies":[{"embeddable":true,"href":"https:\/\/www.mokivape.com\/pl\/wp-json\/wp\/v2\/comments?post=1411"}],"version-history":[{"count":0,"href":"https:\/\/www.mokivape.com\/pl\/wp-json\/wp\/v2\/product\/1411\/revisions"}],"wp:featuredmedia":[{"embeddable":true,"href":"https:\/\/www.mokivape.com\/pl\/wp-json\/wp\/v2\/media\/8149"}],"wp:attachment":[{"href":"https:\/\/www.mokivape.com\/pl\/wp-json\/wp\/v2\/media?parent=1411"}],"wp:term":[{"taxonomy":"product_brand","embeddable":true,"href":"https:\/\/www.mokivape.com\/pl\/wp-json\/wp\/v2\/product_brand?post=1411"},{"taxonomy":"product_cat","embeddable":true,"href":"https:\/\/www.mokivape.com\/pl\/wp-json\/wp\/v2\/product_cat?post=1411"},{"taxonomy":"product_tag","embeddable":true,"href":"https:\/\/www.mokivape.com\/pl\/wp-json\/wp\/v2\/product_tag?post=1411"}],"curies":[{"name":"wp","href":"https:\/\/api.w.org\/{rel}","templated":true}]}}