{"id":1410,"date":"2024-04-17T09:11:43","date_gmt":"2024-04-17T09:11:43","guid":{"rendered":"https:\/\/www.mokiecig.com\/?post_type=product&#038;p=1410"},"modified":"2025-06-30T10:24:24","modified_gmt":"2025-06-30T10:24:24","slug":"m4-e-cigarette-fruit-flavor-vape-pod","status":"publish","type":"product","link":"https:\/\/www.mokivape.com\/pl\/produkt\/m4-e-cigarette-owocowy-smak-vape-pod\/","title":{"rendered":"MK-M4 Elektroniczny papieros Vape o smaku owocowym"},"content":{"rendered":"<div data-elementor-type=\"product-post\" data-elementor-id=\"1410\" class=\"elementor elementor-1410\" data-elementor-post-type=\"product\">\n\t\t\t\t<div class=\"elementor-element elementor-element-6ccba9e e-con-full e-flex e-con e-parent\" data-id=\"6ccba9e\" data-element_type=\"container\">\n\t\t\t\t<div class=\"elementor-element elementor-element-bcc1c5b elementor-widget elementor-widget-heading\" data-id=\"bcc1c5b\" data-element_type=\"widget\" data-widget_type=\"heading.default\">\n\t\t\t\t<div class=\"elementor-widget-container\">\n\t\t\t\t\t<h2 class=\"elementor-heading-title elementor-size-default\">MK-M4 Elektroniczny papieros Vape o smaku owocowym<\/h2>\t\t\t\t<\/div>\n\t\t\t\t<\/div>\n\t\t\t\t<div class=\"elementor-element elementor-element-c612b7a elementor-widget elementor-widget-html\" data-id=\"c612b7a\" data-element_type=\"widget\" data-widget_type=\"html.default\">\n\t\t\t\t<div class=\"elementor-widget-container\">\n\t\t\t\t\t<table><tbody><tr><td>Rozmiar<\/td><td>20,1*18*110,6 mm<\/td><td>Pojemno\u015b\u0107 e-liquidu<\/td><td>2 ml<\/td><\/tr><tr><td>Pojemno\u015b\u0107 akumulatora<\/td><td>400mAh<\/td><td>Akumulator<\/td><td>Typ-C<\/td><\/tr><tr><td>Przew\u00f3d grzejny<\/td><td>Cewka ceramiczna<\/td><td>Materia\u0142<\/td><td>PC+PCTG<\/td><\/tr><tr><td>Odporno\u015b\u0107<\/td><td>1.15ohm<\/td><td><\/td><td><\/td><\/tr><\/tbody><\/table>\t\t\t\t<\/div>\n\t\t\t\t<\/div>\n\t\t\t\t<div class=\"elementor-element elementor-element-e81870a elementor-widget elementor-widget-image\" data-id=\"e81870a\" data-element_type=\"widget\" data-widget_type=\"image.default\">\n\t\t\t\t<div class=\"elementor-widget-container\">\n\t\t\t\t\t\t\t\t\t\t\t\t\t\t\t<img fetchpriority=\"high\" decoding=\"async\" width=\"1920\" height=\"1080\" src=\"https:\/\/www.mokivape.com\/wp-content\/uploads\/M4_b_6.webp\" class=\"attachment-full size-full wp-image-8285\" alt=\"Vape Pod o smaku owocowym M4\" srcset=\"https:\/\/www.mokivape.com\/wp-content\/uploads\/M4_b_6.webp 1920w, https:\/\/www.mokivape.com\/wp-content\/uploads\/M4_b_6-768x432.webp 768w, https:\/\/www.mokivape.com\/wp-content\/uploads\/M4_b_6-1536x864.webp 1536w, https:\/\/www.mokivape.com\/wp-content\/uploads\/M4_b_6-18x10.webp 18w, https:\/\/www.mokivape.com\/wp-content\/uploads\/M4_b_6-600x338.webp 600w\" sizes=\"(max-width: 1920px) 100vw, 1920px\" \/>\t\t\t\t\t\t\t\t\t\t\t\t\t\t\t<\/div>\n\t\t\t\t<\/div>\n\t\t\t\t<div class=\"elementor-element elementor-element-60a33cf elementor-widget elementor-widget-image\" data-id=\"60a33cf\" data-element_type=\"widget\" data-widget_type=\"image.default\">\n\t\t\t\t<div class=\"elementor-widget-container\">\n\t\t\t\t\t\t\t\t\t\t\t\t\t\t\t<img decoding=\"async\" width=\"1920\" height=\"1080\" src=\"https:\/\/www.mokivape.com\/wp-content\/uploads\/M4_b_7.webp\" class=\"attachment-full size-full wp-image-8286\" alt=\"Vape Pod o smaku owocowym M4\" srcset=\"https:\/\/www.mokivape.com\/wp-content\/uploads\/M4_b_7.webp 1920w, https:\/\/www.mokivape.com\/wp-content\/uploads\/M4_b_7-768x432.webp 768w, https:\/\/www.mokivape.com\/wp-content\/uploads\/M4_b_7-1536x864.webp 1536w, https:\/\/www.mokivape.com\/wp-content\/uploads\/M4_b_7-18x10.webp 18w, https:\/\/www.mokivape.com\/wp-content\/uploads\/M4_b_7-600x338.webp 600w\" sizes=\"(max-width: 1920px) 100vw, 1920px\" \/>\t\t\t\t\t\t\t\t\t\t\t\t\t\t\t<\/div>\n\t\t\t\t<\/div>\n\t\t\t\t<div class=\"elementor-element elementor-element-08c47be elementor-widget elementor-widget-image\" data-id=\"08c47be\" data-element_type=\"widget\" data-widget_type=\"image.default\">\n\t\t\t\t<div class=\"elementor-widget-container\">\n\t\t\t\t\t\t\t\t\t\t\t\t\t\t\t<img decoding=\"async\" width=\"1920\" height=\"1080\" src=\"https:\/\/www.mokivape.com\/wp-content\/uploads\/M4_b_9.webp\" class=\"attachment-full size-full wp-image-8288\" alt=\"Vape Pod o smaku owocowym M4\" srcset=\"https:\/\/www.mokivape.com\/wp-content\/uploads\/M4_b_9.webp 1920w, https:\/\/www.mokivape.com\/wp-content\/uploads\/M4_b_9-768x432.webp 768w, https:\/\/www.mokivape.com\/wp-content\/uploads\/M4_b_9-1536x864.webp 1536w, https:\/\/www.mokivape.com\/wp-content\/uploads\/M4_b_9-18x10.webp 18w, https:\/\/www.mokivape.com\/wp-content\/uploads\/M4_b_9-600x338.webp 600w\" sizes=\"(max-width: 1920px) 100vw, 1920px\" \/>\t\t\t\t\t\t\t\t\t\t\t\t\t\t\t<\/div>\n\t\t\t\t<\/div>\n\t\t\t\t<div class=\"elementor-element elementor-element-4e24380 elementor-widget elementor-widget-image\" data-id=\"4e24380\" data-element_type=\"widget\" data-widget_type=\"image.default\">\n\t\t\t\t<div class=\"elementor-widget-container\">\n\t\t\t\t\t\t\t\t\t\t\t\t\t\t\t<img loading=\"lazy\" decoding=\"async\" width=\"1920\" height=\"1080\" src=\"https:\/\/www.mokivape.com\/wp-content\/uploads\/M4_b_10.webp\" class=\"attachment-full size-full wp-image-8289\" alt=\"Vape Pod o smaku owocowym M4\" srcset=\"https:\/\/www.mokivape.com\/wp-content\/uploads\/M4_b_10.webp 1920w, https:\/\/www.mokivape.com\/wp-content\/uploads\/M4_b_10-768x432.webp 768w, https:\/\/www.mokivape.com\/wp-content\/uploads\/M4_b_10-1536x864.webp 1536w, https:\/\/www.mokivape.com\/wp-content\/uploads\/M4_b_10-18x10.webp 18w, https:\/\/www.mokivape.com\/wp-content\/uploads\/M4_b_10-600x338.webp 600w\" sizes=\"(max-width: 1920px) 100vw, 1920px\" \/>\t\t\t\t\t\t\t\t\t\t\t\t\t\t\t<\/div>\n\t\t\t\t<\/div>\n\t\t\t\t<div class=\"elementor-element elementor-element-fd6826e elementor-widget elementor-widget-image\" data-id=\"fd6826e\" data-element_type=\"widget\" data-widget_type=\"image.default\">\n\t\t\t\t<div class=\"elementor-widget-container\">\n\t\t\t\t\t\t\t\t\t\t\t\t\t\t\t<img loading=\"lazy\" decoding=\"async\" width=\"1920\" height=\"1080\" src=\"https:\/\/www.mokivape.com\/wp-content\/uploads\/M4_b_11.webp\" class=\"attachment-full size-full wp-image-8290\" alt=\"Vape Peny M4 o smaku owocowym do wielokrotnego \u0142adowania\" srcset=\"https:\/\/www.mokivape.com\/wp-content\/uploads\/M4_b_11.webp 1920w, https:\/\/www.mokivape.com\/wp-content\/uploads\/M4_b_11-768x432.webp 768w, https:\/\/www.mokivape.com\/wp-content\/uploads\/M4_b_11-1536x864.webp 1536w, https:\/\/www.mokivape.com\/wp-content\/uploads\/M4_b_11-18x10.webp 18w, https:\/\/www.mokivape.com\/wp-content\/uploads\/M4_b_11-600x338.webp 600w\" sizes=\"(max-width: 1920px) 100vw, 1920px\" \/>\t\t\t\t\t\t\t\t\t\t\t\t\t\t\t<\/div>\n\t\t\t\t<\/div>\n\t\t\t\t<\/div>\n\t\t\t\t<\/div>","protected":false},"excerpt":{"rendered":"<p>MOKI E-Cigarette Fruit Flavor Vape Pod MK-M4 to najwy\u017cszej jako\u015bci zamkni\u0119ty system kapsu\u0142ek dla entuzjast\u00f3w owocowych smak\u00f3w. Ta kompaktowa kapsu\u0142ka vape o wymiarach 20,1 * 18 * 110,6 mm jest wyposa\u017cona w bateri\u0119 400 mAh i ceramiczn\u0105 cewk\u0119 1,15ohm, zapewniaj\u0105c\u0105 bogate i p\u0142ynne doznania podczas waporyzacji. Dzi\u0119ki pojemno\u015bci 2 ml e-liquidu MK-M4 jest idealny dla poszukiwaczy smak\u00f3w w podr\u00f3\u017cy. Szybkie \u0142adowanie za pomoc\u0105 z\u0142\u0105cza Type-C. Wykonany z wytrzyma\u0142ych materia\u0142\u00f3w PC+PCTG, ten wysokiej jako\u015bci e-papieros obs\u0142uguje OEM i ODM, oferuj\u0105c opcj\u0119 na zam\u00f3wienie od niezawodnego producenta i dostawcy - MOKI. Podnie\u015b poziom waporyzacji dzi\u0119ki MOKI Vape Pod, fabrycznemu e-papierosowi z bia\u0142\u0105 etykiet\u0105, zaprojektowanemu z my\u015bl\u0105 o najlepszych doznaniach z waporyzacji o smaku owocowym.<\/p>","protected":false},"featured_media":8148,"comment_status":"open","ping_status":"closed","template":"","meta":[],"product_brand":[],"product_cat":[16],"product_tag":[],"class_list":{"0":"post-1410","1":"product","2":"type-product","3":"status-publish","4":"has-post-thumbnail","6":"product_cat-pod-kits-refillable-open-pods-cartridge-oem","8":"first","9":"instock","10":"shipping-taxable","11":"product-type-simple"},"_links":{"self":[{"href":"https:\/\/www.mokivape.com\/pl\/wp-json\/wp\/v2\/product\/1410","targetHints":{"allow":["GET"]}}],"collection":[{"href":"https:\/\/www.mokivape.com\/pl\/wp-json\/wp\/v2\/product"}],"about":[{"href":"https:\/\/www.mokivape.com\/pl\/wp-json\/wp\/v2\/types\/product"}],"replies":[{"embeddable":true,"href":"https:\/\/www.mokivape.com\/pl\/wp-json\/wp\/v2\/comments?post=1410"}],"version-history":[{"count":0,"href":"https:\/\/www.mokivape.com\/pl\/wp-json\/wp\/v2\/product\/1410\/revisions"}],"wp:featuredmedia":[{"embeddable":true,"href":"https:\/\/www.mokivape.com\/pl\/wp-json\/wp\/v2\/media\/8148"}],"wp:attachment":[{"href":"https:\/\/www.mokivape.com\/pl\/wp-json\/wp\/v2\/media?parent=1410"}],"wp:term":[{"taxonomy":"product_brand","embeddable":true,"href":"https:\/\/www.mokivape.com\/pl\/wp-json\/wp\/v2\/product_brand?post=1410"},{"taxonomy":"product_cat","embeddable":true,"href":"https:\/\/www.mokivape.com\/pl\/wp-json\/wp\/v2\/product_cat?post=1410"},{"taxonomy":"product_tag","embeddable":true,"href":"https:\/\/www.mokivape.com\/pl\/wp-json\/wp\/v2\/product_tag?post=1410"}],"curies":[{"name":"wp","href":"https:\/\/api.w.org\/{rel}","templated":true}]}}