{"id":1409,"date":"2024-04-17T09:11:12","date_gmt":"2024-04-17T09:11:12","guid":{"rendered":"https:\/\/www.mokiecig.com\/?post_type=product&#038;p=1409"},"modified":"2025-01-03T06:44:05","modified_gmt":"2025-01-03T06:44:05","slug":"m3-portable-vape-salt-nic-e-cigarette","status":"publish","type":"product","link":"https:\/\/www.mokivape.com\/pl\/produkt\/przenosny-e-papieros-m3-z-sola-nikotynowa\/","title":{"rendered":"Przeno\u015bny e-papieros MK-M3 Vape Salt Nic"},"content":{"rendered":"<div data-elementor-type=\"product-post\" data-elementor-id=\"1409\" class=\"elementor elementor-1409\" data-elementor-post-type=\"product\">\n\t\t\t\t<div class=\"elementor-element elementor-element-557d2ee e-con-full e-flex e-con e-parent\" data-id=\"557d2ee\" data-element_type=\"container\">\n\t\t\t\t<div class=\"elementor-element elementor-element-b02ad22 elementor-widget elementor-widget-heading\" data-id=\"b02ad22\" data-element_type=\"widget\" data-widget_type=\"heading.default\">\n\t\t\t\t<div class=\"elementor-widget-container\">\n\t\t\t\t\t<h2 class=\"elementor-heading-title elementor-size-default\">Przeno\u015bny e-papieros MK-M3 Vape Salt Nic<\/h2>\t\t\t\t<\/div>\n\t\t\t\t<\/div>\n\t\t\t\t<div class=\"elementor-element elementor-element-00ee5b6 elementor-widget elementor-widget-html\" data-id=\"00ee5b6\" data-element_type=\"widget\" data-widget_type=\"html.default\">\n\t\t\t\t<div class=\"elementor-widget-container\">\n\t\t\t\t\t<table><tbody><tr><td>Rozmiar<\/td><td>68*50*27mm<\/td><td>Pojemno\u015b\u0107 e-liquidu<\/td><td>10 ml<\/td><\/tr><tr><td>Pojemno\u015b\u0107 akumulatora<\/td><td>500mAh<\/td><td>Akumulator<\/td><td>Typ-C<\/td><\/tr><tr><td>Przew\u00f3d grzejny<\/td><td>Siatka cewki<\/td><td>Materia\u0142<\/td><td>Jednokolorowy plastik<\/td><\/tr><tr><td>Odporno\u015b\u0107<\/td><td>1.0ohm<\/td><td><\/td><td><\/td><\/tr><\/tbody><\/table>\t\t\t\t<\/div>\n\t\t\t\t<\/div>\n\t\t\t\t<div class=\"elementor-element elementor-element-2d03c33 elementor-widget elementor-widget-image\" data-id=\"2d03c33\" data-element_type=\"widget\" data-widget_type=\"image.default\">\n\t\t\t\t<div class=\"elementor-widget-container\">\n\t\t\t\t\t\t\t\t\t\t\t\t\t\t\t<img fetchpriority=\"high\" decoding=\"async\" width=\"1920\" height=\"1080\" src=\"https:\/\/www.mokivape.com\/wp-content\/uploads\/M3_b_1.webp\" class=\"attachment-full size-full wp-image-8295\" alt=\"M3 Nic Salt Smok Pods\" srcset=\"https:\/\/www.mokivape.com\/wp-content\/uploads\/M3_b_1.webp 1920w, https:\/\/www.mokivape.com\/wp-content\/uploads\/M3_b_1-768x432.webp 768w, https:\/\/www.mokivape.com\/wp-content\/uploads\/M3_b_1-1536x864.webp 1536w, https:\/\/www.mokivape.com\/wp-content\/uploads\/M3_b_1-18x10.webp 18w, https:\/\/www.mokivape.com\/wp-content\/uploads\/M3_b_1-600x338.webp 600w\" sizes=\"(max-width: 1920px) 100vw, 1920px\" \/>\t\t\t\t\t\t\t\t\t\t\t\t\t\t\t<\/div>\n\t\t\t\t<\/div>\n\t\t\t\t<div class=\"elementor-element elementor-element-ea64bbb elementor-widget elementor-widget-image\" data-id=\"ea64bbb\" data-element_type=\"widget\" data-widget_type=\"image.default\">\n\t\t\t\t<div class=\"elementor-widget-container\">\n\t\t\t\t\t\t\t\t\t\t\t\t\t\t\t<img decoding=\"async\" width=\"1920\" height=\"1080\" src=\"https:\/\/www.mokivape.com\/wp-content\/uploads\/M3_b_2.webp\" class=\"attachment-full size-full wp-image-8296\" alt=\"M3 Nic Salt Smok Pods\" srcset=\"https:\/\/www.mokivape.com\/wp-content\/uploads\/M3_b_2.webp 1920w, https:\/\/www.mokivape.com\/wp-content\/uploads\/M3_b_2-768x432.webp 768w, https:\/\/www.mokivape.com\/wp-content\/uploads\/M3_b_2-1536x864.webp 1536w, https:\/\/www.mokivape.com\/wp-content\/uploads\/M3_b_2-18x10.webp 18w, https:\/\/www.mokivape.com\/wp-content\/uploads\/M3_b_2-600x338.webp 600w\" sizes=\"(max-width: 1920px) 100vw, 1920px\" \/>\t\t\t\t\t\t\t\t\t\t\t\t\t\t\t<\/div>\n\t\t\t\t<\/div>\n\t\t\t\t<div class=\"elementor-element elementor-element-2c1ec5b elementor-widget elementor-widget-image\" data-id=\"2c1ec5b\" data-element_type=\"widget\" data-widget_type=\"image.default\">\n\t\t\t\t<div class=\"elementor-widget-container\">\n\t\t\t\t\t\t\t\t\t\t\t\t\t\t\t<img decoding=\"async\" width=\"1920\" height=\"1080\" src=\"https:\/\/www.mokivape.com\/wp-content\/uploads\/M3_b_3.webp\" class=\"attachment-full size-full wp-image-8297\" alt=\"M3 Nic Salt Smok Pods\" srcset=\"https:\/\/www.mokivape.com\/wp-content\/uploads\/M3_b_3.webp 1920w, https:\/\/www.mokivape.com\/wp-content\/uploads\/M3_b_3-768x432.webp 768w, https:\/\/www.mokivape.com\/wp-content\/uploads\/M3_b_3-1536x864.webp 1536w, https:\/\/www.mokivape.com\/wp-content\/uploads\/M3_b_3-18x10.webp 18w, https:\/\/www.mokivape.com\/wp-content\/uploads\/M3_b_3-600x338.webp 600w\" sizes=\"(max-width: 1920px) 100vw, 1920px\" \/>\t\t\t\t\t\t\t\t\t\t\t\t\t\t\t<\/div>\n\t\t\t\t<\/div>\n\t\t\t\t<div class=\"elementor-element elementor-element-004be7d elementor-widget elementor-widget-image\" data-id=\"004be7d\" data-element_type=\"widget\" data-widget_type=\"image.default\">\n\t\t\t\t<div class=\"elementor-widget-container\">\n\t\t\t\t\t\t\t\t\t\t\t\t\t\t\t<img loading=\"lazy\" decoding=\"async\" width=\"1920\" height=\"1080\" src=\"https:\/\/www.mokivape.com\/wp-content\/uploads\/M3_b_4.webp\" class=\"attachment-full size-full wp-image-8298\" alt=\"M3 Nic Salt Smok Pods\" srcset=\"https:\/\/www.mokivape.com\/wp-content\/uploads\/M3_b_4.webp 1920w, https:\/\/www.mokivape.com\/wp-content\/uploads\/M3_b_4-768x432.webp 768w, https:\/\/www.mokivape.com\/wp-content\/uploads\/M3_b_4-1536x864.webp 1536w, https:\/\/www.mokivape.com\/wp-content\/uploads\/M3_b_4-18x10.webp 18w, https:\/\/www.mokivape.com\/wp-content\/uploads\/M3_b_4-600x338.webp 600w\" sizes=\"(max-width: 1920px) 100vw, 1920px\" \/>\t\t\t\t\t\t\t\t\t\t\t\t\t\t\t<\/div>\n\t\t\t\t<\/div>\n\t\t\t\t<div class=\"elementor-element elementor-element-0dcd73d elementor-widget elementor-widget-image\" data-id=\"0dcd73d\" data-element_type=\"widget\" data-widget_type=\"image.default\">\n\t\t\t\t<div class=\"elementor-widget-container\">\n\t\t\t\t\t\t\t\t\t\t\t\t\t\t\t<img loading=\"lazy\" decoding=\"async\" width=\"1920\" height=\"1080\" src=\"https:\/\/www.mokivape.com\/wp-content\/uploads\/M3_b_5.webp\" class=\"attachment-full size-full wp-image-8299\" alt=\"M3 Nic Salt Smok Pods\" srcset=\"https:\/\/www.mokivape.com\/wp-content\/uploads\/M3_b_5.webp 1920w, https:\/\/www.mokivape.com\/wp-content\/uploads\/M3_b_5-768x432.webp 768w, https:\/\/www.mokivape.com\/wp-content\/uploads\/M3_b_5-1536x864.webp 1536w, https:\/\/www.mokivape.com\/wp-content\/uploads\/M3_b_5-18x10.webp 18w, https:\/\/www.mokivape.com\/wp-content\/uploads\/M3_b_5-600x338.webp 600w\" sizes=\"(max-width: 1920px) 100vw, 1920px\" \/>\t\t\t\t\t\t\t\t\t\t\t\t\t\t\t<\/div>\n\t\t\t\t<\/div>\n\t\t\t\t<div class=\"elementor-element elementor-element-1b04c0b elementor-widget elementor-widget-image\" data-id=\"1b04c0b\" data-element_type=\"widget\" data-widget_type=\"image.default\">\n\t\t\t\t<div class=\"elementor-widget-container\">\n\t\t\t\t\t\t\t\t\t\t\t\t\t\t\t<img loading=\"lazy\" decoding=\"async\" width=\"1920\" height=\"1080\" src=\"https:\/\/www.mokivape.com\/wp-content\/uploads\/M3_b_6.webp\" class=\"attachment-full size-full wp-image-8300\" alt=\"M3 Nic Salt Smok Pods\" srcset=\"https:\/\/www.mokivape.com\/wp-content\/uploads\/M3_b_6.webp 1920w, https:\/\/www.mokivape.com\/wp-content\/uploads\/M3_b_6-768x432.webp 768w, https:\/\/www.mokivape.com\/wp-content\/uploads\/M3_b_6-1536x864.webp 1536w, https:\/\/www.mokivape.com\/wp-content\/uploads\/M3_b_6-18x10.webp 18w, https:\/\/www.mokivape.com\/wp-content\/uploads\/M3_b_6-600x338.webp 600w\" sizes=\"(max-width: 1920px) 100vw, 1920px\" \/>\t\t\t\t\t\t\t\t\t\t\t\t\t\t\t<\/div>\n\t\t\t\t<\/div>\n\t\t\t\t<\/div>\n\t\t\t\t<\/div>","protected":false},"excerpt":{"rendered":"<p>Podnie\u015b swoje wra\u017cenia z waporyzacji dzi\u0119ki przeno\u015bnemu e-papierosowi MOKI Vape Salt Nic VK-M3, wysokiej jako\u015bci jednorazowemu waporyzatorowi.<br \/>\nTo kompaktowe urz\u0105dzenie o wymiarach 68*50*27 mm mo\u017ce pochwali\u0107 si\u0119 bateri\u0105 500 mAh i cewk\u0105 siatkow\u0105 1,0ohm zapewniaj\u0105c\u0105 sta\u0142\u0105 par\u0119 i smak.<br \/>\nCiesz si\u0119 pojemno\u015bci\u0105 10 ml e-liquidu i wygodnym \u0142adowaniem typu C. Wykonany z jednokolorowego plastiku, M3 obs\u0142uguje wyb\u00f3r OEM \/ ODM od producenta i dostawcy - MOKI. Zaspok\u00f3j sw\u00f3j g\u0142\u00f3d nikotynowy w podr\u00f3\u017cy dzi\u0119ki MOKI Salt Nic Vape M3, idealnemu dla os\u00f3b poszukuj\u0105cych przeno\u015bnego rozwi\u0105zania na zam\u00f3wienie.<\/p>","protected":false},"featured_media":8147,"comment_status":"open","ping_status":"closed","template":"","meta":[],"product_brand":[],"product_cat":[16],"product_tag":[],"class_list":{"0":"post-1409","1":"product","2":"type-product","3":"status-publish","4":"has-post-thumbnail","6":"product_cat-pod-kits-refillable-open-pods-cartridge-oem","8":"first","9":"instock","10":"shipping-taxable","11":"product-type-simple"},"_links":{"self":[{"href":"https:\/\/www.mokivape.com\/pl\/wp-json\/wp\/v2\/product\/1409","targetHints":{"allow":["GET"]}}],"collection":[{"href":"https:\/\/www.mokivape.com\/pl\/wp-json\/wp\/v2\/product"}],"about":[{"href":"https:\/\/www.mokivape.com\/pl\/wp-json\/wp\/v2\/types\/product"}],"replies":[{"embeddable":true,"href":"https:\/\/www.mokivape.com\/pl\/wp-json\/wp\/v2\/comments?post=1409"}],"version-history":[{"count":0,"href":"https:\/\/www.mokivape.com\/pl\/wp-json\/wp\/v2\/product\/1409\/revisions"}],"wp:featuredmedia":[{"embeddable":true,"href":"https:\/\/www.mokivape.com\/pl\/wp-json\/wp\/v2\/media\/8147"}],"wp:attachment":[{"href":"https:\/\/www.mokivape.com\/pl\/wp-json\/wp\/v2\/media?parent=1409"}],"wp:term":[{"taxonomy":"product_brand","embeddable":true,"href":"https:\/\/www.mokivape.com\/pl\/wp-json\/wp\/v2\/product_brand?post=1409"},{"taxonomy":"product_cat","embeddable":true,"href":"https:\/\/www.mokivape.com\/pl\/wp-json\/wp\/v2\/product_cat?post=1409"},{"taxonomy":"product_tag","embeddable":true,"href":"https:\/\/www.mokivape.com\/pl\/wp-json\/wp\/v2\/product_tag?post=1409"}],"curies":[{"name":"wp","href":"https:\/\/api.w.org\/{rel}","templated":true}]}}