{"id":1407,"date":"2024-04-17T09:10:13","date_gmt":"2024-04-17T09:10:13","guid":{"rendered":"https:\/\/www.mokiecig.com\/?post_type=product&#038;p=1407"},"modified":"2025-06-30T10:27:12","modified_gmt":"2025-06-30T10:27:12","slug":"mk-m2-tpd-compliant-vape","status":"publish","type":"product","link":"https:\/\/www.mokivape.com\/pl\/produkt\/mk-m2-vape-zgodny-z-tpd\/","title":{"rendered":"MK-M2 Vape zgodny z TPD"},"content":{"rendered":"<div data-elementor-type=\"product-post\" data-elementor-id=\"1407\" class=\"elementor elementor-1407\" data-elementor-post-type=\"product\">\n\t\t\t\t<div class=\"elementor-element elementor-element-116a862 e-con-full e-flex e-con e-parent\" data-id=\"116a862\" data-element_type=\"container\">\n\t\t\t\t<div class=\"elementor-element elementor-element-88b48fe elementor-widget elementor-widget-heading\" data-id=\"88b48fe\" data-element_type=\"widget\" data-widget_type=\"heading.default\">\n\t\t\t\t<div class=\"elementor-widget-container\">\n\t\t\t\t\t<h2 class=\"elementor-heading-title elementor-size-default\">MK-M2 Vape zgodny z TPD<\/h2>\t\t\t\t<\/div>\n\t\t\t\t<\/div>\n\t\t\t\t<div class=\"elementor-element elementor-element-a6ca25a elementor-widget elementor-widget-html\" data-id=\"a6ca25a\" data-element_type=\"widget\" data-widget_type=\"html.default\">\n\t\t\t\t<div class=\"elementor-widget-container\">\n\t\t\t\t\t<table><tbody><tr><td>Odporno\u015b\u0107<\/td><td>1.0ohm<\/td><td>Rozmiar<\/td><td>64*42*20mm<\/td><\/tr><tr><td>Pojemno\u015b\u0107 e-liquidu<\/td><td>2 ml<\/td><td>Pojemno\u015b\u0107 akumulatora<\/td><td>400mAh<\/td><\/tr><tr><td>Akumulator<\/td><td>Typ-C<\/td><td>Przew\u00f3d grzejny<\/td><td>Siatka cewki<\/td><\/tr><tr><td>Materia\u0142<\/td><td colspan=\"3\">Dwukolorowy wtrysk PC+ABS<\/td><\/tr><\/tbody><\/table>\t\t\t\t<\/div>\n\t\t\t\t<\/div>\n\t\t\t\t<div class=\"elementor-element elementor-element-2e0ed70 elementor-widget elementor-widget-image\" data-id=\"2e0ed70\" data-element_type=\"widget\" data-widget_type=\"image.default\">\n\t\t\t\t<div class=\"elementor-widget-container\">\n\t\t\t\t\t\t\t\t\t\t\t\t\t\t\t<img fetchpriority=\"high\" decoding=\"async\" width=\"1920\" height=\"1080\" src=\"https:\/\/www.mokivape.com\/wp-content\/uploads\/M2_b_1.webp\" class=\"attachment-full size-full wp-image-8313\" alt=\"M2 Single Use TPD UK Vape\" srcset=\"https:\/\/www.mokivape.com\/wp-content\/uploads\/M2_b_1.webp 1920w, https:\/\/www.mokivape.com\/wp-content\/uploads\/M2_b_1-768x432.webp 768w, https:\/\/www.mokivape.com\/wp-content\/uploads\/M2_b_1-1536x864.webp 1536w, https:\/\/www.mokivape.com\/wp-content\/uploads\/M2_b_1-18x10.webp 18w, https:\/\/www.mokivape.com\/wp-content\/uploads\/M2_b_1-600x338.webp 600w\" sizes=\"(max-width: 1920px) 100vw, 1920px\" \/>\t\t\t\t\t\t\t\t\t\t\t\t\t\t\t<\/div>\n\t\t\t\t<\/div>\n\t\t\t\t<div class=\"elementor-element elementor-element-138982e elementor-widget elementor-widget-image\" data-id=\"138982e\" data-element_type=\"widget\" data-widget_type=\"image.default\">\n\t\t\t\t<div class=\"elementor-widget-container\">\n\t\t\t\t\t\t\t\t\t\t\t\t\t\t\t<img decoding=\"async\" width=\"1920\" height=\"1080\" src=\"https:\/\/www.mokivape.com\/wp-content\/uploads\/M2_b_2.webp\" class=\"attachment-full size-full wp-image-8314\" alt=\"M2 Single Use TPD UK Vape\" srcset=\"https:\/\/www.mokivape.com\/wp-content\/uploads\/M2_b_2.webp 1920w, https:\/\/www.mokivape.com\/wp-content\/uploads\/M2_b_2-768x432.webp 768w, https:\/\/www.mokivape.com\/wp-content\/uploads\/M2_b_2-1536x864.webp 1536w, https:\/\/www.mokivape.com\/wp-content\/uploads\/M2_b_2-18x10.webp 18w, https:\/\/www.mokivape.com\/wp-content\/uploads\/M2_b_2-600x338.webp 600w\" sizes=\"(max-width: 1920px) 100vw, 1920px\" \/>\t\t\t\t\t\t\t\t\t\t\t\t\t\t\t<\/div>\n\t\t\t\t<\/div>\n\t\t\t\t<div class=\"elementor-element elementor-element-b869597 elementor-widget elementor-widget-image\" data-id=\"b869597\" data-element_type=\"widget\" data-widget_type=\"image.default\">\n\t\t\t\t<div class=\"elementor-widget-container\">\n\t\t\t\t\t\t\t\t\t\t\t\t\t\t\t<img decoding=\"async\" width=\"1920\" height=\"1080\" src=\"https:\/\/www.mokivape.com\/wp-content\/uploads\/M2_b_3.webp\" class=\"attachment-full size-full wp-image-8315\" alt=\"M2 Single Use TPD UK Vape\" srcset=\"https:\/\/www.mokivape.com\/wp-content\/uploads\/M2_b_3.webp 1920w, https:\/\/www.mokivape.com\/wp-content\/uploads\/M2_b_3-768x432.webp 768w, https:\/\/www.mokivape.com\/wp-content\/uploads\/M2_b_3-1536x864.webp 1536w, https:\/\/www.mokivape.com\/wp-content\/uploads\/M2_b_3-18x10.webp 18w, https:\/\/www.mokivape.com\/wp-content\/uploads\/M2_b_3-600x338.webp 600w\" sizes=\"(max-width: 1920px) 100vw, 1920px\" \/>\t\t\t\t\t\t\t\t\t\t\t\t\t\t\t<\/div>\n\t\t\t\t<\/div>\n\t\t\t\t<div class=\"elementor-element elementor-element-7c24e2e elementor-widget elementor-widget-image\" data-id=\"7c24e2e\" data-element_type=\"widget\" data-widget_type=\"image.default\">\n\t\t\t\t<div class=\"elementor-widget-container\">\n\t\t\t\t\t\t\t\t\t\t\t\t\t\t\t<img loading=\"lazy\" decoding=\"async\" width=\"1920\" height=\"1080\" src=\"https:\/\/www.mokivape.com\/wp-content\/uploads\/M2_b_4.webp\" class=\"attachment-full size-full wp-image-8316\" alt=\"M2 Single Use TPD UK Vape\" srcset=\"https:\/\/www.mokivape.com\/wp-content\/uploads\/M2_b_4.webp 1920w, https:\/\/www.mokivape.com\/wp-content\/uploads\/M2_b_4-768x432.webp 768w, https:\/\/www.mokivape.com\/wp-content\/uploads\/M2_b_4-1536x864.webp 1536w, https:\/\/www.mokivape.com\/wp-content\/uploads\/M2_b_4-18x10.webp 18w, https:\/\/www.mokivape.com\/wp-content\/uploads\/M2_b_4-600x338.webp 600w\" sizes=\"(max-width: 1920px) 100vw, 1920px\" \/>\t\t\t\t\t\t\t\t\t\t\t\t\t\t\t<\/div>\n\t\t\t\t<\/div>\n\t\t\t\t<\/div>\n\t\t\t\t<\/div>","protected":false},"excerpt":{"rendered":"<p>MOKI TPD Compliant Vaporizer MK-M2 to wysokiej jako\u015bci urz\u0105dzenie zaprojektowane zgodnie z przepisami TPD. Ten kompaktowy waporyzator o wymiarach 64*42*20 mm jest wyposa\u017cony w bateri\u0119 o pojemno\u015bci 400 mAh i cewk\u0119 siatkow\u0105 1,0ohm zapewniaj\u0105c\u0105 sta\u0142\u0105 wydajno\u015b\u0107. Pojemno\u015b\u0107 2 ml e-liquidu sprawia, \u017ce jest on idealny do zaspokojenia g\u0142odu nikotynowego.<br \/>\n\u0141adowanie za pomoc\u0105 portu Type-C zapewnia najwy\u017csz\u0105 wygod\u0119. Wykonane z dwukolorowego materia\u0142u PC+ABS, urz\u0105dzenie to jest nie tylko trwa\u0142e, ale i stylowe. Idealny do brandingu white-label, MOKI TPD Vaporizer MK-M2 to gor\u0105ca sprzeda\u017c, produkt na zam\u00f3wienie od renomowanego producenta i dostawcy MOKI. MK-M2 obs\u0142uguje OEM i ODM, jest to fabryczne rozwi\u0105zanie do produkcji vape bar\u00f3w, zapewniaj\u0105ce zgodno\u015b\u0107 i jako\u015b\u0107.<\/p>","protected":false},"featured_media":8145,"comment_status":"open","ping_status":"closed","template":"","meta":[],"product_brand":[],"product_cat":[16],"product_tag":[],"class_list":{"0":"post-1407","1":"product","2":"type-product","3":"status-publish","4":"has-post-thumbnail","6":"product_cat-pod-kits-refillable-open-pods-cartridge-oem","8":"first","9":"instock","10":"shipping-taxable","11":"product-type-simple"},"_links":{"self":[{"href":"https:\/\/www.mokivape.com\/pl\/wp-json\/wp\/v2\/product\/1407","targetHints":{"allow":["GET"]}}],"collection":[{"href":"https:\/\/www.mokivape.com\/pl\/wp-json\/wp\/v2\/product"}],"about":[{"href":"https:\/\/www.mokivape.com\/pl\/wp-json\/wp\/v2\/types\/product"}],"replies":[{"embeddable":true,"href":"https:\/\/www.mokivape.com\/pl\/wp-json\/wp\/v2\/comments?post=1407"}],"version-history":[{"count":0,"href":"https:\/\/www.mokivape.com\/pl\/wp-json\/wp\/v2\/product\/1407\/revisions"}],"wp:featuredmedia":[{"embeddable":true,"href":"https:\/\/www.mokivape.com\/pl\/wp-json\/wp\/v2\/media\/8145"}],"wp:attachment":[{"href":"https:\/\/www.mokivape.com\/pl\/wp-json\/wp\/v2\/media?parent=1407"}],"wp:term":[{"taxonomy":"product_brand","embeddable":true,"href":"https:\/\/www.mokivape.com\/pl\/wp-json\/wp\/v2\/product_brand?post=1407"},{"taxonomy":"product_cat","embeddable":true,"href":"https:\/\/www.mokivape.com\/pl\/wp-json\/wp\/v2\/product_cat?post=1407"},{"taxonomy":"product_tag","embeddable":true,"href":"https:\/\/www.mokivape.com\/pl\/wp-json\/wp\/v2\/product_tag?post=1407"}],"curies":[{"name":"wp","href":"https:\/\/api.w.org\/{rel}","templated":true}]}}