{"id":1351,"date":"2024-04-17T00:39:49","date_gmt":"2024-04-17T00:39:49","guid":{"rendered":"https:\/\/www.mokiecig.com\/?post_type=product&#038;p=1351"},"modified":"2025-01-03T06:04:32","modified_gmt":"2025-01-03T06:04:32","slug":"mk-m46-transparent-tank-vape-box","status":"publish","type":"product","link":"https:\/\/www.mokivape.com\/pl\/produkt\/mk-m46-przezroczysty-zbiornik-vape-box\/","title":{"rendered":"MK-M46 Transparent Tank Vape Box"},"content":{"rendered":"<div data-elementor-type=\"product-post\" data-elementor-id=\"1351\" class=\"elementor elementor-1351\" data-elementor-post-type=\"product\">\n\t\t\t\t<div class=\"elementor-element elementor-element-d587a12 e-con-full e-flex e-con e-parent\" data-id=\"d587a12\" data-element_type=\"container\">\n\t\t\t\t<div class=\"elementor-element elementor-element-3665dc8 elementor-widget elementor-widget-heading\" data-id=\"3665dc8\" data-element_type=\"widget\" data-widget_type=\"heading.default\">\n\t\t\t\t<div class=\"elementor-widget-container\">\n\t\t\t\t\t<h2 class=\"elementor-heading-title elementor-size-default\">MK-M46 Transparent Tank Vape Box<\/h2>\t\t\t\t<\/div>\n\t\t\t\t<\/div>\n\t\t\t\t<div class=\"elementor-element elementor-element-f6b5ad1 elementor-widget elementor-widget-html\" data-id=\"f6b5ad1\" data-element_type=\"widget\" data-widget_type=\"html.default\">\n\t\t\t\t<div class=\"elementor-widget-container\">\n\t\t\t\t\t<table><tbody><tr><td>Rozmiar<\/td><td>81,7 * 46,7 * 21,8 mm<\/td><td>Pojemno\u015b\u0107 e-liquidu<\/td><td>10 ml<\/td><\/tr><tr><td>Pojemno\u015b\u0107 akumulatora<\/td><td>720 mAh<\/td><td>Akumulator<\/td><td>Typ-C<\/td><\/tr><tr><td>Przew\u00f3d grzejny<\/td><td>Podw\u00f3jna cewka ceramiczna<\/td><td>Materia\u0142<\/td><td>PC + PCTG<\/td><\/tr><tr><td>Odporno\u015b\u0107<\/td><td colspan=\"3\">1.1 \u03a9<\/td><\/tr><\/tbody><\/table>\t\t\t\t<\/div>\n\t\t\t\t<\/div>\n\t\t\t\t<div class=\"elementor-element elementor-element-c2a358b elementor-widget elementor-widget-image\" data-id=\"c2a358b\" data-element_type=\"widget\" data-widget_type=\"image.default\">\n\t\t\t\t<div class=\"elementor-widget-container\">\n\t\t\t\t\t\t\t\t\t\t\t\t\t\t\t<img fetchpriority=\"high\" decoding=\"async\" width=\"1920\" height=\"1080\" src=\"https:\/\/www.mokivape.com\/wp-content\/uploads\/M46_b_1.webp\" class=\"attachment-full size-full wp-image-8187\" alt=\"M46 Cyber Style Transparent Tank Vape\" srcset=\"https:\/\/www.mokivape.com\/wp-content\/uploads\/M46_b_1.webp 1920w, https:\/\/www.mokivape.com\/wp-content\/uploads\/M46_b_1-768x432.webp 768w, https:\/\/www.mokivape.com\/wp-content\/uploads\/M46_b_1-1536x864.webp 1536w, https:\/\/www.mokivape.com\/wp-content\/uploads\/M46_b_1-18x10.webp 18w, https:\/\/www.mokivape.com\/wp-content\/uploads\/M46_b_1-600x338.webp 600w\" sizes=\"(max-width: 1920px) 100vw, 1920px\" \/>\t\t\t\t\t\t\t\t\t\t\t\t\t\t\t<\/div>\n\t\t\t\t<\/div>\n\t\t\t\t<div class=\"elementor-element elementor-element-271bb59 elementor-widget elementor-widget-image\" data-id=\"271bb59\" data-element_type=\"widget\" data-widget_type=\"image.default\">\n\t\t\t\t<div class=\"elementor-widget-container\">\n\t\t\t\t\t\t\t\t\t\t\t\t\t\t\t<img decoding=\"async\" width=\"1920\" height=\"1080\" src=\"https:\/\/www.mokivape.com\/wp-content\/uploads\/M46_b_2.webp\" class=\"attachment-full size-full wp-image-8188\" alt=\"Parametry M46 Cyber Style Transparent Tank Vape\" srcset=\"https:\/\/www.mokivape.com\/wp-content\/uploads\/M46_b_2.webp 1920w, https:\/\/www.mokivape.com\/wp-content\/uploads\/M46_b_2-768x432.webp 768w, https:\/\/www.mokivape.com\/wp-content\/uploads\/M46_b_2-1536x864.webp 1536w, https:\/\/www.mokivape.com\/wp-content\/uploads\/M46_b_2-18x10.webp 18w, https:\/\/www.mokivape.com\/wp-content\/uploads\/M46_b_2-600x338.webp 600w\" sizes=\"(max-width: 1920px) 100vw, 1920px\" \/>\t\t\t\t\t\t\t\t\t\t\t\t\t\t\t<\/div>\n\t\t\t\t<\/div>\n\t\t\t\t<div class=\"elementor-element elementor-element-84fd53d elementor-widget elementor-widget-image\" data-id=\"84fd53d\" data-element_type=\"widget\" data-widget_type=\"image.default\">\n\t\t\t\t<div class=\"elementor-widget-container\">\n\t\t\t\t\t\t\t\t\t\t\t\t\t\t\t<img decoding=\"async\" width=\"1920\" height=\"1080\" src=\"https:\/\/www.mokivape.com\/wp-content\/uploads\/M46_b_3.webp\" class=\"attachment-full size-full wp-image-8189\" alt=\"Kolory przezroczystego zbiornika Vape M46 Cyber Style\" srcset=\"https:\/\/www.mokivape.com\/wp-content\/uploads\/M46_b_3.webp 1920w, https:\/\/www.mokivape.com\/wp-content\/uploads\/M46_b_3-768x432.webp 768w, https:\/\/www.mokivape.com\/wp-content\/uploads\/M46_b_3-1536x864.webp 1536w, https:\/\/www.mokivape.com\/wp-content\/uploads\/M46_b_3-18x10.webp 18w, https:\/\/www.mokivape.com\/wp-content\/uploads\/M46_b_3-600x338.webp 600w\" sizes=\"(max-width: 1920px) 100vw, 1920px\" \/>\t\t\t\t\t\t\t\t\t\t\t\t\t\t\t<\/div>\n\t\t\t\t<\/div>\n\t\t\t\t<div class=\"elementor-element elementor-element-f48d26a elementor-widget elementor-widget-image\" data-id=\"f48d26a\" data-element_type=\"widget\" data-widget_type=\"image.default\">\n\t\t\t\t<div class=\"elementor-widget-container\">\n\t\t\t\t\t\t\t\t\t\t\t\t\t\t\t<img loading=\"lazy\" decoding=\"async\" width=\"1920\" height=\"1080\" src=\"https:\/\/www.mokivape.com\/wp-content\/uploads\/M46_b_4.webp\" class=\"attachment-full size-full wp-image-8190\" alt=\"M46 Cyber Style Transparent Tank Vape\" srcset=\"https:\/\/www.mokivape.com\/wp-content\/uploads\/M46_b_4.webp 1920w, https:\/\/www.mokivape.com\/wp-content\/uploads\/M46_b_4-768x432.webp 768w, https:\/\/www.mokivape.com\/wp-content\/uploads\/M46_b_4-1536x864.webp 1536w, https:\/\/www.mokivape.com\/wp-content\/uploads\/M46_b_4-18x10.webp 18w, https:\/\/www.mokivape.com\/wp-content\/uploads\/M46_b_4-600x338.webp 600w\" sizes=\"(max-width: 1920px) 100vw, 1920px\" \/>\t\t\t\t\t\t\t\t\t\t\t\t\t\t\t<\/div>\n\t\t\t\t<\/div>\n\t\t\t\t<div class=\"elementor-element elementor-element-83c7d64 elementor-widget elementor-widget-image\" data-id=\"83c7d64\" data-element_type=\"widget\" data-widget_type=\"image.default\">\n\t\t\t\t<div class=\"elementor-widget-container\">\n\t\t\t\t\t\t\t\t\t\t\t\t\t\t\t<img loading=\"lazy\" decoding=\"async\" width=\"1920\" height=\"1080\" src=\"https:\/\/www.mokivape.com\/wp-content\/uploads\/M46_b_5.webp\" class=\"attachment-full size-full wp-image-8191\" alt=\"M46 Cyber Style Transparent Tank Vape\" srcset=\"https:\/\/www.mokivape.com\/wp-content\/uploads\/M46_b_5.webp 1920w, https:\/\/www.mokivape.com\/wp-content\/uploads\/M46_b_5-768x432.webp 768w, https:\/\/www.mokivape.com\/wp-content\/uploads\/M46_b_5-1536x864.webp 1536w, https:\/\/www.mokivape.com\/wp-content\/uploads\/M46_b_5-18x10.webp 18w, https:\/\/www.mokivape.com\/wp-content\/uploads\/M46_b_5-600x338.webp 600w\" sizes=\"(max-width: 1920px) 100vw, 1920px\" \/>\t\t\t\t\t\t\t\t\t\t\t\t\t\t\t<\/div>\n\t\t\t\t<\/div>\n\t\t\t\t<div class=\"elementor-element elementor-element-e8332fc elementor-widget elementor-widget-image\" data-id=\"e8332fc\" data-element_type=\"widget\" data-widget_type=\"image.default\">\n\t\t\t\t<div class=\"elementor-widget-container\">\n\t\t\t\t\t\t\t\t\t\t\t\t\t\t\t<img loading=\"lazy\" decoding=\"async\" width=\"1920\" height=\"1080\" src=\"https:\/\/www.mokivape.com\/wp-content\/uploads\/M46_b_6.webp\" class=\"attachment-full size-full wp-image-8192\" alt=\"Lista pakiet\u00f3w M46 Cyber Style Transparent Tank Vape\" srcset=\"https:\/\/www.mokivape.com\/wp-content\/uploads\/M46_b_6.webp 1920w, https:\/\/www.mokivape.com\/wp-content\/uploads\/M46_b_6-768x432.webp 768w, https:\/\/www.mokivape.com\/wp-content\/uploads\/M46_b_6-1536x864.webp 1536w, https:\/\/www.mokivape.com\/wp-content\/uploads\/M46_b_6-18x10.webp 18w, https:\/\/www.mokivape.com\/wp-content\/uploads\/M46_b_6-600x338.webp 600w\" sizes=\"(max-width: 1920px) 100vw, 1920px\" \/>\t\t\t\t\t\t\t\t\t\t\t\t\t\t\t<\/div>\n\t\t\t\t<\/div>\n\t\t\t\t<\/div>\n\t\t\t\t<\/div>","protected":false},"excerpt":{"rendered":"<p>MOKI Transparent Tank Vape Box MK46 to wysokiej jako\u015bci jednorazowy vape zaprojektowany z my\u015bl\u0105 o przejrzysto\u015bci i wygodzie. Dzi\u0119ki baterii 720 mAh i podw\u00f3jnej cewce ceramicznej, ten vape box zapewnia sp\u00f3jny smak i produkcj\u0119 pary. Pojemno\u015b\u0107 10 ml e-liquidu i op\u00f3r 1,0ohm zapewniaj\u0105 satysfakcjonuj\u0105ce doznania. \u0141adowanie odbywa si\u0119 bez wysi\u0142ku za pomoc\u0105 z\u0142\u0105cza Type-C.<br \/>\nMierz\u0105cy 81,7 * 46,7 * 21,8 mm, jest wykonany z wytrzyma\u0142ego materia\u0142u PC + PCTG. Dzi\u0119ki wsparciu MK46 dla OEM i ODM, ten waporyzator z bia\u0142\u0105 etykiet\u0105 jest obowi\u0105zkowym produktem producenta i dostawcy - MOKI. Przezroczysty zbiornik zapewnia wyra\u017any widok poziomu e-liquidu, zwi\u0119kszaj\u0105c doznania podczas waporyzacji. Wykonywany na zam\u00f3wienie MOKI Vape Box jest uosobieniem innowacji w technologii waporyzacji jednorazowej.<\/p>","protected":false},"featured_media":8158,"comment_status":"open","ping_status":"closed","template":"","meta":[],"product_brand":[],"product_cat":[32,31],"product_tag":[],"class_list":{"0":"post-1351","1":"product","2":"type-product","3":"status-publish","4":"has-post-thumbnail","6":"product_cat-ceramic-coil-vape-pod-kits-fruit-flavor-ecigarette","7":"product_cat-disposable-vape-pod-kits-oem-vape-pen-manufacturing","9":"first","10":"instock","11":"shipping-taxable","12":"product-type-simple"},"_links":{"self":[{"href":"https:\/\/www.mokivape.com\/pl\/wp-json\/wp\/v2\/product\/1351","targetHints":{"allow":["GET"]}}],"collection":[{"href":"https:\/\/www.mokivape.com\/pl\/wp-json\/wp\/v2\/product"}],"about":[{"href":"https:\/\/www.mokivape.com\/pl\/wp-json\/wp\/v2\/types\/product"}],"replies":[{"embeddable":true,"href":"https:\/\/www.mokivape.com\/pl\/wp-json\/wp\/v2\/comments?post=1351"}],"version-history":[{"count":0,"href":"https:\/\/www.mokivape.com\/pl\/wp-json\/wp\/v2\/product\/1351\/revisions"}],"wp:featuredmedia":[{"embeddable":true,"href":"https:\/\/www.mokivape.com\/pl\/wp-json\/wp\/v2\/media\/8158"}],"wp:attachment":[{"href":"https:\/\/www.mokivape.com\/pl\/wp-json\/wp\/v2\/media?parent=1351"}],"wp:term":[{"taxonomy":"product_brand","embeddable":true,"href":"https:\/\/www.mokivape.com\/pl\/wp-json\/wp\/v2\/product_brand?post=1351"},{"taxonomy":"product_cat","embeddable":true,"href":"https:\/\/www.mokivape.com\/pl\/wp-json\/wp\/v2\/product_cat?post=1351"},{"taxonomy":"product_tag","embeddable":true,"href":"https:\/\/www.mokivape.com\/pl\/wp-json\/wp\/v2\/product_tag?post=1351"}],"curies":[{"name":"wp","href":"https:\/\/api.w.org\/{rel}","templated":true}]}}