{"id":6793,"date":"2024-08-30T08:12:08","date_gmt":"2024-08-30T08:12:08","guid":{"rendered":"https:\/\/www.mokiecig.com\/?page_id=6793"},"modified":"2025-12-08T02:07:28","modified_gmt":"2025-12-08T02:07:28","slug":"privacy-policy-2","status":"publish","type":"page","link":"https:\/\/www.mokivape.com\/pl\/polityka-prywatnosci-2\/","title":{"rendered":"Polityka prywatno\u015bci"},"content":{"rendered":"<p>U\u017cytkownik nie mo\u017ce u\u017cywa\u0107 \u017cadnych \"deep-link\", \"page-scrape\", \"robot\", \"spider\" lub innych automatycznych urz\u0105dze\u0144, program\u00f3w, algorytm\u00f3w lub metodologii, ani \u017cadnych podobnych lub r\u00f3wnowa\u017cnych proces\u00f3w r\u0119cznych, w celu uzyskania dost\u0119pu, pozyskania, kopiowania lub monitorowania jakiejkolwiek cz\u0119\u015bci Witryny lub jakiejkolwiek Tre\u015bci, lub w jakikolwiek spos\u00f3b odtwarza\u0107 lub obchodzi\u0107 struktur\u0119 nawigacyjn\u0105 lub prezentacj\u0119 Witryny lub jakiejkolwiek Tre\u015bci, w celu uzyskania lub pr\u00f3by uzyskania jakichkolwiek materia\u0142\u00f3w, dokument\u00f3w lub informacji za po\u015brednictwem jakichkolwiek \u015brodk\u00f3w, kt\u00f3re nie zosta\u0142y celowo udost\u0119pnione za po\u015brednictwem Witryny. MOKI vape zastrzega sobie prawo do zablokowania wszelkich takich dzia\u0142a\u0144. U\u017cytkownik nie mo\u017ce podejmowa\u0107 pr\u00f3b uzyskania nieautoryzowanego dost\u0119pu do jakiejkolwiek cz\u0119\u015bci lub funkcji Witryny lub jakichkolwiek innych system\u00f3w lub sieci po\u0142\u0105czonych z Witryn\u0105 lub jakimkolwiek serwerem MOKI vape, lub do jakichkolwiek us\u0142ug oferowanych w Witrynie lub za jej po\u015brednictwem, poprzez hakowanie, \"wydobywanie\" hase\u0142 lub w jakikolwiek inny nielegalny spos\u00f3b.<\/p>\n\n\n\n<p>U\u017cytkownik nie mo\u017ce sondowa\u0107, skanowa\u0107 ani testowa\u0107 s\u0142abych punkt\u00f3w Witryny lub jakiejkolwiek sieci po\u0142\u0105czonej z Witryn\u0105, ani narusza\u0107 \u015brodk\u00f3w bezpiecze\u0144stwa lub uwierzytelniania w Witrynie lub jakiejkolwiek sieci po\u0142\u0105czonej z Witryn\u0105. U\u017cytkownik nie mo\u017ce wyszukiwa\u0107 wstecznie, \u015bledzi\u0107 ani pr\u00f3bowa\u0107 \u015bledzi\u0107 \u017cadnych informacji o jakimkolwiek innym u\u017cytkowniku lub odwiedzaj\u0105cym Witryn\u0119 lub jakimkolwiek innym kliencie MOKI vape, w tym jakiegokolwiek konta MOKI vape nieb\u0119d\u0105cego w\u0142asno\u015bci\u0105 u\u017cytkownika, do jego \u017ar\u00f3d\u0142a, ani wykorzystywa\u0107 Witryny lub jakiejkolwiek us\u0142ugi lub informacji udost\u0119pnianych lub oferowanych przez Witryn\u0119 lub za jej po\u015brednictwem, w jakikolwiek spos\u00f3b, kt\u00f3rego celem jest ujawnienie jakichkolwiek informacji, w tym mi\u0119dzy innymi osobistej identyfikacji lub informacji, innych ni\u017c w\u0142asne informacje, zgodnie z Witryn\u0105.<\/p>\n\n\n\n<p>U\u017cytkownik zgadza si\u0119 nie podejmowa\u0107 \u017cadnych dzia\u0142a\u0144, kt\u00f3re nak\u0142adaj\u0105 nieuzasadnione lub nieproporcjonalnie du\u017ce obci\u0105\u017cenie na infrastruktur\u0119 Witryny lub system\u00f3w lub sieci MOKI vape, lub jakichkolwiek system\u00f3w lub sieci pod\u0142\u0105czonych do Witryny lub MOKI vape.<\/p>\n\n\n\n<p>U\u017cytkownik zgadza si\u0119 nie u\u017cywa\u0107 \u017cadnych urz\u0105dze\u0144, oprogramowania ani procedur w celu zak\u0142\u00f3cania lub podejmowania pr\u00f3b zak\u0142\u00f3cania prawid\u0142owego dzia\u0142ania Witryny lub jakiejkolwiek transakcji przeprowadzanej w Witrynie lub korzystania z Witryny przez inne osoby.<\/p>\n\n\n\n<p>U\u017cytkownik nie mo\u017ce fa\u0142szowa\u0107 nag\u0142\u00f3wk\u00f3w ani w inny spos\u00f3b manipulowa\u0107 identyfikatorami w celu ukrycia pochodzenia jakiejkolwiek wiadomo\u015bci lub przekazu wysy\u0142anego do MOKI vape za po\u015brednictwem Strony lub jakiejkolwiek us\u0142ugi oferowanej na Stronie lub za jej po\u015brednictwem. U\u017cytkownik nie mo\u017ce udawa\u0107, \u017ce jest kim\u015b innym lub \u017ce reprezentuje kogo\u015b innego, ani podszywa\u0107 si\u0119 pod jak\u0105kolwiek inn\u0105 osob\u0119 lub podmiot. U\u017cytkownik nie mo\u017ce korzysta\u0107 z Witryny lub jakiejkolwiek Zawarto\u015bci w jakimkolwiek celu, kt\u00f3ry jest niezgodny z prawem lub zabroniony przez niniejsze Warunki u\u017cytkowania lub w celu nak\u0142aniania do wykonywania jakiejkolwiek nielegalnej dzia\u0142alno\u015bci lub innej dzia\u0142alno\u015bci, kt\u00f3ra narusza prawa MOKI vape lub innych os\u00f3b.<\/p>\n\n\n\n<h3 class=\"wp-block-heading\">JAKIE INFORMACJE GROMADZIMY?<\/h3>\n\n\n\n<p>Zbieramy informacje od u\u017cytkownika, gdy rejestruje si\u0119 na naszej stronie, sk\u0142ada zam\u00f3wienie lub wype\u0142nia formularz. Podczas sk\u0142adania zam\u00f3wienia lub rejestracji na naszej stronie, w zale\u017cno\u015bci od przypadku, u\u017cytkownik mo\u017ce zosta\u0107 poproszony o podanie: imienia i nazwiska, adresu e-mail lub adresu pocztowego. U\u017cytkownik mo\u017ce jednak odwiedza\u0107 nasz\u0105 witryn\u0119 anonimowo.<\/p>\n\n\n\n<h3 class=\"wp-block-heading\">DO CZEGO WYKORZYSTUJEMY INFORMACJE O U\u017bYTKOWNIKU?<\/h3>\n\n\n\n<p>Wszelkie gromadzone przez nas informacje mog\u0105 by\u0107 wykorzystywane na jeden z poni\u017cszych sposob\u00f3w:<\/p>\n\n\n\n<p>*Aby spersonalizowa\u0107 swoje do\u015bwiadczenie<\/p>\n\n\n\n<p>(Twoje informacje pomagaj\u0105 nam lepiej reagowa\u0107 na Twoje indywidualne potrzeby).<\/p>\n\n\n\n<p>*Aby ulepszy\u0107 nasz\u0105 stron\u0119 internetow\u0105<\/p>\n\n\n\n<p>(nieustannie staramy si\u0119 ulepsza\u0107 nasz\u0105 ofert\u0119 internetow\u0105 w oparciu o informacje i opinie, kt\u00f3re otrzymujemy od u\u017cytkownik\u00f3w).<\/p>\n\n\n\n<p>*Poprawa obs\u0142ugi klienta<\/p>\n\n\n\n<p>(informacje te pomagaj\u0105 nam skuteczniej reagowa\u0107 na \u017c\u0105dania obs\u0142ugi klienta i potrzeby w zakresie wsparcia).<\/p>\n\n\n\n<p>*Przetwarzanie transakcji<\/p>\n\n\n\n<p>Informacje o u\u017cytkowniku, zar\u00f3wno publiczne, jak i prywatne, nie b\u0119d\u0105 sprzedawane, wymieniane, przekazywane ani przekazywane \u017cadnej innej firmie z jakiegokolwiek powodu, bez zgody u\u017cytkownika, z wyj\u0105tkiem wyra\u017anego celu dostarczenia zakupionego produktu lub \u017c\u0105danej us\u0142ugi.<\/p>\n\n\n\n<p>*Wysy\u0142anie okresowych wiadomo\u015bci e-mail<\/p>\n\n\n\n<p>Adres e-mail podany przez u\u017cytkownika w celu przetworzenia zam\u00f3wienia mo\u017ce by\u0107 wykorzystywany do wysy\u0142ania informacji i aktualizacji dotycz\u0105cych zam\u00f3wienia, a tak\u017ce do okazjonalnego otrzymywania wiadomo\u015bci o firmie, aktualizacji, powi\u0105zanych informacji o produktach lub us\u0142ugach itp.<\/p>\n\n\n\n<h3 class=\"wp-block-heading\">JAK CHRONIMY DANE U\u017bYTKOWNIKA?<\/h3>\n\n\n\n<p>Wdra\u017camy r\u00f3\u017cne \u015brodki bezpiecze\u0144stwa w celu zachowania bezpiecze\u0144stwa danych osobowych u\u017cytkownika podczas sk\u0142adania zam\u00f3wienia lub wprowadzania, przesy\u0142ania lub uzyskiwania dost\u0119pu do danych osobowych u\u017cytkownika.<\/p>\n\n\n\n<p>Oferujemy korzystanie z bezpiecznego serwera.<\/p>\n\n\n\n<h3 class=\"wp-block-heading\">CZY UJAWNIAMY JAKIEKOLWIEK INFORMACJE PODMIOTOM ZEWN\u0118TRZNYM?<\/h3>\n\n\n\n<p>Nie sprzedajemy, nie handlujemy ani w \u017caden inny spos\u00f3b nie przekazujemy podmiotom zewn\u0119trznym danych osobowych u\u017cytkownik\u00f3w. Nie obejmuje to zaufanych stron trzecich, kt\u00f3re pomagaj\u0105 nam w prowadzeniu naszej witryny internetowej, prowadzeniu naszej dzia\u0142alno\u015bci lub obs\u0142udze u\u017cytkownika, o ile strony te zgadzaj\u0105 si\u0119 zachowa\u0107 poufno\u015b\u0107 tych informacji. Mo\u017cemy r\u00f3wnie\u017c ujawni\u0107 informacje o u\u017cytkowniku, gdy uznamy, \u017ce jest to w\u0142a\u015bciwe w celu przestrzegania prawa, egzekwowania zasad naszej witryny lub ochrony naszych lub innych praw, w\u0142asno\u015bci lub bezpiecze\u0144stwa. Informacje o odwiedzaj\u0105cych, kt\u00f3re nie umo\u017cliwiaj\u0105 ich identyfikacji, mog\u0105 by\u0107 jednak przekazywane innym stronom w celach marketingowych, reklamowych lub innych.<\/p>\n\n\n\n<h3 class=\"wp-block-heading\">TYLKO POLITYKA PRYWATNO\u015aCI ONLINE<\/h3>\n\n\n\n<p>Niniejsza polityka prywatno\u015bci online ma zastosowanie wy\u0142\u0105cznie do informacji gromadzonych za po\u015brednictwem naszej witryny internetowej, a nie do informacji gromadzonych offline.<\/p>\n\n\n\n<h3 class=\"wp-block-heading\">TWOJA ZGODA<\/h3>\n\n\n\n<p>Korzystaj\u0105c z naszej witryny, u\u017cytkownik wyra\u017ca zgod\u0119 na nasz\u0105 polityk\u0119 prywatno\u015bci.<\/p>\n\n\n\n<p>Naruszenie niniejszych Warunk\u00f3w u\u017cytkowania<\/p>\n\n\n\n<p>MOKI vape mo\u017ce ujawni\u0107 wszelkie posiadane przez nas informacje o u\u017cytkowniku (w tym jego to\u017csamo\u015b\u0107), je\u015bli uznamy, \u017ce takie ujawnienie jest konieczne w zwi\u0105zku z jakimkolwiek dochodzeniem lub skarg\u0105 dotycz\u0105c\u0105 korzystania z Witryny przez u\u017cytkownika, lub w celu zidentyfikowania, skontaktowania si\u0119 lub podj\u0119cia krok\u00f3w prawnych przeciwko osobie, kt\u00f3ra mo\u017ce powodowa\u0107 obra\u017cenia lub ingerowa\u0107 (umy\u015blnie lub nieumy\u015blnie) w prawa lub w\u0142asno\u015b\u0107 MOKI vape, lub prawa lub w\u0142asno\u015b\u0107 odwiedzaj\u0105cych lub u\u017cytkownik\u00f3w Witryny, w tym klient\u00f3w MOKI vape. MOKI vape zastrzega sobie prawo do ujawniania w dowolnym momencie wszelkich informacji, kt\u00f3re MOKI vape uzna za niezb\u0119dne w celu zapewnienia zgodno\u015bci z obowi\u0105zuj\u0105cymi przepisami prawa, regulacjami, procedurami prawnymi lub \u017c\u0105daniami rz\u0105dowymi.<\/p>\n\n\n\n<p>MOKI vape mo\u017ce r\u00f3wnie\u017c ujawni\u0107 informacje u\u017cytkownika, gdy MOKI vape stwierdzi, \u017ce obowi\u0105zuj\u0105ce prawo wymaga lub zezwala na takie ujawnienie, w tym wymian\u0119 informacji z innymi firmami i organizacjami w celu ochrony przed oszustwami.<\/p>\n\n\n\n<p>U\u017cytkownik przyjmuje do wiadomo\u015bci i zgadza si\u0119, \u017ce MOKI vape mo\u017ce zachowa\u0107 wszelkie transmisje lub komunikacj\u0119 u\u017cytkownika z MOKI vape za po\u015brednictwem Witryny lub dowolnej us\u0142ugi oferowanej w Witrynie lub za jej po\u015brednictwem, a tak\u017ce mo\u017ce ujawni\u0107 takie dane, je\u015bli jest to wymagane przez prawo lub MOKI vape stwierdzi, \u017ce takie zachowanie lub ujawnienie jest zasadnie konieczne do (1) przestrzegania procesu prawnego, (2) egzekwowania niniejszych Warunk\u00f3w u\u017cytkowania, (3) reagowania na roszczenia, \u017ce takie dane naruszaj\u0105 prawa innych os\u00f3b lub (4) ochrony praw, w\u0142asno\u015bci lub bezpiecze\u0144stwa osobistego MOKI vape, jej pracownik\u00f3w, u\u017cytkownik\u00f3w lub odwiedzaj\u0105cych Witryn\u0119 oraz spo\u0142ecze\u0144stwa.<\/p>\n\n\n\n<p>U\u017cytkownik zgadza si\u0119, \u017ce MOKI vape mo\u017ce, wed\u0142ug w\u0142asnego uznania i bez wcze\u015bniejszego powiadomienia, zako\u0144czy\u0107 dost\u0119p u\u017cytkownika do Witryny i\/lub zablokowa\u0107 dost\u0119p u\u017cytkownika do Witryny w przysz\u0142o\u015bci, je\u015bli stwierdzimy, \u017ce u\u017cytkownik naruszy\u0142 niniejsze Warunki u\u017cytkowania lub inne umowy lub wytyczne, kt\u00f3re mog\u0105 by\u0107 zwi\u0105zane z korzystaniem z Witryny przez u\u017cytkownika. U\u017cytkownik zgadza si\u0119 r\u00f3wnie\u017c, \u017ce jakiekolwiek naruszenie przez niego niniejszych Warunk\u00f3w u\u017cytkowania b\u0119dzie stanowi\u0107 bezprawn\u0105 i nieuczciw\u0105 praktyk\u0119 biznesow\u0105 i spowoduje nieodwracalne szkody dla MOKI vape, w przypadku kt\u00f3rych odszkodowanie pieni\u0119\u017cne by\u0142oby nieadekwatne, a u\u017cytkownik wyra\u017ca zgod\u0119 na uzyskanie przez MOKI vape wszelkich nakaz\u00f3w s\u0105dowych lub s\u0142usznych zado\u015b\u0107uczynie\u0144, kt\u00f3re MOKI vape uzna za konieczne lub odpowiednie w takich okoliczno\u015bciach. Te \u015brodki zaradcze stanowi\u0105 dodatek do wszelkich innych \u015brodk\u00f3w zaradczych, jakie MOKI vape mo\u017ce mie\u0107 na mocy prawa lub na zasadzie s\u0142uszno\u015bci.<\/p>\n\n\n\n<p>U\u017cytkownik zgadza si\u0119, \u017ce MOKI vape mo\u017ce, wed\u0142ug w\u0142asnego uznania i bez wcze\u015bniejszego powiadomienia, zako\u0144czy\u0107 dost\u0119p u\u017cytkownika do Witryny z podaniem przyczyny, co obejmuje (ale nie ogranicza si\u0119 do) (1) \u017c\u0105dania organ\u00f3w \u015bcigania lub innych agencji rz\u0105dowych, (2) \u017c\u0105danie u\u017cytkownika (usuni\u0119cie konta z w\u0142asnej inicjatywy), (3) przerwanie lub istotn\u0105 modyfikacj\u0119 Witryny lub dowolnej us\u0142ugi oferowanej w Witrynie lub za jej po\u015brednictwem, lub (4) nieoczekiwane kwestie lub problemy techniczne.<\/p>\n\n\n\n<p>Je\u015bli firma MOKI vape podejmie jakiekolwiek dzia\u0142ania prawne przeciwko u\u017cytkownikowi w wyniku naruszenia przez niego niniejszych Warunk\u00f3w u\u017cytkowania, firma MOKI vape b\u0119dzie uprawniona do odzyskania od u\u017cytkownika, a u\u017cytkownik zgadza si\u0119 zap\u0142aci\u0107, wszelkie uzasadnione honoraria adwokackie i koszty takiego dzia\u0142ania, opr\u00f3cz wszelkich innych ulg przyznanych firmie MOKI vape. U\u017cytkownik zgadza si\u0119, \u017ce MOKI vape nie b\u0119dzie ponosi\u0107 odpowiedzialno\u015bci wobec u\u017cytkownika ani \u017cadnej strony trzeciej za zako\u0144czenie dost\u0119pu u\u017cytkownika do Witryny w wyniku naruszenia niniejszych Warunk\u00f3w u\u017cytkowania.<\/p>\n\n\n\n<h3 class=\"wp-block-heading\">ZMIANY W NINIEJSZYM O\u015aWIADCZENIU O OCHRONIE PRYWATNO\u015aCI<\/h3>\n\n\n\n<p>Je\u015bli zdecydujemy si\u0119 zmieni\u0107 nasz\u0105 polityk\u0119 prywatno\u015bci, opublikujemy te zmiany w niniejszym o\u015bwiadczeniu o ochronie prywatno\u015bci, na stronie g\u0142\u00f3wnej i w innych miejscach, kt\u00f3re uznamy za stosowne, aby u\u017cytkownik by\u0142 \u015bwiadomy tego, jakie informacje gromadzimy, w jaki spos\u00f3b je wykorzystujemy i w jakich okoliczno\u015bciach, je\u015bli w og\u00f3le, je ujawniamy.<\/p>\n\n\n\n<p>Zastrzegamy sobie prawo do zmiany niniejszego o\u015bwiadczenia o ochronie prywatno\u015bci w dowolnym momencie, dlatego prosimy o jego cz\u0119ste przegl\u0105danie. Je\u015bli wprowadzimy istotne zmiany w niniejszej polityce, powiadomimy Ci\u0119 o tym tutaj, e-mailem lub za pomoc\u0105 powiadomienia na naszej stronie g\u0142\u00f3wnej.<\/p>","protected":false},"excerpt":{"rendered":"<p>You may not use any \u201cdeep-link\u201d, \u201cpage-scrape\u201d, \u201crobot\u201d, \u201cspider\u201d or other automatic devices, program, algorithm or methodology, or any similar or equivalent manual process, to access, acquire, copy or monitor any portion of the Site or any Content, or in any way reproduce or circumvent the navigational structure or presentation of the Site or any [&hellip;]<\/p>","protected":false},"author":1,"featured_media":0,"parent":0,"menu_order":0,"comment_status":"closed","ping_status":"closed","template":"","meta":{"footnotes":""},"class_list":["post-6793","page","type-page","status-publish","hentry"],"_links":{"self":[{"href":"https:\/\/www.mokivape.com\/pl\/wp-json\/wp\/v2\/pages\/6793","targetHints":{"allow":["GET"]}}],"collection":[{"href":"https:\/\/www.mokivape.com\/pl\/wp-json\/wp\/v2\/pages"}],"about":[{"href":"https:\/\/www.mokivape.com\/pl\/wp-json\/wp\/v2\/types\/page"}],"author":[{"embeddable":true,"href":"https:\/\/www.mokivape.com\/pl\/wp-json\/wp\/v2\/users\/1"}],"replies":[{"embeddable":true,"href":"https:\/\/www.mokivape.com\/pl\/wp-json\/wp\/v2\/comments?post=6793"}],"version-history":[{"count":0,"href":"https:\/\/www.mokivape.com\/pl\/wp-json\/wp\/v2\/pages\/6793\/revisions"}],"wp:attachment":[{"href":"https:\/\/www.mokivape.com\/pl\/wp-json\/wp\/v2\/media?parent=6793"}],"curies":[{"name":"wp","href":"https:\/\/api.w.org\/{rel}","templated":true}]}}