{"id":6791,"date":"2024-08-30T08:06:50","date_gmt":"2024-08-30T08:06:50","guid":{"rendered":"https:\/\/www.mokiecig.com\/?page_id=6791"},"modified":"2025-12-08T01:43:22","modified_gmt":"2025-12-08T01:43:22","slug":"terms","status":"publish","type":"page","link":"https:\/\/www.mokivape.com\/pl\/warunki\/","title":{"rendered":"Warunki"},"content":{"rendered":"<h3 class=\"wp-block-heading\">ZASADY I WARUNKI<\/h3>\n\n\n\n<p>Niniejsze Warunki u\u017cytkowania (\"Umowa\") maj\u0105 zastosowanie do witryny MOKI vape znajduj\u0105cej si\u0119 pod adresem mokivape.com i wszystkich powi\u0105zanych witryn po\u0142\u0105czonych z mokivape.com przez MOKI vape, jej podmioty zale\u017cne i stowarzyszone, w tym witryn MOKI vape na ca\u0142ym \u015bwiecie (zwanych \u0142\u0105cznie \"witryn\u0105\"). Witryna MOKI vape i jej licencjodawc\u00f3w.<\/p>\n\n\n\n<p>KORZYSTAJ\u0104C Z WITRYNY, U\u017bYTKOWNIK WYRA\u017bA ZGOD\u0118 NA NINIEJSZE WARUNKI U\u017bYTKOWANIA; JE\u015aLI NIE WYRA\u017bA ZGODY, NIE POWINIEN KORZYSTA\u0106 Z WITRYNY. MOKI vape zastrzega sobie prawo, wed\u0142ug w\u0142asnego uznania, do zmiany, modyfikacji, dodania lub usuni\u0119cia cz\u0119\u015bci niniejszych Warunk\u00f3w u\u017cytkowania w dowolnym momencie. Obowi\u0105zkiem u\u017cytkownika jest okresowe sprawdzanie niniejszych Warunk\u00f3w u\u017cytkowania pod k\u0105tem zmian. Dalsze korzystanie z Witryny po opublikowaniu zmian b\u0119dzie oznacza\u0107, \u017ce u\u017cytkownik akceptuje i zgadza si\u0119 na te zmiany. Dop\u00f3ki u\u017cytkownik przestrzega niniejszych Warunk\u00f3w u\u017cytkowania, MOKI vape przyznaje mu osobisty, niewy\u0142\u0105czny, niezbywalny, ograniczony przywilej wej\u015bcia na Stron\u0119 i korzystania z niej. Prosimy wi\u0119c o uwa\u017cne zapoznanie si\u0119 z nimi. U\u017cytkownika Witryny obowi\u0105zuje r\u00f3wnie\u017c nasza Polityka prywatno\u015bci, kt\u00f3ra jest w\u0142\u0105czona do niniejszej Umowy i stanowi jej cz\u0119\u015b\u0107. Materia\u0142y zawarte w niniejszej Witrynie s\u0105 chronione obowi\u0105zuj\u0105cymi przepisami dotycz\u0105cymi praw autorskich i znak\u00f3w towarowych.<\/p>\n\n\n\n<p>WCHODZ\u0104C NA T\u0118 STRON\u0118, U\u017bYTKOWNIK NINIEJSZYM POTWIERDZA I GWARANTUJE, \u017bE UKO\u0143CZY\u0141 DWADZIE\u015aCIA JEDEN (21) LAT.<\/p>\n\n\n\n<h3 class=\"wp-block-heading\">Tre\u015b\u0107<\/h3>\n\n\n\n<p>Ca\u0142y tekst, grafika, interfejsy u\u017cytkownika, interfejsy wizualne, zdj\u0119cia, znaki towarowe, logotypy, d\u017awi\u0119ki, muzyka, grafika i kod komputerowy (zwane \u0142\u0105cznie \"Tre\u015bci\u0105\"), w tym mi\u0119dzy innymi projekt, struktura, wyb\u00f3r, koordynacja, ekspresja, \"wygl\u0105d i styl\" oraz uk\u0142ad takiej Tre\u015bci, zawarte na Stronie s\u0105 w\u0142asno\u015bci\u0105, s\u0105 kontrolowane lub licencjonowane przez lub na rzecz MOKI vape i s\u0105 chronione prawem handlowym, prawami autorskimi, patentami i znakami towarowymi oraz r\u00f3\u017cnymi innymi prawami w\u0142asno\u015bci intelektualnej i prawami dotycz\u0105cymi nieuczciwej konkurencji.Z wyj\u0105tkiem przypadk\u00f3w wyra\u017anie okre\u015blonych w niniejszych Warunkach u\u017cytkowania, \u017cadna cz\u0119\u015b\u0107 Witryny ani Tre\u015bci nie mo\u017ce by\u0107 kopiowana, powielana, ponownie publikowana, przesy\u0142ana, publikowana, publicznie wy\u015bwietlana, kodowana, t\u0142umaczona, przesy\u0142ana ani rozpowszechniana w jakikolwiek spos\u00f3b (w tym \"mirroring\") na jakimkolwiek innym komputerze, serwerze, stronie internetowej lub innych mediach w celu publikacji lub dystrybucji lub w jakimkolwiek przedsi\u0119wzi\u0119ciu komercyjnym, bez wyra\u017anej uprzedniej pisemnej zgody MOKI vape.<\/p>\n\n\n\n<h3 class=\"wp-block-heading\">Kolory<\/h3>\n\n\n\n<p>Do\u0142o\u017cyli\u015bmy wszelkich stara\u0144, aby jak najdok\u0142adniej wy\u015bwietli\u0107 kolory naszych produkt\u00f3w, kt\u00f3re pojawiaj\u0105 si\u0119 na stronie. Poniewa\u017c jednak rzeczywiste kolory b\u0119d\u0105 zale\u017ce\u0107 od monitora, nie mo\u017cemy zagwarantowa\u0107, \u017ce wy\u015bwietlany przez monitor kolor b\u0119dzie dok\u0142adny.<\/p>\n\n\n\n<h3 class=\"wp-block-heading\">Prawa autorskie<\/h3>\n\n\n\n<p>Prawa autorskie do tej witryny (w tym bez ogranicze\u0144 do tekstu, grafiki, logo, d\u017awi\u0119k\u00f3w i film\u00f3w) s\u0105 w\u0142asno\u015bci\u0105 i s\u0105 licencjonowane przez MOKI vape. Wszystkie materia\u0142y zawarte na tej stronie s\u0105 chronione chi\u0144skim i mi\u0119dzynarodowym prawem autorskim i nie mog\u0105 by\u0107 kopiowane, powielane, rozpowszechniane, przesy\u0142ane, wy\u015bwietlane, publikowane, adaptowane ani przetwarzane w \u017cadnej formie, w \u017caden spos\u00f3b ani w \u017cadnych mediach bez uprzedniej pisemnej zgody MOKI vape. U\u017cytkownik nie mo\u017ce zmienia\u0107 ani usuwa\u0107 \u017cadnych informacji o prawach autorskich lub innych informacji z kopii tre\u015bci. U\u017cytkownik nie mo\u017ce, bez wyra\u017anej pisemnej zgody MOKI vape, \"kopiowa\u0107\" \u017cadnych materia\u0142\u00f3w zawartych na tej stronie ani na \u017cadnym innym serwerze. Ka\u017cde pozwolenie udzielone w niniejszym dokumencie wygasa automatycznie bez dalszego powiadomienia, je\u015bli u\u017cytkownik naruszy kt\u00f3rykolwiek z powy\u017cszych warunk\u00f3w. Po takim rozwi\u0105zaniu u\u017cytkownik zgadza si\u0119 natychmiast zniszczy\u0107 wszelkie pobrane i\/lub wydrukowane materia\u0142y. Jakiekolwiek nieautoryzowane u\u017cycie jakichkolwiek materia\u0142\u00f3w zawartych na tej stronie mo\u017ce narusza\u0107 krajowe i\/lub mi\u0119dzynarodowe prawa autorskie, prawa dotycz\u0105ce prywatno\u015bci i reklamy oraz komunikacj\u0119, przepisy i ustawy.<\/p>\n\n\n\n<h3 class=\"wp-block-heading\">Zmiany<\/h3>\n\n\n\n<p>Materia\u0142y pojawiaj\u0105ce si\u0119 na stronie internetowej MOKI vape mog\u0105 zawiera\u0107 b\u0142\u0119dy techniczne, typograficzne lub fotograficzne. MOKI vape nie gwarantuje, \u017ce jakiekolwiek materia\u0142y na jej stronie internetowej s\u0105 dok\u0142adne, kompletne lub aktualne. MOKI vape mo\u017ce wprowadza\u0107 zmiany w materia\u0142ach zawartych na swojej stronie internetowej w dowolnym momencie bez powiadomienia. MOKI vape nie zobowi\u0105zuje si\u0119 jednak do aktualizacji materia\u0142\u00f3w.<\/p>\n\n\n\n<h3 class=\"wp-block-heading\">Znak towarowy<\/h3>\n\n\n\n<p>MOKI vape jest znakiem towarowym firmy MOKI vape Co., Ltd. i jest prawnie chroniony. Mo\u017ce on by\u0107 u\u017cywany wy\u0142\u0105cznie za uprzedni\u0105 pisemn\u0105 zgod\u0105 MOKI vape Co., Ltd. w ka\u017cdym konkretnym przypadku. U\u017cywanie znaku towarowego MOKI vape do cel\u00f3w komercyjnych bez uprzedniej pisemnej zgody MOKI vape b\u0119dzie stanowi\u0107 naruszenie znaku towarowego i nieuczciw\u0105 konkurencj\u0119 z naruszeniem prawa.<\/p>\n\n\n\n<h3 class=\"wp-block-heading\">Zastrze\u017cenia<\/h3>\n\n\n\n<p>MOKI VAPE NIE OBIECUJE, \u017bE WITRYNA LUB JAKAKOLWIEK TRE\u015a\u0106, US\u0141UGA LUB FUNKCJA WITRYNY B\u0118DZIE BEZB\u0141\u0118DNA LUB NIEPRZERWANA, LUB \u017bE WSZELKIE USTERKI ZOSTAN\u0104 NAPRAWIONE, LUB \u017bE KORZYSTANIE Z WITRYNY PRZYNIESIE OKRE\u015aLONE REZULTATY. STRONA I JEJ ZAWARTO\u015a\u0106 S\u0104 DOSTARCZANE NA ZASADZIE \"TAK JAK JEST\" I \"W MIAR\u0118 DOST\u0118PNO\u015aCI\". WSZYSTKIE INFORMACJE ZAWARTE NA STRONIE MOG\u0104 ULEC ZMIANIE BEZ POWIADOMIENIA. MOKI vape NIE MO\u017bE ZABEZPIECZY\u0106, \u017bE JAKIEKOLWIEK PLIKI LUB INNE DANE POBRANE Z WITRYNY B\u0118D\u0104 WOLNE OD WIRUS\u00d3W, ZANIECZYSZCZE\u0143 LUB SZKODLIWYCH FUNKCJI. MOKI vape ZRZEKA SI\u0118 WSZELKICH GWARANCJI, WYRA\u0179NYCH LUB DOROZUMIANYCH, W TYM WSZELKICH GWARANCJI DOK\u0141ADNO\u015aCI, NIENARUSZALNO\u015aCI, PRZYDATNO\u015aCI HANDLOWEJ I PRZYDATNO\u015aCI DO OKRE\u015aLONEGO CELU. MOKI vape ZRZEKA SI\u0118 JAKIEJKOLWIEK ODPOWIEDZIALNO\u015aCI ZA DZIA\u0141ANIA, ZANIEDBANIA I ZACHOWANIA JAKICHKOLWIEK STRON TRZECICH W ZWI\u0104ZKU Z KORZYSTANIEM PRZEZ U\u017bYTKOWNIKA Z WITRYNY I\/LUB JAKICHKOLWIEK US\u0141UG MOKI vape. U\u017bYTKOWNIK PONOSI CA\u0141KOWIT\u0104 ODPOWIEDZIALNO\u015a\u0106 ZA KORZYSTANIE Z WITRYNY I WSZELKICH POWI\u0104ZANYCH WITRYN. jedynym \u015brodkiem zaradczym przys\u0142uguj\u0105cym u\u017cytkownikowi wobec firmy MOKI vape w przypadku niezadowolenia z witryny lub jakichkolwiek tre\u015bci jest zaprzestanie korzystania z witryny lub takich tre\u015bci. TO OGRANICZENIE ZADO\u015a\u0106UCZYNIENIA JEST CZ\u0118\u015aCI\u0104 UMOWY MI\u0118DZY STRONAMI.<\/p>\n\n\n\n<p>Powy\u017csze zastrze\u017cenie ma zastosowanie do wszelkich szk\u00f3d, odpowiedzialno\u015bci lub obra\u017ce\u0144 spowodowanych niewykonaniem, b\u0142\u0119dem, pomini\u0119ciem, przerw\u0105, usuni\u0119ciem, wad\u0105, op\u00f3\u017anieniem w dzia\u0142aniu lub transmisji, wirusem komputerowym, awari\u0105 linii komunikacyjnej, kradzie\u017c\u0105 lub zniszczeniem lub nieautoryzowanym dost\u0119pem, zmian\u0105 lub u\u017cyciem, niezale\u017cnie od tego, czy jest to naruszenie umowy, czyn niedozwolony, zaniedbanie lub jakakolwiek inna przyczyna dzia\u0142ania.<\/p>\n\n\n\n<p>MOKI vape zastrzega sobie prawo do wykonania dowolnej z poni\u017cszych czynno\u015bci w dowolnym czasie i bez powiadomienia: (1) modyfikacji, zawieszenia lub zako\u0144czenia dzia\u0142ania lub dost\u0119pu do Witryny lub dowolnej cz\u0119\u015bci Witryny z dowolnego powodu; (2) modyfikacji lub zmiany Witryny lub dowolnej cz\u0119\u015bci Witryny oraz wszelkich obowi\u0105zuj\u0105cych zasad lub warunk\u00f3w; oraz (3) przerwania dzia\u0142ania Witryny lub dowolnej cz\u0119\u015bci Witryny, je\u015bli jest to konieczne do przeprowadzenia rutynowej lub nierutynowej konserwacji, korekty b\u0142\u0119d\u00f3w lub innych zmian.<\/p>\n\n\n\n<h3 class=\"wp-block-heading\">R\u00f3\u017cne<\/h3>\n\n\n\n<p>U\u017cytkownik nie mo\u017ce wykorzystywa\u0107, eksportowa\u0107 ani reeksportowa\u0107 \u017cadnych Tre\u015bci ani \u017cadnych kopii lub adaptacji takich Tre\u015bci, ani \u017cadnych produkt\u00f3w lub us\u0142ug oferowanych w Witrynie, z naruszeniem jakichkolwiek obowi\u0105zuj\u0105cych praw lub przepis\u00f3w, w tym mi\u0119dzy innymi praw i przepis\u00f3w eksportowych Stan\u00f3w Zjednoczonych.<\/p>\n\n\n\n<p>Je\u015bli kt\u00f3rekolwiek z postanowie\u0144 niniejszych Warunk\u00f3w u\u017cytkowania zostanie uznane przez s\u0105d lub inny trybuna\u0142 w\u0142a\u015bciwej jurysdykcji za niewa\u017cne lub niewykonalne, takie postanowienia zostan\u0105 ograniczone lub wyeliminowane w minimalnym niezb\u0119dnym zakresie i zast\u0105pione wa\u017cnym postanowieniem, kt\u00f3re najlepiej uciele\u015bnia intencje niniejszych Warunk\u00f3w u\u017cytkowania, tak aby niniejsze Warunki u\u017cytkowania pozosta\u0142y w pe\u0142nej mocy. Niniejsze Warunki u\u017cytkowania stanowi\u0105 ca\u0142o\u015b\u0107 umowy mi\u0119dzy u\u017cytkownikiem a MOKI vape w odniesieniu do korzystania przez u\u017cytkownika z Witryny, a wszelkie inne pisemne lub ustne umowy lub porozumienia istniej\u0105ce wcze\u015bniej mi\u0119dzy u\u017cytkownikiem a MOKI vape w odniesieniu do takiego u\u017cytkowania zostaj\u0105 niniejszym zast\u0105pione i anulowane. Poza przypadkami przewidzianymi w umowie kupna zawartej przez u\u017cytkownika z MOKI vape, MOKI vape nie b\u0119dzie akceptowa\u0107 \u017cadnych kontrofert dotycz\u0105cych niniejszych Warunk\u00f3w u\u017cytkowania, a wszystkie takie oferty zostaj\u0105 niniejszym kategorycznie odrzucone. Zaniechanie przez MOKI vape nalegania lub egzekwowania \u015bcis\u0142ego wykonania niniejszych Warunk\u00f3w u\u017cytkowania nie b\u0119dzie interpretowane jako zrzeczenie si\u0119 przez MOKI vape jakiegokolwiek postanowienia lub prawa do egzekwowania niniejszych Warunk\u00f3w u\u017cytkowania, ani te\u017c \u017caden spos\u00f3b post\u0119powania mi\u0119dzy MOKI vape a u\u017cytkownikiem lub jak\u0105kolwiek inn\u0105 stron\u0105 nie b\u0119dzie uwa\u017cany za modyfikuj\u0105cy jakiekolwiek postanowienie niniejszych Warunk\u00f3w u\u017cytkowania. Niniejsze Warunki u\u017cytkowania nie b\u0119d\u0105 interpretowane ani interpretowane jako przyznaj\u0105ce jakiekolwiek prawa lub \u015brodki prawne stronom trzecim.<\/p>\n\n\n\n<p>MOKI vape zapewnia dost\u0119p do mi\u0119dzynarodowych danych MOKI vape i w zwi\u0105zku z tym mo\u017ce zawiera\u0107 odniesienia lub odsy\u0142acze do produkt\u00f3w, program\u00f3w i us\u0142ug MOKI vape, kt\u00f3re nie zosta\u0142y og\u0142oszone w kraju u\u017cytkownika. Takie odniesienie nie oznacza, \u017ce MOKI vape w kraju u\u017cytkownika zamierza og\u0142osi\u0107 takie produkty, programy lub us\u0142ugi.<\/p>\n\n\n\n<h3 class=\"wp-block-heading\">Opinie i informacje<\/h3>\n\n\n\n<p>Wszelkie informacje zwrotne przekazywane przez u\u017cytkownika na tej stronie nie b\u0119d\u0105 traktowane jako poufne. MOKI vape mo\u017ce wykorzystywa\u0107 takie informacje w spos\u00f3b nieograniczony<\/p>\n\n\n\n<h3 class=\"wp-block-heading\">Komunikacja vape MOKI<\/h3>\n\n\n\n<p>U\u017cytkownik zgadza si\u0119, \u017ce MOKI vape mo\u017ce wysy\u0142a\u0107 do niego poczt\u0119 elektroniczn\u0105 w celu powiadamiania go o zmianach lub dodatkach do niniejszej witryny, o dowolnych produktach lub us\u0142ugach MOKI vape lub w innych celach, kt\u00f3re MOKI vape uzna za stosowne.<\/p>\n\n\n\n<h3 class=\"wp-block-heading\">Strony internetowe os\u00f3b trzecich<\/h3>\n\n\n\n<p>Witryna MOKI mokivape.com mo\u017ce zawiera\u0107 \u0142\u0105cza do innych witryn internetowych b\u0119d\u0105cych w\u0142asno\u015bci\u0105 i obs\u0142ugiwanych przez strony trzecie. Nie mamy kontroli nad informacjami, us\u0142ugami lub produktami dost\u0119pnymi na tych stronach os\u00f3b trzecich. W\u0142\u0105czenie link\u00f3w do tych stron nie ma na celu sugerowania naszego poparcia dla strony internetowej ani \u017cadnego zwi\u0105zku z w\u0142a\u015bcicielami \/ operatorami strony internetowej. Poniewa\u017c nie sprawujemy \u017cadnej kontroli nad takimi stronami internetowymi i zasobami, u\u017cytkownik zgadza si\u0119, \u017ce nie ponosimy \u017cadnej odpowiedzialno\u015bci za dost\u0119pno\u015b\u0107 lub dzia\u0142anie tych zewn\u0119trznych stron internetowych. Nie ponosimy odpowiedzialno\u015bci za jakiekolwiek materia\u0142y znajduj\u0105ce si\u0119 lub dost\u0119pne na tych stronach internetowych w celu ochrony danych u\u017cytkownika przez osoby trzecie; po opuszczeniu naszej witryny nie mo\u017cemy zagwarantowa\u0107 ochrony lub bezpiecze\u0144stwa informacji w innym miejscu. Je\u015bli u\u017cytkownik uczestniczy lub ma do czynienia w jakikolwiek spos\u00f3b z promocjami oferowanymi przez reklamodawc\u00f3w w Witrynie, co obejmuje p\u0142atno\u015b\u0107 i dostaw\u0119 tych towar\u00f3w lub us\u0142ug, a tak\u017ce wszelkie inne warunki, gwarancje lub o\u015bwiadczenia zwi\u0105zane z tymi transakcjami i \/ lub promocjami, takie interakcje s\u0105 mi\u0119dzy u\u017cytkownikiem a odpowiednim reklamodawc\u0105 \/ stron\u0105 trzeci\u0105. U\u017cytkownik zgadza si\u0119, \u017ce nie ponosimy odpowiedzialno\u015bci, bezpo\u015brednio lub po\u015brednio, za jakiekolwiek straty lub szkody spowodowane u\u017cyciem lub poleganiem na takich materia\u0142ach dost\u0119pnych na lub za po\u015brednictwem jakiejkolwiek witryny, transakcji lub promocji.<\/p>\n\n\n\n<h3 class=\"wp-block-heading\">Zgubione lub skradzione paczki<\/h3>\n\n\n\n<p>MOKI vape nie ponosi odpowiedzialno\u015bci za zagubione lub skradzione przesy\u0142ki. Je\u015bli nie otrzyma\u0142e\u015b paczki oznaczonej jako dostarczona, Twoim obowi\u0105zkiem jest rozwi\u0105zanie tej kwestii z urz\u0119dem pocztowym. Zagubione lub skradzione paczki s\u0105 bardzo frustruj\u0105ce i do\u0142o\u017cymy wszelkich stara\u0144, aby pom\u00f3c w rozwi\u0105zaniu tego problemu. Prosimy jednak o zrozumienie, \u017ce jest to ca\u0142kowicie poza nasz\u0105 kontrol\u0105 i wymaga skontaktowania si\u0119 z poczt\u0105 w celu uzyskania pomocy.<\/p>","protected":false},"excerpt":{"rendered":"<p>TERMS &amp; CONDITIONS These Terms and Conditions of Use (\u2018Agreement\u2019) apply to the MOKI vape web located at mokivape.com and all associated sites linked to mokivape.com by MOKI vape, its subsidiaries and affiliates, including MOKI vape sites all around the word(collectively, the \u201csite\u201d). The site of MOKI vape and its licensors. BY USING THE SITE, [&hellip;]<\/p>","protected":false},"author":1,"featured_media":0,"parent":0,"menu_order":0,"comment_status":"closed","ping_status":"closed","template":"","meta":{"footnotes":""},"class_list":["post-6791","page","type-page","status-publish","hentry"],"_links":{"self":[{"href":"https:\/\/www.mokivape.com\/pl\/wp-json\/wp\/v2\/pages\/6791","targetHints":{"allow":["GET"]}}],"collection":[{"href":"https:\/\/www.mokivape.com\/pl\/wp-json\/wp\/v2\/pages"}],"about":[{"href":"https:\/\/www.mokivape.com\/pl\/wp-json\/wp\/v2\/types\/page"}],"author":[{"embeddable":true,"href":"https:\/\/www.mokivape.com\/pl\/wp-json\/wp\/v2\/users\/1"}],"replies":[{"embeddable":true,"href":"https:\/\/www.mokivape.com\/pl\/wp-json\/wp\/v2\/comments?post=6791"}],"version-history":[{"count":0,"href":"https:\/\/www.mokivape.com\/pl\/wp-json\/wp\/v2\/pages\/6791\/revisions"}],"wp:attachment":[{"href":"https:\/\/www.mokivape.com\/pl\/wp-json\/wp\/v2\/media?parent=6791"}],"curies":[{"name":"wp","href":"https:\/\/api.w.org\/{rel}","templated":true}]}}