{"id":1896,"date":"2024-08-21T03:39:37","date_gmt":"2024-08-21T03:39:37","guid":{"rendered":"https:\/\/www.mokiecig.com\/?page_id=1896"},"modified":"2025-12-08T02:05:50","modified_gmt":"2025-12-08T02:05:50","slug":"info-center","status":"publish","type":"page","link":"https:\/\/www.mokivape.com\/pl\/centrum-informacyjne\/","title":{"rendered":"Centrum informacyjne"},"content":{"rendered":"<div data-elementor-type=\"wp-page\" data-elementor-id=\"1896\" class=\"elementor elementor-1896\" data-elementor-post-type=\"page\">\n\t\t\t\t<div class=\"elementor-element elementor-element-95fd2a5 e-con-full e-flex e-con e-parent\" data-id=\"95fd2a5\" data-element_type=\"container\" data-settings=\"{&quot;background_background&quot;:&quot;classic&quot;}\">\n\t\t<div class=\"elementor-element elementor-element-587c257 e-con-full e-flex e-con e-child\" data-id=\"587c257\" data-element_type=\"container\" data-settings=\"{&quot;background_background&quot;:&quot;classic&quot;}\">\n\t\t<div class=\"elementor-element elementor-element-05d18d2 e-flex e-con-boxed e-con e-child\" data-id=\"05d18d2\" data-element_type=\"container\">\n\t\t\t\t\t<div class=\"e-con-inner\">\n\t\t\t\t<div class=\"elementor-element elementor-element-38bb0e2 elementor-widget elementor-widget-heading\" data-id=\"38bb0e2\" data-element_type=\"widget\" data-widget_type=\"heading.default\">\n\t\t\t\t<div class=\"elementor-widget-container\">\n\t\t\t\t\t<h1 class=\"elementor-heading-title elementor-size-default\">Centrum informacyjne<\/h1>\t\t\t\t<\/div>\n\t\t\t\t<\/div>\n\t\t\t\t<div class=\"elementor-element elementor-element-6ad73c9 elementor-widget elementor-widget-woocommerce-breadcrumb\" data-id=\"6ad73c9\" data-element_type=\"widget\" data-widget_type=\"woocommerce-breadcrumb.default\">\n\t\t\t\t<div class=\"elementor-widget-container\">\n\t\t\t\t\t<nav class=\"woocommerce-breadcrumb\" aria-label=\"Breadcrumb\" data-no-translation=\"\" data-trp-gettext=\"\">Strona g\u0142\u00f3wna<\/nav>\t\t\t\t<\/div>\n\t\t\t\t<\/div>\n\t\t\t\t\t<\/div>\n\t\t\t\t<\/div>\n\t\t\t\t<\/div>\n\t\t\t\t<\/div>\n\t\t<div class=\"elementor-element elementor-element-e0fddcf e-flex e-con-boxed e-con e-parent\" data-id=\"e0fddcf\" data-element_type=\"container\">\n\t\t\t\t\t<div class=\"e-con-inner\">\n\t\t\t\t<div class=\"elementor-element elementor-element-e3db83c elementor-grid-3 elementor-grid-tablet-2 elementor-grid-mobile-1 elementor-widget elementor-widget-loop-grid\" data-id=\"e3db83c\" data-element_type=\"widget\" data-settings=\"{&quot;template_id&quot;:8558,&quot;pagination_type&quot;:&quot;load_more_on_click&quot;,&quot;_skin&quot;:&quot;post&quot;,&quot;columns&quot;:&quot;3&quot;,&quot;columns_tablet&quot;:&quot;2&quot;,&quot;columns_mobile&quot;:&quot;1&quot;,&quot;edit_handle_selector&quot;:&quot;[data-elementor-type=\\&quot;loop-item\\&quot;]&quot;,&quot;load_more_spinner&quot;:{&quot;value&quot;:&quot;fas fa-spinner&quot;,&quot;library&quot;:&quot;fa-solid&quot;},&quot;row_gap&quot;:{&quot;unit&quot;:&quot;px&quot;,&quot;size&quot;:&quot;&quot;,&quot;sizes&quot;:[]},&quot;row_gap_tablet&quot;:{&quot;unit&quot;:&quot;px&quot;,&quot;size&quot;:&quot;&quot;,&quot;sizes&quot;:[]},&quot;row_gap_mobile&quot;:{&quot;unit&quot;:&quot;px&quot;,&quot;size&quot;:&quot;&quot;,&quot;sizes&quot;:[]}}\" data-widget_type=\"loop-grid.post\">\n\t\t\t\t<div class=\"elementor-widget-container\">\n\t\t\t\t\t\t\t<div class=\"elementor-loop-container elementor-grid\">\n\t\t<style id=\"loop-8558\">.elementor-8558 .elementor-element.elementor-element-eec36ea{--display:flex;}.elementor-8558 .elementor-element.elementor-element-eed243f .elementor-heading-title{font-size:1em;}.elementor-8558 .elementor-element.elementor-element-eed243f .elementor-heading-title a:hover, .elementor-8558 .elementor-element.elementor-element-eed243f .elementor-heading-title a:focus{color:var( --e-global-color-accent );}\/* Start custom CSS for theme-post-featured-image, class: .elementor-element-6207911 *\/.blog-img a {\r\n    aspect-ratio: 1.33;\r\n}\r\n.blog-img img {\r\n    object-fit: cover;\r\n    height: 100%;\r\n    min-width: 100%;\r\n}\/* End custom CSS *\/<\/style>\t\t<div data-elementor-type=\"loop-item\" data-elementor-id=\"8558\" class=\"elementor elementor-8558 e-loop-item e-loop-item-8581 post-8581 post type-post status-publish format-standard has-post-thumbnail hentry category-moki-events-vape-manufacturing-services\" data-elementor-post-type=\"elementor_library\" data-custom-edit-handle=\"1\">\n\t\t\t<div class=\"elementor-element elementor-element-eec36ea e-flex e-con-boxed e-con e-parent\" data-id=\"eec36ea\" data-element_type=\"container\">\n\t\t\t\t\t<div class=\"e-con-inner\">\n\t\t\t\t<div class=\"elementor-element elementor-element-6207911 blog-img elementor-widget elementor-widget-theme-post-featured-image elementor-widget-image\" data-id=\"6207911\" data-element_type=\"widget\" data-widget_type=\"theme-post-featured-image.default\">\n\t\t\t\t<div class=\"elementor-widget-container\">\n\t\t\t\t\t\t\t\t\t\t\t\t\t\t\t\t<a href=\"https:\/\/www.mokivape.com\/pl\/produkty-miimu-ceramic-core-tech-na-targach-vaper-expo-uk\/\" target=\"_blank\">\n\t\t\t\t\t\t\t<img fetchpriority=\"high\" decoding=\"async\" width=\"1080\" height=\"963\" src=\"https:\/\/www.mokivape.com\/wp-content\/uploads\/moki_at_vaper_expo_uk_1.webp\" class=\"attachment-large size-large wp-image-8582\" alt=\"MOKI prezentuje gam\u0119 produkt\u00f3w z rdzeniem ceramicznym MiiMU na Vaper Expo UK 2025\" srcset=\"https:\/\/www.mokivape.com\/wp-content\/uploads\/moki_at_vaper_expo_uk_1.webp 1080w, https:\/\/www.mokivape.com\/wp-content\/uploads\/moki_at_vaper_expo_uk_1-768x685.webp 768w, https:\/\/www.mokivape.com\/wp-content\/uploads\/moki_at_vaper_expo_uk_1-13x12.webp 13w, https:\/\/www.mokivape.com\/wp-content\/uploads\/moki_at_vaper_expo_uk_1-600x535.webp 600w\" sizes=\"(max-width: 1080px) 100vw, 1080px\" \/>\t\t\t\t\t\t\t\t<\/a>\n\t\t\t\t\t\t\t\t\t\t\t\t\t\t\t<\/div>\n\t\t\t\t<\/div>\n\t\t\t\t<div class=\"elementor-element elementor-element-eed243f elementor-widget elementor-widget-theme-post-title elementor-page-title elementor-widget-heading\" data-id=\"eed243f\" data-element_type=\"widget\" data-widget_type=\"theme-post-title.default\">\n\t\t\t\t<div class=\"elementor-widget-container\">\n\t\t\t\t\t<h3 class=\"elementor-heading-title elementor-size-default\"><a href=\"https:\/\/www.mokivape.com\/pl\/produkty-miimu-ceramic-core-tech-na-targach-vaper-expo-uk\/\" target=\"_blank\">MOKI prezentuje gam\u0119 produkt\u00f3w z rdzeniem ceramicznym MiiMU na Vaper Expo UK 2025<\/a><\/h3>\t\t\t\t<\/div>\n\t\t\t\t<\/div>\n\t\t\t\t<div class=\"elementor-element elementor-element-92f538b elementor-widget elementor-widget-theme-post-excerpt\" data-id=\"92f538b\" data-element_type=\"widget\" data-widget_type=\"theme-post-excerpt.default\">\n\t\t\t\t<div class=\"elementor-widget-container\">\n\t\t\t\t\t<p>Birmingham, Wielka Brytania - Od 9 do 11 maja w centrum wystawowym NEC odby\u0142o si\u0119 najwi\u0119ksze w Europie wydarzenie bran\u017cy waporyzacji, Vaper Expo UK 2025. Jako \u015bwiatowy lider w dziedzinie technologii atomizacji, firma MOKI powr\u00f3ci\u0142a do Birmingham...\t\t\t\t<\/div>\n\t\t\t\t<\/div>\n\t\t\t\t\t<\/div>\n\t\t\t\t<\/div>\n\t\t\t\t<\/div>\n\t\t\t\t<div data-elementor-type=\"loop-item\" data-elementor-id=\"8558\" class=\"elementor elementor-8558 e-loop-item e-loop-item-8571 post-8571 post type-post status-publish format-standard has-post-thumbnail hentry category-moki-events-vape-manufacturing-services\" data-elementor-post-type=\"elementor_library\" data-custom-edit-handle=\"1\">\n\t\t\t<div class=\"elementor-element elementor-element-eec36ea e-flex e-con-boxed e-con e-parent\" data-id=\"eec36ea\" data-element_type=\"container\">\n\t\t\t\t\t<div class=\"e-con-inner\">\n\t\t\t\t<div class=\"elementor-element elementor-element-6207911 blog-img elementor-widget elementor-widget-theme-post-featured-image elementor-widget-image\" data-id=\"6207911\" data-element_type=\"widget\" data-widget_type=\"theme-post-featured-image.default\">\n\t\t\t\t<div class=\"elementor-widget-container\">\n\t\t\t\t\t\t\t\t\t\t\t\t\t\t\t\t<a href=\"https:\/\/www.mokivape.com\/pl\/zrewolucjonizowanie-waporyzacji-dzieki-technologii-ceramicznej-miimu\/\" target=\"_blank\">\n\t\t\t\t\t\t\t<img decoding=\"async\" width=\"1064\" height=\"810\" src=\"https:\/\/www.mokivape.com\/wp-content\/uploads\/MOKI_Technology_at_Vape_Club_Show_Russia_1.webp\" class=\"attachment-large size-large wp-image-8572\" alt=\"Rewolucja w wapowaniu dzi\u0119ki technologii ceramicznej MIIMU w Nowosybirsku\" srcset=\"https:\/\/www.mokivape.com\/wp-content\/uploads\/MOKI_Technology_at_Vape_Club_Show_Russia_1.webp 1064w, https:\/\/www.mokivape.com\/wp-content\/uploads\/MOKI_Technology_at_Vape_Club_Show_Russia_1-768x585.webp 768w, https:\/\/www.mokivape.com\/wp-content\/uploads\/MOKI_Technology_at_Vape_Club_Show_Russia_1-16x12.webp 16w, https:\/\/www.mokivape.com\/wp-content\/uploads\/MOKI_Technology_at_Vape_Club_Show_Russia_1-600x457.webp 600w\" sizes=\"(max-width: 1064px) 100vw, 1064px\" \/>\t\t\t\t\t\t\t\t<\/a>\n\t\t\t\t\t\t\t\t\t\t\t\t\t\t\t<\/div>\n\t\t\t\t<\/div>\n\t\t\t\t<div class=\"elementor-element elementor-element-eed243f elementor-widget elementor-widget-theme-post-title elementor-page-title elementor-widget-heading\" data-id=\"eed243f\" data-element_type=\"widget\" data-widget_type=\"theme-post-title.default\">\n\t\t\t\t<div class=\"elementor-widget-container\">\n\t\t\t\t\t<h3 class=\"elementor-heading-title elementor-size-default\"><a href=\"https:\/\/www.mokivape.com\/pl\/zrewolucjonizowanie-waporyzacji-dzieki-technologii-ceramicznej-miimu\/\" target=\"_blank\">Rewolucja w wapowaniu dzi\u0119ki technologii ceramicznej MIIMU w Nowosybirsku<\/a><\/h3>\t\t\t\t<\/div>\n\t\t\t\t<\/div>\n\t\t\t\t<div class=\"elementor-element elementor-element-92f538b elementor-widget elementor-widget-theme-post-excerpt\" data-id=\"92f538b\" data-element_type=\"widget\" data-widget_type=\"theme-post-excerpt.default\">\n\t\t\t\t<div class=\"elementor-widget-container\">\n\t\t\t\t\t<p>MOKI zachwyca na VAPE CLUB SHOW 2025: Rewolucja w vapingu dzi\u0119ki technologii ceramicznej MIIMU w Nowosybirsku Nowosybirsk, Rosja - Serce Syberii by\u0142o gospodarzem jednego z najwa\u017cniejszych wydarze\u0144 vapingowych w Europie Wschodniej, VAPE CLUB SHOW...\t\t\t\t<\/div>\n\t\t\t\t<\/div>\n\t\t\t\t\t<\/div>\n\t\t\t\t<\/div>\n\t\t\t\t<\/div>\n\t\t\t\t<div data-elementor-type=\"loop-item\" data-elementor-id=\"8558\" class=\"elementor elementor-8558 e-loop-item e-loop-item-8564 post-8564 post type-post status-publish format-standard has-post-thumbnail hentry category-moki-events-vape-manufacturing-services\" data-elementor-post-type=\"elementor_library\" data-custom-edit-handle=\"1\">\n\t\t\t<div class=\"elementor-element elementor-element-eec36ea e-flex e-con-boxed e-con e-parent\" data-id=\"eec36ea\" data-element_type=\"container\">\n\t\t\t\t\t<div class=\"e-con-inner\">\n\t\t\t\t<div class=\"elementor-element elementor-element-6207911 blog-img elementor-widget elementor-widget-theme-post-featured-image elementor-widget-image\" data-id=\"6207911\" data-element_type=\"widget\" data-widget_type=\"theme-post-featured-image.default\">\n\t\t\t\t<div class=\"elementor-widget-container\">\n\t\t\t\t\t\t\t\t\t\t\t\t\t\t\t\t<a href=\"https:\/\/www.mokivape.com\/pl\/moki-przyciaga-uwage-na-world-vape-show-2025\/\" target=\"_blank\">\n\t\t\t\t\t\t\t<img decoding=\"async\" width=\"1080\" height=\"810\" src=\"https:\/\/www.mokivape.com\/wp-content\/uploads\/moki-at-world-vape-show-Dubai.webp\" class=\"attachment-large size-large wp-image-8565\" alt=\"MOKI prezentuje innowacje specyficzne dla regionu i prze\u0142omow\u0105 technologi\u0119 ceramiczn\u0105 na World Vape Show 2025, przyci\u0105gaj\u0105c globaln\u0105 uwag\u0119\" srcset=\"https:\/\/www.mokivape.com\/wp-content\/uploads\/moki-at-world-vape-show-Dubai.webp 1080w, https:\/\/www.mokivape.com\/wp-content\/uploads\/moki-at-world-vape-show-Dubai-768x576.webp 768w, https:\/\/www.mokivape.com\/wp-content\/uploads\/moki-at-world-vape-show-Dubai-16x12.webp 16w, https:\/\/www.mokivape.com\/wp-content\/uploads\/moki-at-world-vape-show-Dubai-600x450.webp 600w\" sizes=\"(max-width: 1080px) 100vw, 1080px\" \/>\t\t\t\t\t\t\t\t<\/a>\n\t\t\t\t\t\t\t\t\t\t\t\t\t\t\t<\/div>\n\t\t\t\t<\/div>\n\t\t\t\t<div class=\"elementor-element elementor-element-eed243f elementor-widget elementor-widget-theme-post-title elementor-page-title elementor-widget-heading\" data-id=\"eed243f\" data-element_type=\"widget\" data-widget_type=\"theme-post-title.default\">\n\t\t\t\t<div class=\"elementor-widget-container\">\n\t\t\t\t\t<h3 class=\"elementor-heading-title elementor-size-default\"><a href=\"https:\/\/www.mokivape.com\/pl\/moki-przyciaga-uwage-na-world-vape-show-2025\/\" target=\"_blank\">MOKI przyci\u0105ga globaln\u0105 uwag\u0119 na World Vape Show 2025<\/a><\/h3>\t\t\t\t<\/div>\n\t\t\t\t<\/div>\n\t\t\t\t<div class=\"elementor-element elementor-element-92f538b elementor-widget elementor-widget-theme-post-excerpt\" data-id=\"92f538b\" data-element_type=\"widget\" data-widget_type=\"theme-post-excerpt.default\">\n\t\t\t\t<div class=\"elementor-widget-container\">\n\t\t\t\t\t<p>MOKI prezentuje innowacje specyficzne dla regionu i prze\u0142omow\u0105 technologi\u0119 ceramiczn\u0105 na World Vape Show 2025, przyci\u0105gaj\u0105c globaln\u0105 uwag\u0119 #VapeNews #Innovation Dubaj, Zjednoczone Emiraty Arabskie - 23 czerwca 2025 r. - World Vape Show 2025, najwi\u0119ksze globalne spotkanie bran\u017cy,...\t\t\t\t<\/div>\n\t\t\t\t<\/div>\n\t\t\t\t\t<\/div>\n\t\t\t\t<\/div>\n\t\t\t\t<\/div>\n\t\t\t\t<div data-elementor-type=\"loop-item\" data-elementor-id=\"8558\" class=\"elementor elementor-8558 e-loop-item e-loop-item-8563 post-8563 post type-post status-publish format-standard has-post-thumbnail hentry category-vape-blog-vaping-guide-pod-kits-cartridge-oem-service\" data-elementor-post-type=\"elementor_library\" data-custom-edit-handle=\"1\">\n\t\t\t<div class=\"elementor-element elementor-element-eec36ea e-flex e-con-boxed e-con e-parent\" data-id=\"eec36ea\" data-element_type=\"container\">\n\t\t\t\t\t<div class=\"e-con-inner\">\n\t\t\t\t<div class=\"elementor-element elementor-element-6207911 blog-img elementor-widget elementor-widget-theme-post-featured-image elementor-widget-image\" data-id=\"6207911\" data-element_type=\"widget\" data-widget_type=\"theme-post-featured-image.default\">\n\t\t\t\t<div class=\"elementor-widget-container\">\n\t\t\t\t\t\t\t\t\t\t\t\t\t\t\t\t<a href=\"https:\/\/www.mokivape.com\/pl\/5-gwiazdkowy-przewodnik-po-dlugopisach-vape-z-mozliwoscia-ladowania\/\" target=\"_blank\">\n\t\t\t\t\t\t\t<img loading=\"lazy\" decoding=\"async\" width=\"1920\" height=\"1080\" src=\"https:\/\/www.mokivape.com\/wp-content\/uploads\/M4_b_11.webp\" class=\"attachment-large size-large wp-image-8290\" alt=\"Vape Peny M4 o smaku owocowym do wielokrotnego \u0142adowania\" srcset=\"https:\/\/www.mokivape.com\/wp-content\/uploads\/M4_b_11.webp 1920w, https:\/\/www.mokivape.com\/wp-content\/uploads\/M4_b_11-768x432.webp 768w, https:\/\/www.mokivape.com\/wp-content\/uploads\/M4_b_11-1536x864.webp 1536w, https:\/\/www.mokivape.com\/wp-content\/uploads\/M4_b_11-18x10.webp 18w, https:\/\/www.mokivape.com\/wp-content\/uploads\/M4_b_11-600x338.webp 600w\" sizes=\"(max-width: 1920px) 100vw, 1920px\" \/>\t\t\t\t\t\t\t\t<\/a>\n\t\t\t\t\t\t\t\t\t\t\t\t\t\t\t<\/div>\n\t\t\t\t<\/div>\n\t\t\t\t<div class=\"elementor-element elementor-element-eed243f elementor-widget elementor-widget-theme-post-title elementor-page-title elementor-widget-heading\" data-id=\"eed243f\" data-element_type=\"widget\" data-widget_type=\"theme-post-title.default\">\n\t\t\t\t<div class=\"elementor-widget-container\">\n\t\t\t\t\t<h3 class=\"elementor-heading-title elementor-size-default\"><a href=\"https:\/\/www.mokivape.com\/pl\/5-gwiazdkowy-przewodnik-po-dlugopisach-vape-z-mozliwoscia-ladowania\/\" target=\"_blank\">5-gwiazdkowy przewodnik po akumulatorach Vape Pens: Maksymalizacja wygody i bezpiecze\u0144stwa<\/a><\/h3>\t\t\t\t<\/div>\n\t\t\t\t<\/div>\n\t\t\t\t<div class=\"elementor-element elementor-element-92f538b elementor-widget elementor-widget-theme-post-excerpt\" data-id=\"92f538b\" data-element_type=\"widget\" data-widget_type=\"theme-post-excerpt.default\">\n\t\t\t\t<div class=\"elementor-widget-container\">\n\t\t\t\t\t<p>Vaping sta\u0142 si\u0119 popularn\u0105 alternatyw\u0105 dla tradycyjnego palenia, a nowe urz\u0105dzenia do wapowania, takie jak d\u0142ugopisy vape z mo\u017cliwo\u015bci\u0105 \u0142adowania, zyskuj\u0105 na popularno\u015bci ze wzgl\u0119du na wygod\u0119 i op\u0142acalno\u015b\u0107. Ten przewodnik zapewnia dog\u0142\u0119bne zrozumienie, jak na\u0142adowa\u0107...\t\t\t\t<\/div>\n\t\t\t\t<\/div>\n\t\t\t\t\t<\/div>\n\t\t\t\t<\/div>\n\t\t\t\t<\/div>\n\t\t\t\t<div data-elementor-type=\"loop-item\" data-elementor-id=\"8558\" class=\"elementor elementor-8558 e-loop-item e-loop-item-8560 post-8560 post type-post status-publish format-standard has-post-thumbnail hentry category-vape-blog-vaping-guide-pod-kits-cartridge-oem-service\" data-elementor-post-type=\"elementor_library\" data-custom-edit-handle=\"1\">\n\t\t\t<div class=\"elementor-element elementor-element-eec36ea e-flex e-con-boxed e-con e-parent\" data-id=\"eec36ea\" data-element_type=\"container\">\n\t\t\t\t\t<div class=\"e-con-inner\">\n\t\t\t\t<div class=\"elementor-element elementor-element-6207911 blog-img elementor-widget elementor-widget-theme-post-featured-image elementor-widget-image\" data-id=\"6207911\" data-element_type=\"widget\" data-widget_type=\"theme-post-featured-image.default\">\n\t\t\t\t<div class=\"elementor-widget-container\">\n\t\t\t\t\t\t\t\t\t\t\t\t\t\t\t\t<a href=\"https:\/\/www.mokivape.com\/pl\/5-gwiazdkowe-zestawy-vape-2025-zdrowsza-alternatywa\/\" target=\"_blank\">\n\t\t\t\t\t\t\t<img loading=\"lazy\" decoding=\"async\" width=\"800\" height=\"450\" src=\"https:\/\/www.mokivape.com\/wp-content\/uploads\/2025\/01\/MK_M67_cool_mint_vape_bar_04-1.jpg\" class=\"attachment-large size-large wp-image-7931\" alt=\"Struktura 5-gwiazdkowych zestaw\u00f3w vape M67 cool mint vape box\" srcset=\"https:\/\/www.mokivape.com\/wp-content\/uploads\/2025\/01\/MK_M67_cool_mint_vape_bar_04-1.jpg 800w, https:\/\/www.mokivape.com\/wp-content\/uploads\/2025\/01\/MK_M67_cool_mint_vape_bar_04-1-768x432.jpg 768w, https:\/\/www.mokivape.com\/wp-content\/uploads\/2025\/01\/MK_M67_cool_mint_vape_bar_04-1-18x10.jpg 18w, https:\/\/www.mokivape.com\/wp-content\/uploads\/2025\/01\/MK_M67_cool_mint_vape_bar_04-1-600x338.jpg 600w\" sizes=\"(max-width: 800px) 100vw, 800px\" \/>\t\t\t\t\t\t\t\t<\/a>\n\t\t\t\t\t\t\t\t\t\t\t\t\t\t\t<\/div>\n\t\t\t\t<\/div>\n\t\t\t\t<div class=\"elementor-element elementor-element-eed243f elementor-widget elementor-widget-theme-post-title elementor-page-title elementor-widget-heading\" data-id=\"eed243f\" data-element_type=\"widget\" data-widget_type=\"theme-post-title.default\">\n\t\t\t\t<div class=\"elementor-widget-container\">\n\t\t\t\t\t<h3 class=\"elementor-heading-title elementor-size-default\"><a href=\"https:\/\/www.mokivape.com\/pl\/5-gwiazdkowe-zestawy-vape-2025-zdrowsza-alternatywa\/\" target=\"_blank\">5-gwiazdkowe zestawy Vape 2025: Zdrowsza alternatywa dla na\u0142ogowych palaczy<\/a><\/h3>\t\t\t\t<\/div>\n\t\t\t\t<\/div>\n\t\t\t\t<div class=\"elementor-element elementor-element-92f538b elementor-widget elementor-widget-theme-post-excerpt\" data-id=\"92f538b\" data-element_type=\"widget\" data-widget_type=\"theme-post-excerpt.default\">\n\t\t\t\t<div class=\"elementor-widget-container\">\n\t\t\t\t\t<p>Przej\u015bcie z zestaw\u00f3w Vape na zdrowsze alternatywy: Vaping dla na\u0142ogowych palaczy W poszukiwaniu zdrowszych alternatyw dla tradycyjnych wyrob\u00f3w tytoniowych, vaping sta\u0142 si\u0119 popularnym wyborem. Dla os\u00f3b przyzwyczajonych do intensywnego palenia, znalezienie...\t\t\t\t<\/div>\n\t\t\t\t<\/div>\n\t\t\t\t\t<\/div>\n\t\t\t\t<\/div>\n\t\t\t\t<\/div>\n\t\t\t\t<div data-elementor-type=\"loop-item\" data-elementor-id=\"8558\" class=\"elementor elementor-8558 e-loop-item e-loop-item-8556 post-8556 post type-post status-publish format-standard has-post-thumbnail hentry category-vape-blog-vaping-guide-pod-kits-cartridge-oem-service\" data-elementor-post-type=\"elementor_library\" data-custom-edit-handle=\"1\">\n\t\t\t<div class=\"elementor-element elementor-element-eec36ea e-flex e-con-boxed e-con e-parent\" data-id=\"eec36ea\" data-element_type=\"container\">\n\t\t\t\t\t<div class=\"e-con-inner\">\n\t\t\t\t<div class=\"elementor-element elementor-element-6207911 blog-img elementor-widget elementor-widget-theme-post-featured-image elementor-widget-image\" data-id=\"6207911\" data-element_type=\"widget\" data-widget_type=\"theme-post-featured-image.default\">\n\t\t\t\t<div class=\"elementor-widget-container\">\n\t\t\t\t\t\t\t\t\t\t\t\t\t\t\t\t<a href=\"https:\/\/www.mokivape.com\/pl\/5-faktow-na-temat-niezgodnych-z-przepisami-waporyzatorow-na-rynku\/\" target=\"_blank\">\n\t\t\t\t\t\t\t<img loading=\"lazy\" decoding=\"async\" width=\"900\" height=\"600\" src=\"https:\/\/www.mokivape.com\/wp-content\/uploads\/1829582115165.webp\" class=\"attachment-large size-large wp-image-8557\" alt=\"5 alarmuj\u0105cych fakt\u00f3w na temat niezgodnych z przepisami waporyzator\u00f3w na rynku\" srcset=\"https:\/\/www.mokivape.com\/wp-content\/uploads\/1829582115165.webp 900w, https:\/\/www.mokivape.com\/wp-content\/uploads\/1829582115165-768x512.webp 768w, https:\/\/www.mokivape.com\/wp-content\/uploads\/1829582115165-18x12.webp 18w, https:\/\/www.mokivape.com\/wp-content\/uploads\/1829582115165-600x400.webp 600w\" sizes=\"(max-width: 900px) 100vw, 900px\" \/>\t\t\t\t\t\t\t\t<\/a>\n\t\t\t\t\t\t\t\t\t\t\t\t\t\t\t<\/div>\n\t\t\t\t<\/div>\n\t\t\t\t<div class=\"elementor-element elementor-element-eed243f elementor-widget elementor-widget-theme-post-title elementor-page-title elementor-widget-heading\" data-id=\"eed243f\" data-element_type=\"widget\" data-widget_type=\"theme-post-title.default\">\n\t\t\t\t<div class=\"elementor-widget-container\">\n\t\t\t\t\t<h3 class=\"elementor-heading-title elementor-size-default\"><a href=\"https:\/\/www.mokivape.com\/pl\/5-faktow-na-temat-niezgodnych-z-przepisami-waporyzatorow-na-rynku\/\" target=\"_blank\">5 alarmuj\u0105cych fakt\u00f3w na temat niezgodnych z przepisami waporyzator\u00f3w na rynku<\/a><\/h3>\t\t\t\t<\/div>\n\t\t\t\t<\/div>\n\t\t\t\t<div class=\"elementor-element elementor-element-92f538b elementor-widget elementor-widget-theme-post-excerpt\" data-id=\"92f538b\" data-element_type=\"widget\" data-widget_type=\"theme-post-excerpt.default\">\n\t\t\t\t<div class=\"elementor-widget-container\">\n\t\t\t\t\t<p>W hrabstwie Renfrewshire pojawi\u0142 si\u0119 powa\u017cny problem zwi\u0105zany z obecno\u015bci\u0105 na rynku niezgodnych z przepisami waporyzator\u00f3w. Te vape s\u0105 b\u0142\u0119dnie oznakowane, niebezpieczne i podrobione, stwarzaj\u0105c powa\u017cne zagro\u017cenie dla konsument\u00f3w i ca\u0142ej bran\u017cy vaping....\t\t\t\t<\/div>\n\t\t\t\t<\/div>\n\t\t\t\t\t<\/div>\n\t\t\t\t<\/div>\n\t\t\t\t<\/div>\n\t\t\t\t<\/div>\n\t\t\t\t\t<span class=\"e-load-more-spinner\">\n\t\t\t\t<svg aria-hidden=\"true\" class=\"e-font-icon-svg e-fas-spinner\" viewbox=\"0 0 512 512\" xmlns=\"http:\/\/www.w3.org\/2000\/svg\"><path d=\"M304 48c0 26.51-21.49 48-48 48s-48-21.49-48-48 21.49-48 48-48 48 21.49 48 48zm-48 368c-26.51 0-48 21.49-48 48s21.49 48 48 48 48-21.49 48-48-21.49-48-48-48zm208-208c-26.51 0-48 21.49-48 48s21.49 48 48 48 48-21.49 48-48-21.49-48-48-48zM96 256c0-26.51-21.49-48-48-48S0 229.49 0 256s21.49 48 48 48 48-21.49 48-48zm12.922 99.078c-26.51 0-48 21.49-48 48s21.49 48 48 48 48-21.49 48-48c0-26.509-21.491-48-48-48zm294.156 0c-26.51 0-48 21.49-48 48s21.49 48 48 48 48-21.49 48-48c0-26.509-21.49-48-48-48zM108.922 60.922c-26.51 0-48 21.49-48 48s21.49 48 48 48 48-21.49 48-48-21.491-48-48-48z\"><\/path><\/svg>\t\t\t<\/span>\n\t\t\n\t\t\t\t<div class=\"e-load-more-anchor\" data-page=\"1\" data-max-page=\"17\" data-next-page=\"https:\/\/www.mokivape.com\/pl\/wp-json\/wp\/v2\/pages\/1896\/page\/2\/\"><\/div>\n\t\t\t\t<div class=\"e-loop__load-more elementor-button-wrapper\">\n\t\t\t<a href=\"#\" class=\"elementor-button-link elementor-button\" role=\"button\">\n\t\t\t\t\t\t<span class=\"elementor-button-content-wrapper\">\n\t\t\t\t\t\t\t\t\t<span class=\"elementor-button-text\">Za\u0142aduj wi\u0119cej<\/span>\n\t\t\t\t\t<\/span>\n\t\t\t\t\t<\/a>\n\t\t<\/div>\n\t\t\t\t<div class=\"e-load-more-message\"><\/div>\n\t\t\t\t\t\t<\/div>\n\t\t\t\t<\/div>\n\t\t\t\t\t<\/div>\n\t\t\t\t<\/div>\n\t\t\t\t<\/div>","protected":false},"excerpt":{"rendered":"<p>Centrum informacyjne<\/p>","protected":false},"author":1,"featured_media":0,"parent":0,"menu_order":0,"comment_status":"closed","ping_status":"closed","template":"","meta":{"footnotes":""},"class_list":["post-1896","page","type-page","status-publish","hentry"],"_links":{"self":[{"href":"https:\/\/www.mokivape.com\/pl\/wp-json\/wp\/v2\/pages\/1896","targetHints":{"allow":["GET"]}}],"collection":[{"href":"https:\/\/www.mokivape.com\/pl\/wp-json\/wp\/v2\/pages"}],"about":[{"href":"https:\/\/www.mokivape.com\/pl\/wp-json\/wp\/v2\/types\/page"}],"author":[{"embeddable":true,"href":"https:\/\/www.mokivape.com\/pl\/wp-json\/wp\/v2\/users\/1"}],"replies":[{"embeddable":true,"href":"https:\/\/www.mokivape.com\/pl\/wp-json\/wp\/v2\/comments?post=1896"}],"version-history":[{"count":0,"href":"https:\/\/www.mokivape.com\/pl\/wp-json\/wp\/v2\/pages\/1896\/revisions"}],"wp:attachment":[{"href":"https:\/\/www.mokivape.com\/pl\/wp-json\/wp\/v2\/media?parent=1896"}],"curies":[{"name":"wp","href":"https:\/\/api.w.org\/{rel}","templated":true}]}}