{"id":8444,"date":"2025-01-10T03:45:10","date_gmt":"2025-01-10T03:45:10","guid":{"rendered":"https:\/\/www.mokiecig.com\/?post_type=product&#038;p=8444"},"modified":"2025-01-10T03:56:02","modified_gmt":"2025-01-10T03:56:02","slug":"q5-compatible-vape-pod-cartridge","status":"publish","type":"product","link":"https:\/\/www.mokivape.com\/it\/prodotto\/cartuccia-pod-vape-compatibile-q5\/","title":{"rendered":"Cartuccia Pod compatibile Q5"},"content":{"rendered":"<div class=\"tg-wrap\">\n<table>\n<tbody>\n<tr>\n<td>Dimensione<\/td>\n<td>48,1*19,3*10,6 mm<\/td>\n<td>Resistenza<\/td>\n<td>1,2ohm<\/td>\n<\/tr>\n<tr>\n<td>Capacit\u00e0 del liquido elettronico<\/td>\n<td>2mL<\/td>\n<td>Materiale<\/td>\n<td>PCTG<\/td>\n<\/tr>\n<tr>\n<td>Filo di riscaldamento<\/td>\n<td>Bobina in ceramica<\/td>\n<td><\/td>\n<td><\/td>\n<\/tr>\n<\/tbody>\n<\/table>\n<\/div>\n<div><img fetchpriority=\"high\" decoding=\"async\" class=\"alignnone size-full wp-image-8438\" src=\"https:\/\/www.mokiecig.com\/wp-content\/uploads\/q5_compatible_vape_pod_cartridge_b_01.webp\" alt=\"Cartuccia Vape Pod compatibile\" width=\"1080\" height=\"810\" srcset=\"https:\/\/www.mokivape.com\/wp-content\/uploads\/q5_compatible_vape_pod_cartridge_b_01.webp 1080w, https:\/\/www.mokivape.com\/wp-content\/uploads\/q5_compatible_vape_pod_cartridge_b_01-768x576.webp 768w, https:\/\/www.mokivape.com\/wp-content\/uploads\/q5_compatible_vape_pod_cartridge_b_01-16x12.webp 16w, https:\/\/www.mokivape.com\/wp-content\/uploads\/q5_compatible_vape_pod_cartridge_b_01-600x450.webp 600w\" sizes=\"(max-width: 1080px) 100vw, 1080px\" \/><\/div>","protected":false},"excerpt":{"rendered":"<p>La cartuccia compatibile prefilled Vape Pod MK-Q5 \u00e8 un'aggiunta conveniente e di alta qualit\u00e0 alla serie Prefilled Pod. Questa cartuccia pod da 48,1*19,3*10,6 mm offre una capacit\u00e0 di 2 ml di e-liquid, garantendo un'esperienza di svapo soddisfacente senza la necessit\u00e0 di frequenti ricariche. La bobina in ceramica da 1,2 ohm garantisce un sapore e una produzione di vapore costanti, perfetti per i kit di cialde alla nicotina. Realizzata in materiale PCTG, \u00e8 resistente e affidabile. MK-Q5 supporta OEM e ODM, questo dispositivo per il vaping in vendita a caldo \u00e8 una soluzione su ordinazione di MOKI, produttore e fornitore rinomato. La cartuccia Pod di svapo preriempita MK-Q5 \u00e8 l'epitome della qualit\u00e0 e della convenienza, compatibile con una gamma di dispositivi per un'esperienza di svapo senza soluzione di continuit\u00e0.<\/p>","protected":false},"featured_media":8435,"comment_status":"open","ping_status":"closed","template":"","meta":[],"product_brand":[],"product_cat":[472],"product_tag":[],"class_list":{"0":"post-8444","1":"product","2":"type-product","3":"status-publish","4":"has-post-thumbnail","6":"product_cat-compatibale-vape-pods","8":"first","9":"instock","10":"shipping-taxable","11":"product-type-simple"},"_links":{"self":[{"href":"https:\/\/www.mokivape.com\/it\/wp-json\/wp\/v2\/product\/8444","targetHints":{"allow":["GET"]}}],"collection":[{"href":"https:\/\/www.mokivape.com\/it\/wp-json\/wp\/v2\/product"}],"about":[{"href":"https:\/\/www.mokivape.com\/it\/wp-json\/wp\/v2\/types\/product"}],"replies":[{"embeddable":true,"href":"https:\/\/www.mokivape.com\/it\/wp-json\/wp\/v2\/comments?post=8444"}],"version-history":[{"count":0,"href":"https:\/\/www.mokivape.com\/it\/wp-json\/wp\/v2\/product\/8444\/revisions"}],"wp:featuredmedia":[{"embeddable":true,"href":"https:\/\/www.mokivape.com\/it\/wp-json\/wp\/v2\/media\/8435"}],"wp:attachment":[{"href":"https:\/\/www.mokivape.com\/it\/wp-json\/wp\/v2\/media?parent=8444"}],"wp:term":[{"taxonomy":"product_brand","embeddable":true,"href":"https:\/\/www.mokivape.com\/it\/wp-json\/wp\/v2\/product_brand?post=8444"},{"taxonomy":"product_cat","embeddable":true,"href":"https:\/\/www.mokivape.com\/it\/wp-json\/wp\/v2\/product_cat?post=8444"},{"taxonomy":"product_tag","embeddable":true,"href":"https:\/\/www.mokivape.com\/it\/wp-json\/wp\/v2\/product_tag?post=8444"}],"curies":[{"name":"wp","href":"https:\/\/api.w.org\/{rel}","templated":true}]}}