{"id":7913,"date":"2025-01-02T02:46:41","date_gmt":"2025-01-02T02:46:41","guid":{"rendered":"https:\/\/www.mokiecig.com\/?post_type=product&#038;p=7913"},"modified":"2025-01-03T11:26:01","modified_gmt":"2025-01-03T11:26:01","slug":"m61-cool-mint-vape-e-liquid-tank-replaceable","status":"publish","type":"product","link":"https:\/\/www.mokivape.com\/it\/prodotto\/m61-cool-mint-vape-e-liquid-tank-sostituibile\/","title":{"rendered":"M61 Mint Ice Vape monouso"},"content":{"rendered":"<div data-elementor-type=\"product-post\" data-elementor-id=\"7913\" class=\"elementor elementor-7913\" data-elementor-post-type=\"product\">\n\t\t\t\t<div class=\"elementor-element elementor-element-0b6ca9a e-con-full e-flex e-con e-parent\" data-id=\"0b6ca9a\" data-element_type=\"container\" data-settings=\"{&quot;background_background&quot;:&quot;classic&quot;}\">\n\t\t\t\t<div class=\"elementor-element elementor-element-1a0d0df elementor-widget elementor-widget-heading\" data-id=\"1a0d0df\" data-element_type=\"widget\" data-widget_type=\"heading.default\">\n\t\t\t\t<div class=\"elementor-widget-container\">\n\t\t\t\t\t<h2 class=\"elementor-heading-title elementor-size-default\">M61 Mint Ice Vape monouso<\/h2>\t\t\t\t<\/div>\n\t\t\t\t<\/div>\n\t\t\t\t<div class=\"elementor-element elementor-element-52d7e93 elementor-widget elementor-widget-html\" data-id=\"52d7e93\" data-element_type=\"widget\" data-widget_type=\"html.default\">\n\t\t\t\t<div class=\"elementor-widget-container\">\n\t\t\t\t\t<div class=\"tg-wrap\"><table><tbody><tr><td>Dimensione<\/td><td>90,31*46,71*24,86 mm<\/td><td>E-liquidoCapacit\u00e0<\/td><td>2+8mL<\/td><\/tr><tr><td>Capacit\u00e0 della batteria<\/td><td>550 mAh<\/td><td>Ricaricabile<\/td><td>Tipo-C<\/td><\/tr><tr><td>Filo di riscaldamento<\/td><td>Bobina di rete<\/td><td>Materiale<\/td><td>PC+PCTG<\/td><\/tr><tr><td>Resistenza<\/td><td>0,6ohm<\/td><td><\/td><td><\/td><\/tr><\/tbody><\/table><\/div>\t\t\t\t<\/div>\n\t\t\t\t<\/div>\n\t\t\t\t<div class=\"elementor-element elementor-element-7aff0b2 elementor-widget elementor-widget-image\" data-id=\"7aff0b2\" data-element_type=\"widget\" data-widget_type=\"image.default\">\n\t\t\t\t<div class=\"elementor-widget-container\">\n\t\t\t\t\t\t\t\t\t\t\t\t\t\t\t<img fetchpriority=\"high\" decoding=\"async\" width=\"800\" height=\"450\" src=\"https:\/\/www.mokivape.com\/wp-content\/uploads\/2025\/01\/MK_M61_cool_mint_vape_bar_01.jpg\" class=\"attachment-large size-large wp-image-7916\" alt=\"MK M61 barretta da svapo alla menta fresca\" srcset=\"https:\/\/www.mokivape.com\/wp-content\/uploads\/2025\/01\/MK_M61_cool_mint_vape_bar_01.jpg 800w, https:\/\/www.mokivape.com\/wp-content\/uploads\/2025\/01\/MK_M61_cool_mint_vape_bar_01-768x432.jpg 768w, https:\/\/www.mokivape.com\/wp-content\/uploads\/2025\/01\/MK_M61_cool_mint_vape_bar_01-18x10.jpg 18w, https:\/\/www.mokivape.com\/wp-content\/uploads\/2025\/01\/MK_M61_cool_mint_vape_bar_01-600x338.jpg 600w\" sizes=\"(max-width: 800px) 100vw, 800px\" \/>\t\t\t\t\t\t\t\t\t\t\t\t\t\t\t<\/div>\n\t\t\t\t<\/div>\n\t\t\t\t<div class=\"elementor-element elementor-element-4eefdfe elementor-widget elementor-widget-image\" data-id=\"4eefdfe\" data-element_type=\"widget\" data-widget_type=\"image.default\">\n\t\t\t\t<div class=\"elementor-widget-container\">\n\t\t\t\t\t\t\t\t\t\t\t\t\t\t\t<img decoding=\"async\" width=\"800\" height=\"450\" src=\"https:\/\/www.mokivape.com\/wp-content\/uploads\/2025\/01\/MK_M61_cool_mint_vape_bar_02.jpg\" class=\"attachment-large size-large wp-image-7917\" alt=\"specifiche della barretta MK M61 Cool Mint\" srcset=\"https:\/\/www.mokivape.com\/wp-content\/uploads\/2025\/01\/MK_M61_cool_mint_vape_bar_02.jpg 800w, https:\/\/www.mokivape.com\/wp-content\/uploads\/2025\/01\/MK_M61_cool_mint_vape_bar_02-768x432.jpg 768w, https:\/\/www.mokivape.com\/wp-content\/uploads\/2025\/01\/MK_M61_cool_mint_vape_bar_02-18x10.jpg 18w, https:\/\/www.mokivape.com\/wp-content\/uploads\/2025\/01\/MK_M61_cool_mint_vape_bar_02-600x338.jpg 600w\" sizes=\"(max-width: 800px) 100vw, 800px\" \/>\t\t\t\t\t\t\t\t\t\t\t\t\t\t\t<\/div>\n\t\t\t\t<\/div>\n\t\t\t\t<div class=\"elementor-element elementor-element-aa7120f elementor-widget elementor-widget-image\" data-id=\"aa7120f\" data-element_type=\"widget\" data-widget_type=\"image.default\">\n\t\t\t\t<div class=\"elementor-widget-container\">\n\t\t\t\t\t\t\t\t\t\t\t\t\t\t\t<img decoding=\"async\" width=\"800\" height=\"451\" src=\"https:\/\/www.mokivape.com\/wp-content\/uploads\/2025\/01\/MK_M61_cool_mint_vape_bar_03.jpg\" class=\"attachment-large size-large wp-image-7918\" alt=\"MK M61 barretta di menta fresca multicolore\" srcset=\"https:\/\/www.mokivape.com\/wp-content\/uploads\/2025\/01\/MK_M61_cool_mint_vape_bar_03.jpg 800w, https:\/\/www.mokivape.com\/wp-content\/uploads\/2025\/01\/MK_M61_cool_mint_vape_bar_03-768x433.jpg 768w, https:\/\/www.mokivape.com\/wp-content\/uploads\/2025\/01\/MK_M61_cool_mint_vape_bar_03-18x10.jpg 18w, https:\/\/www.mokivape.com\/wp-content\/uploads\/2025\/01\/MK_M61_cool_mint_vape_bar_03-600x338.jpg 600w\" sizes=\"(max-width: 800px) 100vw, 800px\" \/>\t\t\t\t\t\t\t\t\t\t\t\t\t\t\t<\/div>\n\t\t\t\t<\/div>\n\t\t\t\t<div class=\"elementor-element elementor-element-af7224a elementor-widget elementor-widget-image\" data-id=\"af7224a\" data-element_type=\"widget\" data-widget_type=\"image.default\">\n\t\t\t\t<div class=\"elementor-widget-container\">\n\t\t\t\t\t\t\t\t\t\t\t\t\t\t\t<img loading=\"lazy\" decoding=\"async\" width=\"800\" height=\"449\" src=\"https:\/\/www.mokivape.com\/wp-content\/uploads\/2025\/01\/MK_M61_cool_mint_vape_bar_04.jpg\" class=\"attachment-large size-large wp-image-7919\" alt=\"MK M61 cool mint vape bar serbatoio sostituibile di e-liquid\" srcset=\"https:\/\/www.mokivape.com\/wp-content\/uploads\/2025\/01\/MK_M61_cool_mint_vape_bar_04.jpg 800w, https:\/\/www.mokivape.com\/wp-content\/uploads\/2025\/01\/MK_M61_cool_mint_vape_bar_04-768x431.jpg 768w, https:\/\/www.mokivape.com\/wp-content\/uploads\/2025\/01\/MK_M61_cool_mint_vape_bar_04-18x10.jpg 18w, https:\/\/www.mokivape.com\/wp-content\/uploads\/2025\/01\/MK_M61_cool_mint_vape_bar_04-600x337.jpg 600w\" sizes=\"(max-width: 800px) 100vw, 800px\" \/>\t\t\t\t\t\t\t\t\t\t\t\t\t\t\t<\/div>\n\t\t\t\t<\/div>\n\t\t\t\t<div class=\"elementor-element elementor-element-53c3eb0 elementor-widget elementor-widget-image\" data-id=\"53c3eb0\" data-element_type=\"widget\" data-widget_type=\"image.default\">\n\t\t\t\t<div class=\"elementor-widget-container\">\n\t\t\t\t\t\t\t\t\t\t\t\t\t\t\t<img loading=\"lazy\" decoding=\"async\" width=\"800\" height=\"450\" src=\"https:\/\/www.mokivape.com\/wp-content\/uploads\/2025\/01\/MK_M61_cool_mint_vape_bar_05.jpg\" class=\"attachment-large size-large wp-image-7920\" alt=\"MK M61 cool mint vape bar batteria sostituibile\" srcset=\"https:\/\/www.mokivape.com\/wp-content\/uploads\/2025\/01\/MK_M61_cool_mint_vape_bar_05.jpg 800w, https:\/\/www.mokivape.com\/wp-content\/uploads\/2025\/01\/MK_M61_cool_mint_vape_bar_05-768x432.jpg 768w, https:\/\/www.mokivape.com\/wp-content\/uploads\/2025\/01\/MK_M61_cool_mint_vape_bar_05-18x10.jpg 18w, https:\/\/www.mokivape.com\/wp-content\/uploads\/2025\/01\/MK_M61_cool_mint_vape_bar_05-600x338.jpg 600w\" sizes=\"(max-width: 800px) 100vw, 800px\" \/>\t\t\t\t\t\t\t\t\t\t\t\t\t\t\t<\/div>\n\t\t\t\t<\/div>\n\t\t\t\t<div class=\"elementor-element elementor-element-e7a678e elementor-widget elementor-widget-image\" data-id=\"e7a678e\" data-element_type=\"widget\" data-widget_type=\"image.default\">\n\t\t\t\t<div class=\"elementor-widget-container\">\n\t\t\t\t\t\t\t\t\t\t\t\t\t\t\t<img loading=\"lazy\" decoding=\"async\" width=\"800\" height=\"450\" src=\"https:\/\/www.mokivape.com\/wp-content\/uploads\/2025\/01\/MK_M61_cool_mint_vape_bar_06.jpg\" class=\"attachment-large size-large wp-image-7921\" alt=\"MK M61 cool mint vape bar batteria di grande capacit\u00e0\" srcset=\"https:\/\/www.mokivape.com\/wp-content\/uploads\/2025\/01\/MK_M61_cool_mint_vape_bar_06.jpg 800w, https:\/\/www.mokivape.com\/wp-content\/uploads\/2025\/01\/MK_M61_cool_mint_vape_bar_06-768x432.jpg 768w, https:\/\/www.mokivape.com\/wp-content\/uploads\/2025\/01\/MK_M61_cool_mint_vape_bar_06-18x10.jpg 18w, https:\/\/www.mokivape.com\/wp-content\/uploads\/2025\/01\/MK_M61_cool_mint_vape_bar_06-600x338.jpg 600w\" sizes=\"(max-width: 800px) 100vw, 800px\" \/>\t\t\t\t\t\t\t\t\t\t\t\t\t\t\t<\/div>\n\t\t\t\t<\/div>\n\t\t\t\t<div class=\"elementor-element elementor-element-d42bd89 elementor-widget elementor-widget-image\" data-id=\"d42bd89\" data-element_type=\"widget\" data-widget_type=\"image.default\">\n\t\t\t\t<div class=\"elementor-widget-container\">\n\t\t\t\t\t\t\t\t\t\t\t\t\t\t\t<img loading=\"lazy\" decoding=\"async\" width=\"800\" height=\"450\" src=\"https:\/\/www.mokivape.com\/wp-content\/uploads\/2025\/01\/MK_M61_cool_mint_vape_bar_07.jpg\" class=\"attachment-large size-large wp-image-7922\" alt=\"MK M61 cool mint vape bar coil mesh\" srcset=\"https:\/\/www.mokivape.com\/wp-content\/uploads\/2025\/01\/MK_M61_cool_mint_vape_bar_07.jpg 800w, https:\/\/www.mokivape.com\/wp-content\/uploads\/2025\/01\/MK_M61_cool_mint_vape_bar_07-768x432.jpg 768w, https:\/\/www.mokivape.com\/wp-content\/uploads\/2025\/01\/MK_M61_cool_mint_vape_bar_07-18x10.jpg 18w, https:\/\/www.mokivape.com\/wp-content\/uploads\/2025\/01\/MK_M61_cool_mint_vape_bar_07-600x338.jpg 600w\" sizes=\"(max-width: 800px) 100vw, 800px\" \/>\t\t\t\t\t\t\t\t\t\t\t\t\t\t\t<\/div>\n\t\t\t\t<\/div>\n\t\t\t\t<div class=\"elementor-element elementor-element-d5c0a7a elementor-widget elementor-widget-image\" data-id=\"d5c0a7a\" data-element_type=\"widget\" data-widget_type=\"image.default\">\n\t\t\t\t<div class=\"elementor-widget-container\">\n\t\t\t\t\t\t\t\t\t\t\t\t\t\t\t<img loading=\"lazy\" decoding=\"async\" width=\"800\" height=\"449\" src=\"https:\/\/www.mokivape.com\/wp-content\/uploads\/2025\/01\/MK_M61_cool_mint_vape_bar_08.jpg\" class=\"attachment-large size-large wp-image-7923\" alt=\"MK M61 barretta da vape alla menta fresca multisapore\" srcset=\"https:\/\/www.mokivape.com\/wp-content\/uploads\/2025\/01\/MK_M61_cool_mint_vape_bar_08.jpg 800w, https:\/\/www.mokivape.com\/wp-content\/uploads\/2025\/01\/MK_M61_cool_mint_vape_bar_08-768x431.jpg 768w, https:\/\/www.mokivape.com\/wp-content\/uploads\/2025\/01\/MK_M61_cool_mint_vape_bar_08-18x10.jpg 18w, https:\/\/www.mokivape.com\/wp-content\/uploads\/2025\/01\/MK_M61_cool_mint_vape_bar_08-600x337.jpg 600w\" sizes=\"(max-width: 800px) 100vw, 800px\" \/>\t\t\t\t\t\t\t\t\t\t\t\t\t\t\t<\/div>\n\t\t\t\t<\/div>\n\t\t\t\t<\/div>\n\t\t\t\t<\/div>","protected":false},"excerpt":{"rendered":"<p>MOKI Cool Mint Vape Bar MK-M61, una soluzione di vaping compatta e conveniente. Questo kit di alta qualit\u00e0 e vendita calda vanta una batteria da 550 mAh e una bobina a maglia da 0,6 ohm per un sapore e un vapore ottimali. \u00c8 dotato di un serbatoio per e-liquid sostituibile e di una batteria da svapo intercambiabile. Con una capacit\u00e0 combinata di e-liquid di 2+8mL, MK-M61 offre un uso prolungato. Ricarica facile grazie alla porta Type-C.<br \/>\nMK-M61 misura 90,31*46,71*24,86 mm ed \u00e8 realizzato con materiali resistenti in PC+PCTG. MK-M61 supporta OEM e ODM, \u00e8 il kit di svapo monouso perfetto del produttore e fornitore MOKI. Provate la sigaretta elettronica tascabile che sta rivoluzionando i kit di svapo.<\/p>","protected":false},"featured_media":7914,"comment_status":"open","ping_status":"closed","template":"","meta":[],"product_brand":[],"product_cat":[31],"product_tag":[451,450,452],"class_list":{"0":"post-7913","1":"product","2":"type-product","3":"status-publish","4":"has-post-thumbnail","6":"product_cat-disposable-vape-pod-kits-oem-vape-pen-manufacturing","7":"product_tag-28ml-e-liquid-tank","8":"product_tag-550mah","9":"product_tag-mesh-coil","11":"first","12":"instock","13":"shipping-taxable","14":"product-type-simple"},"_links":{"self":[{"href":"https:\/\/www.mokivape.com\/it\/wp-json\/wp\/v2\/product\/7913","targetHints":{"allow":["GET"]}}],"collection":[{"href":"https:\/\/www.mokivape.com\/it\/wp-json\/wp\/v2\/product"}],"about":[{"href":"https:\/\/www.mokivape.com\/it\/wp-json\/wp\/v2\/types\/product"}],"replies":[{"embeddable":true,"href":"https:\/\/www.mokivape.com\/it\/wp-json\/wp\/v2\/comments?post=7913"}],"version-history":[{"count":0,"href":"https:\/\/www.mokivape.com\/it\/wp-json\/wp\/v2\/product\/7913\/revisions"}],"wp:featuredmedia":[{"embeddable":true,"href":"https:\/\/www.mokivape.com\/it\/wp-json\/wp\/v2\/media\/7914"}],"wp:attachment":[{"href":"https:\/\/www.mokivape.com\/it\/wp-json\/wp\/v2\/media?parent=7913"}],"wp:term":[{"taxonomy":"product_brand","embeddable":true,"href":"https:\/\/www.mokivape.com\/it\/wp-json\/wp\/v2\/product_brand?post=7913"},{"taxonomy":"product_cat","embeddable":true,"href":"https:\/\/www.mokivape.com\/it\/wp-json\/wp\/v2\/product_cat?post=7913"},{"taxonomy":"product_tag","embeddable":true,"href":"https:\/\/www.mokivape.com\/it\/wp-json\/wp\/v2\/product_tag?post=7913"}],"curies":[{"name":"wp","href":"https:\/\/api.w.org\/{rel}","templated":true}]}}