{"id":1414,"date":"2024-04-17T09:13:41","date_gmt":"2024-04-17T09:13:41","guid":{"rendered":"https:\/\/www.mokiecig.com\/?post_type=product&#038;p=1414"},"modified":"2025-01-03T06:28:32","modified_gmt":"2025-01-03T06:28:32","slug":"m36-large-capacity-pods-open-pod-vape","status":"publish","type":"product","link":"https:\/\/www.mokivape.com\/it\/prodotto\/m36-pod-di-grande-capacita-open-pod-vape\/","title":{"rendered":"MK-M36 Pod di grande capacit\u00e0 Vape Pod aperto"},"content":{"rendered":"<div data-elementor-type=\"product-post\" data-elementor-id=\"1414\" class=\"elementor elementor-1414\" data-elementor-post-type=\"product\">\n\t\t\t\t<div class=\"elementor-element elementor-element-cdf09e1 e-con-full e-flex e-con e-parent\" data-id=\"cdf09e1\" data-element_type=\"container\">\n\t\t\t\t<div class=\"elementor-element elementor-element-a626627 elementor-widget elementor-widget-heading\" data-id=\"a626627\" data-element_type=\"widget\" data-widget_type=\"heading.default\">\n\t\t\t\t<div class=\"elementor-widget-container\">\n\t\t\t\t\t<h2 class=\"elementor-heading-title elementor-size-default\">MK-M36 Pod di grande capacit\u00e0 Vape Pod aperto<\/h2>\t\t\t\t<\/div>\n\t\t\t\t<\/div>\n\t\t\t\t<div class=\"elementor-element elementor-element-ed0721a elementor-widget elementor-widget-html\" data-id=\"ed0721a\" data-element_type=\"widget\" data-widget_type=\"html.default\">\n\t\t\t\t<div class=\"elementor-widget-container\">\n\t\t\t\t\t<table><tbody><tr><td>Dimensione<\/td><td>46*20.3*60.7 mm<\/td><td>Resistenza<\/td><td>0,8ohm<\/td><\/tr><tr><td>Capacit\u00e0 della batteria<\/td><td>500 mAh<\/td><td>Capacit\u00e0 del liquido elettronico<\/td><td>2mL<\/td><\/tr><tr><td>Filo di riscaldamento<\/td><td>Bobina di rete<\/td><td>Ricaricabile<\/td><td>Tipo-C<\/td><\/tr><tr><td>Materiale<\/td><td colspan=\"3\">plastica monocolore<\/td><\/tr><\/tbody><\/table>\t\t\t\t<\/div>\n\t\t\t\t<\/div>\n\t\t\t\t<div class=\"elementor-element elementor-element-c941d63 elementor-widget elementor-widget-image\" data-id=\"c941d63\" data-element_type=\"widget\" data-widget_type=\"image.default\">\n\t\t\t\t<div class=\"elementor-widget-container\">\n\t\t\t\t\t\t\t\t\t\t\t\t\t\t\t<img fetchpriority=\"high\" decoding=\"async\" width=\"1920\" height=\"1080\" src=\"https:\/\/www.mokivape.com\/wp-content\/uploads\/M36_b_1.webp\" class=\"attachment-full size-full wp-image-8252\" alt=\"Sistema a capsula aperta M36\" srcset=\"https:\/\/www.mokivape.com\/wp-content\/uploads\/M36_b_1.webp 1920w, https:\/\/www.mokivape.com\/wp-content\/uploads\/M36_b_1-768x432.webp 768w, https:\/\/www.mokivape.com\/wp-content\/uploads\/M36_b_1-1536x864.webp 1536w, https:\/\/www.mokivape.com\/wp-content\/uploads\/M36_b_1-18x10.webp 18w, https:\/\/www.mokivape.com\/wp-content\/uploads\/M36_b_1-600x338.webp 600w\" sizes=\"(max-width: 1920px) 100vw, 1920px\" \/>\t\t\t\t\t\t\t\t\t\t\t\t\t\t\t<\/div>\n\t\t\t\t<\/div>\n\t\t\t\t<div class=\"elementor-element elementor-element-35b40e3 elementor-widget elementor-widget-image\" data-id=\"35b40e3\" data-element_type=\"widget\" data-widget_type=\"image.default\">\n\t\t\t\t<div class=\"elementor-widget-container\">\n\t\t\t\t\t\t\t\t\t\t\t\t\t\t\t<img decoding=\"async\" width=\"1920\" height=\"1080\" src=\"https:\/\/www.mokivape.com\/wp-content\/uploads\/M36_b_2.webp\" class=\"attachment-full size-full wp-image-8253\" alt=\"Sistema a capsula aperta M36\" srcset=\"https:\/\/www.mokivape.com\/wp-content\/uploads\/M36_b_2.webp 1920w, https:\/\/www.mokivape.com\/wp-content\/uploads\/M36_b_2-768x432.webp 768w, https:\/\/www.mokivape.com\/wp-content\/uploads\/M36_b_2-1536x864.webp 1536w, https:\/\/www.mokivape.com\/wp-content\/uploads\/M36_b_2-18x10.webp 18w, https:\/\/www.mokivape.com\/wp-content\/uploads\/M36_b_2-600x338.webp 600w\" sizes=\"(max-width: 1920px) 100vw, 1920px\" \/>\t\t\t\t\t\t\t\t\t\t\t\t\t\t\t<\/div>\n\t\t\t\t<\/div>\n\t\t\t\t<div class=\"elementor-element elementor-element-27059cb elementor-widget elementor-widget-image\" data-id=\"27059cb\" data-element_type=\"widget\" data-widget_type=\"image.default\">\n\t\t\t\t<div class=\"elementor-widget-container\">\n\t\t\t\t\t\t\t\t\t\t\t\t\t\t\t<img decoding=\"async\" width=\"1920\" height=\"1080\" src=\"https:\/\/www.mokivape.com\/wp-content\/uploads\/M36_b_3.webp\" class=\"attachment-full size-full wp-image-8254\" alt=\"Sistema a capsula aperta M36\" srcset=\"https:\/\/www.mokivape.com\/wp-content\/uploads\/M36_b_3.webp 1920w, https:\/\/www.mokivape.com\/wp-content\/uploads\/M36_b_3-768x432.webp 768w, https:\/\/www.mokivape.com\/wp-content\/uploads\/M36_b_3-1536x864.webp 1536w, https:\/\/www.mokivape.com\/wp-content\/uploads\/M36_b_3-18x10.webp 18w, https:\/\/www.mokivape.com\/wp-content\/uploads\/M36_b_3-600x338.webp 600w\" sizes=\"(max-width: 1920px) 100vw, 1920px\" \/>\t\t\t\t\t\t\t\t\t\t\t\t\t\t\t<\/div>\n\t\t\t\t<\/div>\n\t\t\t\t<div class=\"elementor-element elementor-element-64c1ebd elementor-widget elementor-widget-image\" data-id=\"64c1ebd\" data-element_type=\"widget\" data-widget_type=\"image.default\">\n\t\t\t\t<div class=\"elementor-widget-container\">\n\t\t\t\t\t\t\t\t\t\t\t\t\t\t\t<img loading=\"lazy\" decoding=\"async\" width=\"1920\" height=\"1080\" src=\"https:\/\/www.mokivape.com\/wp-content\/uploads\/M36_b_4.webp\" class=\"attachment-full size-full wp-image-8255\" alt=\"Sistema a capsula aperta M36\" srcset=\"https:\/\/www.mokivape.com\/wp-content\/uploads\/M36_b_4.webp 1920w, https:\/\/www.mokivape.com\/wp-content\/uploads\/M36_b_4-768x432.webp 768w, https:\/\/www.mokivape.com\/wp-content\/uploads\/M36_b_4-1536x864.webp 1536w, https:\/\/www.mokivape.com\/wp-content\/uploads\/M36_b_4-18x10.webp 18w, https:\/\/www.mokivape.com\/wp-content\/uploads\/M36_b_4-600x338.webp 600w\" sizes=\"(max-width: 1920px) 100vw, 1920px\" \/>\t\t\t\t\t\t\t\t\t\t\t\t\t\t\t<\/div>\n\t\t\t\t<\/div>\n\t\t\t\t<div class=\"elementor-element elementor-element-34791bf elementor-widget elementor-widget-image\" data-id=\"34791bf\" data-element_type=\"widget\" data-widget_type=\"image.default\">\n\t\t\t\t<div class=\"elementor-widget-container\">\n\t\t\t\t\t\t\t\t\t\t\t\t\t\t\t<img loading=\"lazy\" decoding=\"async\" width=\"1920\" height=\"1080\" src=\"https:\/\/www.mokivape.com\/wp-content\/uploads\/M36_b_5.webp\" class=\"attachment-full size-full wp-image-8256\" alt=\"Sistema a capsula aperta M36\" srcset=\"https:\/\/www.mokivape.com\/wp-content\/uploads\/M36_b_5.webp 1920w, https:\/\/www.mokivape.com\/wp-content\/uploads\/M36_b_5-768x432.webp 768w, https:\/\/www.mokivape.com\/wp-content\/uploads\/M36_b_5-1536x864.webp 1536w, https:\/\/www.mokivape.com\/wp-content\/uploads\/M36_b_5-18x10.webp 18w, https:\/\/www.mokivape.com\/wp-content\/uploads\/M36_b_5-600x338.webp 600w\" sizes=\"(max-width: 1920px) 100vw, 1920px\" \/>\t\t\t\t\t\t\t\t\t\t\t\t\t\t\t<\/div>\n\t\t\t\t<\/div>\n\t\t\t\t<\/div>\n\t\t\t\t<\/div>","protected":false},"excerpt":{"rendered":"<p>MOKI Large Capacity Pods Open Pod Vape MK-M36 \u00e8 un sistema di pod chiuso ad alta capacit\u00e0 progettato per sessioni di vaping prolungate. Questa capsula di svapo big puff vanta una capacit\u00e0 di 2 ml di e-liquid con una bobina a maglia da 0,8 ohm per un sapore intenso e una produzione di vapore. Le dimensioni compatte di 46*20,3*60,7 mm ospitano una batteria da 500 mAh, che garantisce un'esperienza di svapo soddisfacente. Ricarica facile grazie alla porta Type-C. Realizzata in plastica monocolore, questa pod di alta qualit\u00e0 in vendita a caldo \u00e8 perfetta per OEM e ODM, offrendo un'opzione made-to-order da un produttore e fornitore affidabile MOKI. Il MOKI Pod MK-M36 \u00e8 l'epitome del vaping di grande capacit\u00e0, che combina convenienza e prestazioni in un pacchetto elegante.<\/p>","protected":false},"featured_media":8152,"comment_status":"open","ping_status":"closed","template":"","meta":[],"product_brand":[],"product_cat":[16,30],"product_tag":[],"class_list":{"0":"post-1414","1":"product","2":"type-product","3":"status-publish","4":"has-post-thumbnail","6":"product_cat-pod-kits-refillable-open-pods-cartridge-oem","7":"product_cat-refillable-pod-kits-manufacturing-vape-bar-oem","9":"first","10":"instock","11":"shipping-taxable","12":"product-type-simple"},"_links":{"self":[{"href":"https:\/\/www.mokivape.com\/it\/wp-json\/wp\/v2\/product\/1414","targetHints":{"allow":["GET"]}}],"collection":[{"href":"https:\/\/www.mokivape.com\/it\/wp-json\/wp\/v2\/product"}],"about":[{"href":"https:\/\/www.mokivape.com\/it\/wp-json\/wp\/v2\/types\/product"}],"replies":[{"embeddable":true,"href":"https:\/\/www.mokivape.com\/it\/wp-json\/wp\/v2\/comments?post=1414"}],"version-history":[{"count":0,"href":"https:\/\/www.mokivape.com\/it\/wp-json\/wp\/v2\/product\/1414\/revisions"}],"wp:featuredmedia":[{"embeddable":true,"href":"https:\/\/www.mokivape.com\/it\/wp-json\/wp\/v2\/media\/8152"}],"wp:attachment":[{"href":"https:\/\/www.mokivape.com\/it\/wp-json\/wp\/v2\/media?parent=1414"}],"wp:term":[{"taxonomy":"product_brand","embeddable":true,"href":"https:\/\/www.mokivape.com\/it\/wp-json\/wp\/v2\/product_brand?post=1414"},{"taxonomy":"product_cat","embeddable":true,"href":"https:\/\/www.mokivape.com\/it\/wp-json\/wp\/v2\/product_cat?post=1414"},{"taxonomy":"product_tag","embeddable":true,"href":"https:\/\/www.mokivape.com\/it\/wp-json\/wp\/v2\/product_tag?post=1414"}],"curies":[{"name":"wp","href":"https:\/\/api.w.org\/{rel}","templated":true}]}}