{"id":1410,"date":"2024-04-17T09:11:43","date_gmt":"2024-04-17T09:11:43","guid":{"rendered":"https:\/\/www.mokiecig.com\/?post_type=product&#038;p=1410"},"modified":"2025-06-30T10:24:24","modified_gmt":"2025-06-30T10:24:24","slug":"m4-e-cigarette-fruit-flavor-vape-pod","status":"publish","type":"product","link":"https:\/\/www.mokivape.com\/it\/prodotto\/m4-e-sigaretta-sapore-di-frutta-vape-pod\/","title":{"rendered":"MK-M4 sigaretta elettronica sapore di frutta Vape"},"content":{"rendered":"<div data-elementor-type=\"product-post\" data-elementor-id=\"1410\" class=\"elementor elementor-1410\" data-elementor-post-type=\"product\">\n\t\t\t\t<div class=\"elementor-element elementor-element-6ccba9e e-con-full e-flex e-con e-parent\" data-id=\"6ccba9e\" data-element_type=\"container\">\n\t\t\t\t<div class=\"elementor-element elementor-element-bcc1c5b elementor-widget elementor-widget-heading\" data-id=\"bcc1c5b\" data-element_type=\"widget\" data-widget_type=\"heading.default\">\n\t\t\t\t<div class=\"elementor-widget-container\">\n\t\t\t\t\t<h2 class=\"elementor-heading-title elementor-size-default\">MK-M4 sigaretta elettronica sapore di frutta Vape<\/h2>\t\t\t\t<\/div>\n\t\t\t\t<\/div>\n\t\t\t\t<div class=\"elementor-element elementor-element-c612b7a elementor-widget elementor-widget-html\" data-id=\"c612b7a\" data-element_type=\"widget\" data-widget_type=\"html.default\">\n\t\t\t\t<div class=\"elementor-widget-container\">\n\t\t\t\t\t<table><tbody><tr><td>Dimensione<\/td><td>20,1*18*110,6 mm<\/td><td>Capacit\u00e0 del liquido elettronico<\/td><td>2mL<\/td><\/tr><tr><td>Capacit\u00e0 della batteria<\/td><td>400 mAh<\/td><td>Ricaricabile<\/td><td>Tipo-C<\/td><\/tr><tr><td>Filo di riscaldamento<\/td><td>Bobina in ceramica<\/td><td>Materiale<\/td><td>PC+PCTG<\/td><\/tr><tr><td>Resistenza<\/td><td>1,15ohm<\/td><td><\/td><td><\/td><\/tr><\/tbody><\/table>\t\t\t\t<\/div>\n\t\t\t\t<\/div>\n\t\t\t\t<div class=\"elementor-element elementor-element-e81870a elementor-widget elementor-widget-image\" data-id=\"e81870a\" data-element_type=\"widget\" data-widget_type=\"image.default\">\n\t\t\t\t<div class=\"elementor-widget-container\">\n\t\t\t\t\t\t\t\t\t\t\t\t\t\t\t<img fetchpriority=\"high\" decoding=\"async\" width=\"1920\" height=\"1080\" src=\"https:\/\/www.mokivape.com\/wp-content\/uploads\/M4_b_6.webp\" class=\"attachment-full size-full wp-image-8285\" alt=\"M4 Pod al gusto di frutta\" srcset=\"https:\/\/www.mokivape.com\/wp-content\/uploads\/M4_b_6.webp 1920w, https:\/\/www.mokivape.com\/wp-content\/uploads\/M4_b_6-768x432.webp 768w, https:\/\/www.mokivape.com\/wp-content\/uploads\/M4_b_6-1536x864.webp 1536w, https:\/\/www.mokivape.com\/wp-content\/uploads\/M4_b_6-18x10.webp 18w, https:\/\/www.mokivape.com\/wp-content\/uploads\/M4_b_6-600x338.webp 600w\" sizes=\"(max-width: 1920px) 100vw, 1920px\" \/>\t\t\t\t\t\t\t\t\t\t\t\t\t\t\t<\/div>\n\t\t\t\t<\/div>\n\t\t\t\t<div class=\"elementor-element elementor-element-60a33cf elementor-widget elementor-widget-image\" data-id=\"60a33cf\" data-element_type=\"widget\" data-widget_type=\"image.default\">\n\t\t\t\t<div class=\"elementor-widget-container\">\n\t\t\t\t\t\t\t\t\t\t\t\t\t\t\t<img decoding=\"async\" width=\"1920\" height=\"1080\" src=\"https:\/\/www.mokivape.com\/wp-content\/uploads\/M4_b_7.webp\" class=\"attachment-full size-full wp-image-8286\" alt=\"M4 Pod al gusto di frutta\" srcset=\"https:\/\/www.mokivape.com\/wp-content\/uploads\/M4_b_7.webp 1920w, https:\/\/www.mokivape.com\/wp-content\/uploads\/M4_b_7-768x432.webp 768w, https:\/\/www.mokivape.com\/wp-content\/uploads\/M4_b_7-1536x864.webp 1536w, https:\/\/www.mokivape.com\/wp-content\/uploads\/M4_b_7-18x10.webp 18w, https:\/\/www.mokivape.com\/wp-content\/uploads\/M4_b_7-600x338.webp 600w\" sizes=\"(max-width: 1920px) 100vw, 1920px\" \/>\t\t\t\t\t\t\t\t\t\t\t\t\t\t\t<\/div>\n\t\t\t\t<\/div>\n\t\t\t\t<div class=\"elementor-element elementor-element-08c47be elementor-widget elementor-widget-image\" data-id=\"08c47be\" data-element_type=\"widget\" data-widget_type=\"image.default\">\n\t\t\t\t<div class=\"elementor-widget-container\">\n\t\t\t\t\t\t\t\t\t\t\t\t\t\t\t<img decoding=\"async\" width=\"1920\" height=\"1080\" src=\"https:\/\/www.mokivape.com\/wp-content\/uploads\/M4_b_9.webp\" class=\"attachment-full size-full wp-image-8288\" alt=\"M4 Pod al gusto di frutta\" srcset=\"https:\/\/www.mokivape.com\/wp-content\/uploads\/M4_b_9.webp 1920w, https:\/\/www.mokivape.com\/wp-content\/uploads\/M4_b_9-768x432.webp 768w, https:\/\/www.mokivape.com\/wp-content\/uploads\/M4_b_9-1536x864.webp 1536w, https:\/\/www.mokivape.com\/wp-content\/uploads\/M4_b_9-18x10.webp 18w, https:\/\/www.mokivape.com\/wp-content\/uploads\/M4_b_9-600x338.webp 600w\" sizes=\"(max-width: 1920px) 100vw, 1920px\" \/>\t\t\t\t\t\t\t\t\t\t\t\t\t\t\t<\/div>\n\t\t\t\t<\/div>\n\t\t\t\t<div class=\"elementor-element elementor-element-4e24380 elementor-widget elementor-widget-image\" data-id=\"4e24380\" data-element_type=\"widget\" data-widget_type=\"image.default\">\n\t\t\t\t<div class=\"elementor-widget-container\">\n\t\t\t\t\t\t\t\t\t\t\t\t\t\t\t<img loading=\"lazy\" decoding=\"async\" width=\"1920\" height=\"1080\" src=\"https:\/\/www.mokivape.com\/wp-content\/uploads\/M4_b_10.webp\" class=\"attachment-full size-full wp-image-8289\" alt=\"M4 Pod al gusto di frutta\" srcset=\"https:\/\/www.mokivape.com\/wp-content\/uploads\/M4_b_10.webp 1920w, https:\/\/www.mokivape.com\/wp-content\/uploads\/M4_b_10-768x432.webp 768w, https:\/\/www.mokivape.com\/wp-content\/uploads\/M4_b_10-1536x864.webp 1536w, https:\/\/www.mokivape.com\/wp-content\/uploads\/M4_b_10-18x10.webp 18w, https:\/\/www.mokivape.com\/wp-content\/uploads\/M4_b_10-600x338.webp 600w\" sizes=\"(max-width: 1920px) 100vw, 1920px\" \/>\t\t\t\t\t\t\t\t\t\t\t\t\t\t\t<\/div>\n\t\t\t\t<\/div>\n\t\t\t\t<div class=\"elementor-element elementor-element-fd6826e elementor-widget elementor-widget-image\" data-id=\"fd6826e\" data-element_type=\"widget\" data-widget_type=\"image.default\">\n\t\t\t\t<div class=\"elementor-widget-container\">\n\t\t\t\t\t\t\t\t\t\t\t\t\t\t\t<img loading=\"lazy\" decoding=\"async\" width=\"1920\" height=\"1080\" src=\"https:\/\/www.mokivape.com\/wp-content\/uploads\/M4_b_11.webp\" class=\"attachment-full size-full wp-image-8290\" alt=\"Penne da Vapore ricaricabili al gusto di frutta M4\" srcset=\"https:\/\/www.mokivape.com\/wp-content\/uploads\/M4_b_11.webp 1920w, https:\/\/www.mokivape.com\/wp-content\/uploads\/M4_b_11-768x432.webp 768w, https:\/\/www.mokivape.com\/wp-content\/uploads\/M4_b_11-1536x864.webp 1536w, https:\/\/www.mokivape.com\/wp-content\/uploads\/M4_b_11-18x10.webp 18w, https:\/\/www.mokivape.com\/wp-content\/uploads\/M4_b_11-600x338.webp 600w\" sizes=\"(max-width: 1920px) 100vw, 1920px\" \/>\t\t\t\t\t\t\t\t\t\t\t\t\t\t\t<\/div>\n\t\t\t\t<\/div>\n\t\t\t\t<\/div>\n\t\t\t\t<\/div>","protected":false},"excerpt":{"rendered":"<p>MOKI E-Cigarette Fruit Flavor Vape Pod MK-M4 \u00e8 un sistema a cialde chiuse di qualit\u00e0 superiore per gli appassionati di aromi di frutta. Questa pod compatta da 20,1*18*110,6 mm \u00e8 dotata di una batteria da 400 mAh e di una bobina in ceramica da 1,15 ohm per un'esperienza di svapo ricca e fluida. Con una capacit\u00e0 di 2 ml di e-liquid, MK-M4 \u00e8 perfetto per gli amanti dei sapori in movimento. Ricarica rapida grazie alla tecnologia Type-C. Costruita con materiali resistenti in PC+PCTG, questa pod per sigarette elettroniche di alta qualit\u00e0 e in vendita supporta OEM e ODM, offrendo un'opzione made-to-order da un produttore e fornitore affidabile: MOKI. Elevate il vostro modo di svapare con MOKI Vape Pod, una sigaretta elettronica prodotta in fabbrica, con marchio bianco, progettata per un'esperienza di svapo al sapore di frutta senza precedenti.<\/p>","protected":false},"featured_media":8148,"comment_status":"open","ping_status":"closed","template":"","meta":[],"product_brand":[],"product_cat":[16],"product_tag":[],"class_list":{"0":"post-1410","1":"product","2":"type-product","3":"status-publish","4":"has-post-thumbnail","6":"product_cat-pod-kits-refillable-open-pods-cartridge-oem","8":"first","9":"instock","10":"shipping-taxable","11":"product-type-simple"},"_links":{"self":[{"href":"https:\/\/www.mokivape.com\/it\/wp-json\/wp\/v2\/product\/1410","targetHints":{"allow":["GET"]}}],"collection":[{"href":"https:\/\/www.mokivape.com\/it\/wp-json\/wp\/v2\/product"}],"about":[{"href":"https:\/\/www.mokivape.com\/it\/wp-json\/wp\/v2\/types\/product"}],"replies":[{"embeddable":true,"href":"https:\/\/www.mokivape.com\/it\/wp-json\/wp\/v2\/comments?post=1410"}],"version-history":[{"count":0,"href":"https:\/\/www.mokivape.com\/it\/wp-json\/wp\/v2\/product\/1410\/revisions"}],"wp:featuredmedia":[{"embeddable":true,"href":"https:\/\/www.mokivape.com\/it\/wp-json\/wp\/v2\/media\/8148"}],"wp:attachment":[{"href":"https:\/\/www.mokivape.com\/it\/wp-json\/wp\/v2\/media?parent=1410"}],"wp:term":[{"taxonomy":"product_brand","embeddable":true,"href":"https:\/\/www.mokivape.com\/it\/wp-json\/wp\/v2\/product_brand?post=1410"},{"taxonomy":"product_cat","embeddable":true,"href":"https:\/\/www.mokivape.com\/it\/wp-json\/wp\/v2\/product_cat?post=1410"},{"taxonomy":"product_tag","embeddable":true,"href":"https:\/\/www.mokivape.com\/it\/wp-json\/wp\/v2\/product_tag?post=1410"}],"curies":[{"name":"wp","href":"https:\/\/api.w.org\/{rel}","templated":true}]}}