{"id":6793,"date":"2024-08-30T08:12:08","date_gmt":"2024-08-30T08:12:08","guid":{"rendered":"https:\/\/www.mokiecig.com\/?page_id=6793"},"modified":"2025-12-08T02:07:28","modified_gmt":"2025-12-08T02:07:28","slug":"privacy-policy-2","status":"publish","type":"page","link":"https:\/\/www.mokivape.com\/it\/informativa-sulla-privacy-2\/","title":{"rendered":"Informativa sulla privacy"},"content":{"rendered":"<p>Non \u00e8 consentito utilizzare alcun \"deep-link\", \"page-scrape\", \"robot\", \"spider\" o altri dispositivi automatici, programmi, algoritmi o metodologie, o qualsiasi processo manuale simile o equivalente, per accedere, acquisire, copiare o monitorare qualsiasi parte del Sito o qualsiasi Contenuto, o in qualsiasi modo riprodurre o aggirare la struttura di navigazione o la presentazione del Sito o qualsiasi Contenuto, per ottenere o tentare di ottenere qualsiasi materiale, documento o informazione attraverso qualsiasi mezzo non appositamente reso disponibile attraverso il Sito. L'utente non pu\u00f2 tentare di ottenere un accesso non autorizzato a qualsiasi parte o funzione del Sito, o a qualsiasi altro sistema o rete collegati al Sito o a qualsiasi server MOKI vape, o a qualsiasi servizio offerto su o attraverso il Sito, tramite hacking, \"mining\" di password o qualsiasi altro mezzo illegittimo.<\/p>\n\n\n\n<p>Non \u00e8 consentito sondare, scansionare o testare la vulnerabilit\u00e0 del Sito o di qualsiasi rete collegata al sito, n\u00e9 violare le misure di sicurezza o di autenticazione del Sito o di qualsiasi rete collegata al Sito. Non \u00e8 possibile effettuare il reverse look-up, rintracciare o cercare di risalire alla fonte di qualsiasi informazione su qualsiasi altro utente o visitatore del Sito, o qualsiasi altro cliente di MOKI vape, compreso qualsiasi account MOKI vape non di propriet\u00e0 dell'utente, o sfruttare il Sito o qualsiasi servizio o informazione resa disponibile o offerta da o attraverso il Sito, in qualsiasi modo in cui lo scopo \u00e8 quello di rivelare qualsiasi informazione, tra cui, a titolo esemplificativo ma non esaustivo, l'identificazione personale o le informazioni, diverse dalle proprie informazioni, come previsto dal Sito.<\/p>\n\n\n\n<p>L'utente accetta di non intraprendere alcuna azione che imponga un carico irragionevole o sproporzionato sull'infrastruttura del Sito o sui sistemi o sulle reti di MOKI vape, o su qualsiasi sistema o rete collegati al Sito o a MOKI vape.<\/p>\n\n\n\n<p>L'utente accetta di non utilizzare alcun dispositivo, software o routine per interferire o tentare di interferire con il corretto funzionamento del Sito o con qualsiasi transazione condotta sul Sito, o con l'utilizzo del Sito da parte di qualsiasi altra persona.<\/p>\n\n\n\n<p>Non \u00e8 consentito falsificare le intestazioni o manipolare in altro modo gli identificatori al fine di nascondere l'origine di qualsiasi messaggio o trasmissione inviati a MOKI vape su o tramite il Sito o qualsiasi servizio offerto su o tramite il Sito. L'utente non pu\u00f2 fingere di essere, o di rappresentare, qualcun altro, o impersonare qualsiasi altro individuo o entit\u00e0. L'utente non pu\u00f2 utilizzare il Sito o qualsiasi Contenuto per scopi illegali o proibiti dalle presenti Condizioni d'uso o per sollecitare l'esecuzione di attivit\u00e0 illegali o altre attivit\u00e0 che violino i diritti di MOKI vape o di altri.<\/p>\n\n\n\n<h3 class=\"wp-block-heading\">QUALI INFORMAZIONI RACCOGLIAMO?<\/h3>\n\n\n\n<p>Al momento dell'ordine o della registrazione sul nostro sito, a seconda dei casi, \u00e8 possibile che vi venga chiesto di inserire il vostro nome, indirizzo e-mail o indirizzo postale. \u00c8 tuttavia possibile visitare il nostro sito in forma anonima.<\/p>\n\n\n\n<h3 class=\"wp-block-heading\">PER COSA UTILIZZIAMO LE VOSTRE INFORMAZIONI?<\/h3>\n\n\n\n<p>Tutte le informazioni che raccogliamo dall'utente possono essere utilizzate in uno dei seguenti modi:<\/p>\n\n\n\n<p>*Per personalizzare la vostra esperienza<\/p>\n\n\n\n<p>(le vostre informazioni ci aiutano a rispondere meglio alle vostre esigenze individuali)<\/p>\n\n\n\n<p>*Per migliorare il nostro sito web<\/p>\n\n\n\n<p>(ci sforziamo continuamente di migliorare le offerte del nostro sito web sulla base delle informazioni e del feedback che riceviamo da voi)<\/p>\n\n\n\n<p>*Migliorare il servizio clienti<\/p>\n\n\n\n<p>(le vostre informazioni ci aiutano a rispondere in modo pi\u00f9 efficace alle vostre richieste di assistenza e supporto)<\/p>\n\n\n\n<p>*Per elaborare le transazioni<\/p>\n\n\n\n<p>Le informazioni dell'utente, siano esse pubbliche o private, non saranno vendute, scambiate, trasferite o cedute ad altre societ\u00e0 per nessun motivo, senza il suo consenso, se non per l'esplicito scopo di fornire il prodotto o il servizio acquistato e richiesto.<\/p>\n\n\n\n<p>*Per inviare e-mail periodiche<\/p>\n\n\n\n<p>L'indirizzo e-mail fornito per l'elaborazione dell'ordine pu\u00f2 essere utilizzato per inviare informazioni e aggiornamenti relativi all'ordine, oltre a ricevere occasionalmente notizie sull'azienda, aggiornamenti, informazioni su prodotti o servizi correlati, ecc.<\/p>\n\n\n\n<h3 class=\"wp-block-heading\">COME PROTEGGIAMO LE VOSTRE INFORMAZIONI?<\/h3>\n\n\n\n<p>Implementiamo una serie di misure di sicurezza per preservare la sicurezza dei vostri dati personali quando effettuate un ordine o inserite, inviate o accedete ai vostri dati personali.<\/p>\n\n\n\n<p>Offriamo l'uso di un server sicuro.<\/p>\n\n\n\n<h3 class=\"wp-block-heading\">DIVULGHIAMO INFORMAZIONI A TERZI?<\/h3>\n\n\n\n<p>Non vendiamo, scambiamo o trasferiamo in altro modo a terzi le vostre informazioni di identificazione personale. Ci\u00f2 non include terze parti fidate che ci assistono nella gestione del nostro sito web, nella conduzione della nostra attivit\u00e0 o nell'assistenza all'utente, a condizione che tali parti accettino di mantenere riservate tali informazioni. Possiamo anche rilasciare le vostre informazioni quando riteniamo che il rilascio sia appropriato per rispettare la legge, applicare le nostre politiche del sito o proteggere i nostri o altri diritti, la propriet\u00e0 o la sicurezza. Tuttavia, le informazioni non personali dei visitatori possono essere fornite ad altre parti per scopi di marketing, pubblicit\u00e0 o altri usi.<\/p>\n\n\n\n<h3 class=\"wp-block-heading\">INFORMATIVA SULLA PRIVACY SOLO ONLINE<\/h3>\n\n\n\n<p>Questa politica sulla privacy online si applica solo alle informazioni raccolte attraverso il nostro sito web e non alle informazioni raccolte offline.<\/p>\n\n\n\n<h3 class=\"wp-block-heading\">IL VOSTRO CONSENSO<\/h3>\n\n\n\n<p>Utilizzando il nostro sito, l'utente accetta la nostra politica sulla privacy.<\/p>\n\n\n\n<p>Violazione delle presenti Condizioni d'uso<\/p>\n\n\n\n<p>MOKI vape pu\u00f2 divulgare qualsiasi informazione in nostro possesso sull'utente (compresa la sua identit\u00e0) qualora ritenga che tale divulgazione sia necessaria in relazione a qualsiasi indagine o reclamo riguardante l'utilizzo del Sito da parte dell'utente, o per identificare, contattare o intentare un'azione legale contro qualcuno che potrebbe causare lesioni o interferenze con i diritti o la propriet\u00e0 di MOKI vape (intenzionalmente o meno), o con i diritti o la propriet\u00e0 dei visitatori o degli utenti del Sito, compresi i clienti di MOKI vape. MOKI vape si riserva il diritto di divulgare in qualsiasi momento qualsiasi informazione che MOKI vape ritenga necessaria per conformarsi a qualsiasi legge, regolamento, procedura legale o richiesta governativa.<\/p>\n\n\n\n<p>MOKI vape pu\u00f2 inoltre divulgare le informazioni dell'utente quando MOKI vape stabilisce che la legge applicabile richiede o consente tale divulgazione, compreso lo scambio di informazioni con altre societ\u00e0 e organizzazioni a scopo di protezione dalle frodi.<\/p>\n\n\n\n<p>L'utente riconosce e accetta che MOKI vape pu\u00f2 conservare qualsiasi trasmissione o comunicazione dell'utente con MOKI vape attraverso il Sito o qualsiasi servizio offerto su o attraverso il Sito, e pu\u00f2 anche divulgare tali dati se richiesto dalla legge o se MOKI vape stabilisce che tale conservazione o divulgazione \u00e8 ragionevolmente necessaria per (1) rispettare le procedure legali, (2) applicare le presenti Condizioni d'uso, (3) rispondere a reclami che tali dati violino i diritti di altri, o (4) proteggere i diritti, la propriet\u00e0 o la sicurezza personale di MOKI vape, dei suoi dipendenti, degli utenti o dei visitatori del Sito e del pubblico.<\/p>\n\n\n\n<p>L'utente accetta che MOKI vape possa, a sua esclusiva discrezione e senza preavviso, interrompere l'accesso dell'utente al Sito e\/o bloccare l'accesso futuro dell'utente al Sito qualora ritenga che l'utente abbia violato le presenti Condizioni d'uso o altri accordi o linee guida che possono essere associati all'uso del Sito. L'utente accetta inoltre che qualsiasi violazione da parte dell'utente delle presenti Condizioni d'uso costituir\u00e0 una pratica commerciale illegale e sleale e causer\u00e0 un danno irreparabile a MOKI vape, per il quale i danni monetari sarebbero inadeguati, e acconsente a MOKI vape di ottenere qualsiasi provvedimento ingiuntivo o equo che MOKI vape ritenga necessario o appropriato in tali circostanze. Questi rimedi si aggiungono a qualsiasi altro rimedio che MOKI vape pu\u00f2 avere per legge o per equit\u00e0.<\/p>\n\n\n\n<p>L'utente accetta che MOKI vape possa, a sua esclusiva discrezione e senza preavviso, interrompere l'accesso dell'utente al Sito, per motivi che includono (ma non si limitano a) (1) richieste da parte delle forze dell'ordine o di altre agenzie governative, (2) una richiesta da parte dell'utente (cancellazione dell'account auto-iniziata), (3) interruzione o modifica materiale del Sito o di qualsiasi servizio offerto su o attraverso il Sito, o (4) problemi tecnici imprevisti o problemi.<\/p>\n\n\n\n<p>Se MOKI vape intraprende un'azione legale contro di te come risultato della tua violazione delle presenti Condizioni d'uso, MOKI vape avr\u00e0 il diritto di recuperare da te, e tu accetti di pagare, tutte le ragionevoli spese legali e i costi di tale azione, oltre a qualsiasi altro rimedio concesso a MOKI vape. L'utente accetta che MOKI vape non sar\u00e0 responsabile nei suoi confronti o nei confronti di terzi per l'interruzione del suo accesso al Sito a seguito di una violazione delle presenti Condizioni d'uso.<\/p>\n\n\n\n<h3 class=\"wp-block-heading\">MODIFICHE ALLA PRESENTE INFORMATIVA SULLA PRIVACY<\/h3>\n\n\n\n<p>Qualora decidessimo di modificare la nostra politica sulla privacy, pubblicheremo tali modifiche nella presente informativa sulla privacy, nella homepage e in altri luoghi che riterremo opportuni, in modo che l'utente sia consapevole di quali informazioni raccogliamo, come le utilizziamo e in quali circostanze, se del caso, le divulghiamo.<\/p>\n\n\n\n<p>Ci riserviamo il diritto di modificare la presente informativa sulla privacy in qualsiasi momento, pertanto vi invitiamo a consultarla frequentemente. In caso di modifiche sostanziali a questa politica, vi informeremo qui, via e-mail, o tramite un avviso sulla nostra home page.<\/p>","protected":false},"excerpt":{"rendered":"<p>You may not use any \u201cdeep-link\u201d, \u201cpage-scrape\u201d, \u201crobot\u201d, \u201cspider\u201d or other automatic devices, program, algorithm or methodology, or any similar or equivalent manual process, to access, acquire, copy or monitor any portion of the Site or any Content, or in any way reproduce or circumvent the navigational structure or presentation of the Site or any [&hellip;]<\/p>","protected":false},"author":1,"featured_media":0,"parent":0,"menu_order":0,"comment_status":"closed","ping_status":"closed","template":"","meta":{"footnotes":""},"class_list":["post-6793","page","type-page","status-publish","hentry"],"_links":{"self":[{"href":"https:\/\/www.mokivape.com\/it\/wp-json\/wp\/v2\/pages\/6793","targetHints":{"allow":["GET"]}}],"collection":[{"href":"https:\/\/www.mokivape.com\/it\/wp-json\/wp\/v2\/pages"}],"about":[{"href":"https:\/\/www.mokivape.com\/it\/wp-json\/wp\/v2\/types\/page"}],"author":[{"embeddable":true,"href":"https:\/\/www.mokivape.com\/it\/wp-json\/wp\/v2\/users\/1"}],"replies":[{"embeddable":true,"href":"https:\/\/www.mokivape.com\/it\/wp-json\/wp\/v2\/comments?post=6793"}],"version-history":[{"count":0,"href":"https:\/\/www.mokivape.com\/it\/wp-json\/wp\/v2\/pages\/6793\/revisions"}],"wp:attachment":[{"href":"https:\/\/www.mokivape.com\/it\/wp-json\/wp\/v2\/media?parent=6793"}],"curies":[{"name":"wp","href":"https:\/\/api.w.org\/{rel}","templated":true}]}}