{"id":8447,"date":"2025-01-10T03:47:41","date_gmt":"2025-01-10T03:47:41","guid":{"rendered":"https:\/\/www.mokiecig.com\/?post_type=product&#038;p=8447"},"modified":"2025-01-10T03:55:52","modified_gmt":"2025-01-10T03:55:52","slug":"d10-mint-flavored-vape-pod-cartridge","status":"publish","type":"product","link":"https:\/\/www.mokivape.com\/hu\/termek\/d10-menta-izu-vape-pod-patron\/","title":{"rendered":"Menta \u00edz\u0171 Vape Pod patron D10"},"content":{"rendered":"<div class=\"tg-wrap\">\n<table>\n<tbody>\n<tr>\n<td>M\u00e9ret<\/td>\n<td>54.32*19.59*10.49mm<\/td>\n<td>Ellen\u00e1ll\u00e1s<\/td>\n<td>1,1-1,3ohm<\/td>\n<\/tr>\n<tr>\n<td>E-folyad\u00e9k kapacit\u00e1s<\/td>\n<td>2.3mL<\/td>\n<td>Anyag<\/td>\n<td>PCTG<\/td>\n<\/tr>\n<tr>\n<td>F\u0171t\u0151huzal<\/td>\n<td>Ker\u00e1mia tekercs<\/td>\n<td><\/td>\n<td><\/td>\n<\/tr>\n<\/tbody>\n<\/table>\n<\/div>\n<div><img fetchpriority=\"high\" decoding=\"async\" class=\"alignnone size-full wp-image-8436\" src=\"https:\/\/www.mokiecig.com\/wp-content\/uploads\/moki_compatible_vape_pod_cartridge.webp\" alt=\"moki kompatibilis vape podok patronok\" width=\"1080\" height=\"687\" srcset=\"https:\/\/www.mokivape.com\/wp-content\/uploads\/moki_compatible_vape_pod_cartridge.webp 1080w, https:\/\/www.mokivape.com\/wp-content\/uploads\/moki_compatible_vape_pod_cartridge-768x489.webp 768w, https:\/\/www.mokivape.com\/wp-content\/uploads\/moki_compatible_vape_pod_cartridge-18x12.webp 18w, https:\/\/www.mokivape.com\/wp-content\/uploads\/moki_compatible_vape_pod_cartridge-600x382.webp 600w\" sizes=\"(max-width: 1080px) 100vw, 1080px\" \/><\/div>","protected":false},"excerpt":{"rendered":"<p>A menta \u00edzes\u00edt\u00e9s\u0171 MK-D10 Vape Pod Cartridge egy pr\u00e9mium el\u0151ret\u00f6lt\u00f6tt Pod sorozat az e-liquid rajong\u00f3k sz\u00e1m\u00e1ra. Ez az 54,32*19,59*10,49mm-es vape pod patron nagyvonal\u00fa 2,3mL e-folyad\u00e9k kapacit\u00e1st biztos\u00edt, hosszabb vaping session\u00f6ket biztos\u00edtva. Ker\u00e1mia tekerccsel \u00e9s 1,1-1,3ohm ellen\u00e1ll\u00e1s-tartom\u00e1nnyal felszerelve \u00edzletes \u00e9s kiel\u00e9g\u00edt\u0151 vape-t biztos\u00edt. PCTG anyagb\u00f3l k\u00e9sz\u00fclt, \u00edgy egyszerre tart\u00f3s \u00e9s megb\u00edzhat\u00f3. Az MK-D10 t\u00e1mogatja az OEM \u00e9s ODM t\u00e1mogat\u00e1st, a Menta \u00edz\u0171 Vape Pod Cartridge MK-D10 egy kiv\u00e1l\u00f3 min\u0151s\u00e9g\u0171, forr\u00f3 elad\u00e1s\u00fa p\u00e1rologtat\u00f3 term\u00e9k, amely a MOKI vezet\u0151 gy\u00e1rt\u00f3t\u00f3l \u00e9s besz\u00e1ll\u00edt\u00f3t\u00f3l rendel\u00e9sre k\u00e9sz\u00fcl. Tapasztalja meg egy olyan vape patron k\u00e9nyelm\u00e9t \u00e9s teljes\u00edtm\u00e9ny\u00e9t, amely \u00faj szabv\u00e1nyokat \u00e1ll\u00edt fel az ipar\u00e1gban.<\/p>","protected":false},"featured_media":8433,"comment_status":"open","ping_status":"closed","template":"","meta":[],"product_brand":[],"product_cat":[472],"product_tag":[],"class_list":{"0":"post-8447","1":"product","2":"type-product","3":"status-publish","4":"has-post-thumbnail","6":"product_cat-compatibale-vape-pods","8":"first","9":"instock","10":"shipping-taxable","11":"product-type-simple"},"_links":{"self":[{"href":"https:\/\/www.mokivape.com\/hu\/wp-json\/wp\/v2\/product\/8447","targetHints":{"allow":["GET"]}}],"collection":[{"href":"https:\/\/www.mokivape.com\/hu\/wp-json\/wp\/v2\/product"}],"about":[{"href":"https:\/\/www.mokivape.com\/hu\/wp-json\/wp\/v2\/types\/product"}],"replies":[{"embeddable":true,"href":"https:\/\/www.mokivape.com\/hu\/wp-json\/wp\/v2\/comments?post=8447"}],"version-history":[{"count":0,"href":"https:\/\/www.mokivape.com\/hu\/wp-json\/wp\/v2\/product\/8447\/revisions"}],"wp:featuredmedia":[{"embeddable":true,"href":"https:\/\/www.mokivape.com\/hu\/wp-json\/wp\/v2\/media\/8433"}],"wp:attachment":[{"href":"https:\/\/www.mokivape.com\/hu\/wp-json\/wp\/v2\/media?parent=8447"}],"wp:term":[{"taxonomy":"product_brand","embeddable":true,"href":"https:\/\/www.mokivape.com\/hu\/wp-json\/wp\/v2\/product_brand?post=8447"},{"taxonomy":"product_cat","embeddable":true,"href":"https:\/\/www.mokivape.com\/hu\/wp-json\/wp\/v2\/product_cat?post=8447"},{"taxonomy":"product_tag","embeddable":true,"href":"https:\/\/www.mokivape.com\/hu\/wp-json\/wp\/v2\/product_tag?post=8447"}],"curies":[{"name":"wp","href":"https:\/\/api.w.org\/{rel}","templated":true}]}}