{"id":8444,"date":"2025-01-10T03:45:10","date_gmt":"2025-01-10T03:45:10","guid":{"rendered":"https:\/\/www.mokiecig.com\/?post_type=product&#038;p=8444"},"modified":"2025-01-10T03:56:02","modified_gmt":"2025-01-10T03:56:02","slug":"q5-compatible-vape-pod-cartridge","status":"publish","type":"product","link":"https:\/\/www.mokivape.com\/hu\/termek\/q5-kompatibilis-vape-pod-patron\/","title":{"rendered":"Kompatibilis Vape Pod patron Q5"},"content":{"rendered":"<div class=\"tg-wrap\">\n<table>\n<tbody>\n<tr>\n<td>M\u00e9ret<\/td>\n<td>48.1*19.3*10.6mm<\/td>\n<td>Ellen\u00e1ll\u00e1s<\/td>\n<td>1.2ohm<\/td>\n<\/tr>\n<tr>\n<td>E-folyad\u00e9k kapacit\u00e1s<\/td>\n<td>2mL<\/td>\n<td>Anyag<\/td>\n<td>PCTG<\/td>\n<\/tr>\n<tr>\n<td>F\u0171t\u0151huzal<\/td>\n<td>Ker\u00e1mia tekercs<\/td>\n<td><\/td>\n<td><\/td>\n<\/tr>\n<\/tbody>\n<\/table>\n<\/div>\n<div><img fetchpriority=\"high\" decoding=\"async\" class=\"alignnone size-full wp-image-8438\" src=\"https:\/\/www.mokiecig.com\/wp-content\/uploads\/q5_compatible_vape_pod_cartridge_b_01.webp\" alt=\"Kompatibilis Vape Pod patron\" width=\"1080\" height=\"810\" srcset=\"https:\/\/www.mokivape.com\/wp-content\/uploads\/q5_compatible_vape_pod_cartridge_b_01.webp 1080w, https:\/\/www.mokivape.com\/wp-content\/uploads\/q5_compatible_vape_pod_cartridge_b_01-768x576.webp 768w, https:\/\/www.mokivape.com\/wp-content\/uploads\/q5_compatible_vape_pod_cartridge_b_01-16x12.webp 16w, https:\/\/www.mokivape.com\/wp-content\/uploads\/q5_compatible_vape_pod_cartridge_b_01-600x450.webp 600w\" sizes=\"(max-width: 1080px) 100vw, 1080px\" \/><\/div>","protected":false},"excerpt":{"rendered":"<p>Az MK-Q5 el\u0151ret\u00f6lt\u00f6tt kompatibilis Vape Pod patron egy k\u00e9nyelmes \u00e9s kiv\u00e1l\u00f3 min\u0151s\u00e9g\u0171 kieg\u00e9sz\u00edt\u0151je az el\u0151ret\u00f6lt\u00f6tt Pod sorozatnak. Ez a 48,1*19,3*10,6mm-es pod patron 2mL e-folyad\u00e9k kapacit\u00e1st k\u00edn\u00e1l, \u00edgy kiel\u00e9g\u00edt\u0151 p\u00e1rologtat\u00e1si \u00e9lm\u00e9nyt biztos\u00edt gyakori \u00fajrat\u00f6lt\u00e9s n\u00e9lk\u00fcl. Az 1,2ohm-os ker\u00e1miatekercs egyenletes \u00edzt \u00e9s g\u0151ztermel\u00e9st biztos\u00edt, t\u00f6k\u00e9letes a nikotinos pod k\u00e9szletekhez. PCTG anyagb\u00f3l k\u00e9sz\u00fclt, \u00edgy tart\u00f3s \u00e9s megb\u00edzhat\u00f3. Az MK-Q5 t\u00e1mogatja az OEM \u00e9s ODM t\u00e1mogat\u00e1st, ez a forr\u00f3 elad\u00e1si p\u00e1rologtat\u00f3 eszk\u00f6z egy j\u00f3 h\u00edr\u0171 gy\u00e1rt\u00f3 \u00e9s sz\u00e1ll\u00edt\u00f3 MOKI-t\u00f3l megrendel\u00e9sre k\u00e9sz\u00fclt megold\u00e1s. Az MK-Q5 el\u0151ret\u00f6lt\u00f6tt Vape Pod patron a min\u0151s\u00e9g \u00e9s a k\u00e9nyelem megtestes\u00edt\u0151je, amely sz\u00e1mos eszk\u00f6zzel kompatibilis a z\u00f6kken\u0151mentes vaping \u00e9lm\u00e9ny \u00e9rdek\u00e9ben.<\/p>","protected":false},"featured_media":8435,"comment_status":"open","ping_status":"closed","template":"","meta":[],"product_brand":[],"product_cat":[472],"product_tag":[],"class_list":{"0":"post-8444","1":"product","2":"type-product","3":"status-publish","4":"has-post-thumbnail","6":"product_cat-compatibale-vape-pods","8":"first","9":"instock","10":"shipping-taxable","11":"product-type-simple"},"_links":{"self":[{"href":"https:\/\/www.mokivape.com\/hu\/wp-json\/wp\/v2\/product\/8444","targetHints":{"allow":["GET"]}}],"collection":[{"href":"https:\/\/www.mokivape.com\/hu\/wp-json\/wp\/v2\/product"}],"about":[{"href":"https:\/\/www.mokivape.com\/hu\/wp-json\/wp\/v2\/types\/product"}],"replies":[{"embeddable":true,"href":"https:\/\/www.mokivape.com\/hu\/wp-json\/wp\/v2\/comments?post=8444"}],"version-history":[{"count":0,"href":"https:\/\/www.mokivape.com\/hu\/wp-json\/wp\/v2\/product\/8444\/revisions"}],"wp:featuredmedia":[{"embeddable":true,"href":"https:\/\/www.mokivape.com\/hu\/wp-json\/wp\/v2\/media\/8435"}],"wp:attachment":[{"href":"https:\/\/www.mokivape.com\/hu\/wp-json\/wp\/v2\/media?parent=8444"}],"wp:term":[{"taxonomy":"product_brand","embeddable":true,"href":"https:\/\/www.mokivape.com\/hu\/wp-json\/wp\/v2\/product_brand?post=8444"},{"taxonomy":"product_cat","embeddable":true,"href":"https:\/\/www.mokivape.com\/hu\/wp-json\/wp\/v2\/product_cat?post=8444"},{"taxonomy":"product_tag","embeddable":true,"href":"https:\/\/www.mokivape.com\/hu\/wp-json\/wp\/v2\/product_tag?post=8444"}],"curies":[{"name":"wp","href":"https:\/\/api.w.org\/{rel}","templated":true}]}}