{"id":8442,"date":"2025-01-10T03:42:17","date_gmt":"2025-01-10T03:42:17","guid":{"rendered":"https:\/\/www.mokiecig.com\/?post_type=product&#038;p=8442"},"modified":"2025-06-30T10:21:26","modified_gmt":"2025-06-30T10:21:26","slug":"d07-adjustable-prefilled-vape-pod","status":"publish","type":"product","link":"https:\/\/www.mokivape.com\/hu\/termek\/d07-allithato-eloretoltott-vape-pod\/","title":{"rendered":"El\u0151re t\u00f6lt\u00f6tt Vape Pod D07"},"content":{"rendered":"<div class=\"tg-wrap\">\n<table>\n<tbody>\n<tr>\n<td>M\u00e9ret<\/td>\n<td>48.1*19.3*10.48mm<\/td>\n<td>Ellen\u00e1ll\u00e1s<\/td>\n<td>1.2ohm<\/td>\n<\/tr>\n<tr>\n<td>E-folyad\u00e9k kapacit\u00e1s<\/td>\n<td>2mL<\/td>\n<td>Anyag<\/td>\n<td>PCTG<\/td>\n<\/tr>\n<tr>\n<td>F\u0171t\u0151huzal<\/td>\n<td>Ker\u00e1mia tekercs<\/td>\n<td><\/td>\n<td><\/td>\n<\/tr>\n<\/tbody>\n<\/table>\n<\/div>\n<div><img fetchpriority=\"high\" decoding=\"async\" class=\"alignnone size-full wp-image-8436\" src=\"https:\/\/www.mokiecig.com\/wp-content\/uploads\/moki_compatible_vape_pod_cartridge.webp\" alt=\"moki kompatibilis vape podok patronok\" width=\"1080\" height=\"687\" srcset=\"https:\/\/www.mokivape.com\/wp-content\/uploads\/moki_compatible_vape_pod_cartridge.webp 1080w, https:\/\/www.mokivape.com\/wp-content\/uploads\/moki_compatible_vape_pod_cartridge-768x489.webp 768w, https:\/\/www.mokivape.com\/wp-content\/uploads\/moki_compatible_vape_pod_cartridge-18x12.webp 18w, https:\/\/www.mokivape.com\/wp-content\/uploads\/moki_compatible_vape_pod_cartridge-600x382.webp 600w\" sizes=\"(max-width: 1080px) 100vw, 1080px\" \/><\/div>","protected":false},"excerpt":{"rendered":"<p>Az MK-D07 \u00e1ll\u00edthat\u00f3 el\u0151ret\u00f6lt\u00f6tt Vape Pod egy innovat\u00edv el\u0151ret\u00f6lt\u00f6tt Pod sorozat, amely szem\u00e9lyre szabott vaping \u00e9lm\u00e9nyt k\u00edn\u00e1l. Ez a 48,1*19,3*10,48mm m\u00e9ret\u0171 kompakt pod k\u00e9szlet 2mL e-folyad\u00e9kkal van el\u0151re felt\u00f6ltve, \u00e9s 1,2ohm-os ker\u00e1mia tekercset tartalmaz az optim\u00e1lis \u00edz \u00e9s g\u0151z \u00e9rdek\u00e9ben. Az \u00e1ll\u00edthat\u00f3 kialak\u00edt\u00e1s lehet\u0151v\u00e9 teszi a h\u00faz\u00e1s testreszab\u00e1s\u00e1t, \u00edgy ide\u00e1lis v\u00e1laszt\u00e1s b\u00e1rmilyen p\u00e1rol\u00e1si preferenci\u00e1hoz. A kiv\u00e1l\u00f3 min\u0151s\u00e9g\u0171 PcTG anyagb\u00f3l k\u00e9sz\u00fclt pod-k\u00e9szlet tart\u00f3s \u00e9s megb\u00edzhat\u00f3. Mint forr\u00f3 elad\u00e1si p\u00e1rologtat\u00f3 eszk\u00f6z, t\u00e1mogatja az OEM \u00e9s ODM. A MOKI megb\u00edzhat\u00f3 gy\u00e1rt\u00f3k\u00e9nt \u00e9s besz\u00e1ll\u00edt\u00f3k\u00e9nt megrendel\u00e9sre t\u00f6rt\u00e9n\u0151 k\u00e9sz\u00edt\u00e9st biztos\u00edt. Tapasztalja meg az \u00e1ll\u00edthat\u00f3 el\u0151ret\u00f6lt\u00f6tt Vape Pod MK-D07 sokoldal\u00fas\u00e1g\u00e1t, egy kiv\u00e1l\u00f3 min\u0151s\u00e9g\u0171 eszk\u00f6z, amely \u00faj m\u00e9rc\u00e9t \u00e1ll\u00edt fel az el\u0151ret\u00f6lt\u00f6tt pod-k\u00e9szletekben.<\/p>","protected":false},"featured_media":8432,"comment_status":"open","ping_status":"closed","template":"","meta":[],"product_brand":[],"product_cat":[472],"product_tag":[],"class_list":{"0":"post-8442","1":"product","2":"type-product","3":"status-publish","4":"has-post-thumbnail","6":"product_cat-compatibale-vape-pods","8":"first","9":"instock","10":"shipping-taxable","11":"product-type-simple"},"_links":{"self":[{"href":"https:\/\/www.mokivape.com\/hu\/wp-json\/wp\/v2\/product\/8442","targetHints":{"allow":["GET"]}}],"collection":[{"href":"https:\/\/www.mokivape.com\/hu\/wp-json\/wp\/v2\/product"}],"about":[{"href":"https:\/\/www.mokivape.com\/hu\/wp-json\/wp\/v2\/types\/product"}],"replies":[{"embeddable":true,"href":"https:\/\/www.mokivape.com\/hu\/wp-json\/wp\/v2\/comments?post=8442"}],"version-history":[{"count":0,"href":"https:\/\/www.mokivape.com\/hu\/wp-json\/wp\/v2\/product\/8442\/revisions"}],"wp:featuredmedia":[{"embeddable":true,"href":"https:\/\/www.mokivape.com\/hu\/wp-json\/wp\/v2\/media\/8432"}],"wp:attachment":[{"href":"https:\/\/www.mokivape.com\/hu\/wp-json\/wp\/v2\/media?parent=8442"}],"wp:term":[{"taxonomy":"product_brand","embeddable":true,"href":"https:\/\/www.mokivape.com\/hu\/wp-json\/wp\/v2\/product_brand?post=8442"},{"taxonomy":"product_cat","embeddable":true,"href":"https:\/\/www.mokivape.com\/hu\/wp-json\/wp\/v2\/product_cat?post=8442"},{"taxonomy":"product_tag","embeddable":true,"href":"https:\/\/www.mokivape.com\/hu\/wp-json\/wp\/v2\/product_tag?post=8442"}],"curies":[{"name":"wp","href":"https:\/\/api.w.org\/{rel}","templated":true}]}}