{"id":8439,"date":"2025-01-10T03:37:39","date_gmt":"2025-01-10T03:37:39","guid":{"rendered":"https:\/\/www.mokiecig.com\/?post_type=product&#038;p=8439"},"modified":"2025-06-30T10:22:02","modified_gmt":"2025-06-30T10:22:02","slug":"n5-ceramic-coil-compatible-prefilled-pods","status":"publish","type":"product","link":"https:\/\/www.mokivape.com\/hu\/termek\/n5-keramia-tekercs-kompatibilis-eloretoltott-podok\/","title":{"rendered":"Ker\u00e1mia tekercs kompatibilis \u00fajrat\u00f6lt\u00f6tt podok N5"},"content":{"rendered":"<div class=\"tg-wrap\">\n<table>\n<tbody>\n<tr>\n<td>M\u00e9ret<\/td>\n<td>50.67*19.59*10.49mm<\/td>\n<td>Ellen\u00e1ll\u00e1s<\/td>\n<td>1,0-1,25ohm<\/td>\n<\/tr>\n<tr>\n<td>E-folyad\u00e9k kapacit\u00e1s<\/td>\n<td>2mL<\/td>\n<td>Anyag<\/td>\n<td>PCTG<\/td>\n<\/tr>\n<tr>\n<td>F\u0171t\u0151huzal<\/td>\n<td>Ker\u00e1mia tekercs<\/td>\n<td><\/td>\n<td><\/td>\n<\/tr>\n<\/tbody>\n<\/table>\n<\/div>\n<div><img fetchpriority=\"high\" decoding=\"async\" class=\"alignnone size-full wp-image-8437\" src=\"https:\/\/www.mokiecig.com\/wp-content\/uploads\/n5_ceramic_coil_prefilled_pod_b_01.webp\" alt=\"Ker\u00e1mia tekercs kompatibilis el\u0151ret\u00f6lt\u00f6tt podok\" width=\"1080\" height=\"810\" srcset=\"https:\/\/www.mokivape.com\/wp-content\/uploads\/n5_ceramic_coil_prefilled_pod_b_01.webp 1080w, https:\/\/www.mokivape.com\/wp-content\/uploads\/n5_ceramic_coil_prefilled_pod_b_01-768x576.webp 768w, https:\/\/www.mokivape.com\/wp-content\/uploads\/n5_ceramic_coil_prefilled_pod_b_01-16x12.webp 16w, https:\/\/www.mokivape.com\/wp-content\/uploads\/n5_ceramic_coil_prefilled_pod_b_01-600x450.webp 600w\" sizes=\"(max-width: 1080px) 100vw, 1080px\" \/><\/div>","protected":false},"excerpt":{"rendered":"<p>Ker\u00e1miatekercs kompatibilis el\u0151ret\u00f6lt\u00f6tt podok Az MK-N5 egy k\u00e9nyelmes el\u0151ret\u00f6lt\u00f6tt pod sorozat\u00fa eszk\u00f6z, amely a dobozb\u00f3l kiv\u00e9ve azonnal haszn\u00e1latra k\u00e9sz. Ez az 50,67*19,59*10,49mm m\u00e9ret\u0171, eleg\u00e1ns vape pen 2mL e-folyad\u00e9k kapacit\u00e1ssal \u00e9s ker\u00e1mia tekerccsel rendelkezik az egyenletes \u00e9s \u00edzletes vape \u00e9rdek\u00e9ben. Az 1,0-1,25ohm-os ellen\u00e1ll\u00e1s-tartom\u00e1ny\u00e1val a k\u00fcl\u00f6nb\u00f6z\u0151 g\u0151z\u00f6l\u00e9si preferenci\u00e1knak felel meg. A PCTG anyagb\u00f3l k\u00e9sz\u00fclt, kiv\u00e1l\u00f3 min\u0151s\u00e9g\u0171, el\u0151re t\u00f6lt\u00f6tt pod toll tart\u00f3s \u00e9s megb\u00edzhat\u00f3. Az MK-N5 t\u00e1mogatja az OEM \u00e9s ODM t\u00e1mogat\u00e1st, mint egy megb\u00edzhat\u00f3 gy\u00e1rt\u00f3t\u00f3l \u00e9s besz\u00e1ll\u00edt\u00f3t\u00f3l sz\u00e1rmaz\u00f3 forr\u00f3 elad\u00e1si t\u00e9tel, a MOKI megrendel\u00e9sre k\u00e9sz\u00fclt megold\u00e1st k\u00edn\u00e1l az e-folyad\u00e9k pod toll rajong\u00f3k sz\u00e1m\u00e1ra. Tapasztalja meg az el\u0151re t\u00f6lt\u00f6tt pod p\u00e1rol\u00e1s legjobbj\u00e1t a MOKI Ceramic Coil Prefilled Pod seg\u00edts\u00e9g\u00e9vel.<\/p>","protected":false},"featured_media":8434,"comment_status":"open","ping_status":"closed","template":"","meta":[],"product_brand":[],"product_cat":[472],"product_tag":[],"class_list":{"0":"post-8439","1":"product","2":"type-product","3":"status-publish","4":"has-post-thumbnail","6":"product_cat-compatibale-vape-pods","8":"first","9":"instock","10":"shipping-taxable","11":"product-type-simple"},"_links":{"self":[{"href":"https:\/\/www.mokivape.com\/hu\/wp-json\/wp\/v2\/product\/8439","targetHints":{"allow":["GET"]}}],"collection":[{"href":"https:\/\/www.mokivape.com\/hu\/wp-json\/wp\/v2\/product"}],"about":[{"href":"https:\/\/www.mokivape.com\/hu\/wp-json\/wp\/v2\/types\/product"}],"replies":[{"embeddable":true,"href":"https:\/\/www.mokivape.com\/hu\/wp-json\/wp\/v2\/comments?post=8439"}],"version-history":[{"count":0,"href":"https:\/\/www.mokivape.com\/hu\/wp-json\/wp\/v2\/product\/8439\/revisions"}],"wp:featuredmedia":[{"embeddable":true,"href":"https:\/\/www.mokivape.com\/hu\/wp-json\/wp\/v2\/media\/8434"}],"wp:attachment":[{"href":"https:\/\/www.mokivape.com\/hu\/wp-json\/wp\/v2\/media?parent=8439"}],"wp:term":[{"taxonomy":"product_brand","embeddable":true,"href":"https:\/\/www.mokivape.com\/hu\/wp-json\/wp\/v2\/product_brand?post=8439"},{"taxonomy":"product_cat","embeddable":true,"href":"https:\/\/www.mokivape.com\/hu\/wp-json\/wp\/v2\/product_cat?post=8439"},{"taxonomy":"product_tag","embeddable":true,"href":"https:\/\/www.mokivape.com\/hu\/wp-json\/wp\/v2\/product_tag?post=8439"}],"curies":[{"name":"wp","href":"https:\/\/api.w.org\/{rel}","templated":true}]}}