{"id":1421,"date":"2024-04-17T09:17:31","date_gmt":"2024-04-17T09:17:31","guid":{"rendered":"https:\/\/www.mokiecig.com\/?post_type=product&#038;p=1421"},"modified":"2025-01-03T06:08:48","modified_gmt":"2025-01-03T06:08:48","slug":"m55-ceramic-prefilled-rechargeable-vape","status":"publish","type":"product","link":"https:\/\/www.mokivape.com\/hu\/termek\/m55-keramia-elore-feltoltott-ujratoltheto-vape\/","title":{"rendered":"MK-M55 El\u0151re felt\u00f6lt\u00f6tt \u00fajrat\u00f6lthet\u0151 Vape"},"content":{"rendered":"<div data-elementor-type=\"product-post\" data-elementor-id=\"1421\" class=\"elementor elementor-1421\" data-elementor-post-type=\"product\">\n\t\t\t\t<div class=\"elementor-element elementor-element-0b6ca9a e-con-full e-flex e-con e-parent\" data-id=\"0b6ca9a\" data-element_type=\"container\" data-settings=\"{&quot;background_background&quot;:&quot;classic&quot;}\">\n\t\t\t\t<div class=\"elementor-element elementor-element-1a0d0df elementor-widget elementor-widget-heading\" data-id=\"1a0d0df\" data-element_type=\"widget\" data-widget_type=\"heading.default\">\n\t\t\t\t<div class=\"elementor-widget-container\">\n\t\t\t\t\t<h2 class=\"elementor-heading-title elementor-size-default\">MK-M55 El\u0151re felt\u00f6lt\u00f6tt \u00fajrat\u00f6lthet\u0151 Vape<\/h2>\t\t\t\t<\/div>\n\t\t\t\t<\/div>\n\t\t\t\t<div class=\"elementor-element elementor-element-52d7e93 elementor-widget elementor-widget-html\" data-id=\"52d7e93\" data-element_type=\"widget\" data-widget_type=\"html.default\">\n\t\t\t\t<div class=\"elementor-widget-container\">\n\t\t\t\t\t<table><tbody><tr><td>M\u00e9ret<\/td><td>110*47.4*23.6mm<\/td><td>E-folyad\u00e9k kapacit\u00e1s<\/td><td>15ml<\/td><\/tr><tr><td>Az akkumul\u00e1tor kapacit\u00e1sa<\/td><td>600mAh<\/td><td>\u00dajrat\u00f6lthet\u0151<\/td><td>C-t\u00edpus\u00fa<\/td><\/tr><tr><td>F\u0171t\u0151huzal<\/td><td>Kett\u0151s h\u00e1l\u00f3s tekercs<\/td><td>Anyag<\/td><td>PC<\/td><\/tr><tr><td>Ellen\u00e1ll\u00e1s<\/td><td>0,6-1,2ohm<\/td><td><\/td><td><\/td><\/tr><\/tbody><\/table>\t\t\t\t<\/div>\n\t\t\t\t<\/div>\n\t\t\t\t<div class=\"elementor-element elementor-element-38226d8 elementor-widget elementor-widget-image\" data-id=\"38226d8\" data-element_type=\"widget\" data-widget_type=\"image.default\">\n\t\t\t\t<div class=\"elementor-widget-container\">\n\t\t\t\t\t\t\t\t\t\t\t\t\t\t\t<img fetchpriority=\"high\" decoding=\"async\" width=\"1920\" height=\"1080\" src=\"https:\/\/www.mokivape.com\/wp-content\/uploads\/M55_b_1.webp\" class=\"attachment-large size-large wp-image-8196\" alt=\"M55 ker\u00e1mia el\u0151ret\u00f6lt\u00f6tt Vape\" srcset=\"https:\/\/www.mokivape.com\/wp-content\/uploads\/M55_b_1.webp 1920w, https:\/\/www.mokivape.com\/wp-content\/uploads\/M55_b_1-768x432.webp 768w, https:\/\/www.mokivape.com\/wp-content\/uploads\/M55_b_1-1536x864.webp 1536w, https:\/\/www.mokivape.com\/wp-content\/uploads\/M55_b_1-18x10.webp 18w, https:\/\/www.mokivape.com\/wp-content\/uploads\/M55_b_1-600x338.webp 600w\" sizes=\"(max-width: 1920px) 100vw, 1920px\" \/>\t\t\t\t\t\t\t\t\t\t\t\t\t\t\t<\/div>\n\t\t\t\t<\/div>\n\t\t\t\t<div class=\"elementor-element elementor-element-0f28de6 elementor-widget elementor-widget-image\" data-id=\"0f28de6\" data-element_type=\"widget\" data-widget_type=\"image.default\">\n\t\t\t\t<div class=\"elementor-widget-container\">\n\t\t\t\t\t\t\t\t\t\t\t\t\t\t\t<img decoding=\"async\" width=\"1920\" height=\"1080\" src=\"https:\/\/www.mokivape.com\/wp-content\/uploads\/M55_b_2.webp\" class=\"attachment-large size-large wp-image-8197\" alt=\"az M55 ker\u00e1mia el\u0151ret\u00f6lt\u00f6tt Vape param\u00e9terei\" srcset=\"https:\/\/www.mokivape.com\/wp-content\/uploads\/M55_b_2.webp 1920w, https:\/\/www.mokivape.com\/wp-content\/uploads\/M55_b_2-768x432.webp 768w, https:\/\/www.mokivape.com\/wp-content\/uploads\/M55_b_2-1536x864.webp 1536w, https:\/\/www.mokivape.com\/wp-content\/uploads\/M55_b_2-18x10.webp 18w, https:\/\/www.mokivape.com\/wp-content\/uploads\/M55_b_2-600x338.webp 600w\" sizes=\"(max-width: 1920px) 100vw, 1920px\" \/>\t\t\t\t\t\t\t\t\t\t\t\t\t\t\t<\/div>\n\t\t\t\t<\/div>\n\t\t\t\t<div class=\"elementor-element elementor-element-97a5fe4 elementor-widget elementor-widget-image\" data-id=\"97a5fe4\" data-element_type=\"widget\" data-widget_type=\"image.default\">\n\t\t\t\t<div class=\"elementor-widget-container\">\n\t\t\t\t\t\t\t\t\t\t\t\t\t\t\t<img decoding=\"async\" width=\"1920\" height=\"1080\" src=\"https:\/\/www.mokivape.com\/wp-content\/uploads\/M55_b_3.webp\" class=\"attachment-large size-large wp-image-8198\" alt=\"az M55 Ceramic el\u0151ret\u00f6lt\u00f6tt Vape sz\u00ednei \u00e9s \u00edzei\" srcset=\"https:\/\/www.mokivape.com\/wp-content\/uploads\/M55_b_3.webp 1920w, https:\/\/www.mokivape.com\/wp-content\/uploads\/M55_b_3-768x432.webp 768w, https:\/\/www.mokivape.com\/wp-content\/uploads\/M55_b_3-1536x864.webp 1536w, https:\/\/www.mokivape.com\/wp-content\/uploads\/M55_b_3-18x10.webp 18w, https:\/\/www.mokivape.com\/wp-content\/uploads\/M55_b_3-600x338.webp 600w\" sizes=\"(max-width: 1920px) 100vw, 1920px\" \/>\t\t\t\t\t\t\t\t\t\t\t\t\t\t\t<\/div>\n\t\t\t\t<\/div>\n\t\t\t\t<div class=\"elementor-element elementor-element-5669e0c elementor-widget elementor-widget-image\" data-id=\"5669e0c\" data-element_type=\"widget\" data-widget_type=\"image.default\">\n\t\t\t\t<div class=\"elementor-widget-container\">\n\t\t\t\t\t\t\t\t\t\t\t\t\t\t\t<img loading=\"lazy\" decoding=\"async\" width=\"1920\" height=\"1080\" src=\"https:\/\/www.mokivape.com\/wp-content\/uploads\/M55_b_4.webp\" class=\"attachment-large size-large wp-image-8199\" alt=\"M55 ker\u00e1mia el\u0151ret\u00f6lt\u00f6tt Vape\" srcset=\"https:\/\/www.mokivape.com\/wp-content\/uploads\/M55_b_4.webp 1920w, https:\/\/www.mokivape.com\/wp-content\/uploads\/M55_b_4-768x432.webp 768w, https:\/\/www.mokivape.com\/wp-content\/uploads\/M55_b_4-1536x864.webp 1536w, https:\/\/www.mokivape.com\/wp-content\/uploads\/M55_b_4-18x10.webp 18w, https:\/\/www.mokivape.com\/wp-content\/uploads\/M55_b_4-600x338.webp 600w\" sizes=\"(max-width: 1920px) 100vw, 1920px\" \/>\t\t\t\t\t\t\t\t\t\t\t\t\t\t\t<\/div>\n\t\t\t\t<\/div>\n\t\t\t\t<div class=\"elementor-element elementor-element-2bf2342 elementor-widget elementor-widget-image\" data-id=\"2bf2342\" data-element_type=\"widget\" data-widget_type=\"image.default\">\n\t\t\t\t<div class=\"elementor-widget-container\">\n\t\t\t\t\t\t\t\t\t\t\t\t\t\t\t<img loading=\"lazy\" decoding=\"async\" width=\"1920\" height=\"1080\" src=\"https:\/\/www.mokivape.com\/wp-content\/uploads\/M55_b_5.webp\" class=\"attachment-large size-large wp-image-8200\" alt=\"M55 ker\u00e1mia el\u0151ret\u00f6lt\u00f6tt Vape\" srcset=\"https:\/\/www.mokivape.com\/wp-content\/uploads\/M55_b_5.webp 1920w, https:\/\/www.mokivape.com\/wp-content\/uploads\/M55_b_5-768x432.webp 768w, https:\/\/www.mokivape.com\/wp-content\/uploads\/M55_b_5-1536x864.webp 1536w, https:\/\/www.mokivape.com\/wp-content\/uploads\/M55_b_5-18x10.webp 18w, https:\/\/www.mokivape.com\/wp-content\/uploads\/M55_b_5-600x338.webp 600w\" sizes=\"(max-width: 1920px) 100vw, 1920px\" \/>\t\t\t\t\t\t\t\t\t\t\t\t\t\t\t<\/div>\n\t\t\t\t<\/div>\n\t\t\t\t<\/div>\n\t\t\t\t<\/div>","protected":false},"excerpt":{"rendered":"<p>A MOKI Ceramic Prefilled Rechargeable Vape MK55 egy kiv\u00e1l\u00f3 min\u0151s\u00e9g\u0171, forr\u00f3 elad\u00f3 eszk\u00f6z, amely az eldobhat\u00f3 vape sorozat vezet\u0151je. Ez a 110*47.4*23.6mm-es vape 600mAh akkumul\u00e1torral \u00e9s kett\u0151s h\u00e1l\u00f3s tekerccsel rendelkezik a fokozott \u00edz \u00e9s felh\u0151termel\u00e9s \u00e9rdek\u00e9ben. A sokoldal\u00fa 0,6-1,2ohm ellen\u00e1ll\u00e1s-tartom\u00e1ny\u00e1val a k\u00fcl\u00f6nb\u00f6z\u0151 vaping preferenci\u00e1knak felel meg. \u00c9lvezze a 15mL el\u0151re felt\u00f6lt\u00f6tt e-folyad\u00e9k kapacit\u00e1s k\u00e9nyelm\u00e9t, \u00fajrat\u00f6lthet\u0151 C-t\u00edpuson kereszt\u00fcl. PC anyagb\u00f3l k\u00e9sz\u00fclt, tart\u00f3s \u00e9s t\u00e1mogatja az OEM \u00e9s ODM gy\u00e1rt\u00e1st. Szerezze be a megb\u00edzhat\u00f3 gy\u00e1rt\u00f3t\u00f3l \u00e9s besz\u00e1ll\u00edt\u00f3t\u00f3l - MOKI, \u00e9s szerezze be a megrendel\u00e9sre k\u00e9sz\u00fclt ker\u00e1miatekercses vape bar-t, amely el\u0151re felt\u00f6lt\u00f6tt \u00e9s k\u00e9szen \u00e1ll az indul\u00e1sra.<\/p>","protected":false},"featured_media":8160,"comment_status":"open","ping_status":"closed","template":"","meta":[],"product_brand":[],"product_cat":[31],"product_tag":[265,266,267],"class_list":{"0":"post-1421","1":"product","2":"type-product","3":"status-publish","4":"has-post-thumbnail","6":"product_cat-disposable-vape-pod-kits-oem-vape-pen-manufacturing","7":"product_tag-15ml-e-liquid","8":"product_tag-600mah","9":"product_tag-dual-mesh-coil","11":"first","12":"instock","13":"shipping-taxable","14":"product-type-simple"},"_links":{"self":[{"href":"https:\/\/www.mokivape.com\/hu\/wp-json\/wp\/v2\/product\/1421","targetHints":{"allow":["GET"]}}],"collection":[{"href":"https:\/\/www.mokivape.com\/hu\/wp-json\/wp\/v2\/product"}],"about":[{"href":"https:\/\/www.mokivape.com\/hu\/wp-json\/wp\/v2\/types\/product"}],"replies":[{"embeddable":true,"href":"https:\/\/www.mokivape.com\/hu\/wp-json\/wp\/v2\/comments?post=1421"}],"version-history":[{"count":0,"href":"https:\/\/www.mokivape.com\/hu\/wp-json\/wp\/v2\/product\/1421\/revisions"}],"wp:featuredmedia":[{"embeddable":true,"href":"https:\/\/www.mokivape.com\/hu\/wp-json\/wp\/v2\/media\/8160"}],"wp:attachment":[{"href":"https:\/\/www.mokivape.com\/hu\/wp-json\/wp\/v2\/media?parent=1421"}],"wp:term":[{"taxonomy":"product_brand","embeddable":true,"href":"https:\/\/www.mokivape.com\/hu\/wp-json\/wp\/v2\/product_brand?post=1421"},{"taxonomy":"product_cat","embeddable":true,"href":"https:\/\/www.mokivape.com\/hu\/wp-json\/wp\/v2\/product_cat?post=1421"},{"taxonomy":"product_tag","embeddable":true,"href":"https:\/\/www.mokivape.com\/hu\/wp-json\/wp\/v2\/product_tag?post=1421"}],"curies":[{"name":"wp","href":"https:\/\/api.w.org\/{rel}","templated":true}]}}