{"id":1419,"date":"2024-04-17T09:15:40","date_gmt":"2024-04-17T09:15:40","guid":{"rendered":"https:\/\/www.mokiecig.com\/?post_type=product&#038;p=1419"},"modified":"2025-01-03T06:17:57","modified_gmt":"2025-01-03T06:17:57","slug":"moki-mk43-mini-pocket-vape-bar","status":"publish","type":"product","link":"https:\/\/www.mokivape.com\/hu\/termek\/moki-mk43-mini-zseb-vape-bar\/","title":{"rendered":"MK-M43 Mini Pocket Vape Bar"},"content":{"rendered":"<div data-elementor-type=\"product-post\" data-elementor-id=\"1419\" class=\"elementor elementor-1419\" data-elementor-post-type=\"product\">\n\t\t\t\t<div class=\"elementor-element elementor-element-64082cd e-con-full e-flex e-con e-parent\" data-id=\"64082cd\" data-element_type=\"container\">\n\t\t\t\t<div class=\"elementor-element elementor-element-4ae48c0 elementor-widget elementor-widget-heading\" data-id=\"4ae48c0\" data-element_type=\"widget\" data-widget_type=\"heading.default\">\n\t\t\t\t<div class=\"elementor-widget-container\">\n\t\t\t\t\t<h2 class=\"elementor-heading-title elementor-size-default\">MK-M43 Mini Pocket Vape Bar<\/h2>\t\t\t\t<\/div>\n\t\t\t\t<\/div>\n\t\t\t\t<div class=\"elementor-element elementor-element-f52a960 elementor-widget elementor-widget-html\" data-id=\"f52a960\" data-element_type=\"widget\" data-widget_type=\"html.default\">\n\t\t\t\t<div class=\"elementor-widget-container\">\n\t\t\t\t\t<table><tbody><tr><td>M\u00e9ret<\/td><td>42.9*65.15*21.50mm<\/td><td>E-folyad\u00e9k kapacit\u00e1s<\/td><td>6.5mL<\/td><\/tr><tr><td>Az akkumul\u00e1tor kapacit\u00e1sa<\/td><td>500mAh<\/td><td>\u00dajrat\u00f6lthet\u0151<\/td><td>C-t\u00edpus\u00fa<\/td><\/tr><tr><td>F\u0171t\u0151huzal<\/td><td>Ker\u00e1mia tekercs<\/td><td>Anyag<\/td><td>Egysz\u00edn\u0171 m\u0171anyag<\/td><\/tr><tr><td>Ellen\u00e1ll\u00e1s<\/td><td>1.2ohm<\/td><td><\/td><td><\/td><\/tr><\/tbody><\/table>\t\t\t\t<\/div>\n\t\t\t\t<\/div>\n\t\t\t\t<div class=\"elementor-element elementor-element-ab0ad33 elementor-widget elementor-widget-image\" data-id=\"ab0ad33\" data-element_type=\"widget\" data-widget_type=\"image.default\">\n\t\t\t\t<div class=\"elementor-widget-container\">\n\t\t\t\t\t\t\t\t\t\t\t\t\t\t\t<img fetchpriority=\"high\" decoding=\"async\" width=\"1920\" height=\"1080\" src=\"https:\/\/www.mokivape.com\/wp-content\/uploads\/M43_b_1.webp\" class=\"attachment-full size-full wp-image-8213\" alt=\"M43 Mini Pocket Vape Bar\" srcset=\"https:\/\/www.mokivape.com\/wp-content\/uploads\/M43_b_1.webp 1920w, https:\/\/www.mokivape.com\/wp-content\/uploads\/M43_b_1-768x432.webp 768w, https:\/\/www.mokivape.com\/wp-content\/uploads\/M43_b_1-1536x864.webp 1536w, https:\/\/www.mokivape.com\/wp-content\/uploads\/M43_b_1-18x10.webp 18w, https:\/\/www.mokivape.com\/wp-content\/uploads\/M43_b_1-600x338.webp 600w\" sizes=\"(max-width: 1920px) 100vw, 1920px\" \/>\t\t\t\t\t\t\t\t\t\t\t\t\t\t\t<\/div>\n\t\t\t\t<\/div>\n\t\t\t\t<div class=\"elementor-element elementor-element-6eee509 elementor-widget elementor-widget-image\" data-id=\"6eee509\" data-element_type=\"widget\" data-widget_type=\"image.default\">\n\t\t\t\t<div class=\"elementor-widget-container\">\n\t\t\t\t\t\t\t\t\t\t\t\t\t\t\t<img decoding=\"async\" width=\"1920\" height=\"1080\" src=\"https:\/\/www.mokivape.com\/wp-content\/uploads\/M43_b_2.webp\" class=\"attachment-full size-full wp-image-8214\" alt=\"az M43 Mini Pocket Vape Bar param\u00e9terei\" srcset=\"https:\/\/www.mokivape.com\/wp-content\/uploads\/M43_b_2.webp 1920w, https:\/\/www.mokivape.com\/wp-content\/uploads\/M43_b_2-768x432.webp 768w, https:\/\/www.mokivape.com\/wp-content\/uploads\/M43_b_2-1536x864.webp 1536w, https:\/\/www.mokivape.com\/wp-content\/uploads\/M43_b_2-18x10.webp 18w, https:\/\/www.mokivape.com\/wp-content\/uploads\/M43_b_2-600x338.webp 600w\" sizes=\"(max-width: 1920px) 100vw, 1920px\" \/>\t\t\t\t\t\t\t\t\t\t\t\t\t\t\t<\/div>\n\t\t\t\t<\/div>\n\t\t\t\t<div class=\"elementor-element elementor-element-5b20658 elementor-widget elementor-widget-image\" data-id=\"5b20658\" data-element_type=\"widget\" data-widget_type=\"image.default\">\n\t\t\t\t<div class=\"elementor-widget-container\">\n\t\t\t\t\t\t\t\t\t\t\t\t\t\t\t<img decoding=\"async\" width=\"1920\" height=\"1080\" src=\"https:\/\/www.mokivape.com\/wp-content\/uploads\/M43_b_3.webp\" class=\"attachment-full size-full wp-image-8215\" alt=\"az M43 Mini Pocket Vape Bar sz\u00ednei \u00e9s \u00edzei\" srcset=\"https:\/\/www.mokivape.com\/wp-content\/uploads\/M43_b_3.webp 1920w, https:\/\/www.mokivape.com\/wp-content\/uploads\/M43_b_3-768x432.webp 768w, https:\/\/www.mokivape.com\/wp-content\/uploads\/M43_b_3-1536x864.webp 1536w, https:\/\/www.mokivape.com\/wp-content\/uploads\/M43_b_3-18x10.webp 18w, https:\/\/www.mokivape.com\/wp-content\/uploads\/M43_b_3-600x338.webp 600w\" sizes=\"(max-width: 1920px) 100vw, 1920px\" \/>\t\t\t\t\t\t\t\t\t\t\t\t\t\t\t<\/div>\n\t\t\t\t<\/div>\n\t\t\t\t<div class=\"elementor-element elementor-element-de7be09 elementor-widget elementor-widget-image\" data-id=\"de7be09\" data-element_type=\"widget\" data-widget_type=\"image.default\">\n\t\t\t\t<div class=\"elementor-widget-container\">\n\t\t\t\t\t\t\t\t\t\t\t\t\t\t\t<img loading=\"lazy\" decoding=\"async\" width=\"1920\" height=\"1080\" src=\"https:\/\/www.mokivape.com\/wp-content\/uploads\/M43_b_4.webp\" class=\"attachment-full size-full wp-image-8216\" alt=\"M43 Mini Pocket Vape Bar\" srcset=\"https:\/\/www.mokivape.com\/wp-content\/uploads\/M43_b_4.webp 1920w, https:\/\/www.mokivape.com\/wp-content\/uploads\/M43_b_4-768x432.webp 768w, https:\/\/www.mokivape.com\/wp-content\/uploads\/M43_b_4-1536x864.webp 1536w, https:\/\/www.mokivape.com\/wp-content\/uploads\/M43_b_4-18x10.webp 18w, https:\/\/www.mokivape.com\/wp-content\/uploads\/M43_b_4-600x338.webp 600w\" sizes=\"(max-width: 1920px) 100vw, 1920px\" \/>\t\t\t\t\t\t\t\t\t\t\t\t\t\t\t<\/div>\n\t\t\t\t<\/div>\n\t\t\t\t<div class=\"elementor-element elementor-element-20eceff elementor-widget elementor-widget-image\" data-id=\"20eceff\" data-element_type=\"widget\" data-widget_type=\"image.default\">\n\t\t\t\t<div class=\"elementor-widget-container\">\n\t\t\t\t\t\t\t\t\t\t\t\t\t\t\t<img loading=\"lazy\" decoding=\"async\" width=\"1920\" height=\"1080\" src=\"https:\/\/www.mokivape.com\/wp-content\/uploads\/M43_b_5.webp\" class=\"attachment-full size-full wp-image-8217\" alt=\"M43 Mini Pocket Vape Bar\" srcset=\"https:\/\/www.mokivape.com\/wp-content\/uploads\/M43_b_5.webp 1920w, https:\/\/www.mokivape.com\/wp-content\/uploads\/M43_b_5-768x432.webp 768w, https:\/\/www.mokivape.com\/wp-content\/uploads\/M43_b_5-1536x864.webp 1536w, https:\/\/www.mokivape.com\/wp-content\/uploads\/M43_b_5-18x10.webp 18w, https:\/\/www.mokivape.com\/wp-content\/uploads\/M43_b_5-600x338.webp 600w\" sizes=\"(max-width: 1920px) 100vw, 1920px\" \/>\t\t\t\t\t\t\t\t\t\t\t\t\t\t\t<\/div>\n\t\t\t\t<\/div>\n\t\t\t\t<div class=\"elementor-element elementor-element-d5be08a elementor-widget elementor-widget-image\" data-id=\"d5be08a\" data-element_type=\"widget\" data-widget_type=\"image.default\">\n\t\t\t\t<div class=\"elementor-widget-container\">\n\t\t\t\t\t\t\t\t\t\t\t\t\t\t\t<img loading=\"lazy\" decoding=\"async\" width=\"1920\" height=\"1080\" src=\"https:\/\/www.mokivape.com\/wp-content\/uploads\/M43_b_6.webp\" class=\"attachment-full size-full wp-image-8218\" alt=\"az M43 Mini Pocket Vape Bar csomaglist\u00e1ja\" srcset=\"https:\/\/www.mokivape.com\/wp-content\/uploads\/M43_b_6.webp 1920w, https:\/\/www.mokivape.com\/wp-content\/uploads\/M43_b_6-768x432.webp 768w, https:\/\/www.mokivape.com\/wp-content\/uploads\/M43_b_6-1536x864.webp 1536w, https:\/\/www.mokivape.com\/wp-content\/uploads\/M43_b_6-18x10.webp 18w, https:\/\/www.mokivape.com\/wp-content\/uploads\/M43_b_6-600x338.webp 600w\" sizes=\"(max-width: 1920px) 100vw, 1920px\" \/>\t\t\t\t\t\t\t\t\t\t\t\t\t\t\t<\/div>\n\t\t\t\t<\/div>\n\t\t\t\t<\/div>\n\t\t\t\t<\/div>","protected":false},"excerpt":{"rendered":"<p>A MOKI Mini Pocket Vape Bar MOKI-MK43 a v\u00e9gs\u0151 kompakt eldobhat\u00f3 vape a menet k\u00f6zbeni \u00e9lvezethez. Ez a mini csoda 500mAh-s akkumul\u00e1torral \u00e9s 1,2ohm-os ker\u00e1mia tekerccsel b\u00fcszk\u00e9lkedhet a tiszta \u00edz\u00e9rt \u00e9s a kiel\u00e9g\u00edt\u0151 g\u0151z\u00e9rt. A 6,5mL e-folyad\u00e9k kapacit\u00e1ssal t\u00f6k\u00e9letes az eg\u00e9sz napos p\u00e1rologtat\u00e1shoz.<br \/>\nK\u00f6nny\u0171 felt\u00f6lt\u00e9s Type-C haszn\u00e1lat\u00e1val. Eleg\u00e1ns, egysz\u00edn\u0171 m\u0171anyag testtel tervezett, kis m\u00e9ret\u0171 (42,9*65,15*21,50 mm), de nagyszer\u0171 min\u0151s\u00e9g\u0171. MK43 t\u00e1mogat\u00e1s OEM \u00e9s ODM sz\u00e1m\u00e1ra, a MOKI Mini Pocket Vape Bar egy megb\u00edzhat\u00f3 gy\u00e1rt\u00f3t\u00f3l \u00e9s besz\u00e1ll\u00edt\u00f3t\u00f3l - MOKI - sz\u00e1rmaz\u00f3, kiv\u00e1l\u00f3 min\u0151s\u00e9g\u0171, forr\u00f3 elad\u00e1s\u00fa term\u00e9k. Tapasztalja meg a vape box ODM legjobbj\u00e1t ezzel a gy\u00e1rilag gy\u00e1rtott, megrendel\u00e9sre k\u00e9sz\u00fclt eszk\u00f6zzel.<\/p>","protected":false},"featured_media":8157,"comment_status":"open","ping_status":"closed","template":"","meta":[],"product_brand":[],"product_cat":[31],"product_tag":[],"class_list":{"0":"post-1419","1":"product","2":"type-product","3":"status-publish","4":"has-post-thumbnail","6":"product_cat-disposable-vape-pod-kits-oem-vape-pen-manufacturing","8":"first","9":"instock","10":"shipping-taxable","11":"product-type-simple"},"_links":{"self":[{"href":"https:\/\/www.mokivape.com\/hu\/wp-json\/wp\/v2\/product\/1419","targetHints":{"allow":["GET"]}}],"collection":[{"href":"https:\/\/www.mokivape.com\/hu\/wp-json\/wp\/v2\/product"}],"about":[{"href":"https:\/\/www.mokivape.com\/hu\/wp-json\/wp\/v2\/types\/product"}],"replies":[{"embeddable":true,"href":"https:\/\/www.mokivape.com\/hu\/wp-json\/wp\/v2\/comments?post=1419"}],"version-history":[{"count":0,"href":"https:\/\/www.mokivape.com\/hu\/wp-json\/wp\/v2\/product\/1419\/revisions"}],"wp:featuredmedia":[{"embeddable":true,"href":"https:\/\/www.mokivape.com\/hu\/wp-json\/wp\/v2\/media\/8157"}],"wp:attachment":[{"href":"https:\/\/www.mokivape.com\/hu\/wp-json\/wp\/v2\/media?parent=1419"}],"wp:term":[{"taxonomy":"product_brand","embeddable":true,"href":"https:\/\/www.mokivape.com\/hu\/wp-json\/wp\/v2\/product_brand?post=1419"},{"taxonomy":"product_cat","embeddable":true,"href":"https:\/\/www.mokivape.com\/hu\/wp-json\/wp\/v2\/product_cat?post=1419"},{"taxonomy":"product_tag","embeddable":true,"href":"https:\/\/www.mokivape.com\/hu\/wp-json\/wp\/v2\/product_tag?post=1419"}],"curies":[{"name":"wp","href":"https:\/\/api.w.org\/{rel}","templated":true}]}}