{"id":1415,"date":"2024-04-17T09:14:06","date_gmt":"2024-04-17T09:14:06","guid":{"rendered":"https:\/\/www.mokiecig.com\/?post_type=product&#038;p=1415"},"modified":"2025-06-30T10:23:22","modified_gmt":"2025-06-30T10:23:22","slug":"m38-fruits-flavor-disposable-vape","status":"publish","type":"product","link":"https:\/\/www.mokivape.com\/hu\/termek\/m38-gyumolcsok-izu-eldobhato-vape\/","title":{"rendered":"MK-M38 Gy\u00fcm\u00f6lcs\u00f6k \u00edz\u0171 eldobhat\u00f3 vape"},"content":{"rendered":"<div data-elementor-type=\"product-post\" data-elementor-id=\"1415\" class=\"elementor elementor-1415\" data-elementor-post-type=\"product\">\n\t\t\t\t<div class=\"elementor-element elementor-element-df53c30 e-con-full e-flex e-con e-parent\" data-id=\"df53c30\" data-element_type=\"container\">\n\t\t\t\t<div class=\"elementor-element elementor-element-19579a3 elementor-widget elementor-widget-heading\" data-id=\"19579a3\" data-element_type=\"widget\" data-widget_type=\"heading.default\">\n\t\t\t\t<div class=\"elementor-widget-container\">\n\t\t\t\t\t<h2 class=\"elementor-heading-title elementor-size-default\">MK-M38 Gy\u00fcm\u00f6lcs\u00f6k \u00edz\u0171 eldobhat\u00f3 vape<\/h2>\t\t\t\t<\/div>\n\t\t\t\t<\/div>\n\t\t\t\t<div class=\"elementor-element elementor-element-aee4b53 elementor-widget elementor-widget-html\" data-id=\"aee4b53\" data-element_type=\"widget\" data-widget_type=\"html.default\">\n\t\t\t\t<div class=\"elementor-widget-container\">\n\t\t\t\t\t<table><tbody><tr><td>Ellen\u00e1ll\u00e1s<\/td><td>0,8-1,2ohm<\/td><td>M\u00e9ret<\/td><td>55.2*26.5*79mm<\/td><\/tr><tr><td>E-folyad\u00e9k kapacit\u00e1s<\/td><td>12ml<\/td><td>Az akkumul\u00e1tor kapacit\u00e1sa<\/td><td>500mAh<\/td><\/tr><tr><td>\u00dajrat\u00f6lthet\u0151<\/td><td>C-t\u00edpus\u00fa<\/td><td>F\u0171t\u0151huzal<\/td><td>H\u00e1l\u00f3s tekercs<\/td><\/tr><tr><td>Anyag<\/td><td colspan=\"3\">Egysz\u00edn\u0171 m\u0171anyag + Patch<\/td><\/tr><\/tbody><\/table>\t\t\t\t<\/div>\n\t\t\t\t<\/div>\n\t\t\t\t<div class=\"elementor-element elementor-element-f973e30 elementor-widget elementor-widget-image\" data-id=\"f973e30\" data-element_type=\"widget\" data-widget_type=\"image.default\">\n\t\t\t\t<div class=\"elementor-widget-container\">\n\t\t\t\t\t\t\t\t\t\t\t\t\t\t\t<img fetchpriority=\"high\" decoding=\"async\" width=\"1920\" height=\"1080\" src=\"https:\/\/www.mokivape.com\/wp-content\/uploads\/M38_b_1.webp\" class=\"attachment-full size-full wp-image-8243\" alt=\"M38 gy\u00fcm\u00f6lcs \u00edz\u0171 Vape Bar\" srcset=\"https:\/\/www.mokivape.com\/wp-content\/uploads\/M38_b_1.webp 1920w, https:\/\/www.mokivape.com\/wp-content\/uploads\/M38_b_1-768x432.webp 768w, https:\/\/www.mokivape.com\/wp-content\/uploads\/M38_b_1-1536x864.webp 1536w, https:\/\/www.mokivape.com\/wp-content\/uploads\/M38_b_1-18x10.webp 18w, https:\/\/www.mokivape.com\/wp-content\/uploads\/M38_b_1-600x338.webp 600w\" sizes=\"(max-width: 1920px) 100vw, 1920px\" \/>\t\t\t\t\t\t\t\t\t\t\t\t\t\t\t<\/div>\n\t\t\t\t<\/div>\n\t\t\t\t<div class=\"elementor-element elementor-element-d533c24 elementor-widget elementor-widget-image\" data-id=\"d533c24\" data-element_type=\"widget\" data-widget_type=\"image.default\">\n\t\t\t\t<div class=\"elementor-widget-container\">\n\t\t\t\t\t\t\t\t\t\t\t\t\t\t\t<img decoding=\"async\" width=\"1920\" height=\"1080\" src=\"https:\/\/www.mokivape.com\/wp-content\/uploads\/M38_b_2.webp\" class=\"attachment-full size-full wp-image-8244\" alt=\"M38 gy\u00fcm\u00f6lcs \u00edz\u0171 Vape Bar\" srcset=\"https:\/\/www.mokivape.com\/wp-content\/uploads\/M38_b_2.webp 1920w, https:\/\/www.mokivape.com\/wp-content\/uploads\/M38_b_2-768x432.webp 768w, https:\/\/www.mokivape.com\/wp-content\/uploads\/M38_b_2-1536x864.webp 1536w, https:\/\/www.mokivape.com\/wp-content\/uploads\/M38_b_2-18x10.webp 18w, https:\/\/www.mokivape.com\/wp-content\/uploads\/M38_b_2-600x338.webp 600w\" sizes=\"(max-width: 1920px) 100vw, 1920px\" \/>\t\t\t\t\t\t\t\t\t\t\t\t\t\t\t<\/div>\n\t\t\t\t<\/div>\n\t\t\t\t<div class=\"elementor-element elementor-element-aad134e elementor-widget elementor-widget-image\" data-id=\"aad134e\" data-element_type=\"widget\" data-widget_type=\"image.default\">\n\t\t\t\t<div class=\"elementor-widget-container\">\n\t\t\t\t\t\t\t\t\t\t\t\t\t\t\t<img decoding=\"async\" width=\"1920\" height=\"1080\" src=\"https:\/\/www.mokivape.com\/wp-content\/uploads\/M38_b_3.webp\" class=\"attachment-full size-full wp-image-8245\" alt=\"M38 gy\u00fcm\u00f6lcs \u00edz\u0171 Vape Bar\" srcset=\"https:\/\/www.mokivape.com\/wp-content\/uploads\/M38_b_3.webp 1920w, https:\/\/www.mokivape.com\/wp-content\/uploads\/M38_b_3-768x432.webp 768w, https:\/\/www.mokivape.com\/wp-content\/uploads\/M38_b_3-1536x864.webp 1536w, https:\/\/www.mokivape.com\/wp-content\/uploads\/M38_b_3-18x10.webp 18w, https:\/\/www.mokivape.com\/wp-content\/uploads\/M38_b_3-600x338.webp 600w\" sizes=\"(max-width: 1920px) 100vw, 1920px\" \/>\t\t\t\t\t\t\t\t\t\t\t\t\t\t\t<\/div>\n\t\t\t\t<\/div>\n\t\t\t\t<div class=\"elementor-element elementor-element-f241fe9 elementor-widget elementor-widget-image\" data-id=\"f241fe9\" data-element_type=\"widget\" data-widget_type=\"image.default\">\n\t\t\t\t<div class=\"elementor-widget-container\">\n\t\t\t\t\t\t\t\t\t\t\t\t\t\t\t<img loading=\"lazy\" decoding=\"async\" width=\"1920\" height=\"1080\" src=\"https:\/\/www.mokivape.com\/wp-content\/uploads\/M38_b_4.webp\" class=\"attachment-full size-full wp-image-8246\" alt=\"M38 gy\u00fcm\u00f6lcs \u00edz\u0171 Vape Bar\" srcset=\"https:\/\/www.mokivape.com\/wp-content\/uploads\/M38_b_4.webp 1920w, https:\/\/www.mokivape.com\/wp-content\/uploads\/M38_b_4-768x432.webp 768w, https:\/\/www.mokivape.com\/wp-content\/uploads\/M38_b_4-1536x864.webp 1536w, https:\/\/www.mokivape.com\/wp-content\/uploads\/M38_b_4-18x10.webp 18w, https:\/\/www.mokivape.com\/wp-content\/uploads\/M38_b_4-600x338.webp 600w\" sizes=\"(max-width: 1920px) 100vw, 1920px\" \/>\t\t\t\t\t\t\t\t\t\t\t\t\t\t\t<\/div>\n\t\t\t\t<\/div>\n\t\t\t\t<div class=\"elementor-element elementor-element-2b97547 elementor-widget elementor-widget-image\" data-id=\"2b97547\" data-element_type=\"widget\" data-widget_type=\"image.default\">\n\t\t\t\t<div class=\"elementor-widget-container\">\n\t\t\t\t\t\t\t\t\t\t\t\t\t\t\t<img loading=\"lazy\" decoding=\"async\" width=\"1920\" height=\"1080\" src=\"https:\/\/www.mokivape.com\/wp-content\/uploads\/M38_b_5.webp\" class=\"attachment-full size-full wp-image-8247\" alt=\"M38 gy\u00fcm\u00f6lcs \u00edz\u0171 Vape Bar\" srcset=\"https:\/\/www.mokivape.com\/wp-content\/uploads\/M38_b_5.webp 1920w, https:\/\/www.mokivape.com\/wp-content\/uploads\/M38_b_5-768x432.webp 768w, https:\/\/www.mokivape.com\/wp-content\/uploads\/M38_b_5-1536x864.webp 1536w, https:\/\/www.mokivape.com\/wp-content\/uploads\/M38_b_5-18x10.webp 18w, https:\/\/www.mokivape.com\/wp-content\/uploads\/M38_b_5-600x338.webp 600w\" sizes=\"(max-width: 1920px) 100vw, 1920px\" \/>\t\t\t\t\t\t\t\t\t\t\t\t\t\t\t<\/div>\n\t\t\t\t<\/div>\n\t\t\t\t<div class=\"elementor-element elementor-element-ada4f7f elementor-widget elementor-widget-image\" data-id=\"ada4f7f\" data-element_type=\"widget\" data-widget_type=\"image.default\">\n\t\t\t\t<div class=\"elementor-widget-container\">\n\t\t\t\t\t\t\t\t\t\t\t\t\t\t\t<img loading=\"lazy\" decoding=\"async\" width=\"1920\" height=\"1080\" src=\"https:\/\/www.mokivape.com\/wp-content\/uploads\/M38_b_06.webp\" class=\"attachment-full size-full wp-image-8248\" alt=\"M38 Gy\u00fcm\u00f6lcs \u00edz\u0171 Vape Bar csomaglista\" srcset=\"https:\/\/www.mokivape.com\/wp-content\/uploads\/M38_b_06.webp 1920w, https:\/\/www.mokivape.com\/wp-content\/uploads\/M38_b_06-768x432.webp 768w, https:\/\/www.mokivape.com\/wp-content\/uploads\/M38_b_06-1536x864.webp 1536w, https:\/\/www.mokivape.com\/wp-content\/uploads\/M38_b_06-18x10.webp 18w, https:\/\/www.mokivape.com\/wp-content\/uploads\/M38_b_06-600x338.webp 600w\" sizes=\"(max-width: 1920px) 100vw, 1920px\" \/>\t\t\t\t\t\t\t\t\t\t\t\t\t\t\t<\/div>\n\t\t\t\t<\/div>\n\t\t\t\t<\/div>\n\t\t\t\t<\/div>","protected":false},"excerpt":{"rendered":"<p>A MOKI Vaporizer Fruits Flavor Disposable Vape MK-M38 kompakt \u00e9s k\u00e9nyelmes p\u00e1rologtat\u00e1si \u00e9lm\u00e9nyt ny\u00fajt. Az 500mAh-s akkumul\u00e1torral \u00e9s \u00e1ll\u00edthat\u00f3 0,8-1,2ohm ellen\u00e1ll\u00e1ssal ez a k\u00e9sz\u00fcl\u00e9k testreszabhat\u00f3 g\u0151z\u00f6l\u00e9si profilt k\u00edn\u00e1l.<br \/>\n\u00c9lvezze a gy\u00fcm\u00f6lcs\u00f6s e-folyad\u00e9kok gazdag \u00edzvil\u00e1g\u00e1t 12 ml-es kapacit\u00e1ssal, amely gyorsan felt\u00f6lthet\u0151 Type-C-n kereszt\u00fcl. Az 55,2*26,5*79mm-es vape egysz\u00edn\u0171 m\u0171anyagb\u00f3l \u00e9s tapaszb\u00f3l k\u00e9sz\u00fclt, \u00edgy st\u00edlusos v\u00e1laszt\u00e1s.<br \/>\nMint egy forr\u00f3 elad\u00e1s\u00fa, kiv\u00e1l\u00f3 min\u0151s\u00e9g\u0171 eldobhat\u00f3 p\u00e1rologtat\u00f3 term\u00e9k, ez egy top v\u00e1laszt\u00e1s a vape OEM-ek sz\u00e1m\u00e1ra, a besz\u00e1ll\u00edt\u00f3t\u00f3l \u00e9s a gy\u00e1rt\u00f3t\u00f3l - MOKI, amely eldobhat\u00f3 vape megold\u00e1st k\u00edn\u00e1l. T\u00f6k\u00e9letes az ODM \u00e9s a megrendel\u00e9sre k\u00e9sz\u00fclt k\u00e9r\u00e9sekhez, a MOKI Vaporizer kiemelkedik a vape piacon.<\/p>","protected":false},"featured_media":8153,"comment_status":"open","ping_status":"closed","template":"","meta":[],"product_brand":[],"product_cat":[31],"product_tag":[],"class_list":{"0":"post-1415","1":"product","2":"type-product","3":"status-publish","4":"has-post-thumbnail","6":"product_cat-disposable-vape-pod-kits-oem-vape-pen-manufacturing","8":"first","9":"instock","10":"shipping-taxable","11":"product-type-simple"},"_links":{"self":[{"href":"https:\/\/www.mokivape.com\/hu\/wp-json\/wp\/v2\/product\/1415","targetHints":{"allow":["GET"]}}],"collection":[{"href":"https:\/\/www.mokivape.com\/hu\/wp-json\/wp\/v2\/product"}],"about":[{"href":"https:\/\/www.mokivape.com\/hu\/wp-json\/wp\/v2\/types\/product"}],"replies":[{"embeddable":true,"href":"https:\/\/www.mokivape.com\/hu\/wp-json\/wp\/v2\/comments?post=1415"}],"version-history":[{"count":0,"href":"https:\/\/www.mokivape.com\/hu\/wp-json\/wp\/v2\/product\/1415\/revisions"}],"wp:featuredmedia":[{"embeddable":true,"href":"https:\/\/www.mokivape.com\/hu\/wp-json\/wp\/v2\/media\/8153"}],"wp:attachment":[{"href":"https:\/\/www.mokivape.com\/hu\/wp-json\/wp\/v2\/media?parent=1415"}],"wp:term":[{"taxonomy":"product_brand","embeddable":true,"href":"https:\/\/www.mokivape.com\/hu\/wp-json\/wp\/v2\/product_brand?post=1415"},{"taxonomy":"product_cat","embeddable":true,"href":"https:\/\/www.mokivape.com\/hu\/wp-json\/wp\/v2\/product_cat?post=1415"},{"taxonomy":"product_tag","embeddable":true,"href":"https:\/\/www.mokivape.com\/hu\/wp-json\/wp\/v2\/product_tag?post=1415"}],"curies":[{"name":"wp","href":"https:\/\/api.w.org\/{rel}","templated":true}]}}