{"id":1414,"date":"2024-04-17T09:13:41","date_gmt":"2024-04-17T09:13:41","guid":{"rendered":"https:\/\/www.mokiecig.com\/?post_type=product&#038;p=1414"},"modified":"2025-01-03T06:28:32","modified_gmt":"2025-01-03T06:28:32","slug":"m36-large-capacity-pods-open-pod-vape","status":"publish","type":"product","link":"https:\/\/www.mokivape.com\/hu\/termek\/m36-nagy-kapacitasu-podok-nyitott-pod-vape\/","title":{"rendered":"MK-M36 nagy kapacit\u00e1s\u00fa Pods Open Pod Vape"},"content":{"rendered":"<div data-elementor-type=\"product-post\" data-elementor-id=\"1414\" class=\"elementor elementor-1414\" data-elementor-post-type=\"product\">\n\t\t\t\t<div class=\"elementor-element elementor-element-cdf09e1 e-con-full e-flex e-con e-parent\" data-id=\"cdf09e1\" data-element_type=\"container\">\n\t\t\t\t<div class=\"elementor-element elementor-element-a626627 elementor-widget elementor-widget-heading\" data-id=\"a626627\" data-element_type=\"widget\" data-widget_type=\"heading.default\">\n\t\t\t\t<div class=\"elementor-widget-container\">\n\t\t\t\t\t<h2 class=\"elementor-heading-title elementor-size-default\">MK-M36 nagy kapacit\u00e1s\u00fa Pods Open Pod Vape<\/h2>\t\t\t\t<\/div>\n\t\t\t\t<\/div>\n\t\t\t\t<div class=\"elementor-element elementor-element-ed0721a elementor-widget elementor-widget-html\" data-id=\"ed0721a\" data-element_type=\"widget\" data-widget_type=\"html.default\">\n\t\t\t\t<div class=\"elementor-widget-container\">\n\t\t\t\t\t<table><tbody><tr><td>M\u00e9ret<\/td><td>46*20.3*60.7mm<\/td><td>Ellen\u00e1ll\u00e1s<\/td><td>0.8ohm<\/td><\/tr><tr><td>Az akkumul\u00e1tor kapacit\u00e1sa<\/td><td>500mAh<\/td><td>E-folyad\u00e9k kapacit\u00e1s<\/td><td>2mL<\/td><\/tr><tr><td>F\u0171t\u0151huzal<\/td><td>H\u00e1l\u00f3s tekercs<\/td><td>\u00dajrat\u00f6lthet\u0151<\/td><td>C-t\u00edpus\u00fa<\/td><\/tr><tr><td>Anyag<\/td><td colspan=\"3\">egysz\u00edn\u0171 m\u0171anyag<\/td><\/tr><\/tbody><\/table>\t\t\t\t<\/div>\n\t\t\t\t<\/div>\n\t\t\t\t<div class=\"elementor-element elementor-element-c941d63 elementor-widget elementor-widget-image\" data-id=\"c941d63\" data-element_type=\"widget\" data-widget_type=\"image.default\">\n\t\t\t\t<div class=\"elementor-widget-container\">\n\t\t\t\t\t\t\t\t\t\t\t\t\t\t\t<img fetchpriority=\"high\" decoding=\"async\" width=\"1920\" height=\"1080\" src=\"https:\/\/www.mokivape.com\/wp-content\/uploads\/M36_b_1.webp\" class=\"attachment-full size-full wp-image-8252\" alt=\"M36 Nyitott pod rendszer\" srcset=\"https:\/\/www.mokivape.com\/wp-content\/uploads\/M36_b_1.webp 1920w, https:\/\/www.mokivape.com\/wp-content\/uploads\/M36_b_1-768x432.webp 768w, https:\/\/www.mokivape.com\/wp-content\/uploads\/M36_b_1-1536x864.webp 1536w, https:\/\/www.mokivape.com\/wp-content\/uploads\/M36_b_1-18x10.webp 18w, https:\/\/www.mokivape.com\/wp-content\/uploads\/M36_b_1-600x338.webp 600w\" sizes=\"(max-width: 1920px) 100vw, 1920px\" \/>\t\t\t\t\t\t\t\t\t\t\t\t\t\t\t<\/div>\n\t\t\t\t<\/div>\n\t\t\t\t<div class=\"elementor-element elementor-element-35b40e3 elementor-widget elementor-widget-image\" data-id=\"35b40e3\" data-element_type=\"widget\" data-widget_type=\"image.default\">\n\t\t\t\t<div class=\"elementor-widget-container\">\n\t\t\t\t\t\t\t\t\t\t\t\t\t\t\t<img decoding=\"async\" width=\"1920\" height=\"1080\" src=\"https:\/\/www.mokivape.com\/wp-content\/uploads\/M36_b_2.webp\" class=\"attachment-full size-full wp-image-8253\" alt=\"M36 Nyitott pod rendszer\" srcset=\"https:\/\/www.mokivape.com\/wp-content\/uploads\/M36_b_2.webp 1920w, https:\/\/www.mokivape.com\/wp-content\/uploads\/M36_b_2-768x432.webp 768w, https:\/\/www.mokivape.com\/wp-content\/uploads\/M36_b_2-1536x864.webp 1536w, https:\/\/www.mokivape.com\/wp-content\/uploads\/M36_b_2-18x10.webp 18w, https:\/\/www.mokivape.com\/wp-content\/uploads\/M36_b_2-600x338.webp 600w\" sizes=\"(max-width: 1920px) 100vw, 1920px\" \/>\t\t\t\t\t\t\t\t\t\t\t\t\t\t\t<\/div>\n\t\t\t\t<\/div>\n\t\t\t\t<div class=\"elementor-element elementor-element-27059cb elementor-widget elementor-widget-image\" data-id=\"27059cb\" data-element_type=\"widget\" data-widget_type=\"image.default\">\n\t\t\t\t<div class=\"elementor-widget-container\">\n\t\t\t\t\t\t\t\t\t\t\t\t\t\t\t<img decoding=\"async\" width=\"1920\" height=\"1080\" src=\"https:\/\/www.mokivape.com\/wp-content\/uploads\/M36_b_3.webp\" class=\"attachment-full size-full wp-image-8254\" alt=\"M36 Nyitott pod rendszer\" srcset=\"https:\/\/www.mokivape.com\/wp-content\/uploads\/M36_b_3.webp 1920w, https:\/\/www.mokivape.com\/wp-content\/uploads\/M36_b_3-768x432.webp 768w, https:\/\/www.mokivape.com\/wp-content\/uploads\/M36_b_3-1536x864.webp 1536w, https:\/\/www.mokivape.com\/wp-content\/uploads\/M36_b_3-18x10.webp 18w, https:\/\/www.mokivape.com\/wp-content\/uploads\/M36_b_3-600x338.webp 600w\" sizes=\"(max-width: 1920px) 100vw, 1920px\" \/>\t\t\t\t\t\t\t\t\t\t\t\t\t\t\t<\/div>\n\t\t\t\t<\/div>\n\t\t\t\t<div class=\"elementor-element elementor-element-64c1ebd elementor-widget elementor-widget-image\" data-id=\"64c1ebd\" data-element_type=\"widget\" data-widget_type=\"image.default\">\n\t\t\t\t<div class=\"elementor-widget-container\">\n\t\t\t\t\t\t\t\t\t\t\t\t\t\t\t<img loading=\"lazy\" decoding=\"async\" width=\"1920\" height=\"1080\" src=\"https:\/\/www.mokivape.com\/wp-content\/uploads\/M36_b_4.webp\" class=\"attachment-full size-full wp-image-8255\" alt=\"M36 Nyitott pod rendszer\" srcset=\"https:\/\/www.mokivape.com\/wp-content\/uploads\/M36_b_4.webp 1920w, https:\/\/www.mokivape.com\/wp-content\/uploads\/M36_b_4-768x432.webp 768w, https:\/\/www.mokivape.com\/wp-content\/uploads\/M36_b_4-1536x864.webp 1536w, https:\/\/www.mokivape.com\/wp-content\/uploads\/M36_b_4-18x10.webp 18w, https:\/\/www.mokivape.com\/wp-content\/uploads\/M36_b_4-600x338.webp 600w\" sizes=\"(max-width: 1920px) 100vw, 1920px\" \/>\t\t\t\t\t\t\t\t\t\t\t\t\t\t\t<\/div>\n\t\t\t\t<\/div>\n\t\t\t\t<div class=\"elementor-element elementor-element-34791bf elementor-widget elementor-widget-image\" data-id=\"34791bf\" data-element_type=\"widget\" data-widget_type=\"image.default\">\n\t\t\t\t<div class=\"elementor-widget-container\">\n\t\t\t\t\t\t\t\t\t\t\t\t\t\t\t<img loading=\"lazy\" decoding=\"async\" width=\"1920\" height=\"1080\" src=\"https:\/\/www.mokivape.com\/wp-content\/uploads\/M36_b_5.webp\" class=\"attachment-full size-full wp-image-8256\" alt=\"M36 Nyitott pod rendszer\" srcset=\"https:\/\/www.mokivape.com\/wp-content\/uploads\/M36_b_5.webp 1920w, https:\/\/www.mokivape.com\/wp-content\/uploads\/M36_b_5-768x432.webp 768w, https:\/\/www.mokivape.com\/wp-content\/uploads\/M36_b_5-1536x864.webp 1536w, https:\/\/www.mokivape.com\/wp-content\/uploads\/M36_b_5-18x10.webp 18w, https:\/\/www.mokivape.com\/wp-content\/uploads\/M36_b_5-600x338.webp 600w\" sizes=\"(max-width: 1920px) 100vw, 1920px\" \/>\t\t\t\t\t\t\t\t\t\t\t\t\t\t\t<\/div>\n\t\t\t\t<\/div>\n\t\t\t\t<\/div>\n\t\t\t\t<\/div>","protected":false},"excerpt":{"rendered":"<p>A MOKI Large Capacity Pods Open Pod Vape MK-M36 egy nagy kapacit\u00e1s\u00fa z\u00e1rt pod rendszer, amelyet hosszabb vaping session\u00f6kh\u00f6z terveztek. Ez a nagy puff vape pod 2mL e-folyad\u00e9k kapacit\u00e1ssal b\u00fcszk\u00e9lkedhet, 0,8ohm-os h\u00e1l\u00f3s tekercsel az intenz\u00edv \u00edz \u00e9s g\u0151ztermel\u00e9s \u00e9rdek\u00e9ben. A 46*20.3*60.7mm-es kompakt m\u00e9retben egy 500mAh-s akkumul\u00e1tor tal\u00e1lhat\u00f3, amely kiel\u00e9g\u00edt\u0151 g\u0151z\u00f6l\u00e9si \u00e9lm\u00e9nyt biztos\u00edt. K\u00f6nnyed\u00e9n \u00fajrat\u00f6ltheti a Type-C port seg\u00edts\u00e9g\u00e9vel. Az egysz\u00edn\u0171 m\u0171anyagb\u00f3l k\u00e9sz\u00fclt, kiv\u00e1l\u00f3 min\u0151s\u00e9g\u0171, forr\u00f3 elad\u00e1s\u00fa vape pod t\u00f6k\u00e9letes OEM \u00e9s ODM sz\u00e1m\u00e1ra, amely egy megb\u00edzhat\u00f3 gy\u00e1rt\u00f3t\u00f3l \u00e9s besz\u00e1ll\u00edt\u00f3t\u00f3l, a MOKI-t\u00f3l megrendel\u00e9sre k\u00e9sz\u00fclt opci\u00f3t k\u00edn\u00e1l. A MOKI Pod MK-M36 a nagy kapacit\u00e1s\u00fa vaping megtestes\u00edt\u0151je, amely a k\u00e9nyelmet \u00e9s a teljes\u00edtm\u00e9nyt st\u00edlusos csomagol\u00e1sban egyes\u00edti.<\/p>","protected":false},"featured_media":8152,"comment_status":"open","ping_status":"closed","template":"","meta":[],"product_brand":[],"product_cat":[16,30],"product_tag":[],"class_list":{"0":"post-1414","1":"product","2":"type-product","3":"status-publish","4":"has-post-thumbnail","6":"product_cat-pod-kits-refillable-open-pods-cartridge-oem","7":"product_cat-refillable-pod-kits-manufacturing-vape-bar-oem","9":"first","10":"instock","11":"shipping-taxable","12":"product-type-simple"},"_links":{"self":[{"href":"https:\/\/www.mokivape.com\/hu\/wp-json\/wp\/v2\/product\/1414","targetHints":{"allow":["GET"]}}],"collection":[{"href":"https:\/\/www.mokivape.com\/hu\/wp-json\/wp\/v2\/product"}],"about":[{"href":"https:\/\/www.mokivape.com\/hu\/wp-json\/wp\/v2\/types\/product"}],"replies":[{"embeddable":true,"href":"https:\/\/www.mokivape.com\/hu\/wp-json\/wp\/v2\/comments?post=1414"}],"version-history":[{"count":0,"href":"https:\/\/www.mokivape.com\/hu\/wp-json\/wp\/v2\/product\/1414\/revisions"}],"wp:featuredmedia":[{"embeddable":true,"href":"https:\/\/www.mokivape.com\/hu\/wp-json\/wp\/v2\/media\/8152"}],"wp:attachment":[{"href":"https:\/\/www.mokivape.com\/hu\/wp-json\/wp\/v2\/media?parent=1414"}],"wp:term":[{"taxonomy":"product_brand","embeddable":true,"href":"https:\/\/www.mokivape.com\/hu\/wp-json\/wp\/v2\/product_brand?post=1414"},{"taxonomy":"product_cat","embeddable":true,"href":"https:\/\/www.mokivape.com\/hu\/wp-json\/wp\/v2\/product_cat?post=1414"},{"taxonomy":"product_tag","embeddable":true,"href":"https:\/\/www.mokivape.com\/hu\/wp-json\/wp\/v2\/product_tag?post=1414"}],"curies":[{"name":"wp","href":"https:\/\/api.w.org\/{rel}","templated":true}]}}