{"id":1411,"date":"2024-04-17T09:12:13","date_gmt":"2024-04-17T09:12:13","guid":{"rendered":"https:\/\/www.mokiecig.com\/?post_type=product&#038;p=1411"},"modified":"2025-01-03T06:35:25","modified_gmt":"2025-01-03T06:35:25","slug":"m16-fruit-flavor-electronic-cigarette","status":"publish","type":"product","link":"https:\/\/www.mokivape.com\/hu\/termek\/m16-gyumolcs-izu-elektronikus-cigaretta\/","title":{"rendered":"MK-M16 gy\u00fcm\u00f6lcs \u00edz\u0171 elektronikus cigaretta"},"content":{"rendered":"<div data-elementor-type=\"product-post\" data-elementor-id=\"1411\" class=\"elementor elementor-1411\" data-elementor-post-type=\"product\">\n\t\t\t\t<div class=\"elementor-element elementor-element-529a4eb e-con-full e-flex e-con e-parent\" data-id=\"529a4eb\" data-element_type=\"container\">\n\t\t\t\t<div class=\"elementor-element elementor-element-770b0f0 elementor-widget elementor-widget-heading\" data-id=\"770b0f0\" data-element_type=\"widget\" data-widget_type=\"heading.default\">\n\t\t\t\t<div class=\"elementor-widget-container\">\n\t\t\t\t\t<h2 class=\"elementor-heading-title elementor-size-default\">MK-M16 gy\u00fcm\u00f6lcs \u00edz\u0171 elektronikus cigaretta<\/h2>\t\t\t\t<\/div>\n\t\t\t\t<\/div>\n\t\t\t\t<div class=\"elementor-element elementor-element-4d9fb7e elementor-widget elementor-widget-html\" data-id=\"4d9fb7e\" data-element_type=\"widget\" data-widget_type=\"html.default\">\n\t\t\t\t<div class=\"elementor-widget-container\">\n\t\t\t\t\t<table><tbody><tr><td>Ellen\u00e1ll\u00e1s<\/td><td>1.0ohm<\/td><td>M\u00e9ret<\/td><td>104*35*26mm<\/td><\/tr><tr><td>E-folyad\u00e9k kapacit\u00e1s<\/td><td>12ml<\/td><td>Az akkumul\u00e1tor kapacit\u00e1sa<\/td><td>550mAh<\/td><\/tr><tr><td>\u00dajrat\u00f6lthet\u0151<\/td><td>C-t\u00edpus\u00fa<\/td><td>F\u0171t\u0151huzal<\/td><td>H\u00e1l\u00f3s tekercs<\/td><\/tr><tr><td>Anyag<\/td><td colspan=\"3\">Egysz\u00edn\u0171 m\u0171anyag + b\u0151r<\/td><\/tr><\/tbody><\/table>\t\t\t\t<\/div>\n\t\t\t\t<\/div>\n\t\t\t\t<div class=\"elementor-element elementor-element-725aa99 elementor-widget elementor-widget-image\" data-id=\"725aa99\" data-element_type=\"widget\" data-widget_type=\"image.default\">\n\t\t\t\t<div class=\"elementor-widget-container\">\n\t\t\t\t\t\t\t\t\t\t\t\t\t\t\t<img fetchpriority=\"high\" decoding=\"async\" width=\"1920\" height=\"1080\" src=\"https:\/\/www.mokivape.com\/wp-content\/uploads\/M16_b_1.webp\" class=\"attachment-full size-full wp-image-8278\" alt=\"M16 nikotinmentes Puff szelet\" srcset=\"https:\/\/www.mokivape.com\/wp-content\/uploads\/M16_b_1.webp 1920w, https:\/\/www.mokivape.com\/wp-content\/uploads\/M16_b_1-768x432.webp 768w, https:\/\/www.mokivape.com\/wp-content\/uploads\/M16_b_1-1536x864.webp 1536w, https:\/\/www.mokivape.com\/wp-content\/uploads\/M16_b_1-18x10.webp 18w, https:\/\/www.mokivape.com\/wp-content\/uploads\/M16_b_1-600x338.webp 600w\" sizes=\"(max-width: 1920px) 100vw, 1920px\" \/>\t\t\t\t\t\t\t\t\t\t\t\t\t\t\t<\/div>\n\t\t\t\t<\/div>\n\t\t\t\t<div class=\"elementor-element elementor-element-f03b413 elementor-widget elementor-widget-image\" data-id=\"f03b413\" data-element_type=\"widget\" data-widget_type=\"image.default\">\n\t\t\t\t<div class=\"elementor-widget-container\">\n\t\t\t\t\t\t\t\t\t\t\t\t\t\t\t<img decoding=\"async\" width=\"1920\" height=\"1080\" src=\"https:\/\/www.mokivape.com\/wp-content\/uploads\/M16_b_2.webp\" class=\"attachment-full size-full wp-image-8279\" alt=\"M16 nikotinmentes Puff szelet\" srcset=\"https:\/\/www.mokivape.com\/wp-content\/uploads\/M16_b_2.webp 1920w, https:\/\/www.mokivape.com\/wp-content\/uploads\/M16_b_2-768x432.webp 768w, https:\/\/www.mokivape.com\/wp-content\/uploads\/M16_b_2-1536x864.webp 1536w, https:\/\/www.mokivape.com\/wp-content\/uploads\/M16_b_2-18x10.webp 18w, https:\/\/www.mokivape.com\/wp-content\/uploads\/M16_b_2-600x338.webp 600w\" sizes=\"(max-width: 1920px) 100vw, 1920px\" \/>\t\t\t\t\t\t\t\t\t\t\t\t\t\t\t<\/div>\n\t\t\t\t<\/div>\n\t\t\t\t<div class=\"elementor-element elementor-element-ae85a8b elementor-widget elementor-widget-image\" data-id=\"ae85a8b\" data-element_type=\"widget\" data-widget_type=\"image.default\">\n\t\t\t\t<div class=\"elementor-widget-container\">\n\t\t\t\t\t\t\t\t\t\t\t\t\t\t\t<img decoding=\"async\" width=\"1920\" height=\"1080\" src=\"https:\/\/www.mokivape.com\/wp-content\/uploads\/M16_b_3.webp\" class=\"attachment-full size-full wp-image-8280\" alt=\"M16 nikotinmentes Puff szelet\" srcset=\"https:\/\/www.mokivape.com\/wp-content\/uploads\/M16_b_3.webp 1920w, https:\/\/www.mokivape.com\/wp-content\/uploads\/M16_b_3-768x432.webp 768w, https:\/\/www.mokivape.com\/wp-content\/uploads\/M16_b_3-1536x864.webp 1536w, https:\/\/www.mokivape.com\/wp-content\/uploads\/M16_b_3-18x10.webp 18w, https:\/\/www.mokivape.com\/wp-content\/uploads\/M16_b_3-600x338.webp 600w\" sizes=\"(max-width: 1920px) 100vw, 1920px\" \/>\t\t\t\t\t\t\t\t\t\t\t\t\t\t\t<\/div>\n\t\t\t\t<\/div>\n\t\t\t\t<div class=\"elementor-element elementor-element-085c520 elementor-widget elementor-widget-image\" data-id=\"085c520\" data-element_type=\"widget\" data-widget_type=\"image.default\">\n\t\t\t\t<div class=\"elementor-widget-container\">\n\t\t\t\t\t\t\t\t\t\t\t\t\t\t\t<img loading=\"lazy\" decoding=\"async\" width=\"1920\" height=\"1080\" src=\"https:\/\/www.mokivape.com\/wp-content\/uploads\/M16_b_4.webp\" class=\"attachment-full size-full wp-image-8281\" alt=\"M16 nikotinmentes Puff szelet\" srcset=\"https:\/\/www.mokivape.com\/wp-content\/uploads\/M16_b_4.webp 1920w, https:\/\/www.mokivape.com\/wp-content\/uploads\/M16_b_4-768x432.webp 768w, https:\/\/www.mokivape.com\/wp-content\/uploads\/M16_b_4-1536x864.webp 1536w, https:\/\/www.mokivape.com\/wp-content\/uploads\/M16_b_4-18x10.webp 18w, https:\/\/www.mokivape.com\/wp-content\/uploads\/M16_b_4-600x338.webp 600w\" sizes=\"(max-width: 1920px) 100vw, 1920px\" \/>\t\t\t\t\t\t\t\t\t\t\t\t\t\t\t<\/div>\n\t\t\t\t<\/div>\n\t\t\t\t<\/div>\n\t\t\t\t<\/div>","protected":false},"excerpt":{"rendered":"<p>A MOKI Fruit Flavor Electronic Cigarette MK-M16 egy kellemes eldobhat\u00f3 vape, amely friss \u00e9s gy\u00fcm\u00f6lcs\u00f6s csavart k\u00edn\u00e1l. Ez a kompakt 104*35*26mm-es k\u00e9sz\u00fcl\u00e9k egy 550mAh-s akkumul\u00e1torral \u00e9s egy 1,0ohm-os h\u00e1l\u00f3s tekerccsel van felszerelve a kiegyens\u00falyozott \u00e9s kiel\u00e9g\u00edt\u0151 vape \u00e9rdek\u00e9ben. A 12mL e-folyad\u00e9k kapacit\u00e1s biztos\u00edtja az \u00edzgazdag utaz\u00e1st. T\u00f6lt\u00e9s a k\u00e9nyelmes Type-C porton kereszt\u00fcl. A luxus b\u0151r kivitelbe csomagolt, egysz\u00edn\u0171 m\u0171anyaggal ell\u00e1tott, kiv\u00e1l\u00f3 min\u0151s\u00e9g\u0171, forr\u00f3 elad\u00e1s\u00fa e-cigaretta t\u00e1mogatja a feh\u00e9rc\u00edmk\u00e9z\u00e9st, az OEM-et \u00e9s az ODM-et. Szerezze be egy j\u00f3 h\u00edr\u0171 gy\u00e1rt\u00f3t\u00f3l \u00e9s besz\u00e1ll\u00edt\u00f3t\u00f3l - a MOKI-t\u00f3l - \u00e9s \u00e9lvezze a min\u0151s\u00e9get \u00e9s az innov\u00e1ci\u00f3t \u00e9rt\u00e9kel\u0151 gy\u00e1r megrendel\u00e9sre gy\u00e1rtott \u00e9lm\u00e9ny\u00e9t.<\/p>","protected":false},"featured_media":8149,"comment_status":"open","ping_status":"closed","template":"","meta":[],"product_brand":[],"product_cat":[16],"product_tag":[],"class_list":{"0":"post-1411","1":"product","2":"type-product","3":"status-publish","4":"has-post-thumbnail","6":"product_cat-pod-kits-refillable-open-pods-cartridge-oem","8":"first","9":"instock","10":"shipping-taxable","11":"product-type-simple"},"_links":{"self":[{"href":"https:\/\/www.mokivape.com\/hu\/wp-json\/wp\/v2\/product\/1411","targetHints":{"allow":["GET"]}}],"collection":[{"href":"https:\/\/www.mokivape.com\/hu\/wp-json\/wp\/v2\/product"}],"about":[{"href":"https:\/\/www.mokivape.com\/hu\/wp-json\/wp\/v2\/types\/product"}],"replies":[{"embeddable":true,"href":"https:\/\/www.mokivape.com\/hu\/wp-json\/wp\/v2\/comments?post=1411"}],"version-history":[{"count":0,"href":"https:\/\/www.mokivape.com\/hu\/wp-json\/wp\/v2\/product\/1411\/revisions"}],"wp:featuredmedia":[{"embeddable":true,"href":"https:\/\/www.mokivape.com\/hu\/wp-json\/wp\/v2\/media\/8149"}],"wp:attachment":[{"href":"https:\/\/www.mokivape.com\/hu\/wp-json\/wp\/v2\/media?parent=1411"}],"wp:term":[{"taxonomy":"product_brand","embeddable":true,"href":"https:\/\/www.mokivape.com\/hu\/wp-json\/wp\/v2\/product_brand?post=1411"},{"taxonomy":"product_cat","embeddable":true,"href":"https:\/\/www.mokivape.com\/hu\/wp-json\/wp\/v2\/product_cat?post=1411"},{"taxonomy":"product_tag","embeddable":true,"href":"https:\/\/www.mokivape.com\/hu\/wp-json\/wp\/v2\/product_tag?post=1411"}],"curies":[{"name":"wp","href":"https:\/\/api.w.org\/{rel}","templated":true}]}}