{"id":1410,"date":"2024-04-17T09:11:43","date_gmt":"2024-04-17T09:11:43","guid":{"rendered":"https:\/\/www.mokiecig.com\/?post_type=product&#038;p=1410"},"modified":"2025-06-30T10:24:24","modified_gmt":"2025-06-30T10:24:24","slug":"m4-e-cigarette-fruit-flavor-vape-pod","status":"publish","type":"product","link":"https:\/\/www.mokivape.com\/hu\/termek\/m4-e-cigaretta-gyumolcs-izu-vape-pod\/","title":{"rendered":"MK-M4 elektronikus cigaretta gy\u00fcm\u00f6lcs \u00edz\u0171 Vape"},"content":{"rendered":"<div data-elementor-type=\"product-post\" data-elementor-id=\"1410\" class=\"elementor elementor-1410\" data-elementor-post-type=\"product\">\n\t\t\t\t<div class=\"elementor-element elementor-element-6ccba9e e-con-full e-flex e-con e-parent\" data-id=\"6ccba9e\" data-element_type=\"container\">\n\t\t\t\t<div class=\"elementor-element elementor-element-bcc1c5b elementor-widget elementor-widget-heading\" data-id=\"bcc1c5b\" data-element_type=\"widget\" data-widget_type=\"heading.default\">\n\t\t\t\t<div class=\"elementor-widget-container\">\n\t\t\t\t\t<h2 class=\"elementor-heading-title elementor-size-default\">MK-M4 elektronikus cigaretta gy\u00fcm\u00f6lcs \u00edz\u0171 Vape<\/h2>\t\t\t\t<\/div>\n\t\t\t\t<\/div>\n\t\t\t\t<div class=\"elementor-element elementor-element-c612b7a elementor-widget elementor-widget-html\" data-id=\"c612b7a\" data-element_type=\"widget\" data-widget_type=\"html.default\">\n\t\t\t\t<div class=\"elementor-widget-container\">\n\t\t\t\t\t<table><tbody><tr><td>M\u00e9ret<\/td><td>20.1*18*110.6mm<\/td><td>E-folyad\u00e9k kapacit\u00e1s<\/td><td>2mL<\/td><\/tr><tr><td>Az akkumul\u00e1tor kapacit\u00e1sa<\/td><td>400mAh<\/td><td>\u00dajrat\u00f6lthet\u0151<\/td><td>C-t\u00edpus\u00fa<\/td><\/tr><tr><td>F\u0171t\u0151huzal<\/td><td>Ker\u00e1mia tekercs<\/td><td>Anyag<\/td><td>PC+PCTG<\/td><\/tr><tr><td>Ellen\u00e1ll\u00e1s<\/td><td>1.15ohm<\/td><td><\/td><td><\/td><\/tr><\/tbody><\/table>\t\t\t\t<\/div>\n\t\t\t\t<\/div>\n\t\t\t\t<div class=\"elementor-element elementor-element-e81870a elementor-widget elementor-widget-image\" data-id=\"e81870a\" data-element_type=\"widget\" data-widget_type=\"image.default\">\n\t\t\t\t<div class=\"elementor-widget-container\">\n\t\t\t\t\t\t\t\t\t\t\t\t\t\t\t<img fetchpriority=\"high\" decoding=\"async\" width=\"1920\" height=\"1080\" src=\"https:\/\/www.mokivape.com\/wp-content\/uploads\/M4_b_6.webp\" class=\"attachment-full size-full wp-image-8285\" alt=\"M4 gy\u00fcm\u00f6lcs \u00edz\u0171 Vape Pod\" srcset=\"https:\/\/www.mokivape.com\/wp-content\/uploads\/M4_b_6.webp 1920w, https:\/\/www.mokivape.com\/wp-content\/uploads\/M4_b_6-768x432.webp 768w, https:\/\/www.mokivape.com\/wp-content\/uploads\/M4_b_6-1536x864.webp 1536w, https:\/\/www.mokivape.com\/wp-content\/uploads\/M4_b_6-18x10.webp 18w, https:\/\/www.mokivape.com\/wp-content\/uploads\/M4_b_6-600x338.webp 600w\" sizes=\"(max-width: 1920px) 100vw, 1920px\" \/>\t\t\t\t\t\t\t\t\t\t\t\t\t\t\t<\/div>\n\t\t\t\t<\/div>\n\t\t\t\t<div class=\"elementor-element elementor-element-60a33cf elementor-widget elementor-widget-image\" data-id=\"60a33cf\" data-element_type=\"widget\" data-widget_type=\"image.default\">\n\t\t\t\t<div class=\"elementor-widget-container\">\n\t\t\t\t\t\t\t\t\t\t\t\t\t\t\t<img decoding=\"async\" width=\"1920\" height=\"1080\" src=\"https:\/\/www.mokivape.com\/wp-content\/uploads\/M4_b_7.webp\" class=\"attachment-full size-full wp-image-8286\" alt=\"M4 gy\u00fcm\u00f6lcs \u00edz\u0171 Vape Pod\" srcset=\"https:\/\/www.mokivape.com\/wp-content\/uploads\/M4_b_7.webp 1920w, https:\/\/www.mokivape.com\/wp-content\/uploads\/M4_b_7-768x432.webp 768w, https:\/\/www.mokivape.com\/wp-content\/uploads\/M4_b_7-1536x864.webp 1536w, https:\/\/www.mokivape.com\/wp-content\/uploads\/M4_b_7-18x10.webp 18w, https:\/\/www.mokivape.com\/wp-content\/uploads\/M4_b_7-600x338.webp 600w\" sizes=\"(max-width: 1920px) 100vw, 1920px\" \/>\t\t\t\t\t\t\t\t\t\t\t\t\t\t\t<\/div>\n\t\t\t\t<\/div>\n\t\t\t\t<div class=\"elementor-element elementor-element-08c47be elementor-widget elementor-widget-image\" data-id=\"08c47be\" data-element_type=\"widget\" data-widget_type=\"image.default\">\n\t\t\t\t<div class=\"elementor-widget-container\">\n\t\t\t\t\t\t\t\t\t\t\t\t\t\t\t<img decoding=\"async\" width=\"1920\" height=\"1080\" src=\"https:\/\/www.mokivape.com\/wp-content\/uploads\/M4_b_9.webp\" class=\"attachment-full size-full wp-image-8288\" alt=\"M4 gy\u00fcm\u00f6lcs \u00edz\u0171 Vape Pod\" srcset=\"https:\/\/www.mokivape.com\/wp-content\/uploads\/M4_b_9.webp 1920w, https:\/\/www.mokivape.com\/wp-content\/uploads\/M4_b_9-768x432.webp 768w, https:\/\/www.mokivape.com\/wp-content\/uploads\/M4_b_9-1536x864.webp 1536w, https:\/\/www.mokivape.com\/wp-content\/uploads\/M4_b_9-18x10.webp 18w, https:\/\/www.mokivape.com\/wp-content\/uploads\/M4_b_9-600x338.webp 600w\" sizes=\"(max-width: 1920px) 100vw, 1920px\" \/>\t\t\t\t\t\t\t\t\t\t\t\t\t\t\t<\/div>\n\t\t\t\t<\/div>\n\t\t\t\t<div class=\"elementor-element elementor-element-4e24380 elementor-widget elementor-widget-image\" data-id=\"4e24380\" data-element_type=\"widget\" data-widget_type=\"image.default\">\n\t\t\t\t<div class=\"elementor-widget-container\">\n\t\t\t\t\t\t\t\t\t\t\t\t\t\t\t<img loading=\"lazy\" decoding=\"async\" width=\"1920\" height=\"1080\" src=\"https:\/\/www.mokivape.com\/wp-content\/uploads\/M4_b_10.webp\" class=\"attachment-full size-full wp-image-8289\" alt=\"M4 gy\u00fcm\u00f6lcs \u00edz\u0171 Vape Pod\" srcset=\"https:\/\/www.mokivape.com\/wp-content\/uploads\/M4_b_10.webp 1920w, https:\/\/www.mokivape.com\/wp-content\/uploads\/M4_b_10-768x432.webp 768w, https:\/\/www.mokivape.com\/wp-content\/uploads\/M4_b_10-1536x864.webp 1536w, https:\/\/www.mokivape.com\/wp-content\/uploads\/M4_b_10-18x10.webp 18w, https:\/\/www.mokivape.com\/wp-content\/uploads\/M4_b_10-600x338.webp 600w\" sizes=\"(max-width: 1920px) 100vw, 1920px\" \/>\t\t\t\t\t\t\t\t\t\t\t\t\t\t\t<\/div>\n\t\t\t\t<\/div>\n\t\t\t\t<div class=\"elementor-element elementor-element-fd6826e elementor-widget elementor-widget-image\" data-id=\"fd6826e\" data-element_type=\"widget\" data-widget_type=\"image.default\">\n\t\t\t\t<div class=\"elementor-widget-container\">\n\t\t\t\t\t\t\t\t\t\t\t\t\t\t\t<img loading=\"lazy\" decoding=\"async\" width=\"1920\" height=\"1080\" src=\"https:\/\/www.mokivape.com\/wp-content\/uploads\/M4_b_11.webp\" class=\"attachment-full size-full wp-image-8290\" alt=\"M4 gy\u00fcm\u00f6lcs \u00edzes\u00edt\u00e9s\u0171 \u00fajrat\u00f6lthet\u0151 vape tollak\" srcset=\"https:\/\/www.mokivape.com\/wp-content\/uploads\/M4_b_11.webp 1920w, https:\/\/www.mokivape.com\/wp-content\/uploads\/M4_b_11-768x432.webp 768w, https:\/\/www.mokivape.com\/wp-content\/uploads\/M4_b_11-1536x864.webp 1536w, https:\/\/www.mokivape.com\/wp-content\/uploads\/M4_b_11-18x10.webp 18w, https:\/\/www.mokivape.com\/wp-content\/uploads\/M4_b_11-600x338.webp 600w\" sizes=\"(max-width: 1920px) 100vw, 1920px\" \/>\t\t\t\t\t\t\t\t\t\t\t\t\t\t\t<\/div>\n\t\t\t\t<\/div>\n\t\t\t\t<\/div>\n\t\t\t\t<\/div>","protected":false},"excerpt":{"rendered":"<p>A MOKI E-cigaretta Fruit Flavor Vape Pod MK-M4 egy pr\u00e9mium z\u00e1rt pod rendszer a gy\u00fcm\u00f6lcs\u00edzek rajong\u00f3inak. Ez a kompakt 20,1*18*110,6mm-es vape pod 400mAh akkumul\u00e1torral \u00e9s 1,15ohm-es ker\u00e1mia tekercsel rendelkezik a gazdag \u00e9s sima g\u0151z\u00f6l\u00e9si \u00e9lm\u00e9ny\u00e9rt. A 2mL e-folyad\u00e9k kapacit\u00e1ssal az MK-M4 t\u00f6k\u00e9letes az \u00edzeket keres\u0151knek \u00fatk\u00f6zben. Gyorsan t\u00f6ltsd fel a C-t\u00edpus\u00fa t\u00f6lt\u0151vel. Tart\u00f3s PC + PCTG anyagokb\u00f3l k\u00e9sz\u00fclt, ez a kiv\u00e1l\u00f3 min\u0151s\u00e9g\u0171, forr\u00f3 elad\u00e1s\u00fa e-cigaretta pod t\u00e1mogatja az OEM \u00e9s ODM t\u00e1mogat\u00e1st, \u00e9s egy megb\u00edzhat\u00f3 gy\u00e1rt\u00f3t\u00f3l \u00e9s besz\u00e1ll\u00edt\u00f3t\u00f3l - MOKI - megrendel\u00e9sre k\u00e9sz\u00fclt opci\u00f3t k\u00edn\u00e1l. Emelje fel a p\u00e1rologtat\u00e1s\u00e1t a MOKI Vape Poddal, egy gy\u00e1rilag gy\u00e1rtott, feh\u00e9r m\u00e1rk\u00e1s e-cigarett\u00e1val, amelyet a v\u00e9gs\u0151 gy\u00fcm\u00f6lcs\u00edz\u0171 vape \u00e9lm\u00e9nyhez terveztek.<\/p>","protected":false},"featured_media":8148,"comment_status":"open","ping_status":"closed","template":"","meta":[],"product_brand":[],"product_cat":[16],"product_tag":[],"class_list":{"0":"post-1410","1":"product","2":"type-product","3":"status-publish","4":"has-post-thumbnail","6":"product_cat-pod-kits-refillable-open-pods-cartridge-oem","8":"first","9":"instock","10":"shipping-taxable","11":"product-type-simple"},"_links":{"self":[{"href":"https:\/\/www.mokivape.com\/hu\/wp-json\/wp\/v2\/product\/1410","targetHints":{"allow":["GET"]}}],"collection":[{"href":"https:\/\/www.mokivape.com\/hu\/wp-json\/wp\/v2\/product"}],"about":[{"href":"https:\/\/www.mokivape.com\/hu\/wp-json\/wp\/v2\/types\/product"}],"replies":[{"embeddable":true,"href":"https:\/\/www.mokivape.com\/hu\/wp-json\/wp\/v2\/comments?post=1410"}],"version-history":[{"count":0,"href":"https:\/\/www.mokivape.com\/hu\/wp-json\/wp\/v2\/product\/1410\/revisions"}],"wp:featuredmedia":[{"embeddable":true,"href":"https:\/\/www.mokivape.com\/hu\/wp-json\/wp\/v2\/media\/8148"}],"wp:attachment":[{"href":"https:\/\/www.mokivape.com\/hu\/wp-json\/wp\/v2\/media?parent=1410"}],"wp:term":[{"taxonomy":"product_brand","embeddable":true,"href":"https:\/\/www.mokivape.com\/hu\/wp-json\/wp\/v2\/product_brand?post=1410"},{"taxonomy":"product_cat","embeddable":true,"href":"https:\/\/www.mokivape.com\/hu\/wp-json\/wp\/v2\/product_cat?post=1410"},{"taxonomy":"product_tag","embeddable":true,"href":"https:\/\/www.mokivape.com\/hu\/wp-json\/wp\/v2\/product_tag?post=1410"}],"curies":[{"name":"wp","href":"https:\/\/api.w.org\/{rel}","templated":true}]}}