{"id":1408,"date":"2024-04-17T09:10:46","date_gmt":"2024-04-17T09:10:46","guid":{"rendered":"https:\/\/www.mokiecig.com\/?post_type=product&#038;p=1408"},"modified":"2025-01-03T06:46:26","modified_gmt":"2025-01-03T06:46:26","slug":"m3-10-vape-flavored-rechargeable-e-cig","status":"publish","type":"product","link":"https:\/\/www.mokivape.com\/hu\/termek\/m3-10-vape-izesitett-ujratoltheto-e-cig\/","title":{"rendered":"MK-M3-10 Vape \u00edzes\u00edtett \u00fajrat\u00f6lthet\u0151 E-cigaretta"},"content":{"rendered":"<div data-elementor-type=\"product-post\" data-elementor-id=\"1408\" class=\"elementor elementor-1408\" data-elementor-post-type=\"product\">\n\t\t\t\t<div class=\"elementor-element elementor-element-4acd19c e-con-full e-flex e-con e-parent\" data-id=\"4acd19c\" data-element_type=\"container\">\n\t\t\t\t<div class=\"elementor-element elementor-element-13fb293 elementor-widget elementor-widget-heading\" data-id=\"13fb293\" data-element_type=\"widget\" data-widget_type=\"heading.default\">\n\t\t\t\t<div class=\"elementor-widget-container\">\n\t\t\t\t\t<h2 class=\"elementor-heading-title elementor-size-default\">MK-M3-10 Vape \u00edzes\u00edtett \u00fajrat\u00f6lthet\u0151 E-cigaretta<\/h2>\t\t\t\t<\/div>\n\t\t\t\t<\/div>\n\t\t\t\t<div class=\"elementor-element elementor-element-4ee2216 elementor-widget elementor-widget-html\" data-id=\"4ee2216\" data-element_type=\"widget\" data-widget_type=\"html.default\">\n\t\t\t\t<div class=\"elementor-widget-container\">\n\t\t\t\t\t<table><tbody><tr><td>Ellen\u00e1ll\u00e1s<\/td><td>1.0ohm<\/td><td>M\u00e9ret<\/td><td>85*50*27mm<\/td><\/tr><tr><td>E-folyad\u00e9k kapacit\u00e1s<\/td><td>10mL<\/td><td>Az akkumul\u00e1tor kapacit\u00e1sa<\/td><td>500mAh<\/td><\/tr><tr><td>\u00dajrat\u00f6lthet\u0151<\/td><td>C-t\u00edpus\u00fa<\/td><td>F\u0171t\u0151huzal<\/td><td>H\u00e1l\u00f3s tekercs<\/td><\/tr><tr><td>Anyag<\/td><td colspan=\"3\">Egysz\u00edn\u0171 m\u0171anyag + szilikon csepphegy<\/td><\/tr><\/tbody><\/table>\t\t\t\t<\/div>\n\t\t\t\t<\/div>\n\t\t\t\t<div class=\"elementor-element elementor-element-45120e7 elementor-widget elementor-widget-image\" data-id=\"45120e7\" data-element_type=\"widget\" data-widget_type=\"image.default\">\n\t\t\t\t<div class=\"elementor-widget-container\">\n\t\t\t\t\t\t\t\t\t\t\t\t\t\t\t<img fetchpriority=\"high\" decoding=\"async\" width=\"1920\" height=\"1080\" src=\"https:\/\/www.mokivape.com\/wp-content\/uploads\/M3_10_b_1-1.webp\" class=\"attachment-full size-full wp-image-8304\" alt=\"M3-10 \u00fajrafelhaszn\u00e1lhat\u00f3 Vape Pod\" srcset=\"https:\/\/www.mokivape.com\/wp-content\/uploads\/M3_10_b_1-1.webp 1920w, https:\/\/www.mokivape.com\/wp-content\/uploads\/M3_10_b_1-1-768x432.webp 768w, https:\/\/www.mokivape.com\/wp-content\/uploads\/M3_10_b_1-1-1536x864.webp 1536w, https:\/\/www.mokivape.com\/wp-content\/uploads\/M3_10_b_1-1-18x10.webp 18w, https:\/\/www.mokivape.com\/wp-content\/uploads\/M3_10_b_1-1-600x338.webp 600w\" sizes=\"(max-width: 1920px) 100vw, 1920px\" \/>\t\t\t\t\t\t\t\t\t\t\t\t\t\t\t<\/div>\n\t\t\t\t<\/div>\n\t\t\t\t<div class=\"elementor-element elementor-element-661e306 elementor-widget elementor-widget-image\" data-id=\"661e306\" data-element_type=\"widget\" data-widget_type=\"image.default\">\n\t\t\t\t<div class=\"elementor-widget-container\">\n\t\t\t\t\t\t\t\t\t\t\t\t\t\t\t<img decoding=\"async\" width=\"1920\" height=\"1080\" src=\"https:\/\/www.mokivape.com\/wp-content\/uploads\/M3_10_b_2-1.webp\" class=\"attachment-full size-full wp-image-8305\" alt=\"M3-10 \u00fajrafelhaszn\u00e1lhat\u00f3 Vape Pod\" srcset=\"https:\/\/www.mokivape.com\/wp-content\/uploads\/M3_10_b_2-1.webp 1920w, https:\/\/www.mokivape.com\/wp-content\/uploads\/M3_10_b_2-1-768x432.webp 768w, https:\/\/www.mokivape.com\/wp-content\/uploads\/M3_10_b_2-1-1536x864.webp 1536w, https:\/\/www.mokivape.com\/wp-content\/uploads\/M3_10_b_2-1-18x10.webp 18w, https:\/\/www.mokivape.com\/wp-content\/uploads\/M3_10_b_2-1-600x338.webp 600w\" sizes=\"(max-width: 1920px) 100vw, 1920px\" \/>\t\t\t\t\t\t\t\t\t\t\t\t\t\t\t<\/div>\n\t\t\t\t<\/div>\n\t\t\t\t<div class=\"elementor-element elementor-element-a2c0ed5 elementor-widget elementor-widget-image\" data-id=\"a2c0ed5\" data-element_type=\"widget\" data-widget_type=\"image.default\">\n\t\t\t\t<div class=\"elementor-widget-container\">\n\t\t\t\t\t\t\t\t\t\t\t\t\t\t\t<img decoding=\"async\" width=\"1920\" height=\"1080\" src=\"https:\/\/www.mokivape.com\/wp-content\/uploads\/M3_10_b_3-1.webp\" class=\"attachment-full size-full wp-image-8306\" alt=\"M3-10 \u00fajrafelhaszn\u00e1lhat\u00f3 Vape Pod\" srcset=\"https:\/\/www.mokivape.com\/wp-content\/uploads\/M3_10_b_3-1.webp 1920w, https:\/\/www.mokivape.com\/wp-content\/uploads\/M3_10_b_3-1-768x432.webp 768w, https:\/\/www.mokivape.com\/wp-content\/uploads\/M3_10_b_3-1-1536x864.webp 1536w, https:\/\/www.mokivape.com\/wp-content\/uploads\/M3_10_b_3-1-18x10.webp 18w, https:\/\/www.mokivape.com\/wp-content\/uploads\/M3_10_b_3-1-600x338.webp 600w\" sizes=\"(max-width: 1920px) 100vw, 1920px\" \/>\t\t\t\t\t\t\t\t\t\t\t\t\t\t\t<\/div>\n\t\t\t\t<\/div>\n\t\t\t\t<div class=\"elementor-element elementor-element-e7f80d9 elementor-widget elementor-widget-image\" data-id=\"e7f80d9\" data-element_type=\"widget\" data-widget_type=\"image.default\">\n\t\t\t\t<div class=\"elementor-widget-container\">\n\t\t\t\t\t\t\t\t\t\t\t\t\t\t\t<img loading=\"lazy\" decoding=\"async\" width=\"1920\" height=\"1080\" src=\"https:\/\/www.mokivape.com\/wp-content\/uploads\/M3_10_b_4-1.webp\" class=\"attachment-full size-full wp-image-8307\" alt=\"M3-10 \u00fajrafelhaszn\u00e1lhat\u00f3 Vape Pod\" srcset=\"https:\/\/www.mokivape.com\/wp-content\/uploads\/M3_10_b_4-1.webp 1920w, https:\/\/www.mokivape.com\/wp-content\/uploads\/M3_10_b_4-1-768x432.webp 768w, https:\/\/www.mokivape.com\/wp-content\/uploads\/M3_10_b_4-1-1536x864.webp 1536w, https:\/\/www.mokivape.com\/wp-content\/uploads\/M3_10_b_4-1-18x10.webp 18w, https:\/\/www.mokivape.com\/wp-content\/uploads\/M3_10_b_4-1-600x338.webp 600w\" sizes=\"(max-width: 1920px) 100vw, 1920px\" \/>\t\t\t\t\t\t\t\t\t\t\t\t\t\t\t<\/div>\n\t\t\t\t<\/div>\n\t\t\t\t<div class=\"elementor-element elementor-element-765eccb elementor-widget elementor-widget-image\" data-id=\"765eccb\" data-element_type=\"widget\" data-widget_type=\"image.default\">\n\t\t\t\t<div class=\"elementor-widget-container\">\n\t\t\t\t\t\t\t\t\t\t\t\t\t\t\t<img loading=\"lazy\" decoding=\"async\" width=\"1920\" height=\"1080\" src=\"https:\/\/www.mokivape.com\/wp-content\/uploads\/M3_10_b_5-1.webp\" class=\"attachment-full size-full wp-image-8308\" alt=\"M3-10 \u00fajrafelhaszn\u00e1lhat\u00f3 Vape Pod\" srcset=\"https:\/\/www.mokivape.com\/wp-content\/uploads\/M3_10_b_5-1.webp 1920w, https:\/\/www.mokivape.com\/wp-content\/uploads\/M3_10_b_5-1-768x432.webp 768w, https:\/\/www.mokivape.com\/wp-content\/uploads\/M3_10_b_5-1-1536x864.webp 1536w, https:\/\/www.mokivape.com\/wp-content\/uploads\/M3_10_b_5-1-18x10.webp 18w, https:\/\/www.mokivape.com\/wp-content\/uploads\/M3_10_b_5-1-600x338.webp 600w\" sizes=\"(max-width: 1920px) 100vw, 1920px\" \/>\t\t\t\t\t\t\t\t\t\t\t\t\t\t\t<\/div>\n\t\t\t\t<\/div>\n\t\t\t\t<div class=\"elementor-element elementor-element-ccfb520 elementor-widget elementor-widget-image\" data-id=\"ccfb520\" data-element_type=\"widget\" data-widget_type=\"image.default\">\n\t\t\t\t<div class=\"elementor-widget-container\">\n\t\t\t\t\t\t\t\t\t\t\t\t\t\t\t<img loading=\"lazy\" decoding=\"async\" width=\"1920\" height=\"1080\" src=\"https:\/\/www.mokivape.com\/wp-content\/uploads\/M3_10_b_06-1.webp\" class=\"attachment-full size-full wp-image-8309\" alt=\"M3-10 \u00fajrafelhaszn\u00e1lhat\u00f3 Vape Pod\" srcset=\"https:\/\/www.mokivape.com\/wp-content\/uploads\/M3_10_b_06-1.webp 1920w, https:\/\/www.mokivape.com\/wp-content\/uploads\/M3_10_b_06-1-768x432.webp 768w, https:\/\/www.mokivape.com\/wp-content\/uploads\/M3_10_b_06-1-1536x864.webp 1536w, https:\/\/www.mokivape.com\/wp-content\/uploads\/M3_10_b_06-1-18x10.webp 18w, https:\/\/www.mokivape.com\/wp-content\/uploads\/M3_10_b_06-1-600x338.webp 600w\" sizes=\"(max-width: 1920px) 100vw, 1920px\" \/>\t\t\t\t\t\t\t\t\t\t\t\t\t\t\t<\/div>\n\t\t\t\t<\/div>\n\t\t\t\t<\/div>\n\t\t\t\t<\/div>","protected":false},"excerpt":{"rendered":"<p>A MOKI Vape Flavored Rechargeable Electronic Cigarette M3-10 egy kiv\u00e1l\u00f3 min\u0151s\u00e9g\u0171, forr\u00f3 elad\u00e1s\u00fa eldobhat\u00f3 vape, amelyet az \u00edzek keres\u0151inek \u00e9s a k\u00e9nyelem szerelmeseinek terveztek. Az 500mAh-s akkumul\u00e1torral \u00e9s 1,0ohm-os h\u00e1l\u00f3s tekerccsel egyenletes g\u0151ztermel\u00e9st biztos\u00edt. \u00c9lvezze a 10mL e-folyad\u00e9k kapacit\u00e1st a hosszabb haszn\u00e1lathoz. T\u00f6lt\u00e9s k\u00f6nnyed\u00e9n, Type-C t\u00edpus\u00fa csatlakoz\u00f3n kereszt\u00fcl. Az egysz\u00edn\u0171 m\u0171anyagb\u00f3l k\u00e9sz\u00fclt, szilikon cseppent\u0151heggyel ell\u00e1tott M3-10 egy gy\u00e1rilag gy\u00e1rtott, OEM\/ODM t\u00e1mogat\u00e1s\u00fa, megrendel\u00e9sre k\u00e9sz\u00fclt opci\u00f3 a p\u00e1rologtat\u00f3eszk\u00f6z gy\u00e1rt\u00f3 \u00e9s sz\u00e1ll\u00edt\u00f3 - MOKI - c\u00e9gt\u0151l. Tapasztalja meg a teljes\u00edtm\u00e9ny \u00e9s a hordozhat\u00f3s\u00e1g t\u00f6k\u00e9letes kever\u00e9k\u00e9t ebben a kompakt 85*50*27mm-es k\u00e9sz\u00fcl\u00e9kben.<\/p>","protected":false},"featured_media":8146,"comment_status":"open","ping_status":"closed","template":"","meta":[],"product_brand":[],"product_cat":[16],"product_tag":[],"class_list":{"0":"post-1408","1":"product","2":"type-product","3":"status-publish","4":"has-post-thumbnail","6":"product_cat-pod-kits-refillable-open-pods-cartridge-oem","8":"first","9":"instock","10":"shipping-taxable","11":"product-type-simple"},"_links":{"self":[{"href":"https:\/\/www.mokivape.com\/hu\/wp-json\/wp\/v2\/product\/1408","targetHints":{"allow":["GET"]}}],"collection":[{"href":"https:\/\/www.mokivape.com\/hu\/wp-json\/wp\/v2\/product"}],"about":[{"href":"https:\/\/www.mokivape.com\/hu\/wp-json\/wp\/v2\/types\/product"}],"replies":[{"embeddable":true,"href":"https:\/\/www.mokivape.com\/hu\/wp-json\/wp\/v2\/comments?post=1408"}],"version-history":[{"count":0,"href":"https:\/\/www.mokivape.com\/hu\/wp-json\/wp\/v2\/product\/1408\/revisions"}],"wp:featuredmedia":[{"embeddable":true,"href":"https:\/\/www.mokivape.com\/hu\/wp-json\/wp\/v2\/media\/8146"}],"wp:attachment":[{"href":"https:\/\/www.mokivape.com\/hu\/wp-json\/wp\/v2\/media?parent=1408"}],"wp:term":[{"taxonomy":"product_brand","embeddable":true,"href":"https:\/\/www.mokivape.com\/hu\/wp-json\/wp\/v2\/product_brand?post=1408"},{"taxonomy":"product_cat","embeddable":true,"href":"https:\/\/www.mokivape.com\/hu\/wp-json\/wp\/v2\/product_cat?post=1408"},{"taxonomy":"product_tag","embeddable":true,"href":"https:\/\/www.mokivape.com\/hu\/wp-json\/wp\/v2\/product_tag?post=1408"}],"curies":[{"name":"wp","href":"https:\/\/api.w.org\/{rel}","templated":true}]}}