{"id":1407,"date":"2024-04-17T09:10:13","date_gmt":"2024-04-17T09:10:13","guid":{"rendered":"https:\/\/www.mokiecig.com\/?post_type=product&#038;p=1407"},"modified":"2025-06-30T10:27:12","modified_gmt":"2025-06-30T10:27:12","slug":"mk-m2-tpd-compliant-vape","status":"publish","type":"product","link":"https:\/\/www.mokivape.com\/hu\/termek\/mk-m2-tpd-kompatibilis-vape\/","title":{"rendered":"MK-M2 TPD-kompatibilis Vape"},"content":{"rendered":"<div data-elementor-type=\"product-post\" data-elementor-id=\"1407\" class=\"elementor elementor-1407\" data-elementor-post-type=\"product\">\n\t\t\t\t<div class=\"elementor-element elementor-element-116a862 e-con-full e-flex e-con e-parent\" data-id=\"116a862\" data-element_type=\"container\">\n\t\t\t\t<div class=\"elementor-element elementor-element-88b48fe elementor-widget elementor-widget-heading\" data-id=\"88b48fe\" data-element_type=\"widget\" data-widget_type=\"heading.default\">\n\t\t\t\t<div class=\"elementor-widget-container\">\n\t\t\t\t\t<h2 class=\"elementor-heading-title elementor-size-default\">MK-M2 TPD-kompatibilis Vape<\/h2>\t\t\t\t<\/div>\n\t\t\t\t<\/div>\n\t\t\t\t<div class=\"elementor-element elementor-element-a6ca25a elementor-widget elementor-widget-html\" data-id=\"a6ca25a\" data-element_type=\"widget\" data-widget_type=\"html.default\">\n\t\t\t\t<div class=\"elementor-widget-container\">\n\t\t\t\t\t<table><tbody><tr><td>Ellen\u00e1ll\u00e1s<\/td><td>1.0ohm<\/td><td>M\u00e9ret<\/td><td>64*42*20mm<\/td><\/tr><tr><td>E-folyad\u00e9k kapacit\u00e1s<\/td><td>2mL<\/td><td>Az akkumul\u00e1tor kapacit\u00e1sa<\/td><td>400mAh<\/td><\/tr><tr><td>\u00dajrat\u00f6lthet\u0151<\/td><td>C-t\u00edpus\u00fa<\/td><td>F\u0171t\u0151huzal<\/td><td>H\u00e1l\u00f3s tekercs<\/td><\/tr><tr><td>Anyag<\/td><td colspan=\"3\">K\u00e9t sz\u00edn\u0171 fr\u00f6ccs\u00f6nt\u00e9s PC + ABS<\/td><\/tr><\/tbody><\/table>\t\t\t\t<\/div>\n\t\t\t\t<\/div>\n\t\t\t\t<div class=\"elementor-element elementor-element-2e0ed70 elementor-widget elementor-widget-image\" data-id=\"2e0ed70\" data-element_type=\"widget\" data-widget_type=\"image.default\">\n\t\t\t\t<div class=\"elementor-widget-container\">\n\t\t\t\t\t\t\t\t\t\t\t\t\t\t\t<img fetchpriority=\"high\" decoding=\"async\" width=\"1920\" height=\"1080\" src=\"https:\/\/www.mokivape.com\/wp-content\/uploads\/M2_b_1.webp\" class=\"attachment-full size-full wp-image-8313\" alt=\"M2 Egyszer haszn\u00e1latos TPD UK Vape\" srcset=\"https:\/\/www.mokivape.com\/wp-content\/uploads\/M2_b_1.webp 1920w, https:\/\/www.mokivape.com\/wp-content\/uploads\/M2_b_1-768x432.webp 768w, https:\/\/www.mokivape.com\/wp-content\/uploads\/M2_b_1-1536x864.webp 1536w, https:\/\/www.mokivape.com\/wp-content\/uploads\/M2_b_1-18x10.webp 18w, https:\/\/www.mokivape.com\/wp-content\/uploads\/M2_b_1-600x338.webp 600w\" sizes=\"(max-width: 1920px) 100vw, 1920px\" \/>\t\t\t\t\t\t\t\t\t\t\t\t\t\t\t<\/div>\n\t\t\t\t<\/div>\n\t\t\t\t<div class=\"elementor-element elementor-element-138982e elementor-widget elementor-widget-image\" data-id=\"138982e\" data-element_type=\"widget\" data-widget_type=\"image.default\">\n\t\t\t\t<div class=\"elementor-widget-container\">\n\t\t\t\t\t\t\t\t\t\t\t\t\t\t\t<img decoding=\"async\" width=\"1920\" height=\"1080\" src=\"https:\/\/www.mokivape.com\/wp-content\/uploads\/M2_b_2.webp\" class=\"attachment-full size-full wp-image-8314\" alt=\"M2 Egyszer haszn\u00e1latos TPD UK Vape\" srcset=\"https:\/\/www.mokivape.com\/wp-content\/uploads\/M2_b_2.webp 1920w, https:\/\/www.mokivape.com\/wp-content\/uploads\/M2_b_2-768x432.webp 768w, https:\/\/www.mokivape.com\/wp-content\/uploads\/M2_b_2-1536x864.webp 1536w, https:\/\/www.mokivape.com\/wp-content\/uploads\/M2_b_2-18x10.webp 18w, https:\/\/www.mokivape.com\/wp-content\/uploads\/M2_b_2-600x338.webp 600w\" sizes=\"(max-width: 1920px) 100vw, 1920px\" \/>\t\t\t\t\t\t\t\t\t\t\t\t\t\t\t<\/div>\n\t\t\t\t<\/div>\n\t\t\t\t<div class=\"elementor-element elementor-element-b869597 elementor-widget elementor-widget-image\" data-id=\"b869597\" data-element_type=\"widget\" data-widget_type=\"image.default\">\n\t\t\t\t<div class=\"elementor-widget-container\">\n\t\t\t\t\t\t\t\t\t\t\t\t\t\t\t<img decoding=\"async\" width=\"1920\" height=\"1080\" src=\"https:\/\/www.mokivape.com\/wp-content\/uploads\/M2_b_3.webp\" class=\"attachment-full size-full wp-image-8315\" alt=\"M2 Egyszer haszn\u00e1latos TPD UK Vape\" srcset=\"https:\/\/www.mokivape.com\/wp-content\/uploads\/M2_b_3.webp 1920w, https:\/\/www.mokivape.com\/wp-content\/uploads\/M2_b_3-768x432.webp 768w, https:\/\/www.mokivape.com\/wp-content\/uploads\/M2_b_3-1536x864.webp 1536w, https:\/\/www.mokivape.com\/wp-content\/uploads\/M2_b_3-18x10.webp 18w, https:\/\/www.mokivape.com\/wp-content\/uploads\/M2_b_3-600x338.webp 600w\" sizes=\"(max-width: 1920px) 100vw, 1920px\" \/>\t\t\t\t\t\t\t\t\t\t\t\t\t\t\t<\/div>\n\t\t\t\t<\/div>\n\t\t\t\t<div class=\"elementor-element elementor-element-7c24e2e elementor-widget elementor-widget-image\" data-id=\"7c24e2e\" data-element_type=\"widget\" data-widget_type=\"image.default\">\n\t\t\t\t<div class=\"elementor-widget-container\">\n\t\t\t\t\t\t\t\t\t\t\t\t\t\t\t<img loading=\"lazy\" decoding=\"async\" width=\"1920\" height=\"1080\" src=\"https:\/\/www.mokivape.com\/wp-content\/uploads\/M2_b_4.webp\" class=\"attachment-full size-full wp-image-8316\" alt=\"M2 Egyszer haszn\u00e1latos TPD UK Vape\" srcset=\"https:\/\/www.mokivape.com\/wp-content\/uploads\/M2_b_4.webp 1920w, https:\/\/www.mokivape.com\/wp-content\/uploads\/M2_b_4-768x432.webp 768w, https:\/\/www.mokivape.com\/wp-content\/uploads\/M2_b_4-1536x864.webp 1536w, https:\/\/www.mokivape.com\/wp-content\/uploads\/M2_b_4-18x10.webp 18w, https:\/\/www.mokivape.com\/wp-content\/uploads\/M2_b_4-600x338.webp 600w\" sizes=\"(max-width: 1920px) 100vw, 1920px\" \/>\t\t\t\t\t\t\t\t\t\t\t\t\t\t\t<\/div>\n\t\t\t\t<\/div>\n\t\t\t\t<\/div>\n\t\t\t\t<\/div>","protected":false},"excerpt":{"rendered":"<p>A MOKI TPD Compliant Vaporizer MK-M2 egy kiv\u00e1l\u00f3 min\u0151s\u00e9g\u0171 k\u00e9sz\u00fcl\u00e9k, amelyet \u00fagy terveztek, hogy megfeleljen a TPD el\u0151\u00edr\u00e1soknak. Ez a kompakt 64*42*20mm-es vaporizer 400mAh-s akkumul\u00e1torral \u00e9s 1,0ohm-os h\u00e1l\u00f3s tekerccsel rendelkezik az egyenletes teljes\u00edtm\u00e9ny \u00e9rdek\u00e9ben. A 2mL e-folyad\u00e9k kapacit\u00e1ssal t\u00f6k\u00e9letesen alkalmas a nikotin ut\u00e1ni v\u00e1gyakoz\u00e1s kiel\u00e9g\u00edt\u00e9s\u00e9re.<br \/>\nT\u00f6ltsd fel a Type-C porton kereszt\u00fcl a legnagyobb k\u00e9nyelem \u00e9rdek\u00e9ben. A k\u00e9tsz\u00edn\u0171, fr\u00f6ccs\u00f6nt\u00f6tt PC+ABS anyagb\u00f3l k\u00e9sz\u00fclt k\u00e9sz\u00fcl\u00e9k nemcsak tart\u00f3s, hanem st\u00edlusos is. A MOKI TPD Vaporizer MK-M2 ide\u00e1lis feh\u00e9r m\u00e1rkajelz\u00e9shez, a MOKI TPD Vaporizer MK-M2 egy j\u00f3 h\u00edr\u0171 gy\u00e1rt\u00f3 \u00e9s besz\u00e1ll\u00edt\u00f3 MOKI neves gy\u00e1rt\u00f3j\u00e1nak \u00e9s sz\u00e1ll\u00edt\u00f3j\u00e1nak forr\u00f3 elad\u00e1s\u00fa, megrendel\u00e9sre k\u00e9sz\u00fclt term\u00e9ke. Az MK-M2 t\u00e1mogatja az OEM \u00e9s ODM gy\u00e1rt\u00e1st, ez egy gy\u00e1rilag gy\u00e1rtott megold\u00e1s a vape bar gy\u00e1rt\u00e1shoz, biztos\u00edtva a megfelel\u0151s\u00e9get \u00e9s a min\u0151s\u00e9get.<\/p>","protected":false},"featured_media":8145,"comment_status":"open","ping_status":"closed","template":"","meta":[],"product_brand":[],"product_cat":[16],"product_tag":[],"class_list":{"0":"post-1407","1":"product","2":"type-product","3":"status-publish","4":"has-post-thumbnail","6":"product_cat-pod-kits-refillable-open-pods-cartridge-oem","8":"first","9":"instock","10":"shipping-taxable","11":"product-type-simple"},"_links":{"self":[{"href":"https:\/\/www.mokivape.com\/hu\/wp-json\/wp\/v2\/product\/1407","targetHints":{"allow":["GET"]}}],"collection":[{"href":"https:\/\/www.mokivape.com\/hu\/wp-json\/wp\/v2\/product"}],"about":[{"href":"https:\/\/www.mokivape.com\/hu\/wp-json\/wp\/v2\/types\/product"}],"replies":[{"embeddable":true,"href":"https:\/\/www.mokivape.com\/hu\/wp-json\/wp\/v2\/comments?post=1407"}],"version-history":[{"count":0,"href":"https:\/\/www.mokivape.com\/hu\/wp-json\/wp\/v2\/product\/1407\/revisions"}],"wp:featuredmedia":[{"embeddable":true,"href":"https:\/\/www.mokivape.com\/hu\/wp-json\/wp\/v2\/media\/8145"}],"wp:attachment":[{"href":"https:\/\/www.mokivape.com\/hu\/wp-json\/wp\/v2\/media?parent=1407"}],"wp:term":[{"taxonomy":"product_brand","embeddable":true,"href":"https:\/\/www.mokivape.com\/hu\/wp-json\/wp\/v2\/product_brand?post=1407"},{"taxonomy":"product_cat","embeddable":true,"href":"https:\/\/www.mokivape.com\/hu\/wp-json\/wp\/v2\/product_cat?post=1407"},{"taxonomy":"product_tag","embeddable":true,"href":"https:\/\/www.mokivape.com\/hu\/wp-json\/wp\/v2\/product_tag?post=1407"}],"curies":[{"name":"wp","href":"https:\/\/api.w.org\/{rel}","templated":true}]}}