{"id":1351,"date":"2024-04-17T00:39:49","date_gmt":"2024-04-17T00:39:49","guid":{"rendered":"https:\/\/www.mokiecig.com\/?post_type=product&#038;p=1351"},"modified":"2025-01-03T06:04:32","modified_gmt":"2025-01-03T06:04:32","slug":"mk-m46-transparent-tank-vape-box","status":"publish","type":"product","link":"https:\/\/www.mokivape.com\/hu\/termek\/mk-m46-atlatszo-tartaly-vape-box\/","title":{"rendered":"MK-M46 \u00e1tl\u00e1tsz\u00f3 tart\u00e1ly Vape Box"},"content":{"rendered":"<div data-elementor-type=\"product-post\" data-elementor-id=\"1351\" class=\"elementor elementor-1351\" data-elementor-post-type=\"product\">\n\t\t\t\t<div class=\"elementor-element elementor-element-d587a12 e-con-full e-flex e-con e-parent\" data-id=\"d587a12\" data-element_type=\"container\">\n\t\t\t\t<div class=\"elementor-element elementor-element-3665dc8 elementor-widget elementor-widget-heading\" data-id=\"3665dc8\" data-element_type=\"widget\" data-widget_type=\"heading.default\">\n\t\t\t\t<div class=\"elementor-widget-container\">\n\t\t\t\t\t<h2 class=\"elementor-heading-title elementor-size-default\">MK-M46 \u00e1tl\u00e1tsz\u00f3 tart\u00e1ly Vape Box<\/h2>\t\t\t\t<\/div>\n\t\t\t\t<\/div>\n\t\t\t\t<div class=\"elementor-element elementor-element-f6b5ad1 elementor-widget elementor-widget-html\" data-id=\"f6b5ad1\" data-element_type=\"widget\" data-widget_type=\"html.default\">\n\t\t\t\t<div class=\"elementor-widget-container\">\n\t\t\t\t\t<table><tbody><tr><td>M\u00e9ret<\/td><td>81.7 * 46.7 * 21.8 mm<\/td><td>E-folyad\u00e9k kapacit\u00e1s<\/td><td>10 ml<\/td><\/tr><tr><td>Az akkumul\u00e1tor kapacit\u00e1sa<\/td><td>720 mAh<\/td><td>\u00dajrat\u00f6lthet\u0151<\/td><td>C-t\u00edpus\u00fa<\/td><\/tr><tr><td>F\u0171t\u0151huzal<\/td><td>Kett\u0151s ker\u00e1mia tekercs<\/td><td>Anyag<\/td><td>PC + PCTG<\/td><\/tr><tr><td>Ellen\u00e1ll\u00e1s<\/td><td colspan=\"3\">1.1 \u03a9<\/td><\/tr><\/tbody><\/table>\t\t\t\t<\/div>\n\t\t\t\t<\/div>\n\t\t\t\t<div class=\"elementor-element elementor-element-c2a358b elementor-widget elementor-widget-image\" data-id=\"c2a358b\" data-element_type=\"widget\" data-widget_type=\"image.default\">\n\t\t\t\t<div class=\"elementor-widget-container\">\n\t\t\t\t\t\t\t\t\t\t\t\t\t\t\t<img fetchpriority=\"high\" decoding=\"async\" width=\"1920\" height=\"1080\" src=\"https:\/\/www.mokivape.com\/wp-content\/uploads\/M46_b_1.webp\" class=\"attachment-full size-full wp-image-8187\" alt=\"M46 Cyber Style \u00e1tl\u00e1tsz\u00f3 tart\u00e1ly Vape\" srcset=\"https:\/\/www.mokivape.com\/wp-content\/uploads\/M46_b_1.webp 1920w, https:\/\/www.mokivape.com\/wp-content\/uploads\/M46_b_1-768x432.webp 768w, https:\/\/www.mokivape.com\/wp-content\/uploads\/M46_b_1-1536x864.webp 1536w, https:\/\/www.mokivape.com\/wp-content\/uploads\/M46_b_1-18x10.webp 18w, https:\/\/www.mokivape.com\/wp-content\/uploads\/M46_b_1-600x338.webp 600w\" sizes=\"(max-width: 1920px) 100vw, 1920px\" \/>\t\t\t\t\t\t\t\t\t\t\t\t\t\t\t<\/div>\n\t\t\t\t<\/div>\n\t\t\t\t<div class=\"elementor-element elementor-element-271bb59 elementor-widget elementor-widget-image\" data-id=\"271bb59\" data-element_type=\"widget\" data-widget_type=\"image.default\">\n\t\t\t\t<div class=\"elementor-widget-container\">\n\t\t\t\t\t\t\t\t\t\t\t\t\t\t\t<img decoding=\"async\" width=\"1920\" height=\"1080\" src=\"https:\/\/www.mokivape.com\/wp-content\/uploads\/M46_b_2.webp\" class=\"attachment-full size-full wp-image-8188\" alt=\"M46 Cyber Style \u00e1tl\u00e1tsz\u00f3 tart\u00e1ly Vape param\u00e9terei\" srcset=\"https:\/\/www.mokivape.com\/wp-content\/uploads\/M46_b_2.webp 1920w, https:\/\/www.mokivape.com\/wp-content\/uploads\/M46_b_2-768x432.webp 768w, https:\/\/www.mokivape.com\/wp-content\/uploads\/M46_b_2-1536x864.webp 1536w, https:\/\/www.mokivape.com\/wp-content\/uploads\/M46_b_2-18x10.webp 18w, https:\/\/www.mokivape.com\/wp-content\/uploads\/M46_b_2-600x338.webp 600w\" sizes=\"(max-width: 1920px) 100vw, 1920px\" \/>\t\t\t\t\t\t\t\t\t\t\t\t\t\t\t<\/div>\n\t\t\t\t<\/div>\n\t\t\t\t<div class=\"elementor-element elementor-element-84fd53d elementor-widget elementor-widget-image\" data-id=\"84fd53d\" data-element_type=\"widget\" data-widget_type=\"image.default\">\n\t\t\t\t<div class=\"elementor-widget-container\">\n\t\t\t\t\t\t\t\t\t\t\t\t\t\t\t<img decoding=\"async\" width=\"1920\" height=\"1080\" src=\"https:\/\/www.mokivape.com\/wp-content\/uploads\/M46_b_3.webp\" class=\"attachment-full size-full wp-image-8189\" alt=\"az M46 Cyber Style \u00e1tl\u00e1tsz\u00f3 tart\u00e1ly Vape sz\u00ednei\" srcset=\"https:\/\/www.mokivape.com\/wp-content\/uploads\/M46_b_3.webp 1920w, https:\/\/www.mokivape.com\/wp-content\/uploads\/M46_b_3-768x432.webp 768w, https:\/\/www.mokivape.com\/wp-content\/uploads\/M46_b_3-1536x864.webp 1536w, https:\/\/www.mokivape.com\/wp-content\/uploads\/M46_b_3-18x10.webp 18w, https:\/\/www.mokivape.com\/wp-content\/uploads\/M46_b_3-600x338.webp 600w\" sizes=\"(max-width: 1920px) 100vw, 1920px\" \/>\t\t\t\t\t\t\t\t\t\t\t\t\t\t\t<\/div>\n\t\t\t\t<\/div>\n\t\t\t\t<div class=\"elementor-element elementor-element-f48d26a elementor-widget elementor-widget-image\" data-id=\"f48d26a\" data-element_type=\"widget\" data-widget_type=\"image.default\">\n\t\t\t\t<div class=\"elementor-widget-container\">\n\t\t\t\t\t\t\t\t\t\t\t\t\t\t\t<img loading=\"lazy\" decoding=\"async\" width=\"1920\" height=\"1080\" src=\"https:\/\/www.mokivape.com\/wp-content\/uploads\/M46_b_4.webp\" class=\"attachment-full size-full wp-image-8190\" alt=\"M46 Cyber Style \u00e1tl\u00e1tsz\u00f3 tart\u00e1ly Vape\" srcset=\"https:\/\/www.mokivape.com\/wp-content\/uploads\/M46_b_4.webp 1920w, https:\/\/www.mokivape.com\/wp-content\/uploads\/M46_b_4-768x432.webp 768w, https:\/\/www.mokivape.com\/wp-content\/uploads\/M46_b_4-1536x864.webp 1536w, https:\/\/www.mokivape.com\/wp-content\/uploads\/M46_b_4-18x10.webp 18w, https:\/\/www.mokivape.com\/wp-content\/uploads\/M46_b_4-600x338.webp 600w\" sizes=\"(max-width: 1920px) 100vw, 1920px\" \/>\t\t\t\t\t\t\t\t\t\t\t\t\t\t\t<\/div>\n\t\t\t\t<\/div>\n\t\t\t\t<div class=\"elementor-element elementor-element-83c7d64 elementor-widget elementor-widget-image\" data-id=\"83c7d64\" data-element_type=\"widget\" data-widget_type=\"image.default\">\n\t\t\t\t<div class=\"elementor-widget-container\">\n\t\t\t\t\t\t\t\t\t\t\t\t\t\t\t<img loading=\"lazy\" decoding=\"async\" width=\"1920\" height=\"1080\" src=\"https:\/\/www.mokivape.com\/wp-content\/uploads\/M46_b_5.webp\" class=\"attachment-full size-full wp-image-8191\" alt=\"M46 Cyber Style \u00e1tl\u00e1tsz\u00f3 tart\u00e1ly Vape\" srcset=\"https:\/\/www.mokivape.com\/wp-content\/uploads\/M46_b_5.webp 1920w, https:\/\/www.mokivape.com\/wp-content\/uploads\/M46_b_5-768x432.webp 768w, https:\/\/www.mokivape.com\/wp-content\/uploads\/M46_b_5-1536x864.webp 1536w, https:\/\/www.mokivape.com\/wp-content\/uploads\/M46_b_5-18x10.webp 18w, https:\/\/www.mokivape.com\/wp-content\/uploads\/M46_b_5-600x338.webp 600w\" sizes=\"(max-width: 1920px) 100vw, 1920px\" \/>\t\t\t\t\t\t\t\t\t\t\t\t\t\t\t<\/div>\n\t\t\t\t<\/div>\n\t\t\t\t<div class=\"elementor-element elementor-element-e8332fc elementor-widget elementor-widget-image\" data-id=\"e8332fc\" data-element_type=\"widget\" data-widget_type=\"image.default\">\n\t\t\t\t<div class=\"elementor-widget-container\">\n\t\t\t\t\t\t\t\t\t\t\t\t\t\t\t<img loading=\"lazy\" decoding=\"async\" width=\"1920\" height=\"1080\" src=\"https:\/\/www.mokivape.com\/wp-content\/uploads\/M46_b_6.webp\" class=\"attachment-full size-full wp-image-8192\" alt=\"az M46 Cyber Style \u00e1tl\u00e1tsz\u00f3 tart\u00e1ly Vape csomaglist\u00e1ja\" srcset=\"https:\/\/www.mokivape.com\/wp-content\/uploads\/M46_b_6.webp 1920w, https:\/\/www.mokivape.com\/wp-content\/uploads\/M46_b_6-768x432.webp 768w, https:\/\/www.mokivape.com\/wp-content\/uploads\/M46_b_6-1536x864.webp 1536w, https:\/\/www.mokivape.com\/wp-content\/uploads\/M46_b_6-18x10.webp 18w, https:\/\/www.mokivape.com\/wp-content\/uploads\/M46_b_6-600x338.webp 600w\" sizes=\"(max-width: 1920px) 100vw, 1920px\" \/>\t\t\t\t\t\t\t\t\t\t\t\t\t\t\t<\/div>\n\t\t\t\t<\/div>\n\t\t\t\t<\/div>\n\t\t\t\t<\/div>","protected":false},"excerpt":{"rendered":"<p>A MOKI Transparent Tank Vape Box MK46 egy kiv\u00e1l\u00f3 min\u0151s\u00e9g\u0171, forr\u00f3 elad\u00e1s\u00fa eldobhat\u00f3 vape, amelyet az \u00e1ttekinthet\u0151s\u00e9g \u00e9s a k\u00e9nyelem \u00e9rdek\u00e9ben terveztek. A 720mAh akkumul\u00e1torral \u00e9s kett\u0151s ker\u00e1mia tekerccsel ez a vape box egyenletes \u00edzt \u00e9s g\u0151ztermel\u00e9st biztos\u00edt. A 10mL e-folyad\u00e9k kapacit\u00e1s \u00e9s az 1,0ohm ellen\u00e1ll\u00e1s kiel\u00e9g\u00edt\u0151 \u00e9lm\u00e9nyt biztos\u00edt. T\u00f6lt\u00e9s k\u00f6nnyed\u00e9n a Type-C seg\u00edts\u00e9g\u00e9vel.<br \/>\nA 81,7*46,7*21,8 mm-es m\u00e9retek tart\u00f3s PC+PCTG anyagb\u00f3l k\u00e9sz\u00fcltek. MK46 t\u00e1mogat\u00e1s OEM \u00e9s ODM sz\u00e1m\u00e1ra, ez a feh\u00e9r c\u00edmk\u00e9vel ell\u00e1tott p\u00e1rologtat\u00f3 a gy\u00e1rt\u00f3 \u00e9s a sz\u00e1ll\u00edt\u00f3 - MOKI - k\u00f6telez\u0151 darabja. Az \u00e1tl\u00e1tsz\u00f3 tart\u00e1ly tiszta r\u00e1l\u00e1t\u00e1st biztos\u00edt az e-folyad\u00e9k szintj\u00e9re, fokozva a p\u00e1rologtat\u00e1s \u00e9lm\u00e9ny\u00e9t. A megrendel\u00e9sre k\u00e9sz\u00fclt MOKI Vape Box az innov\u00e1ci\u00f3 megtestes\u00edt\u0151je az eldobhat\u00f3 vape technol\u00f3gi\u00e1ban.<\/p>","protected":false},"featured_media":8158,"comment_status":"open","ping_status":"closed","template":"","meta":[],"product_brand":[],"product_cat":[32,31],"product_tag":[],"class_list":{"0":"post-1351","1":"product","2":"type-product","3":"status-publish","4":"has-post-thumbnail","6":"product_cat-ceramic-coil-vape-pod-kits-fruit-flavor-ecigarette","7":"product_cat-disposable-vape-pod-kits-oem-vape-pen-manufacturing","9":"first","10":"instock","11":"shipping-taxable","12":"product-type-simple"},"_links":{"self":[{"href":"https:\/\/www.mokivape.com\/hu\/wp-json\/wp\/v2\/product\/1351","targetHints":{"allow":["GET"]}}],"collection":[{"href":"https:\/\/www.mokivape.com\/hu\/wp-json\/wp\/v2\/product"}],"about":[{"href":"https:\/\/www.mokivape.com\/hu\/wp-json\/wp\/v2\/types\/product"}],"replies":[{"embeddable":true,"href":"https:\/\/www.mokivape.com\/hu\/wp-json\/wp\/v2\/comments?post=1351"}],"version-history":[{"count":0,"href":"https:\/\/www.mokivape.com\/hu\/wp-json\/wp\/v2\/product\/1351\/revisions"}],"wp:featuredmedia":[{"embeddable":true,"href":"https:\/\/www.mokivape.com\/hu\/wp-json\/wp\/v2\/media\/8158"}],"wp:attachment":[{"href":"https:\/\/www.mokivape.com\/hu\/wp-json\/wp\/v2\/media?parent=1351"}],"wp:term":[{"taxonomy":"product_brand","embeddable":true,"href":"https:\/\/www.mokivape.com\/hu\/wp-json\/wp\/v2\/product_brand?post=1351"},{"taxonomy":"product_cat","embeddable":true,"href":"https:\/\/www.mokivape.com\/hu\/wp-json\/wp\/v2\/product_cat?post=1351"},{"taxonomy":"product_tag","embeddable":true,"href":"https:\/\/www.mokivape.com\/hu\/wp-json\/wp\/v2\/product_tag?post=1351"}],"curies":[{"name":"wp","href":"https:\/\/api.w.org\/{rel}","templated":true}]}}