{"id":6793,"date":"2024-08-30T08:12:08","date_gmt":"2024-08-30T08:12:08","guid":{"rendered":"https:\/\/www.mokiecig.com\/?page_id=6793"},"modified":"2025-12-08T02:07:28","modified_gmt":"2025-12-08T02:07:28","slug":"privacy-policy-2","status":"publish","type":"page","link":"https:\/\/www.mokivape.com\/hu\/adatvedelmi-szabalyzat-2\/","title":{"rendered":"Adatv\u00e9delmi ir\u00e1nyelvek"},"content":{"rendered":"<p>\u00d6n nem haszn\u00e1lhat semmilyen \"deep-link\", \"page-scrape\", \"robot\", \"spider\" vagy m\u00e1s automatikus eszk\u00f6zt, programot, algoritmust vagy m\u00f3dszertant, vagy b\u00e1rmilyen hasonl\u00f3 vagy azzal egyen\u00e9rt\u00e9k\u0171 manu\u00e1lis elj\u00e1r\u00e1st a Webhely vagy b\u00e1rmely Tartalom b\u00e1rmely r\u00e9sz\u00e9nek el\u00e9r\u00e9s\u00e9re, megszerz\u00e9s\u00e9re, m\u00e1sol\u00e1s\u00e1ra vagy megfigyel\u00e9s\u00e9re, vagy a Webhely vagy b\u00e1rmely Tartalom navig\u00e1ci\u00f3s szerkezet\u00e9nek vagy megjelen\u00edt\u00e9s\u00e9nek b\u00e1rmilyen m\u00f3don t\u00f6rt\u00e9n\u0151 reproduk\u00e1l\u00e1s\u00e1ra vagy megker\u00fcl\u00e9s\u00e9re, anyagok, dokumentumok vagy inform\u00e1ci\u00f3k megszerz\u00e9s\u00e9re vagy megszerz\u00e9s\u00e9re tett k\u00eds\u00e9rletre olyan eszk\u00f6z\u00f6kkel, amelyeket nem sz\u00e1nd\u00e9kosan tettek el\u00e9rhet\u0151v\u00e9 a Webhelyen kereszt\u00fcl. A MOKI vape fenntartja a jogot, hogy az ilyen tev\u00e9kenys\u00e9geket megakad\u00e1lyozza.\u00d6n nem k\u00eds\u00e9relhet meg jogosulatlan hozz\u00e1f\u00e9r\u00e9st szerezni a Webhely b\u00e1rmely r\u00e9sz\u00e9hez vagy funkci\u00f3j\u00e1hoz, vagy a Webhelyhez vagy b\u00e1rmely MOKI vape szerverhez kapcsol\u00f3d\u00f3 b\u00e1rmely m\u00e1s rendszerhez vagy h\u00e1l\u00f3zathoz, vagy a Webhelyen vagy azon kereszt\u00fcl k\u00edn\u00e1lt b\u00e1rmely szolg\u00e1ltat\u00e1shoz hackel\u00e9s, jelsz\u00f3 \"b\u00e1ny\u00e1szat\" vagy b\u00e1rmely m\u00e1s jogellenes eszk\u00f6zzel.<\/p>\n\n\n\n<p>\u00d6n nem vizsg\u00e1lhatja meg, nem vizsg\u00e1lhatja vagy tesztelheti a Webhely vagy a Webhelyhez kapcsol\u00f3d\u00f3 b\u00e1rmely h\u00e1l\u00f3zat sebezhet\u0151s\u00e9g\u00e9t, \u00e9s nem s\u00e9rtheti meg a Webhely vagy a Webhelyhez kapcsol\u00f3d\u00f3 b\u00e1rmely h\u00e1l\u00f3zat biztons\u00e1gi vagy hiteles\u00edt\u00e9si int\u00e9zked\u00e9seit. \u00d6n nem v\u00e9gezhet ford\u00edtott keres\u00e9st, nem k\u00f6vetheti vissza \u00e9s nem k\u00eds\u00e9relheti meg a Honlap b\u00e1rmely m\u00e1s felhaszn\u00e1l\u00f3j\u00e1ra vagy l\u00e1togat\u00f3j\u00e1ra, illetve a MOKI vape b\u00e1rmely m\u00e1s \u00fcgyfel\u00e9re vonatkoz\u00f3 inform\u00e1ci\u00f3k forr\u00e1s\u00e1t, bele\u00e9rtve b\u00e1rmely olyan MOKI vape fi\u00f3kot, amely nem az \u00d6n tulajdon\u00e1ban van, illetve nem haszn\u00e1lhatja fel a Honlapot vagy a Honlap \u00e1ltal vagy azon kereszt\u00fcl el\u00e9rhet\u0151v\u00e9 tett vagy k\u00edn\u00e1lt b\u00e1rmely szolg\u00e1ltat\u00e1st vagy inform\u00e1ci\u00f3t semmilyen m\u00f3don, amelynek c\u00e9lja b\u00e1rmilyen inform\u00e1ci\u00f3 felfed\u00e9se, bele\u00e9rtve, de nem kiz\u00e1r\u00f3lagosan a szem\u00e9lyes azonos\u00edt\u00e1st vagy inform\u00e1ci\u00f3t, kiv\u00e9ve az \u00d6n saj\u00e1t adatait, ahogyan azt a Honlap biztos\u00edtja.<\/p>\n\n\n\n<p>\u00d6n v\u00e1llalja, hogy nem tesz semmilyen olyan int\u00e9zked\u00e9st, amely indokolatlan vagy ar\u00e1nytalanul nagy terhet r\u00f3 a Webhely vagy a MOKI vape rendszereinek vagy h\u00e1l\u00f3zatainak infrastrukt\u00far\u00e1j\u00e1ra, illetve a Webhelyhez vagy a MOKI vape-hez kapcsol\u00f3d\u00f3 b\u00e1rmely rendszerre vagy h\u00e1l\u00f3zatra.<\/p>\n\n\n\n<p>\u00d6n beleegyezik, hogy nem haszn\u00e1l semmilyen eszk\u00f6zt, szoftvert vagy rutint a Honlap megfelel\u0151 m\u0171k\u00f6d\u00e9s\u00e9nek vagy a Honlapon v\u00e9grehajtott tranzakci\u00f3knak, illetve a Honlap b\u00e1rmely m\u00e1s szem\u00e9ly \u00e1ltali haszn\u00e1lat\u00e1nak megzavar\u00e1s\u00e1ra vagy megk\u00eds\u00e9rl\u00e9s\u00e9re.<\/p>\n\n\n\n<p>\u00d6n nem hamis\u00edthat fejl\u00e9ceket vagy manipul\u00e1lhat m\u00e1s m\u00f3don azonos\u00edt\u00f3kat annak \u00e9rdek\u00e9ben, hogy elrejtse a MOKI vape-nak a Webhelyen vagy azon kereszt\u00fcl, illetve a Webhelyen vagy azon kereszt\u00fcl k\u00edn\u00e1lt b\u00e1rmely szolg\u00e1ltat\u00e1son kereszt\u00fcl k\u00fcld\u00f6tt b\u00e1rmely \u00fczenet vagy \u00e1tvitel eredet\u00e9t. Nem adhatja ki mag\u00e1t m\u00e1s szem\u00e9lynek vagy szervezetnek, illetve nem adhatja ki mag\u00e1t m\u00e1s szem\u00e9lynek vagy szervezetnek.Nem haszn\u00e1lhatja a Webhelyet vagy a Tartalmat olyan c\u00e9lra, amely jogellenes vagy a jelen Felhaszn\u00e1l\u00e1si felt\u00e9telek \u00e1ltal tiltott, illetve nem haszn\u00e1lhatja arra, hogy illeg\u00e1lis vagy a MOKI vape vagy m\u00e1sok jogait s\u00e9rt\u0151 tev\u00e9kenys\u00e9gre buzd\u00edtson.<\/p>\n\n\n\n<h3 class=\"wp-block-heading\">MILYEN INFORM\u00c1CI\u00d3KAT GY\u0170JT\u00dcNK?<\/h3>\n\n\n\n<p>Inform\u00e1ci\u00f3kat gy\u0171jt\u00fcnk \u00d6nt\u0151l, amikor regisztr\u00e1l a weboldalunkon, megrendel\u00e9st ad le vagy kit\u00f6lti az \u0171rlapot.Amikor megrendel vagy regisztr\u00e1l a weboldalunkon, adott esetben megk\u00e9rhetj\u00fck, hogy adja meg a nev\u00e9t, e-mail c\u00edm\u00e9t vagy levelez\u00e9si c\u00edm\u00e9t. \u00d6n azonban anonim m\u00f3don is megl\u00e1togathatja oldalunkat.<\/p>\n\n\n\n<h3 class=\"wp-block-heading\">MIRE HASZN\u00c1LJUK FEL AZ \u00d6N ADATAIT?<\/h3>\n\n\n\n<p>Az \u00d6nt\u0151l gy\u0171jt\u00f6tt inform\u00e1ci\u00f3kat az al\u00e1bbi m\u00f3dokon haszn\u00e1lhatjuk fel:<\/p>\n\n\n\n<p>*Az \u00e9lm\u00e9ny szem\u00e9lyre szab\u00e1sa<\/p>\n\n\n\n<p>(az \u00d6n adatai seg\u00edtenek nek\u00fcnk abban, hogy jobban tudjunk reag\u00e1lni az \u00d6n egy\u00e9ni ig\u00e9nyeire)<\/p>\n\n\n\n<p>*Honlapunk jav\u00edt\u00e1sa<\/p>\n\n\n\n<p>(az \u00d6nt\u0151l kapott inform\u00e1ci\u00f3k \u00e9s visszajelz\u00e9sek alapj\u00e1n folyamatosan igyeksz\u00fcnk jav\u00edtani weboldalunk k\u00edn\u00e1lat\u00e1t)<\/p>\n\n\n\n<p>*Az \u00fcgyf\u00e9lszolg\u00e1lat jav\u00edt\u00e1sa<\/p>\n\n\n\n<p>(az \u00d6n adatai seg\u00edtenek nek\u00fcnk abban, hogy hat\u00e9konyabban tudjunk reag\u00e1lni az \u00d6n \u00fcgyf\u00e9lszolg\u00e1lati k\u00e9r\u00e9seire \u00e9s t\u00e1mogat\u00e1si ig\u00e9nyeire)<\/p>\n\n\n\n<p>*A tranzakci\u00f3k feldolgoz\u00e1s\u00e1hoz<\/p>\n\n\n\n<p>Az \u00d6n nyilv\u00e1nos vagy mag\u00e1njelleg\u0171 adatait az \u00d6n hozz\u00e1j\u00e1rul\u00e1sa n\u00e9lk\u00fcl semmilyen okb\u00f3l nem adjuk el, nem cser\u00e9lj\u00fck el, nem adjuk \u00e1t \u00e9s nem adjuk \u00e1t m\u00e1s v\u00e1llalatnak, kiv\u00e9ve a k\u00e9rt term\u00e9k vagy szolg\u00e1ltat\u00e1s kifejezett c\u00e9lj\u00e1ra.<\/p>\n\n\n\n<p>* Rendszeres e-mailek k\u00fcld\u00e9se<\/p>\n\n\n\n<p>A megrendel\u00e9s feldolgoz\u00e1s\u00e1hoz megadott e-mail c\u00edm\u00e9t arra haszn\u00e1lhatjuk, hogy a megrendel\u00e9s\u00e9vel kapcsolatos inform\u00e1ci\u00f3kat \u00e9s friss\u00edt\u00e9seket k\u00fcldj\u00fcnk \u00d6nnek, valamint hogy alkalmank\u00e9nt v\u00e1llalati h\u00edreket, friss\u00edt\u00e9seket, kapcsol\u00f3d\u00f3 term\u00e9k- vagy szolg\u00e1ltat\u00e1si inform\u00e1ci\u00f3kat stb. kapjon.<\/p>\n\n\n\n<h3 class=\"wp-block-heading\">HOGYAN V\u00c9DJ\u00dcK AZ \u00d6N ADATAIT?<\/h3>\n\n\n\n<p>Sz\u00e1mos biztons\u00e1gi int\u00e9zked\u00e9st alkalmazunk az \u00d6n szem\u00e9lyes adatainak biztons\u00e1ga \u00e9rdek\u00e9ben, amikor \u00d6n megrendel\u00e9st ad le, vagy megadja, elk\u00fcldi szem\u00e9lyes adatait, illetve hozz\u00e1f\u00e9r azokhoz.<\/p>\n\n\n\n<p>Egy biztons\u00e1gos szerver haszn\u00e1lat\u00e1t k\u00edn\u00e1ljuk.<\/p>\n\n\n\n<h3 class=\"wp-block-heading\">KIADUNK-E B\u00c1RMILYEN INFORM\u00c1CI\u00d3T K\u00dcLS\u0150 FELEKNEK?<\/h3>\n\n\n\n<p>Nem adjuk el, nem keresked\u00fcnk, \u00e9s nem adjuk \u00e1t m\u00e1s m\u00f3don k\u00fcls\u0151 feleknek az \u00d6n szem\u00e9lyazonos\u00edt\u00e1sra alkalmas adatait. Ez nem vonatkozik azokra a megb\u00edzhat\u00f3 harmadik felekre, akik seg\u00edtenek minket a weboldalunk m\u0171k\u00f6dtet\u00e9s\u00e9ben, \u00fczleti tev\u00e9kenys\u00e9g\u00fcnk lebonyol\u00edt\u00e1s\u00e1ban vagy az \u00d6n kiszolg\u00e1l\u00e1s\u00e1ban, amennyiben ezek a felek v\u00e1llalj\u00e1k, hogy bizalmasan kezelik ezeket az inform\u00e1ci\u00f3kat. Akkor is kiadhatjuk az \u00d6n adatait, ha \u00fagy v\u00e9lj\u00fck, hogy a t\u00f6rv\u00e9nynek val\u00f3 megfelel\u00e9s, webhely\u00fcnk szab\u00e1lyzatainak \u00e9rv\u00e9nyes\u00edt\u00e9se, illetve a saj\u00e1t vagy m\u00e1sok jogainak, tulajdon\u00e1nak vagy biztons\u00e1g\u00e1nak v\u00e9delme \u00e9rdek\u00e9ben sz\u00fcks\u00e9ges az adatok kiad\u00e1sa. A nem szem\u00e9lyazonos\u00edt\u00e1sra alkalmas l\u00e1togat\u00f3i inform\u00e1ci\u00f3k azonban \u00e1tadhat\u00f3k m\u00e1s feleknek marketing, rekl\u00e1moz\u00e1s vagy egy\u00e9b felhaszn\u00e1l\u00e1s c\u00e9lj\u00e1b\u00f3l.<\/p>\n\n\n\n<h3 class=\"wp-block-heading\">CSAK ONLINE ADATV\u00c9DELMI SZAB\u00c1LYZAT<\/h3>\n\n\n\n<p>Ez az online adatv\u00e9delmi ir\u00e1nyelv csak a weboldalunkon kereszt\u00fcl gy\u0171jt\u00f6tt inform\u00e1ci\u00f3kra vonatkozik, az offline gy\u0171jt\u00f6tt inform\u00e1ci\u00f3kra nem.<\/p>\n\n\n\n<h3 class=\"wp-block-heading\">AZ \u00d6N BELEEGYEZ\u00c9SE<\/h3>\n\n\n\n<p>Oldalunk haszn\u00e1lat\u00e1val \u00d6n elfogadja adatv\u00e9delmi szab\u00e1lyzatunkat.<\/p>\n\n\n\n<p>A jelen felhaszn\u00e1l\u00e1si felt\u00e9telek megs\u00e9rt\u00e9se<\/p>\n\n\n\n<p>A MOKI vape nyilv\u00e1noss\u00e1gra hozhatja az \u00d6nr\u0151l birtokunkban l\u00e9v\u0151 b\u00e1rmely inform\u00e1ci\u00f3t (bele\u00e9rtve az \u00d6n szem\u00e9lyazonoss\u00e1g\u00e1t), ha \u00fagy \u00edt\u00e9lj\u00fck meg, hogy az ilyen k\u00f6zz\u00e9t\u00e9tel sz\u00fcks\u00e9ges a Webhely \u00d6n \u00e1ltali haszn\u00e1lat\u00e1val kapcsolatos b\u00e1rmilyen vizsg\u00e1lat vagy panasz kapcs\u00e1n, vagy annak \u00e9rdek\u00e9ben, hogy azonos\u00edtsuk, kapcsolatba l\u00e9pj\u00fcnk vagy jogi l\u00e9p\u00e9seket tegy\u00fcnk valaki ellen, aki k\u00e1rt okozhat vagy zavarhatja (ak\u00e1r sz\u00e1nd\u00e9kosan, ak\u00e1r nem sz\u00e1nd\u00e9kosan) a MOKI vape jogait vagy tulajdon\u00e1t, vagy a Webhely l\u00e1togat\u00f3inak vagy felhaszn\u00e1l\u00f3inak jogait vagy tulajdon\u00e1t, bele\u00e9rtve a MOKI vape \u00fcgyfeleit. A MOKI vape fenntartja a jogot, hogy b\u00e1rmikor nyilv\u00e1noss\u00e1gra hozzon minden olyan inform\u00e1ci\u00f3t, amelyet a MOKI vape sz\u00fcks\u00e9gesnek tart b\u00e1rmely alkalmazand\u00f3 t\u00f6rv\u00e9ny, rendelet, jogi elj\u00e1r\u00e1s vagy korm\u00e1nyzati k\u00e9r\u00e9s teljes\u00edt\u00e9s\u00e9hez.<\/p>\n\n\n\n<p>A MOKI vape akkor is nyilv\u00e1noss\u00e1gra hozhatja az \u00d6n adatait, ha a MOKI vape \u00fagy \u00edt\u00e9li meg, hogy az alkalmazand\u00f3 jogszab\u00e1lyok megk\u00f6vetelik vagy lehet\u0151v\u00e9 teszik az ilyen nyilv\u00e1noss\u00e1gra hozatalt, bele\u00e9rtve az inform\u00e1ci\u00f3k cser\u00e9j\u00e9t m\u00e1s v\u00e1llalatokkal \u00e9s szervezetekkel csal\u00e1s elleni v\u00e9delem c\u00e9lj\u00e1b\u00f3l.<\/p>\n\n\n\n<p>\u00d6n tudom\u00e1sul veszi \u00e9s elfogadja, hogy a MOKI vape meg\u0151rizheti az \u00d6n \u00e1ltal a MOKI vape-nek a Webhelyen vagy a Webhelyen vagy azon kereszt\u00fcl k\u00edn\u00e1lt b\u00e1rmely szolg\u00e1ltat\u00e1son kereszt\u00fcl a MOKI vape-pel folytatott b\u00e1rmilyen adat\u00e1tvitelt vagy kommunik\u00e1ci\u00f3t, \u00e9s nyilv\u00e1noss\u00e1gra hozhatja ezeket az adatokat, ha erre t\u00f6rv\u00e9ny k\u00f6telezi, vagy ha a MOKI vape \u00fagy \u00edt\u00e9li meg, hogy az ilyen meg\u0151rz\u00e9s vagy nyilv\u00e1noss\u00e1gra hozatal \u00e9sszer\u0171en sz\u00fcks\u00e9ges (1) a jogi elj\u00e1r\u00e1snak val\u00f3 megfelel\u00e9shez, (2) a jelen Felhaszn\u00e1l\u00e1si felt\u00e9telek \u00e9rv\u00e9nyre juttat\u00e1sa, (3) olyan \u00e1ll\u00edt\u00e1sokra val\u00f3 reag\u00e1l\u00e1s, amelyek szerint b\u00e1rmely ilyen adat s\u00e9rti m\u00e1sok jogait, vagy (4) a MOKI vape, alkalmazottai, a Webhely felhaszn\u00e1l\u00f3i vagy l\u00e1togat\u00f3i, valamint a nyilv\u00e1noss\u00e1g jogainak, tulajdon\u00e1nak vagy szem\u00e9lyes biztons\u00e1g\u00e1nak v\u00e9delme.<\/p>\n\n\n\n<p>\u00d6n elfogadja, hogy a MOKI vape saj\u00e1t bel\u00e1t\u00e1sa szerint \u00e9s el\u0151zetes \u00e9rtes\u00edt\u00e9s n\u00e9lk\u00fcl megsz\u00fcntetheti az \u00d6n hozz\u00e1f\u00e9r\u00e9s\u00e9t a Honlaphoz \u00e9s\/vagy blokkolhatja a Honlaphoz val\u00f3 j\u00f6v\u0151beni hozz\u00e1f\u00e9r\u00e9s\u00e9t, ha \u00fagy \u00edt\u00e9lj\u00fck meg, hogy \u00d6n megs\u00e9rtette a jelen Felhaszn\u00e1l\u00e1si felt\u00e9teleket vagy a Honlap haszn\u00e1lat\u00e1val kapcsolatos egy\u00e9b meg\u00e1llapod\u00e1sokat vagy ir\u00e1nyelveket. \u00d6n tov\u00e1bb\u00e1 elfogadja, hogy a jelen Felhaszn\u00e1l\u00e1si felt\u00e9telek \u00d6n \u00e1ltali b\u00e1rmilyen megs\u00e9rt\u00e9se jogellenes \u00e9s tisztess\u00e9gtelen \u00fczleti gyakorlatnak min\u0151s\u00fcl, \u00e9s helyrehozhatatlan k\u00e1rt okoz a MOKI vape sz\u00e1m\u00e1ra, amelyre a p\u00e9nzbeli k\u00e1rt\u00e9r\u00edt\u00e9s nem lenne megfelel\u0151, \u00e9s \u00d6n hozz\u00e1j\u00e1rul ahhoz, hogy a MOKI vape minden olyan tilt\u00f3 vagy m\u00e9lt\u00e1nyos jogorvoslatot el\u00e9rjen, amelyet a MOKI vape ilyen k\u00f6r\u00fclm\u00e9nyek k\u00f6z\u00f6tt sz\u00fcks\u00e9gesnek vagy megfelel\u0151nek \u00edt\u00e9l. Ezek a jogorvoslati lehet\u0151s\u00e9gek kieg\u00e9sz\u00edtik a MOKI vape b\u00e1rmely m\u00e1s, t\u00f6rv\u00e9nyes vagy m\u00e9lt\u00e1nyoss\u00e1gi jogorvoslati lehet\u0151s\u00e9g\u00e9t.<\/p>\n\n\n\n<p>\u00d6n elfogadja, hogy a MOKI vape saj\u00e1t bel\u00e1t\u00e1sa szerint \u00e9s el\u0151zetes \u00e9rtes\u00edt\u00e9s n\u00e9lk\u00fcl megsz\u00fcntetheti az \u00d6n hozz\u00e1f\u00e9r\u00e9s\u00e9t a Honlaphoz, ha annak oka van, amely mag\u00e1ban foglalja (de nem kiz\u00e1r\u00f3lagosan) (1) a b\u0171n\u00fcld\u00f6z\u0151 vagy m\u00e1s korm\u00e1nyzati szervek k\u00e9r\u00e9s\u00e9t, (2) az \u00d6n k\u00e9r\u00e9s\u00e9t (saj\u00e1t kezdem\u00e9nyez\u00e9s\u0171 fi\u00f3k t\u00f6rl\u00e9se), (3) a Honlap vagy a Honlapon vagy azon kereszt\u00fcl k\u00edn\u00e1lt b\u00e1rmely szolg\u00e1ltat\u00e1s megsz\u00fcntet\u00e9s\u00e9t vagy l\u00e9nyeges m\u00f3dos\u00edt\u00e1s\u00e1t, vagy (4) v\u00e1ratlan technikai probl\u00e9m\u00e1k vagy probl\u00e9m\u00e1k.<\/p>\n\n\n\n<p>Ha a MOKI vape jogi l\u00e9p\u00e9seket tesz \u00d6n ellen a jelen Felhaszn\u00e1l\u00e1si felt\u00e9telek megs\u00e9rt\u00e9se miatt, a MOKI vape jogosult lesz \u00d6nt\u0151l behajtani, \u00e9s \u00d6n v\u00e1llalja, hogy a MOKI vape sz\u00e1m\u00e1ra biztos\u00edtott b\u00e1rmely m\u00e1s jogorvoslati lehet\u0151s\u00e9gen t\u00falmen\u0151en, az \u00f6sszes \u00e9sszer\u0171 \u00fcgyv\u00e9di d\u00edjat \u00e9s k\u00f6lts\u00e9get is megfizeti. \u00d6n elfogadja, hogy a MOKI vape nem v\u00e1llal felel\u0151ss\u00e9get \u00d6nnel vagy harmadik f\u00e9llel szemben a jelen Felhaszn\u00e1l\u00e1si felt\u00e9telek megs\u00e9rt\u00e9se miatt a Honlaphoz val\u00f3 hozz\u00e1f\u00e9r\u00e9s\u00e9nek megsz\u00fcntet\u00e9s\u00e9\u00e9rt.<\/p>\n\n\n\n<h3 class=\"wp-block-heading\">A JELEN ADATV\u00c9DELMI NYILATKOZAT V\u00c1LTOZ\u00c1SAI<\/h3>\n\n\n\n<p>Ha \u00fagy d\u00f6nt\u00fcnk, hogy megv\u00e1ltoztatjuk adatv\u00e9delmi szab\u00e1lyzatunkat, akkor ezeket a v\u00e1ltoztat\u00e1sokat k\u00f6zz\u00e9tessz\u00fck a jelen adatv\u00e9delmi nyilatkozatban, a honlapon \u00e9s m\u00e1s, \u00e1ltalunk megfelel\u0151nek \u00edt\u00e9lt helyeken, hogy \u00d6n tiszt\u00e1ban legyen azzal, milyen adatokat gy\u0171jt\u00fcnk, hogyan haszn\u00e1ljuk fel azokat, \u00e9s milyen k\u00f6r\u00fclm\u00e9nyek k\u00f6z\u00f6tt, ha egy\u00e1ltal\u00e1n, nyilv\u00e1noss\u00e1gra hozzuk azokat.<\/p>\n\n\n\n<p>Fenntartjuk a jogot, hogy b\u00e1rmikor m\u00f3dos\u00edtsuk ezt az adatv\u00e9delmi nyilatkozatot, ez\u00e9rt k\u00e9rj\u00fck, hogy gyakran olvassa \u00e1t. Ha l\u00e9nyeges v\u00e1ltoztat\u00e1sokat eszk\u00f6zl\u00fcnk ezen ir\u00e1nyelvben, err\u0151l itt, e-mailben vagy a honlapunkon megjelen\u0151 \u00e9rtes\u00edt\u00e9ssel \u00e9rtes\u00edtj\u00fck \u00d6nt.<\/p>","protected":false},"excerpt":{"rendered":"<p>You may not use any \u201cdeep-link\u201d, \u201cpage-scrape\u201d, \u201crobot\u201d, \u201cspider\u201d or other automatic devices, program, algorithm or methodology, or any similar or equivalent manual process, to access, acquire, copy or monitor any portion of the Site or any Content, or in any way reproduce or circumvent the navigational structure or presentation of the Site or any [&hellip;]<\/p>","protected":false},"author":1,"featured_media":0,"parent":0,"menu_order":0,"comment_status":"closed","ping_status":"closed","template":"","meta":{"footnotes":""},"class_list":["post-6793","page","type-page","status-publish","hentry"],"_links":{"self":[{"href":"https:\/\/www.mokivape.com\/hu\/wp-json\/wp\/v2\/pages\/6793","targetHints":{"allow":["GET"]}}],"collection":[{"href":"https:\/\/www.mokivape.com\/hu\/wp-json\/wp\/v2\/pages"}],"about":[{"href":"https:\/\/www.mokivape.com\/hu\/wp-json\/wp\/v2\/types\/page"}],"author":[{"embeddable":true,"href":"https:\/\/www.mokivape.com\/hu\/wp-json\/wp\/v2\/users\/1"}],"replies":[{"embeddable":true,"href":"https:\/\/www.mokivape.com\/hu\/wp-json\/wp\/v2\/comments?post=6793"}],"version-history":[{"count":0,"href":"https:\/\/www.mokivape.com\/hu\/wp-json\/wp\/v2\/pages\/6793\/revisions"}],"wp:attachment":[{"href":"https:\/\/www.mokivape.com\/hu\/wp-json\/wp\/v2\/media?parent=6793"}],"curies":[{"name":"wp","href":"https:\/\/api.w.org\/{rel}","templated":true}]}}