{"id":6791,"date":"2024-08-30T08:06:50","date_gmt":"2024-08-30T08:06:50","guid":{"rendered":"https:\/\/www.mokiecig.com\/?page_id=6791"},"modified":"2025-12-08T01:43:22","modified_gmt":"2025-12-08T01:43:22","slug":"terms","status":"publish","type":"page","link":"https:\/\/www.mokivape.com\/hu\/feltetelek\/","title":{"rendered":"Felt\u00e9telek"},"content":{"rendered":"<h3 class=\"wp-block-heading\">FELT\u00c9TELEK \u00c9S KIK\u00d6T\u00c9SEK<\/h3>\n\n\n\n<p>A jelen Haszn\u00e1lati felt\u00e9telek (\"Meg\u00e1llapod\u00e1s\") a mokivape.com c\u00edmen tal\u00e1lhat\u00f3 MOKI vape weboldalra \u00e9s a MOKI vape, le\u00e1nyv\u00e1llalatai \u00e9s kapcsolt v\u00e1llalkoz\u00e1sai \u00e1ltal a mokivape.com-hoz kapcsol\u00f3d\u00f3 \u00f6sszes weboldalra vonatkoznak, bele\u00e9rtve a MOKI vape weboldalakat szerte a vil\u00e1gon (egy\u00fcttesen a \"weboldal\"). A MOKI vape \u00e9s licencad\u00f3inak webhelye.<\/p>\n\n\n\n<p>AZ OLDAL HASZN\u00c1LAT\u00c1VAL \u00d6N ELFOGADJA EZEKET A FELHASZN\u00c1L\u00c1SI FELT\u00c9TELEKET; HA NEM \u00c9RT EGYET, NE HASZN\u00c1LJA AZ OLDALT. A MOKI vape fenntartja a jogot, hogy saj\u00e1t bel\u00e1t\u00e1sa szerint b\u00e1rmikor megv\u00e1ltoztassa, m\u00f3dos\u00edtsa, kieg\u00e9sz\u00edtse vagy elt\u00e1vol\u00edtsa a jelen Felhaszn\u00e1l\u00e1si felt\u00e9telek egyes r\u00e9szeit. Az \u00d6n felel\u0151ss\u00e9ge, hogy rendszeresen ellen\u0151rizze a jelen Haszn\u00e1lati felt\u00e9teleket a v\u00e1ltoz\u00e1sok tekintet\u00e9ben. Ha a v\u00e1ltoztat\u00e1sok k\u00f6zz\u00e9t\u00e9tele ut\u00e1n tov\u00e1bbra is haszn\u00e1lja a webhelyet, az azt jelenti, hogy elfogadja \u00e9s elfogadja a v\u00e1ltoztat\u00e1sokat. Mindaddig, am\u00edg \u00d6n megfelel a jelen Felhaszn\u00e1l\u00e1si felt\u00e9teleknek, a MOKI vape szem\u00e9lyes, nem kiz\u00e1r\u00f3lagos, nem \u00e1truh\u00e1zhat\u00f3, korl\u00e1tozott jogosults\u00e1got biztos\u00edt \u00d6nnek a Honlapra val\u00f3 bel\u00e9p\u00e9sre \u00e9s annak haszn\u00e1lat\u00e1ra. Ez\u00e9rt k\u00e9rj\u00fck, olvassa el figyelmesen. \u00d6nre, mint a Weboldal felhaszn\u00e1l\u00f3j\u00e1ra az Adatv\u00e9delmi szab\u00e1lyzatunk is vonatkozik, amely a jelen Meg\u00e1llapod\u00e1s r\u00e9sz\u00e9t k\u00e9pezi \u00e9s annak r\u00e9sz\u00e9t k\u00e9pezi.A weboldalon tal\u00e1lhat\u00f3 anyagok a vonatkoz\u00f3 szerz\u0151i jogi \u00e9s v\u00e9djegyjogok v\u00e9delme alatt \u00e1llnak.<\/p>\n\n\n\n<p>AZ OLDALRA VAL\u00d3 BEL\u00c9P\u00c9SSEL \u00d6N KIJELENTI \u00c9S GARANT\u00c1LJA, HOGY HUSZONEGY (21) \u00c9VES VAGY ANN\u00c1L ID\u0150SEBB.<\/p>\n\n\n\n<h3 class=\"wp-block-heading\">Tartalom<\/h3>\n\n\n\n<p>A Webhelyen tal\u00e1lhat\u00f3 minden sz\u00f6veg, grafika, felhaszn\u00e1l\u00f3i fel\u00fclet, vizu\u00e1lis fel\u00fclet, f\u00e9nyk\u00e9p, v\u00e9djegy, log\u00f3, hang, zene, zenei anyag, m\u0171v\u00e9szeti alkot\u00e1s \u00e9s sz\u00e1m\u00edt\u00f3g\u00e9pes k\u00f3d (egy\u00fcttesen \"Tartalom\"), bele\u00e9rtve, de nem kiz\u00e1r\u00f3lagosan az ilyen Tartalom tervez\u00e9s\u00e9t, szerkezet\u00e9t, kiv\u00e1laszt\u00e1s\u00e1t, koordin\u00e1ci\u00f3j\u00e1t, kifejez\u00e9s\u00e9t, \"megjelen\u00e9s\u00e9t\" \u00e9s elrendez\u00e9s\u00e9t, a MOKI vape tulajdon\u00e1ban, ellen\u0151rz\u00e9se alatt \u00e1ll, vagy licencben van, \u00e9s a kereskedelmi megjelen\u00e9s, a szerz\u0151i jog, a szabadalmi \u00e9s v\u00e9djegyjogok, valamint k\u00fcl\u00f6nb\u00f6z\u0151 egy\u00e9b szellemi tulajdonjogok \u00e9s a tisztess\u00e9gtelen versenyre vonatkoz\u00f3 jogszab\u00e1lyok \u00e1ltal v\u00e9dett.A jelen Felhaszn\u00e1l\u00e1si Felt\u00e9telek kifejezett rendelkez\u00e9sei kiv\u00e9tel\u00e9vel a MOKI vape kifejezett el\u0151zetes \u00edr\u00e1sbeli hozz\u00e1j\u00e1rul\u00e1sa n\u00e9lk\u00fcl a Webhely egyetlen r\u00e9sze \u00e9s semmilyen Tartalom sem m\u00e1solhat\u00f3, reproduk\u00e1lhat\u00f3, \u00fajra k\u00f6zz\u00e9tehet\u0151, felt\u00f6lthet\u0151, k\u00f6zz\u00e9tehet\u0151, nyilv\u00e1nosan megjelen\u00edthet\u0151, k\u00f3dolhat\u00f3, leford\u00edthat\u00f3, tov\u00e1bb\u00edthat\u00f3 vagy b\u00e1rmilyen m\u00f3don terjeszthet\u0151 (bele\u00e9rtve a \"t\u00fckr\u00f6z\u00e9st\") m\u00e1s sz\u00e1m\u00edt\u00f3g\u00e9pre, szerverre, weboldalra vagy m\u00e1s m\u00e9di\u00e1ra k\u00f6zz\u00e9t\u00e9tel vagy terjeszt\u00e9s, illetve b\u00e1rmilyen kereskedelmi v\u00e1llalkoz\u00e1s sz\u00e1m\u00e1ra.<\/p>\n\n\n\n<h3 class=\"wp-block-heading\">Sz\u00ednek<\/h3>\n\n\n\n<p>Mindent megtett\u00fcnk annak \u00e9rdek\u00e9ben, hogy a lehet\u0151 legpontosabban jelen\u00edts\u00fck meg a weboldalon megjelen\u0151 term\u00e9keink sz\u00edneit. Mivel azonban a t\u00e9nylegesen megjelen\u0151 sz\u00ednek az \u00d6n monitor\u00e1t\u00f3l f\u00fcggnek, nem tudjuk garant\u00e1lni, hogy a monitora b\u00e1rmely sz\u00ednt pontosan jelen\u00edt meg.<\/p>\n\n\n\n<h3 class=\"wp-block-heading\">Szerz\u0151i jog<\/h3>\n\n\n\n<p>A weboldal szerz\u0151i jogai (bele\u00e9rtve korl\u00e1toz\u00e1s n\u00e9lk\u00fcl a sz\u00f6veget, grafik\u00e1kat, log\u00f3kat, hangokat \u00e9s vide\u00f3kat) a MOKI vape tulajdon\u00e1t k\u00e9pezik, \u00e9s a MOKI vape enged\u00e9lyezte. A weboldalon tal\u00e1lhat\u00f3 \u00f6sszes anyagot a k\u00ednai \u00e9s a nemzetk\u00f6zi szerz\u0151i jog v\u00e9di, \u00e9s a MOKI vape el\u0151zetes \u00edr\u00e1sbeli enged\u00e9lye n\u00e9lk\u00fcl nem m\u00e1solhat\u00f3, nem sokszoros\u00edthat\u00f3, nem terjeszthet\u0151, nem tov\u00e1bb\u00edthat\u00f3, nem jelen\u00edthet\u0151 meg, nem publik\u00e1lhat\u00f3, nem adapt\u00e1lhat\u00f3, \u00e9s nem kezelhet\u0151 semmilyen form\u00e1ban, semmilyen eszk\u00f6zzel \u00e9s semmilyen m\u00e9diumban. A tartalom m\u00e1solatain nem v\u00e1ltoztathatja meg \u00e9s nem t\u00e1vol\u00edthatja el a szerz\u0151i jogi vagy egy\u00e9b megjegyz\u00e9seket. A MOKI vape kifejezett \u00edr\u00e1sbeli enged\u00e9lye n\u00e9lk\u00fcl nem \"t\u00fckr\u00f6zheti\" az ezen az oldalon vagy b\u00e1rmely m\u00e1s szerveren tal\u00e1lhat\u00f3 anyagokat. Az itt megadott enged\u00e9lyek automatikusan, tov\u00e1bbi \u00e9rtes\u00edt\u00e9s n\u00e9lk\u00fcl megsz\u0171nnek, ha \u00d6n megszegi a fenti felt\u00e9telek b\u00e1rmelyik\u00e9t. Ilyen megsz\u0171n\u00e9s eset\u00e9n \u00d6n beleegyezik, hogy azonnal megsemmis\u00edt minden let\u00f6lt\u00f6tt \u00e9s\/vagy kinyomtatott anyagot. Az ezen az oldalon tal\u00e1lhat\u00f3 b\u00e1rmely anyag enged\u00e9ly n\u00e9lk\u00fcli felhaszn\u00e1l\u00e1sa s\u00e9rtheti a hazai \u00e9s\/vagy nemzetk\u00f6zi szerz\u0151i jogi t\u00f6rv\u00e9nyeket, a mag\u00e1n\u00e9letre \u00e9s a nyilv\u00e1noss\u00e1gra vonatkoz\u00f3 t\u00f6rv\u00e9nyeket, valamint a kommunik\u00e1ci\u00f3s, szab\u00e1lyoz\u00e1si \u00e9s t\u00f6rv\u00e9nyi el\u0151\u00edr\u00e1sokat.<\/p>\n\n\n\n<h3 class=\"wp-block-heading\">Fel\u00fclvizsg\u00e1latok<\/h3>\n\n\n\n<p>A MOKI vape weboldal\u00e1n megjelen\u0151 anyagok technikai, tipogr\u00e1fiai vagy f\u00e9nyk\u00e9p\u00e9szeti hib\u00e1kat tartalmazhatnak. A MOKI vape nem garant\u00e1lja, hogy a weboldal\u00e1n tal\u00e1lhat\u00f3 anyagok pontosak, teljesek vagy aktu\u00e1lisak. A MOKI vape b\u00e1rmikor, el\u0151zetes \u00e9rtes\u00edt\u00e9s n\u00e9lk\u00fcl m\u00f3dos\u00edthatja a weboldal\u00e1n tal\u00e1lhat\u00f3 anyagokat. A MOKI vape azonban nem v\u00e1llal k\u00f6telezetts\u00e9get az anyagok friss\u00edt\u00e9s\u00e9re.<\/p>\n\n\n\n<h3 class=\"wp-block-heading\">V\u00e9djegy<\/h3>\n\n\n\n<p>A MOKI vape a MOKI vape Co., Ltd. v\u00e9djegye \u00e9s t\u00f6rv\u00e9ny \u00e1ltal v\u00e9dett. Csak a MOKI vape Co., Ltd. el\u0151zetes \u00edr\u00e1sbeli enged\u00e9ly\u00e9vel haszn\u00e1lhat\u00f3 fel minden egyes konkr\u00e9t esetben. A MOKI vape v\u00e9djegy kereskedelmi c\u00e9l\u00fa felhaszn\u00e1l\u00e1sa a MOKI vape el\u0151zetes \u00edr\u00e1sbeli enged\u00e9lye n\u00e9lk\u00fcl v\u00e9djegybitorl\u00e1snak \u00e9s tisztess\u00e9gtelen versenynek min\u0151s\u00fcl, ami t\u00f6rv\u00e9nys\u00e9rt\u0151.<\/p>\n\n\n\n<h3 class=\"wp-block-heading\">Kiz\u00e1r\u00f3 nyilatkozatok<\/h3>\n\n\n\n<p>A MOKI VAPE NEM \u00cdG\u00c9RI, HOGY AZ OLDAL VAGY AZ OLDAL B\u00c1RMELY TARTALMA, SZOLG\u00c1LTAT\u00c1SA VAGY FUNKCI\u00d3JA HIBAMENTES VAGY MEGSZAK\u00cdT\u00c1S N\u00c9LK\u00dcLI LESZ, VAGY HOGY A HIB\u00c1K KIJAV\u00cdT\u00c1SRA KER\u00dcLNEK, VAGY HOGY AZ OLDAL HASZN\u00c1LATA KONKR\u00c9T EREDM\u00c9NYEKET FOG BIZTOS\u00cdTANI. AZ OLDAL \u00c9S ANNAK TARTALMA \"AHOGY VAN\" \u00c1LLAPOTBAN KER\u00dcL \u00c1TAD\u00c1SRA. \u00c9S \"AHOGYAN EL\u00c9RHET\u0150\" ALAPON T\u00d6RT\u00c9NIK. AZ OLDALON TAL\u00c1LHAT\u00d3 MINDEN INFORM\u00c1CI\u00d3 EL\u0150ZETES \u00c9RTES\u00cdT\u00c9S N\u00c9LK\u00dcL V\u00c1LTOZHAT. A MOKI vape nem tudja biztos\u00edtani, hogy az oldalr\u00f3l let\u00f6lt\u00f6tt b\u00e1rmely f\u00e1jl vagy egy\u00e9b adat mentes lesz a v\u00edrusokt\u00f3l, a fert\u0151z\u00e9sekt\u0151l vagy a rombol\u00f3 tulajdons\u00e1gokt\u00f3l. A MOKI vape KIZ\u00c1RJA MINDEN KIFEJEZETT VAGY KIL\u00c1TOTT J\u00d3T\u00c1LL\u00c1S\u00c1T, BELE\u00c9RTVE A PONTOSS\u00c1GRA, A NEM SZABAD\u00cdT\u00c1SRA, AZ ELADHAT\u00d3S\u00c1GRA \u00c9S AZ EGY K\u00dcL\u00d6NLEGES C\u00c9LRA VAL\u00d3 MEGFELEL\u0150SS\u00c9GRE VAL\u00d3 J\u00d3T\u00c1LL\u00c1SRA VONATKOZ\u00d3 J\u00d3T\u00c1LL\u00c1SOKAT. A MOKI vape KIZ\u00c1RJA MINDEN FELEL\u0150SS\u00c9G\u00c9T A HARMADIK FELEK Cselekedetei, mulaszt\u00e1sai \u00e9s magatart\u00e1sa miatt, amelyek a weboldal \u00e9s\/vagy a MOKI vape SZOLG\u00c1LTAT\u00c1SOK \u00d6NK\u00c9NT t\u00f6rt\u00e9n\u0151 haszn\u00e1lat\u00e1val kapcsolatban vagy azzal \u00f6sszef\u00fcgg\u00e9sben \u00e1llnak. \u00d6N TELJES FELEL\u0150SS\u00c9GET V\u00c1LLAL AZ OLDAL \u00c9S A KAPCSOL\u00d3D\u00d3 OLDALAK HASZN\u00c1LAT\u00c1\u00c9RT. A MOKI vape-vel szembeni EGYED\u00dcL\u00d6S JOGIHAT\u00c1SA A MOKI vape-vel szemben a honlap vagy b\u00e1rmely tartalom el\u00e9gedetlens\u00e9ge eset\u00e9n a honlap vagy b\u00e1rmely ilyen tartalom haszn\u00e1lat\u00e1nak abbahagy\u00e1sa. EZ A JOGORVOSLATI KORL\u00c1TOZ\u00c1S A FELEK K\u00d6Z\u00d6TTI ALKU R\u00c9SZ\u00c9T K\u00c9PEZI.<\/p>\n\n\n\n<p>A fenti kiz\u00e1r\u00f3 nyilatkozat vonatkozik minden olyan k\u00e1rra, felel\u0151ss\u00e9gre vagy s\u00e9r\u00fcl\u00e9sre, amelyet b\u00e1rmilyen hiba, hiba, kihagy\u00e1s, megszak\u00edt\u00e1s, t\u00f6rl\u00e9s, hiba, m\u0171k\u00f6d\u00e9si vagy \u00e1tviteli k\u00e9sedelem, sz\u00e1m\u00edt\u00f3g\u00e9pes v\u00edrus, kommunik\u00e1ci\u00f3s vonal meghib\u00e1sod\u00e1sa, lop\u00e1s vagy megsemmis\u00fcl\u00e9s, illetve jogosulatlan hozz\u00e1f\u00e9r\u00e9s, m\u00f3dos\u00edt\u00e1s vagy haszn\u00e1lat okoz, ak\u00e1r szerz\u0151d\u00e9sszeg\u00e9s, ak\u00e1r k\u00e1rt\u00e9r\u00edt\u00e9si k\u00f6telezetts\u00e9gszeg\u00e9s, ak\u00e1r gondatlans\u00e1g, ak\u00e1r m\u00e1s okb\u00f3l t\u00f6rt\u00e9nt.<\/p>\n\n\n\n<p>A MOKI vape fenntartja a jogot, hogy b\u00e1rmikor, el\u0151zetes \u00e9rtes\u00edt\u00e9s n\u00e9lk\u00fcl az al\u00e1bbiak b\u00e1rmelyik\u00e9t megtegye: (1) b\u00e1rmilyen okb\u00f3l m\u00f3dos\u00edtsa, felf\u00fcggessze vagy megsz\u00fcntesse a Webhely vagy a Webhely b\u00e1rmely r\u00e9sz\u00e9nek m\u0171k\u00f6d\u00e9s\u00e9t vagy az ahhoz val\u00f3 hozz\u00e1f\u00e9r\u00e9st; (2) m\u00f3dos\u00edtsa vagy megv\u00e1ltoztassa a Webhelyet vagy a Webhely b\u00e1rmely r\u00e9sz\u00e9t \u00e9s az alkalmazand\u00f3 ir\u00e1nyelveket vagy felt\u00e9teleket; \u00e9s (3) megszak\u00edtsa a Webhely vagy a Webhely b\u00e1rmely r\u00e9sz\u00e9nek m\u0171k\u00f6d\u00e9s\u00e9t, amennyiben ez sz\u00fcks\u00e9ges a rutinszer\u0171 vagy nem rutinszer\u0171 karbantart\u00e1s, hibajav\u00edt\u00e1s vagy egy\u00e9b v\u00e1ltoztat\u00e1sok elv\u00e9gz\u00e9s\u00e9hez.<\/p>\n\n\n\n<h3 class=\"wp-block-heading\">Egy\u00e9b<\/h3>\n\n\n\n<p>\u00d6n nem haszn\u00e1lhatja, nem export\u00e1lhatja vagy reexport\u00e1lhatja a Tartalmat, illetve az ilyen Tartalom m\u00e1solat\u00e1t vagy adapt\u00e1ci\u00f3j\u00e1t, illetve a Webhelyen k\u00edn\u00e1lt b\u00e1rmely term\u00e9ket vagy szolg\u00e1ltat\u00e1st az alkalmazand\u00f3 t\u00f6rv\u00e9nyek vagy rendelkez\u00e9sek megs\u00e9rt\u00e9s\u00e9vel, bele\u00e9rtve, de nem korl\u00e1tozva az Egyes\u00fclt \u00c1llamok exportt\u00f6rv\u00e9nyeit \u00e9s -szab\u00e1lyait.<\/p>\n\n\n\n<p>Ha a jelen Felhaszn\u00e1l\u00e1si felt\u00e9telek b\u00e1rmely rendelkez\u00e9s\u00e9t egy illet\u00e9kes b\u00edr\u00f3s\u00e1g vagy m\u00e1s illet\u00e9kes b\u00edr\u00f3s\u00e1g \u00e9rv\u00e9nytelennek vagy v\u00e9grehajthatatlannak \u00edt\u00e9li, az ilyen rendelkez\u00e9seket a sz\u00fcks\u00e9ges minim\u00e1lis m\u00e9rt\u00e9kben korl\u00e1tozni vagy megsz\u00fcntetni kell, \u00e9s olyan \u00e9rv\u00e9nyes rendelkez\u00e9ssel kell helyettes\u00edteni, amely a legjobban kifejezi a jelen Felhaszn\u00e1l\u00e1si felt\u00e9telek sz\u00e1nd\u00e9k\u00e1t, \u00edgy a jelen Felhaszn\u00e1l\u00e1si felt\u00e9telek teljes m\u00e9rt\u00e9kben hat\u00e1lyban maradnak. A jelen Felhaszn\u00e1l\u00e1si felt\u00e9telek k\u00e9pezik a teljes meg\u00e1llapod\u00e1st \u00d6n \u00e9s a MOKI vape k\u00f6z\u00f6tt a Webhely \u00d6n \u00e1ltali haszn\u00e1lata tekintet\u00e9ben, \u00e9s minden egy\u00e9b, kor\u00e1bban \u00d6n \u00e9s a MOKI vape k\u00f6z\u00f6tt az ilyen haszn\u00e1lat tekintet\u00e9ben fenn\u00e1ll\u00f3 \u00edr\u00e1sbeli vagy sz\u00f3beli meg\u00e1llapod\u00e1s vagy megegyez\u00e9s ezennel hat\u00e1ly\u00e1t veszti \u00e9s \u00e9rv\u00e9ny\u00e9t veszti. A MOKI vape a MOKI vape-pel k\u00f6t\u00f6tt ad\u00e1sv\u00e9teli szerz\u0151d\u00e9sben foglaltakon k\u00edv\u00fcl a MOKI vape nem fogad el semmilyen, a jelen Felhaszn\u00e1l\u00e1si felt\u00e9telekre vonatkoz\u00f3 ellenaj\u00e1nlatot, \u00e9s minden ilyen aj\u00e1nlatot ezennel kategorikusan elutas\u00edt. Ha a MOKI vape nem ragaszkodik a jelen Felhaszn\u00e1l\u00e1si felt\u00e9telek szigor\u00fa betart\u00e1s\u00e1hoz vagy nem \u00e9rv\u00e9nyes\u00edti azt, az nem \u00e9rtelmezhet\u0151 \u00fagy, hogy a MOKI vape lemond a jelen Felhaszn\u00e1l\u00e1si felt\u00e9telek b\u00e1rmely rendelkez\u00e9s\u00e9r\u0151l vagy a jelen Felhaszn\u00e1l\u00e1si felt\u00e9telek \u00e9rv\u00e9nyes\u00edt\u00e9s\u00e9re vonatkoz\u00f3 b\u00e1rmely jog\u00e1r\u00f3l, tov\u00e1bb\u00e1 a MOKI vape \u00e9s \u00d6n vagy b\u00e1rmely m\u00e1s f\u00e9l k\u00f6z\u00f6tti magatart\u00e1s nem tekinthet\u0151 a jelen Felhaszn\u00e1l\u00e1si felt\u00e9telek b\u00e1rmely rendelkez\u00e9s\u00e9nek m\u00f3dos\u00edt\u00e1s\u00e1nak. A jelen Felhaszn\u00e1l\u00e1si felt\u00e9telek nem \u00e9rtelmezhet\u0151k vagy \u00e9rtelmezhet\u0151k \u00fagy, hogy harmadik feleknek jogokat vagy jogorvoslati lehet\u0151s\u00e9geket biztos\u00edtanak.<\/p>\n\n\n\n<p>A MOKI vape hozz\u00e1f\u00e9r\u00e9st biztos\u00edt a MOKI vape nemzetk\u00f6zi adataihoz, \u00e9s ez\u00e9rt tartalmazhat olyan MOKI vape term\u00e9kekre, programokra \u00e9s szolg\u00e1ltat\u00e1sokra vonatkoz\u00f3 hivatkoz\u00e1sokat vagy kereszthivatkoz\u00e1sokat, amelyeket az \u00d6n orsz\u00e1g\u00e1ban nem jelentettek be. Az ilyen hivatkoz\u00e1s nem jelenti azt, hogy a MOKI vape az \u00d6n orsz\u00e1g\u00e1ban be k\u00edv\u00e1nja jelenteni ezeket a term\u00e9keket, programokat vagy szolg\u00e1ltat\u00e1sokat.<\/p>\n\n\n\n<h3 class=\"wp-block-heading\">Visszajelz\u00e9sek \u00e9s inform\u00e1ci\u00f3k<\/h3>\n\n\n\n<p>Az \u00d6n \u00e1ltal ezen az oldalon adott visszajelz\u00e9seket nem bizalmas jelleg\u0171nek kell tekinteni. A MOKI vape szabadon \u00e9s korl\u00e1tlanul felhaszn\u00e1lhatja ezeket az inform\u00e1ci\u00f3kat.<\/p>\n\n\n\n<h3 class=\"wp-block-heading\">MOKI vape Kommunik\u00e1ci\u00f3<\/h3>\n\n\n\n<p>\u00d6n elfogadja, hogy a MOKI vape elektronikus levelet k\u00fcldhet \u00d6nnek abb\u00f3l a c\u00e9lb\u00f3l, hogy t\u00e1j\u00e9koztassa \u00d6nt a jelen webhelyen bek\u00f6vetkezett v\u00e1ltoz\u00e1sokr\u00f3l vagy kieg\u00e9sz\u00edt\u00e9sekr\u0151l, a MOKI vape term\u00e9keir\u0151l vagy szolg\u00e1ltat\u00e1sair\u00f3l, illetve olyan egy\u00e9b c\u00e9lokb\u00f3l, amelyeket a MOKI vape megfelel\u0151nek tart.<\/p>\n\n\n\n<h3 class=\"wp-block-heading\">Harmadik f\u00e9l webhelyei<\/h3>\n\n\n\n<p>A MOKI mokivape.com tartalmazhat linkeket m\u00e1s, harmadik felek tulajdon\u00e1ban l\u00e9v\u0151 \u00e9s \u00e1ltaluk \u00fczemeltetett internetes weboldalakra. Nem \u00e1ll m\u00f3dunkban ellen\u0151rizni az ezeken a harmadik f\u00e9l \u00e1ltal \u00fczemeltetett oldalakon el\u00e9rhet\u0151 inform\u00e1ci\u00f3kat, szolg\u00e1ltat\u00e1sokat vagy term\u00e9keket. Az ezekre az oldalakra mutat\u00f3 linkek beilleszt\u00e9se nem jelenti azt, hogy t\u00e1mogatjuk az adott weboldalt, vagy hogy b\u00e1rmilyen kapcsolatban \u00e1lln\u00e1nk a weboldal tulajdonosaival\/\u00fczemeltet\u0151ivel. Mivel nem tartunk fenn ellen\u0151rz\u00e9st az ilyen webhelyek \u00e9s er\u0151forr\u00e1sok felett, \u00d6n egyet\u00e9rt azzal, hogy semmilyen m\u00f3don nem vagyunk felel\u0151sek vagy felel\u0151ss\u00e9ggel tartozunk ezen k\u00fcls\u0151 webhelyek el\u00e9rhet\u0151s\u00e9g\u00e9\u00e9rt vagy m\u0171k\u00f6d\u00e9s\u00e9\u00e9rt. Nem v\u00e1llalunk felel\u0151ss\u00e9get vagy felel\u0151ss\u00e9get az ezeken a weboldalakon tal\u00e1lhat\u00f3 vagy azokon el\u00e9rhet\u0151 anyagok\u00e9rt, az \u00d6n adatainak harmadik felek \u00e1ltali v\u00e9delm\u00e9\u00e9rt; amint elhagyja oldalunkat, nem tudjuk garant\u00e1lni az inform\u00e1ci\u00f3k m\u00e1shol t\u00f6rt\u00e9n\u0151 v\u00e9delm\u00e9t vagy biztons\u00e1g\u00e1t. Amennyiben \u00d6n b\u00e1rmilyen m\u00f3don r\u00e9szt vesz vagy \u00fczletet k\u00f6t, r\u00e9szt vesz a hirdet\u0151k \u00e1ltal a Weboldalon k\u00edn\u00e1lt prom\u00f3ci\u00f3kban, \u00e9s ez mag\u00e1ban foglalja az ilyen \u00e1ruk vagy szolg\u00e1ltat\u00e1sok kifizet\u00e9s\u00e9t \u00e9s sz\u00e1ll\u00edt\u00e1s\u00e1t, valamint az ilyen \u00fczletekkel \u00e9s\/vagy prom\u00f3ci\u00f3kkal kapcsolatos egy\u00e9b felt\u00e9teleket, garanci\u00e1kat vagy kijelent\u00e9seket, az ilyen interakci\u00f3k \u00d6n \u00e9s az adott hirdet\u0151\/ harmadik f\u00e9l k\u00f6z\u00f6tt j\u00f6nnek l\u00e9tre. \u00d6n elfogadja, hogy nem vagyunk felel\u0151sek vagy b\u00e1rmilyen felel\u0151ss\u00e9ggel tartozunk, sem k\u00f6zvetlen\u00fcl, sem k\u00f6zvetve, b\u00e1rmilyen vesztes\u00e9g\u00e9rt vagy k\u00e1r\u00e9rt, amelyet a webhelyen vagy b\u00e1rmely webhelyen, illetve az \u00fczletk\u00f6t\u00e9seken vagy prom\u00f3ci\u00f3kban el\u00e9rhet\u0151 ilyen anyagok haszn\u00e1lata vagy az azokra val\u00f3 t\u00e1maszkod\u00e1s okoz.<\/p>\n\n\n\n<h3 class=\"wp-block-heading\">Elveszett vagy ellopott csomagok<\/h3>\n\n\n\n<p>A MOKI vape nem v\u00e1llal felel\u0151ss\u00e9get az elveszett vagy ellopott csomagok\u00e9rt. Ha nem kapta meg a k\u00e9zbes\u00edtettk\u00e9nt megjel\u00f6lt csomagot, az \u00d6n felel\u0151ss\u00e9ge, hogy ezt a probl\u00e9m\u00e1t a post\u00e1val megoldja. Az elveszett vagy ellopott csomagok nagyon frusztr\u00e1l\u00f3ak, \u00e9s mi mindent megtesz\u00fcnk, hogy seg\u00edts\u00fcnk megoldani a probl\u00e9m\u00e1t. K\u00e9rj\u00fck, \u00e9rtse meg azonban, hogy ez teljesen k\u00edv\u00fcl esik a mi hat\u00e1sk\u00f6r\u00fcnk\u00f6n, \u00e9s ez\u00e9rt a postahivatallal kell felvennie a kapcsolatot seg\u00edts\u00e9g\u00e9rt.<\/p>","protected":false},"excerpt":{"rendered":"<p>TERMS &amp; CONDITIONS These Terms and Conditions of Use (\u2018Agreement\u2019) apply to the MOKI vape web located at mokivape.com and all associated sites linked to mokivape.com by MOKI vape, its subsidiaries and affiliates, including MOKI vape sites all around the word(collectively, the \u201csite\u201d). The site of MOKI vape and its licensors. BY USING THE SITE, [&hellip;]<\/p>","protected":false},"author":1,"featured_media":0,"parent":0,"menu_order":0,"comment_status":"closed","ping_status":"closed","template":"","meta":{"footnotes":""},"class_list":["post-6791","page","type-page","status-publish","hentry"],"_links":{"self":[{"href":"https:\/\/www.mokivape.com\/hu\/wp-json\/wp\/v2\/pages\/6791","targetHints":{"allow":["GET"]}}],"collection":[{"href":"https:\/\/www.mokivape.com\/hu\/wp-json\/wp\/v2\/pages"}],"about":[{"href":"https:\/\/www.mokivape.com\/hu\/wp-json\/wp\/v2\/types\/page"}],"author":[{"embeddable":true,"href":"https:\/\/www.mokivape.com\/hu\/wp-json\/wp\/v2\/users\/1"}],"replies":[{"embeddable":true,"href":"https:\/\/www.mokivape.com\/hu\/wp-json\/wp\/v2\/comments?post=6791"}],"version-history":[{"count":0,"href":"https:\/\/www.mokivape.com\/hu\/wp-json\/wp\/v2\/pages\/6791\/revisions"}],"wp:attachment":[{"href":"https:\/\/www.mokivape.com\/hu\/wp-json\/wp\/v2\/media?parent=6791"}],"curies":[{"name":"wp","href":"https:\/\/api.w.org\/{rel}","templated":true}]}}