{"id":8590,"date":"2025-07-11T03:21:16","date_gmt":"2025-07-11T03:21:16","guid":{"rendered":"https:\/\/www.mokiecig.com\/?post_type=product&#038;p=8590"},"modified":"2025-07-11T03:21:19","modified_gmt":"2025-07-11T03:21:19","slug":"m63-vape-12000-puffs-ceramic-coil-tech","status":"publish","type":"product","link":"https:\/\/www.mokivape.com\/fr\/produit\/m63-vape-12000-puffs-ceramic-coil-tech\/","title":{"rendered":"M63 Vape : 12000 Puffs Ceramic Coil Tech"},"content":{"rendered":"<p><img fetchpriority=\"high\" decoding=\"async\" class=\"alignnone size-full wp-image-8595\" src=\"https:\/\/www.mokiecig.com\/wp-content\/uploads\/MOKI_MK_M63_vape_bar_1.webp\" alt=\"MOKI MK-M63 Vape : 12000 bouff\u00e9es, 12.5W de puissance et r\u00e9servoir d&#039;e-liquide transparent avec technologie Ceramic Coil\" width=\"1920\" height=\"1113\" srcset=\"https:\/\/www.mokivape.com\/wp-content\/uploads\/MOKI_MK_M63_vape_bar_1.webp 1920w, https:\/\/www.mokivape.com\/wp-content\/uploads\/MOKI_MK_M63_vape_bar_1-768x445.webp 768w, https:\/\/www.mokivape.com\/wp-content\/uploads\/MOKI_MK_M63_vape_bar_1-1536x890.webp 1536w, https:\/\/www.mokivape.com\/wp-content\/uploads\/MOKI_MK_M63_vape_bar_1-18x10.webp 18w, https:\/\/www.mokivape.com\/wp-content\/uploads\/MOKI_MK_M63_vape_bar_1-600x348.webp 600w\" sizes=\"(max-width: 1920px) 100vw, 1920px\" \/><br \/>\n<img decoding=\"async\" class=\"alignnone size-full wp-image-8596\" src=\"https:\/\/www.mokiecig.com\/wp-content\/uploads\/MOKI_MK_M63_vape_bar_2.webp\" alt=\"MOKI MK-M63 Vape : 12000 bouff\u00e9es, 12.5W de puissance et r\u00e9servoir d&#039;e-liquide transparent avec technologie Ceramic Coil\" width=\"1920\" height=\"1113\" srcset=\"https:\/\/www.mokivape.com\/wp-content\/uploads\/MOKI_MK_M63_vape_bar_2.webp 1920w, https:\/\/www.mokivape.com\/wp-content\/uploads\/MOKI_MK_M63_vape_bar_2-768x445.webp 768w, https:\/\/www.mokivape.com\/wp-content\/uploads\/MOKI_MK_M63_vape_bar_2-1536x890.webp 1536w, https:\/\/www.mokivape.com\/wp-content\/uploads\/MOKI_MK_M63_vape_bar_2-18x10.webp 18w, https:\/\/www.mokivape.com\/wp-content\/uploads\/MOKI_MK_M63_vape_bar_2-600x348.webp 600w\" sizes=\"(max-width: 1920px) 100vw, 1920px\" \/><br \/>\n<img decoding=\"async\" class=\"alignnone size-full wp-image-8591\" src=\"https:\/\/www.mokiecig.com\/wp-content\/uploads\/MOKI_MK_M63_vape_bar_3.webp\" alt=\"MOKI MK-M63 Vape : 12000 bouff\u00e9es, 12.5W de puissance et r\u00e9servoir d&#039;e-liquide transparent avec technologie Ceramic Coil\" width=\"1920\" height=\"1118\" srcset=\"https:\/\/www.mokivape.com\/wp-content\/uploads\/MOKI_MK_M63_vape_bar_3.webp 1920w, https:\/\/www.mokivape.com\/wp-content\/uploads\/MOKI_MK_M63_vape_bar_3-768x447.webp 768w, https:\/\/www.mokivape.com\/wp-content\/uploads\/MOKI_MK_M63_vape_bar_3-1536x894.webp 1536w, https:\/\/www.mokivape.com\/wp-content\/uploads\/MOKI_MK_M63_vape_bar_3-18x10.webp 18w, https:\/\/www.mokivape.com\/wp-content\/uploads\/MOKI_MK_M63_vape_bar_3-600x349.webp 600w\" sizes=\"(max-width: 1920px) 100vw, 1920px\" \/><br \/>\n<img loading=\"lazy\" decoding=\"async\" class=\"alignnone size-full wp-image-8592\" src=\"https:\/\/www.mokiecig.com\/wp-content\/uploads\/MOKI_MK_M63_vape_bar_4.webp\" alt=\"MOKI MK-M63 Vape : 12000 bouff\u00e9es, 12.5W de puissance et r\u00e9servoir d&#039;e-liquide transparent avec technologie Ceramic Coil\" width=\"1920\" height=\"1113\" srcset=\"https:\/\/www.mokivape.com\/wp-content\/uploads\/MOKI_MK_M63_vape_bar_4.webp 1920w, https:\/\/www.mokivape.com\/wp-content\/uploads\/MOKI_MK_M63_vape_bar_4-768x445.webp 768w, https:\/\/www.mokivape.com\/wp-content\/uploads\/MOKI_MK_M63_vape_bar_4-1536x890.webp 1536w, https:\/\/www.mokivape.com\/wp-content\/uploads\/MOKI_MK_M63_vape_bar_4-18x10.webp 18w, https:\/\/www.mokivape.com\/wp-content\/uploads\/MOKI_MK_M63_vape_bar_4-600x348.webp 600w\" sizes=\"(max-width: 1920px) 100vw, 1920px\" \/><br \/>\n<img loading=\"lazy\" decoding=\"async\" class=\"alignnone size-full wp-image-8593\" src=\"https:\/\/www.mokiecig.com\/wp-content\/uploads\/MOKI_MK_M63_vape_bar_5.webp\" alt=\"MOKI MK-M63 Vape : 12000 bouff\u00e9es, 12.5W de puissance et r\u00e9servoir d&#039;e-liquide transparent avec technologie Ceramic Coil\" width=\"1920\" height=\"1113\" srcset=\"https:\/\/www.mokivape.com\/wp-content\/uploads\/MOKI_MK_M63_vape_bar_5.webp 1920w, https:\/\/www.mokivape.com\/wp-content\/uploads\/MOKI_MK_M63_vape_bar_5-768x445.webp 768w, https:\/\/www.mokivape.com\/wp-content\/uploads\/MOKI_MK_M63_vape_bar_5-1536x890.webp 1536w, https:\/\/www.mokivape.com\/wp-content\/uploads\/MOKI_MK_M63_vape_bar_5-18x10.webp 18w, https:\/\/www.mokivape.com\/wp-content\/uploads\/MOKI_MK_M63_vape_bar_5-600x348.webp 600w\" sizes=\"(max-width: 1920px) 100vw, 1920px\" \/><br \/>\n<img loading=\"lazy\" decoding=\"async\" class=\"alignnone size-full wp-image-8594\" src=\"https:\/\/www.mokiecig.com\/wp-content\/uploads\/MOKI_MK_M63_vape_bar_6-scaled.webp\" alt=\"MOKI MK-M63 Vape : 12000 bouff\u00e9es, 12.5W de puissance et r\u00e9servoir d&#039;e-liquide transparent avec technologie Ceramic Coil\" width=\"1440\" height=\"2560\" srcset=\"https:\/\/www.mokivape.com\/wp-content\/uploads\/MOKI_MK_M63_vape_bar_6-scaled.webp 1440w, https:\/\/www.mokivape.com\/wp-content\/uploads\/MOKI_MK_M63_vape_bar_6-768x1365.webp 768w, https:\/\/www.mokivape.com\/wp-content\/uploads\/MOKI_MK_M63_vape_bar_6-864x1536.webp 864w, https:\/\/www.mokivape.com\/wp-content\/uploads\/MOKI_MK_M63_vape_bar_6-1152x2048.webp 1152w, https:\/\/www.mokivape.com\/wp-content\/uploads\/MOKI_MK_M63_vape_bar_6-7x12.webp 7w, https:\/\/www.mokivape.com\/wp-content\/uploads\/MOKI_MK_M63_vape_bar_6-600x1067.webp 600w\" sizes=\"(max-width: 1440px) 100vw, 1440px\" \/><\/p>","protected":false},"excerpt":{"rendered":"<p>D\u00e9couvrez la barre de vape MOKI MK-M63 avec 12000 bouff\u00e9es, une puissance r\u00e9glable de 12,5W et un r\u00e9servoir d'e-liquide transparent de 10mL. Comprend la technologie de bobine en c\u00e9ramique MiiMU, une batterie de 750mAh, une charge rapide Type-C, un contr\u00f4le de l'airflow, un affichage LED du niveau de la batterie, et un design compact et portable. Parfait pour le vapotage en d\u00e9placement.<\/p>","protected":false},"featured_media":8601,"comment_status":"closed","ping_status":"closed","template":"","meta":[],"product_brand":[],"product_cat":[31],"product_tag":[498,500,499,501],"class_list":{"0":"post-8590","1":"product","2":"type-product","3":"status-publish","4":"has-post-thumbnail","6":"product_cat-disposable-vape-pod-kits-oem-vape-pen-manufacturing","7":"product_tag-12000-puffs","8":"product_tag-clear-e-liquid-tank","9":"product_tag-miimu-ceramic-coil","10":"product_tag-powerful","12":"first","13":"instock","14":"shipping-taxable","15":"product-type-simple"},"_links":{"self":[{"href":"https:\/\/www.mokivape.com\/fr\/wp-json\/wp\/v2\/product\/8590","targetHints":{"allow":["GET"]}}],"collection":[{"href":"https:\/\/www.mokivape.com\/fr\/wp-json\/wp\/v2\/product"}],"about":[{"href":"https:\/\/www.mokivape.com\/fr\/wp-json\/wp\/v2\/types\/product"}],"replies":[{"embeddable":true,"href":"https:\/\/www.mokivape.com\/fr\/wp-json\/wp\/v2\/comments?post=8590"}],"version-history":[{"count":0,"href":"https:\/\/www.mokivape.com\/fr\/wp-json\/wp\/v2\/product\/8590\/revisions"}],"wp:featuredmedia":[{"embeddable":true,"href":"https:\/\/www.mokivape.com\/fr\/wp-json\/wp\/v2\/media\/8601"}],"wp:attachment":[{"href":"https:\/\/www.mokivape.com\/fr\/wp-json\/wp\/v2\/media?parent=8590"}],"wp:term":[{"taxonomy":"product_brand","embeddable":true,"href":"https:\/\/www.mokivape.com\/fr\/wp-json\/wp\/v2\/product_brand?post=8590"},{"taxonomy":"product_cat","embeddable":true,"href":"https:\/\/www.mokivape.com\/fr\/wp-json\/wp\/v2\/product_cat?post=8590"},{"taxonomy":"product_tag","embeddable":true,"href":"https:\/\/www.mokivape.com\/fr\/wp-json\/wp\/v2\/product_tag?post=8590"}],"curies":[{"name":"wp","href":"https:\/\/api.w.org\/{rel}","templated":true}]}}