{"id":8444,"date":"2025-01-10T03:45:10","date_gmt":"2025-01-10T03:45:10","guid":{"rendered":"https:\/\/www.mokiecig.com\/?post_type=product&#038;p=8444"},"modified":"2025-01-10T03:56:02","modified_gmt":"2025-01-10T03:56:02","slug":"q5-compatible-vape-pod-cartridge","status":"publish","type":"product","link":"https:\/\/www.mokivape.com\/fr\/produit\/q5-compatible-vape-pod-cartridge\/","title":{"rendered":"Cartouche de Vape Pod compatible Q5"},"content":{"rendered":"<div class=\"tg-wrap\">\n<table>\n<tbody>\n<tr>\n<td>Taille<\/td>\n<td>48,1*19,3*10,6mm<\/td>\n<td>R\u00e9sistance<\/td>\n<td>1,2ohm<\/td>\n<\/tr>\n<tr>\n<td>Capacit\u00e9 en e-liquide<\/td>\n<td>2mL<\/td>\n<td>Mat\u00e9riau<\/td>\n<td>PCTG<\/td>\n<\/tr>\n<tr>\n<td>Fil chauffant<\/td>\n<td>Bobine en c\u00e9ramique<\/td>\n<td><\/td>\n<td><\/td>\n<\/tr>\n<\/tbody>\n<\/table>\n<\/div>\n<div><img fetchpriority=\"high\" decoding=\"async\" class=\"alignnone size-full wp-image-8438\" src=\"https:\/\/www.mokiecig.com\/wp-content\/uploads\/q5_compatible_vape_pod_cartridge_b_01.webp\" alt=\"Cartouche de Vape Pod compatible\" width=\"1080\" height=\"810\" srcset=\"https:\/\/www.mokivape.com\/wp-content\/uploads\/q5_compatible_vape_pod_cartridge_b_01.webp 1080w, https:\/\/www.mokivape.com\/wp-content\/uploads\/q5_compatible_vape_pod_cartridge_b_01-768x576.webp 768w, https:\/\/www.mokivape.com\/wp-content\/uploads\/q5_compatible_vape_pod_cartridge_b_01-16x12.webp 16w, https:\/\/www.mokivape.com\/wp-content\/uploads\/q5_compatible_vape_pod_cartridge_b_01-600x450.webp 600w\" sizes=\"(max-width: 1080px) 100vw, 1080px\" \/><\/div>","protected":false},"excerpt":{"rendered":"<p>La cartouche Vape Pod compatible pr\u00e9remplie MK-Q5 est un compl\u00e9ment pratique et de haute qualit\u00e9 \u00e0 la s\u00e9rie Prefilled Pod. Cette cartouche de 48,1*19,3*10,6 mm offre une capacit\u00e9 de 2 ml d'e-liquide, garantissant une exp\u00e9rience de vapotage satisfaisante sans avoir besoin de recharges fr\u00e9quentes. La bobine en c\u00e9ramique de 1,2 ohm offre une saveur et une production de vapeur constantes, ce qui est parfait pour les kits de dosettes \u00e0 la nicotine. Fabriqu\u00e9 en PCTG, il est durable et fiable. MK-Q5 supporte OEM et ODM, ce dispositif de vapotage en vente chaude est une solution faite sur commande d'un fabricant et fournisseur r\u00e9put\u00e9 MOKI. La cartouche Vape Pod pr\u00e9-remplie MK-Q5 est la quintessence de la qualit\u00e9 et de la commodit\u00e9, compatible avec une gamme d'appareils pour une exp\u00e9rience de vapotage sans faille.<\/p>","protected":false},"featured_media":8435,"comment_status":"open","ping_status":"closed","template":"","meta":[],"product_brand":[],"product_cat":[472],"product_tag":[],"class_list":{"0":"post-8444","1":"product","2":"type-product","3":"status-publish","4":"has-post-thumbnail","6":"product_cat-compatibale-vape-pods","8":"first","9":"instock","10":"shipping-taxable","11":"product-type-simple"},"_links":{"self":[{"href":"https:\/\/www.mokivape.com\/fr\/wp-json\/wp\/v2\/product\/8444","targetHints":{"allow":["GET"]}}],"collection":[{"href":"https:\/\/www.mokivape.com\/fr\/wp-json\/wp\/v2\/product"}],"about":[{"href":"https:\/\/www.mokivape.com\/fr\/wp-json\/wp\/v2\/types\/product"}],"replies":[{"embeddable":true,"href":"https:\/\/www.mokivape.com\/fr\/wp-json\/wp\/v2\/comments?post=8444"}],"version-history":[{"count":0,"href":"https:\/\/www.mokivape.com\/fr\/wp-json\/wp\/v2\/product\/8444\/revisions"}],"wp:featuredmedia":[{"embeddable":true,"href":"https:\/\/www.mokivape.com\/fr\/wp-json\/wp\/v2\/media\/8435"}],"wp:attachment":[{"href":"https:\/\/www.mokivape.com\/fr\/wp-json\/wp\/v2\/media?parent=8444"}],"wp:term":[{"taxonomy":"product_brand","embeddable":true,"href":"https:\/\/www.mokivape.com\/fr\/wp-json\/wp\/v2\/product_brand?post=8444"},{"taxonomy":"product_cat","embeddable":true,"href":"https:\/\/www.mokivape.com\/fr\/wp-json\/wp\/v2\/product_cat?post=8444"},{"taxonomy":"product_tag","embeddable":true,"href":"https:\/\/www.mokivape.com\/fr\/wp-json\/wp\/v2\/product_tag?post=8444"}],"curies":[{"name":"wp","href":"https:\/\/api.w.org\/{rel}","templated":true}]}}