{"id":1421,"date":"2024-04-17T09:17:31","date_gmt":"2024-04-17T09:17:31","guid":{"rendered":"https:\/\/www.mokiecig.com\/?post_type=product&#038;p=1421"},"modified":"2025-01-03T06:08:48","modified_gmt":"2025-01-03T06:08:48","slug":"m55-ceramic-prefilled-rechargeable-vape","status":"publish","type":"product","link":"https:\/\/www.mokivape.com\/fr\/produit\/m55-ceramic-prefilled-rechargeable-vape\/","title":{"rendered":"MK-M55 Vape rechargeable pr\u00e9-remplie"},"content":{"rendered":"<div data-elementor-type=\"product-post\" data-elementor-id=\"1421\" class=\"elementor elementor-1421\" data-elementor-post-type=\"product\">\n\t\t\t\t<div class=\"elementor-element elementor-element-0b6ca9a e-con-full e-flex e-con e-parent\" data-id=\"0b6ca9a\" data-element_type=\"container\" data-settings=\"{&quot;background_background&quot;:&quot;classic&quot;}\">\n\t\t\t\t<div class=\"elementor-element elementor-element-1a0d0df elementor-widget elementor-widget-heading\" data-id=\"1a0d0df\" data-element_type=\"widget\" data-widget_type=\"heading.default\">\n\t\t\t\t<div class=\"elementor-widget-container\">\n\t\t\t\t\t<h2 class=\"elementor-heading-title elementor-size-default\">MK-M55 Vape rechargeable pr\u00e9-remplie<\/h2>\t\t\t\t<\/div>\n\t\t\t\t<\/div>\n\t\t\t\t<div class=\"elementor-element elementor-element-52d7e93 elementor-widget elementor-widget-html\" data-id=\"52d7e93\" data-element_type=\"widget\" data-widget_type=\"html.default\">\n\t\t\t\t<div class=\"elementor-widget-container\">\n\t\t\t\t\t<table><tbody><tr><td>Taille<\/td><td>110*47.4*23.6mm<\/td><td>Capacit\u00e9 en e-liquides<\/td><td>15mL<\/td><\/tr><tr><td>Capacit\u00e9 de la batterie<\/td><td>600mAh<\/td><td>Rechargeable<\/td><td>Type-C<\/td><\/tr><tr><td>Fil chauffant<\/td><td>Bobine Dual-Mesh<\/td><td>Mat\u00e9riau<\/td><td>PC<\/td><\/tr><tr><td>R\u00e9sistance<\/td><td>0,6-1,2ohm<\/td><td><\/td><td><\/td><\/tr><\/tbody><\/table>\t\t\t\t<\/div>\n\t\t\t\t<\/div>\n\t\t\t\t<div class=\"elementor-element elementor-element-38226d8 elementor-widget elementor-widget-image\" data-id=\"38226d8\" data-element_type=\"widget\" data-widget_type=\"image.default\">\n\t\t\t\t<div class=\"elementor-widget-container\">\n\t\t\t\t\t\t\t\t\t\t\t\t\t\t\t<img fetchpriority=\"high\" decoding=\"async\" width=\"1920\" height=\"1080\" src=\"https:\/\/www.mokivape.com\/wp-content\/uploads\/M55_b_1.webp\" class=\"attachment-large size-large wp-image-8196\" alt=\"M55 Ceramic Vape pr\u00e9-remplie\" srcset=\"https:\/\/www.mokivape.com\/wp-content\/uploads\/M55_b_1.webp 1920w, https:\/\/www.mokivape.com\/wp-content\/uploads\/M55_b_1-768x432.webp 768w, https:\/\/www.mokivape.com\/wp-content\/uploads\/M55_b_1-1536x864.webp 1536w, https:\/\/www.mokivape.com\/wp-content\/uploads\/M55_b_1-18x10.webp 18w, https:\/\/www.mokivape.com\/wp-content\/uploads\/M55_b_1-600x338.webp 600w\" sizes=\"(max-width: 1920px) 100vw, 1920px\" \/>\t\t\t\t\t\t\t\t\t\t\t\t\t\t\t<\/div>\n\t\t\t\t<\/div>\n\t\t\t\t<div class=\"elementor-element elementor-element-0f28de6 elementor-widget elementor-widget-image\" data-id=\"0f28de6\" data-element_type=\"widget\" data-widget_type=\"image.default\">\n\t\t\t\t<div class=\"elementor-widget-container\">\n\t\t\t\t\t\t\t\t\t\t\t\t\t\t\t<img decoding=\"async\" width=\"1920\" height=\"1080\" src=\"https:\/\/www.mokivape.com\/wp-content\/uploads\/M55_b_2.webp\" class=\"attachment-large size-large wp-image-8197\" alt=\"param\u00e8tres du M55 Ceramic Pre-filled Vape\" srcset=\"https:\/\/www.mokivape.com\/wp-content\/uploads\/M55_b_2.webp 1920w, https:\/\/www.mokivape.com\/wp-content\/uploads\/M55_b_2-768x432.webp 768w, https:\/\/www.mokivape.com\/wp-content\/uploads\/M55_b_2-1536x864.webp 1536w, https:\/\/www.mokivape.com\/wp-content\/uploads\/M55_b_2-18x10.webp 18w, https:\/\/www.mokivape.com\/wp-content\/uploads\/M55_b_2-600x338.webp 600w\" sizes=\"(max-width: 1920px) 100vw, 1920px\" \/>\t\t\t\t\t\t\t\t\t\t\t\t\t\t\t<\/div>\n\t\t\t\t<\/div>\n\t\t\t\t<div class=\"elementor-element elementor-element-97a5fe4 elementor-widget elementor-widget-image\" data-id=\"97a5fe4\" data-element_type=\"widget\" data-widget_type=\"image.default\">\n\t\t\t\t<div class=\"elementor-widget-container\">\n\t\t\t\t\t\t\t\t\t\t\t\t\t\t\t<img decoding=\"async\" width=\"1920\" height=\"1080\" src=\"https:\/\/www.mokivape.com\/wp-content\/uploads\/M55_b_3.webp\" class=\"attachment-large size-large wp-image-8198\" alt=\"couleurs et saveurs de la M55 Ceramic Pre-filled Vape\" srcset=\"https:\/\/www.mokivape.com\/wp-content\/uploads\/M55_b_3.webp 1920w, https:\/\/www.mokivape.com\/wp-content\/uploads\/M55_b_3-768x432.webp 768w, https:\/\/www.mokivape.com\/wp-content\/uploads\/M55_b_3-1536x864.webp 1536w, https:\/\/www.mokivape.com\/wp-content\/uploads\/M55_b_3-18x10.webp 18w, https:\/\/www.mokivape.com\/wp-content\/uploads\/M55_b_3-600x338.webp 600w\" sizes=\"(max-width: 1920px) 100vw, 1920px\" \/>\t\t\t\t\t\t\t\t\t\t\t\t\t\t\t<\/div>\n\t\t\t\t<\/div>\n\t\t\t\t<div class=\"elementor-element elementor-element-5669e0c elementor-widget elementor-widget-image\" data-id=\"5669e0c\" data-element_type=\"widget\" data-widget_type=\"image.default\">\n\t\t\t\t<div class=\"elementor-widget-container\">\n\t\t\t\t\t\t\t\t\t\t\t\t\t\t\t<img loading=\"lazy\" decoding=\"async\" width=\"1920\" height=\"1080\" src=\"https:\/\/www.mokivape.com\/wp-content\/uploads\/M55_b_4.webp\" class=\"attachment-large size-large wp-image-8199\" alt=\"M55 Ceramic Vape pr\u00e9-remplie\" srcset=\"https:\/\/www.mokivape.com\/wp-content\/uploads\/M55_b_4.webp 1920w, https:\/\/www.mokivape.com\/wp-content\/uploads\/M55_b_4-768x432.webp 768w, https:\/\/www.mokivape.com\/wp-content\/uploads\/M55_b_4-1536x864.webp 1536w, https:\/\/www.mokivape.com\/wp-content\/uploads\/M55_b_4-18x10.webp 18w, https:\/\/www.mokivape.com\/wp-content\/uploads\/M55_b_4-600x338.webp 600w\" sizes=\"(max-width: 1920px) 100vw, 1920px\" \/>\t\t\t\t\t\t\t\t\t\t\t\t\t\t\t<\/div>\n\t\t\t\t<\/div>\n\t\t\t\t<div class=\"elementor-element elementor-element-2bf2342 elementor-widget elementor-widget-image\" data-id=\"2bf2342\" data-element_type=\"widget\" data-widget_type=\"image.default\">\n\t\t\t\t<div class=\"elementor-widget-container\">\n\t\t\t\t\t\t\t\t\t\t\t\t\t\t\t<img loading=\"lazy\" decoding=\"async\" width=\"1920\" height=\"1080\" src=\"https:\/\/www.mokivape.com\/wp-content\/uploads\/M55_b_5.webp\" class=\"attachment-large size-large wp-image-8200\" alt=\"M55 Ceramic Vape pr\u00e9-remplie\" srcset=\"https:\/\/www.mokivape.com\/wp-content\/uploads\/M55_b_5.webp 1920w, https:\/\/www.mokivape.com\/wp-content\/uploads\/M55_b_5-768x432.webp 768w, https:\/\/www.mokivape.com\/wp-content\/uploads\/M55_b_5-1536x864.webp 1536w, https:\/\/www.mokivape.com\/wp-content\/uploads\/M55_b_5-18x10.webp 18w, https:\/\/www.mokivape.com\/wp-content\/uploads\/M55_b_5-600x338.webp 600w\" sizes=\"(max-width: 1920px) 100vw, 1920px\" \/>\t\t\t\t\t\t\t\t\t\t\t\t\t\t\t<\/div>\n\t\t\t\t<\/div>\n\t\t\t\t<\/div>\n\t\t\t\t<\/div>","protected":false},"excerpt":{"rendered":"<p>Le MOKI Ceramic Prefilled Rechargeable Vape MK55 est un appareil de haute qualit\u00e9, en vente rapide, qui fait partie de la s\u00e9rie des vapeurs jetables. Cette vape de 110*47.4*23.6mm dispose d'une batterie de 600mAh et d'un coil \u00e0 double maille pour une saveur et une production de nuages am\u00e9lior\u00e9es. Avec une r\u00e9sistance polyvalente de 0,6 \u00e0 1,2 ohms, il r\u00e9pond aux diff\u00e9rentes pr\u00e9f\u00e9rences de vapotage. Profitez de la commodit\u00e9 d'une capacit\u00e9 d'e-liquide pr\u00e9-remplie de 15mL, rechargeable via Type-C. Fabriqu\u00e9 \u00e0 partir de mat\u00e9riaux PC, il est durable et prend en charge les OEM et ODM. Vous pouvez vous approvisionner aupr\u00e8s d'un fabricant et fournisseur fiable - MOKI, et obtenir votre barre de vapotage \u00e0 bobine c\u00e9ramique sur commande, pr\u00e9-remplie et pr\u00eate \u00e0 l'emploi.<\/p>","protected":false},"featured_media":8160,"comment_status":"open","ping_status":"closed","template":"","meta":[],"product_brand":[],"product_cat":[31],"product_tag":[265,266,267],"class_list":{"0":"post-1421","1":"product","2":"type-product","3":"status-publish","4":"has-post-thumbnail","6":"product_cat-disposable-vape-pod-kits-oem-vape-pen-manufacturing","7":"product_tag-15ml-e-liquid","8":"product_tag-600mah","9":"product_tag-dual-mesh-coil","11":"first","12":"instock","13":"shipping-taxable","14":"product-type-simple"},"_links":{"self":[{"href":"https:\/\/www.mokivape.com\/fr\/wp-json\/wp\/v2\/product\/1421","targetHints":{"allow":["GET"]}}],"collection":[{"href":"https:\/\/www.mokivape.com\/fr\/wp-json\/wp\/v2\/product"}],"about":[{"href":"https:\/\/www.mokivape.com\/fr\/wp-json\/wp\/v2\/types\/product"}],"replies":[{"embeddable":true,"href":"https:\/\/www.mokivape.com\/fr\/wp-json\/wp\/v2\/comments?post=1421"}],"version-history":[{"count":0,"href":"https:\/\/www.mokivape.com\/fr\/wp-json\/wp\/v2\/product\/1421\/revisions"}],"wp:featuredmedia":[{"embeddable":true,"href":"https:\/\/www.mokivape.com\/fr\/wp-json\/wp\/v2\/media\/8160"}],"wp:attachment":[{"href":"https:\/\/www.mokivape.com\/fr\/wp-json\/wp\/v2\/media?parent=1421"}],"wp:term":[{"taxonomy":"product_brand","embeddable":true,"href":"https:\/\/www.mokivape.com\/fr\/wp-json\/wp\/v2\/product_brand?post=1421"},{"taxonomy":"product_cat","embeddable":true,"href":"https:\/\/www.mokivape.com\/fr\/wp-json\/wp\/v2\/product_cat?post=1421"},{"taxonomy":"product_tag","embeddable":true,"href":"https:\/\/www.mokivape.com\/fr\/wp-json\/wp\/v2\/product_tag?post=1421"}],"curies":[{"name":"wp","href":"https:\/\/api.w.org\/{rel}","templated":true}]}}