{"id":1420,"date":"2024-04-17T09:16:15","date_gmt":"2024-04-17T09:16:15","guid":{"rendered":"https:\/\/www.mokiecig.com\/?post_type=product&#038;p=1420"},"modified":"2025-01-03T06:14:46","modified_gmt":"2025-01-03T06:14:46","slug":"mk-m49-lady-pod-vape-kits","status":"publish","type":"product","link":"https:\/\/www.mokivape.com\/fr\/produit\/mk-m49-lady-pod-vape-kits\/","title":{"rendered":"Kits de Vape MK-M49 Lady Pod"},"content":{"rendered":"<div data-elementor-type=\"product-post\" data-elementor-id=\"1420\" class=\"elementor elementor-1420\" data-elementor-post-type=\"product\">\n\t\t\t\t<div class=\"elementor-element elementor-element-5e26bc0 e-con-full e-flex e-con e-parent\" data-id=\"5e26bc0\" data-element_type=\"container\">\n\t\t\t\t<div class=\"elementor-element elementor-element-d9cefa0 elementor-widget elementor-widget-heading\" data-id=\"d9cefa0\" data-element_type=\"widget\" data-widget_type=\"heading.default\">\n\t\t\t\t<div class=\"elementor-widget-container\">\n\t\t\t\t\t<h2 class=\"elementor-heading-title elementor-size-default\">Kits de Vape MK-M49 Lady Pod<\/h2>\t\t\t\t<\/div>\n\t\t\t\t<\/div>\n\t\t\t\t<div class=\"elementor-element elementor-element-a6cd9d2 elementor-widget elementor-widget-html\" data-id=\"a6cd9d2\" data-element_type=\"widget\" data-widget_type=\"html.default\">\n\t\t\t\t<div class=\"elementor-widget-container\">\n\t\t\t\t\t<table><tbody>\r\n  <tr style=\"text-align:center;\">\r\n    <td colspan=\"2\">SP\u00c9CIFICATIONS DE LA NACELLE<\/td>\r\n    <td colspan=\"2\">SP\u00c9CIFICATIONS DU MOD<\/td>\r\n  <\/tr>\r\n  <tr>\r\n    <td>Taille<\/td>\r\n    <td>51.3*22mm<\/td>\r\n    <td>Taille<\/td>\r\n    <td>87.53 25mm<\/td>\r\n  <\/tr>\r\n  <tr>\r\n    <td>Capacit\u00e9 en e-liquides<\/td>\r\n    <td>4mL<\/td>\r\n    <td>Capacit\u00e9 de la batterie<\/td>\r\n    <td>600mAh<\/td>\r\n  <\/tr>\r\n  <tr>\r\n    <td>Fil chauffant<\/td>\r\n    <td>Bobine en c\u00e9ramique<\/td>\r\n    <td>Rechargeable<\/td>\r\n    <td>Type-C<\/td>\r\n  <\/tr>\r\n  <tr>\r\n    <td>R\u00e9sistance<\/td>\r\n    <td>1,1ohm<\/td>\r\n    <td>Mat\u00e9riau<\/td>\r\n    <td>PC et PCTG<\/td>\r\n  <\/tr>\r\n  <tr>\r\n    <td>Mat\u00e9riau<\/td>\r\n    <td>PC et PCTG<\/td>\r\n    <td><\/td>\r\n    <td><\/td>\r\n  <\/tr>\r\n<\/tbody>\r\n<\/table>\t\t\t\t<\/div>\n\t\t\t\t<\/div>\n\t\t\t\t<div class=\"elementor-element elementor-element-5aa69f6 elementor-widget elementor-widget-image\" data-id=\"5aa69f6\" data-element_type=\"widget\" data-widget_type=\"image.default\">\n\t\t\t\t<div class=\"elementor-widget-container\">\n\t\t\t\t\t\t\t\t\t\t\t\t\t\t\t<img fetchpriority=\"high\" decoding=\"async\" width=\"1920\" height=\"1080\" src=\"https:\/\/www.mokivape.com\/wp-content\/uploads\/M49_b_1.webp\" class=\"attachment-full size-full wp-image-8204\" alt=\"M49 Mini Vape Pen\" srcset=\"https:\/\/www.mokivape.com\/wp-content\/uploads\/M49_b_1.webp 1920w, https:\/\/www.mokivape.com\/wp-content\/uploads\/M49_b_1-768x432.webp 768w, https:\/\/www.mokivape.com\/wp-content\/uploads\/M49_b_1-1536x864.webp 1536w, https:\/\/www.mokivape.com\/wp-content\/uploads\/M49_b_1-18x10.webp 18w, https:\/\/www.mokivape.com\/wp-content\/uploads\/M49_b_1-600x338.webp 600w\" sizes=\"(max-width: 1920px) 100vw, 1920px\" \/>\t\t\t\t\t\t\t\t\t\t\t\t\t\t\t<\/div>\n\t\t\t\t<\/div>\n\t\t\t\t<div class=\"elementor-element elementor-element-af06009 elementor-widget elementor-widget-image\" data-id=\"af06009\" data-element_type=\"widget\" data-widget_type=\"image.default\">\n\t\t\t\t<div class=\"elementor-widget-container\">\n\t\t\t\t\t\t\t\t\t\t\t\t\t\t\t<img decoding=\"async\" width=\"1920\" height=\"1080\" src=\"https:\/\/www.mokivape.com\/wp-content\/uploads\/M49_b_2.webp\" class=\"attachment-full size-full wp-image-8205\" alt=\"M49 Mini Vape Pen\" srcset=\"https:\/\/www.mokivape.com\/wp-content\/uploads\/M49_b_2.webp 1920w, https:\/\/www.mokivape.com\/wp-content\/uploads\/M49_b_2-768x432.webp 768w, https:\/\/www.mokivape.com\/wp-content\/uploads\/M49_b_2-1536x864.webp 1536w, https:\/\/www.mokivape.com\/wp-content\/uploads\/M49_b_2-18x10.webp 18w, https:\/\/www.mokivape.com\/wp-content\/uploads\/M49_b_2-600x338.webp 600w\" sizes=\"(max-width: 1920px) 100vw, 1920px\" \/>\t\t\t\t\t\t\t\t\t\t\t\t\t\t\t<\/div>\n\t\t\t\t<\/div>\n\t\t\t\t<div class=\"elementor-element elementor-element-9d0fc56 elementor-widget elementor-widget-image\" data-id=\"9d0fc56\" data-element_type=\"widget\" data-widget_type=\"image.default\">\n\t\t\t\t<div class=\"elementor-widget-container\">\n\t\t\t\t\t\t\t\t\t\t\t\t\t\t\t<img decoding=\"async\" width=\"1920\" height=\"1080\" src=\"https:\/\/www.mokivape.com\/wp-content\/uploads\/M49_b_3.webp\" class=\"attachment-full size-full wp-image-8206\" alt=\"couleurs de la cartouche du M49 Mini Vape Pen\" srcset=\"https:\/\/www.mokivape.com\/wp-content\/uploads\/M49_b_3.webp 1920w, https:\/\/www.mokivape.com\/wp-content\/uploads\/M49_b_3-768x432.webp 768w, https:\/\/www.mokivape.com\/wp-content\/uploads\/M49_b_3-1536x864.webp 1536w, https:\/\/www.mokivape.com\/wp-content\/uploads\/M49_b_3-18x10.webp 18w, https:\/\/www.mokivape.com\/wp-content\/uploads\/M49_b_3-600x338.webp 600w\" sizes=\"(max-width: 1920px) 100vw, 1920px\" \/>\t\t\t\t\t\t\t\t\t\t\t\t\t\t\t<\/div>\n\t\t\t\t<\/div>\n\t\t\t\t<div class=\"elementor-element elementor-element-a19d20f elementor-widget elementor-widget-image\" data-id=\"a19d20f\" data-element_type=\"widget\" data-widget_type=\"image.default\">\n\t\t\t\t<div class=\"elementor-widget-container\">\n\t\t\t\t\t\t\t\t\t\t\t\t\t\t\t<img loading=\"lazy\" decoding=\"async\" width=\"1920\" height=\"1080\" src=\"https:\/\/www.mokivape.com\/wp-content\/uploads\/M49_b_4.webp\" class=\"attachment-full size-full wp-image-8207\" alt=\"M49 Mini Vape Pen\" srcset=\"https:\/\/www.mokivape.com\/wp-content\/uploads\/M49_b_4.webp 1920w, https:\/\/www.mokivape.com\/wp-content\/uploads\/M49_b_4-768x432.webp 768w, https:\/\/www.mokivape.com\/wp-content\/uploads\/M49_b_4-1536x864.webp 1536w, https:\/\/www.mokivape.com\/wp-content\/uploads\/M49_b_4-18x10.webp 18w, https:\/\/www.mokivape.com\/wp-content\/uploads\/M49_b_4-600x338.webp 600w\" sizes=\"(max-width: 1920px) 100vw, 1920px\" \/>\t\t\t\t\t\t\t\t\t\t\t\t\t\t\t<\/div>\n\t\t\t\t<\/div>\n\t\t\t\t<div class=\"elementor-element elementor-element-16a4fb3 elementor-widget elementor-widget-image\" data-id=\"16a4fb3\" data-element_type=\"widget\" data-widget_type=\"image.default\">\n\t\t\t\t<div class=\"elementor-widget-container\">\n\t\t\t\t\t\t\t\t\t\t\t\t\t\t\t<img loading=\"lazy\" decoding=\"async\" width=\"1920\" height=\"1080\" src=\"https:\/\/www.mokivape.com\/wp-content\/uploads\/M49_b_5.webp\" class=\"attachment-full size-full wp-image-8208\" alt=\"port de charge du Mini Vape Pen M49\" srcset=\"https:\/\/www.mokivape.com\/wp-content\/uploads\/M49_b_5.webp 1920w, https:\/\/www.mokivape.com\/wp-content\/uploads\/M49_b_5-768x432.webp 768w, https:\/\/www.mokivape.com\/wp-content\/uploads\/M49_b_5-1536x864.webp 1536w, https:\/\/www.mokivape.com\/wp-content\/uploads\/M49_b_5-18x10.webp 18w, https:\/\/www.mokivape.com\/wp-content\/uploads\/M49_b_5-600x338.webp 600w\" sizes=\"(max-width: 1920px) 100vw, 1920px\" \/>\t\t\t\t\t\t\t\t\t\t\t\t\t\t\t<\/div>\n\t\t\t\t<\/div>\n\t\t\t\t<div class=\"elementor-element elementor-element-c0aae90 elementor-widget elementor-widget-image\" data-id=\"c0aae90\" data-element_type=\"widget\" data-widget_type=\"image.default\">\n\t\t\t\t<div class=\"elementor-widget-container\">\n\t\t\t\t\t\t\t\t\t\t\t\t\t\t\t<img loading=\"lazy\" decoding=\"async\" width=\"1920\" height=\"1080\" src=\"https:\/\/www.mokivape.com\/wp-content\/uploads\/M49_b_6.webp\" class=\"attachment-full size-full wp-image-8209\" alt=\"Liste de colisage de M49 Mini Vape Pen\" srcset=\"https:\/\/www.mokivape.com\/wp-content\/uploads\/M49_b_6.webp 1920w, https:\/\/www.mokivape.com\/wp-content\/uploads\/M49_b_6-768x432.webp 768w, https:\/\/www.mokivape.com\/wp-content\/uploads\/M49_b_6-1536x864.webp 1536w, https:\/\/www.mokivape.com\/wp-content\/uploads\/M49_b_6-18x10.webp 18w, https:\/\/www.mokivape.com\/wp-content\/uploads\/M49_b_6-600x338.webp 600w\" sizes=\"(max-width: 1920px) 100vw, 1920px\" \/>\t\t\t\t\t\t\t\t\t\t\t\t\t\t\t<\/div>\n\t\t\t\t<\/div>\n\t\t\t\t<\/div>\n\t\t\t\t<\/div>","protected":false},"excerpt":{"rendered":"<p>MOKI Lady Pod Vape Kits MK-M49 est un syst\u00e8me de pod ferm\u00e9, \u00e9l\u00e9gant et styl\u00e9, con\u00e7u pour le vapoteur moderne. Ce stylo \u00e0 vape de poche a une capacit\u00e9 de 4mL d'e-liquide avec une bobine en c\u00e9ramique de 1,1ohm pour une exp\u00e9rience de vape satisfaisante \u00e0 base de sels de nicotine. Le pod mesure 51.3*22mm, fabriqu\u00e9 \u00e0 partir de mat\u00e9riaux durables PC et PCTG.<br \/>\nAssoci\u00e9 \u00e0 un mod \u00e0 batterie de 600mAh, le MK-M49 offre une puissance suffisante pour une utilisation tout au long de la journ\u00e9e, rechargeable via Type-C pour plus de commodit\u00e9. Les dimensions du mod sont 87,53*25mm, \u00e9galement fabriqu\u00e9 \u00e0 partir de PC et PCTG. MK-M49 supporte OEM et ODM, cette haute qualit\u00e9, vente chaude vape kits MK-M49 est un chef-d'\u0153uvre fait sur commande d'un fabricant et fournisseur r\u00e9put\u00e9 MOKI. Ce MOKI Lady Pod Vape Kit est l'essence m\u00eame de l'\u00e9l\u00e9gance et de la fonctionnalit\u00e9 du vapotage.<\/p>","protected":false},"featured_media":8159,"comment_status":"open","ping_status":"closed","template":"","meta":[],"product_brand":[],"product_cat":[16],"product_tag":[],"class_list":{"0":"post-1420","1":"product","2":"type-product","3":"status-publish","4":"has-post-thumbnail","6":"product_cat-pod-kits-refillable-open-pods-cartridge-oem","8":"first","9":"instock","10":"shipping-taxable","11":"product-type-simple"},"_links":{"self":[{"href":"https:\/\/www.mokivape.com\/fr\/wp-json\/wp\/v2\/product\/1420","targetHints":{"allow":["GET"]}}],"collection":[{"href":"https:\/\/www.mokivape.com\/fr\/wp-json\/wp\/v2\/product"}],"about":[{"href":"https:\/\/www.mokivape.com\/fr\/wp-json\/wp\/v2\/types\/product"}],"replies":[{"embeddable":true,"href":"https:\/\/www.mokivape.com\/fr\/wp-json\/wp\/v2\/comments?post=1420"}],"version-history":[{"count":0,"href":"https:\/\/www.mokivape.com\/fr\/wp-json\/wp\/v2\/product\/1420\/revisions"}],"wp:featuredmedia":[{"embeddable":true,"href":"https:\/\/www.mokivape.com\/fr\/wp-json\/wp\/v2\/media\/8159"}],"wp:attachment":[{"href":"https:\/\/www.mokivape.com\/fr\/wp-json\/wp\/v2\/media?parent=1420"}],"wp:term":[{"taxonomy":"product_brand","embeddable":true,"href":"https:\/\/www.mokivape.com\/fr\/wp-json\/wp\/v2\/product_brand?post=1420"},{"taxonomy":"product_cat","embeddable":true,"href":"https:\/\/www.mokivape.com\/fr\/wp-json\/wp\/v2\/product_cat?post=1420"},{"taxonomy":"product_tag","embeddable":true,"href":"https:\/\/www.mokivape.com\/fr\/wp-json\/wp\/v2\/product_tag?post=1420"}],"curies":[{"name":"wp","href":"https:\/\/api.w.org\/{rel}","templated":true}]}}